{"id":5799,"date":"2024-06-24T08:42:17","date_gmt":"2024-06-24T08:42:17","guid":{"rendered":"https:\/\/zepecafe-webaruhaz.hu\/index.php\/product\/firewall-viztiszito-hideg-meleg-2\/"},"modified":"2025-07-29T09:00:24","modified_gmt":"2025-07-29T09:00:24","slug":"firewall-viztiszito-hideg-meleg-2","status":"publish","type":"product","link":"http:\/\/zepecafe-webaruhaz.hu\/hu\/webaruhaz\/firewall-viztiszito-hideg-meleg-2\/","title":{"rendered":"FireWall V\u00edztisz\u00edt\u00f3 (Hideg-Meleg)"},"content":{"rendered":"<p>A Waterlogic Firewall Cube v\u00edzadagol\u00f3 az egyed\u00fcl\u00e1ll\u00f3 Firewall technol\u00f3gia seg\u00edts\u00e9g\u00e9vel 99.9999%-ban elt\u00e1vol\u00edtja a v\u00edzben l\u00e9v\u0151 bakt\u00e9riumokat, ezzel a legeg\u00e9szs\u00e9gesebb \u00e9s legtiszt\u00e1bb vizet biztos\u00edtva az \u00d6n sz\u00e1m\u00e1ra.<br \/>\nA k\u00e9sz\u00fcl\u00e9k h\u00e1rom l\u00e9pcs\u0151s v\u00edzsz\u0171r\u0151 technol\u00f3gi\u00e1val van ell\u00e1tva.<\/p>\n<p>Norm\u00e1l v\u00edz<br \/>\nMeleg v\u00edz<br \/>\nHideg v\u00edz<br \/>\nExtra forr\u00f3 v\u00edz<\/p>\n<div class=\"pd-0\"><span class=\"width-150 display-inline-block\">Hidegtart\u00e1ly-kapacit\u00e1s: <\/span> <span class=\"bold turquoise vertical-top\"> 1,3 l <\/span><br \/>\n<span class=\"width-150 display-inline-block\"> Hideg v\u00edz h\u0151m\u00e9rs\u00e9klete: <\/span> <span class=\"bold turquoise vertical-top\"> 5-15 C <\/span><br \/>\n<span class=\"width-150 display-inline-block\"> Kezel\u0151fel\u00fclet: <\/span> <span class=\"bold turquoise vertical-top\"> \u00e9rint\u0151paneles <\/span><br \/>\n<span class=\"width-150 display-inline-block\"> M\u00e9ret: <\/span> <span class=\"bold turquoise vertical-top\"> 296mm (Sz.) x 376mm (Ma.) x 527mm (M\u00e9.) <\/span><br \/>\n<span class=\"width-150 display-inline-block\"> Tart\u00e1ly kapacit\u00e1sa: <\/span> <span class=\"bold turquoise vertical-top\"> 0.5 l <\/span><br \/>\n<span class=\"width-150 display-inline-block\"> V\u00edzopci\u00f3k: <\/span> <span class=\"bold turquoise vertical-top\"> Hideg\/ Sz\u00e9nsavas \/ Szobah\u0151m\u00e9rs\u00e9klet\u0171 <\/span><\/div>\n<div class=\"pd-0\"><\/div>\n<div><strong>\u00daj k\u00e9sz\u00fcl\u00e9k eset\u00e9n, 1\u00e9v garancia ! <\/strong><\/div>","protected":false},"excerpt":{"rendered":"<p>A Firewall technol\u00f3gia 99,9999%-os<br \/>\nhat\u00e9konys\u00e1ggal kivonja a v\u00edzben<br \/>\nl\u00e9v\u0151 k\u00e1ros anyagokat \u00e9s bakt\u00e9riumokat.<\/p>","protected":false},"featured_media":5787,"template":"","meta":[],"product_brand":[],"product_cat":[223,229],"product_tag":[],"class_list":{"0":"post-5799","1":"product","2":"type-product","3":"status-publish","4":"has-post-thumbnail","6":"product_cat-kezdolap","7":"product_cat-vizadagolo","9":"first","10":"instock","11":"taxable","12":"shipping-taxable","13":"purchasable","14":"product-type-simple"},"yoast_head":"<!-- This site is optimized with the Yoast SEO plugin v27.4 - https:\/\/yoast.com\/product\/yoast-seo-wordpress\/ -->\n<title>FireWall V\u00edztisz\u00edt\u00f3 (Hideg-Meleg) - Z\u00e9-P\u00e9 Caf\u00e9 Kft.<\/title>\n<meta name=\"robots\" content=\"index, follow, max-snippet:-1, max-image-preview:large, max-video-preview:-1\" \/>\n<link rel=\"canonical\" href=\"https:\/\/zepecafe-webaruhaz.hu\/hu\/webaruhaz\/firewall-viztiszito-hideg-meleg-2\/\" \/>\n<meta property=\"og:locale\" content=\"hu_HU\" \/>\n<meta property=\"og:type\" content=\"article\" \/>\n<meta property=\"og:title\" content=\"FireWall V\u00edztisz\u00edt\u00f3 (Hideg-Meleg) - Z\u00e9-P\u00e9 Caf\u00e9 Kft.\" \/>\n<meta property=\"og:description\" content=\"A Firewall technol\u00f3gia 99,9999%-os hat\u00e9konys\u00e1ggal kivonja a v\u00edzben l\u00e9v\u0151 k\u00e1ros anyagokat \u00e9s bakt\u00e9riumokat.\" \/>\n<meta property=\"og:url\" content=\"https:\/\/zepecafe-webaruhaz.hu\/hu\/webaruhaz\/firewall-viztiszito-hideg-meleg-2\/\" \/>\n<meta property=\"og:site_name\" content=\"Z\u00e9-P\u00e9 Caf\u00e9 Kft.\" \/>\n<meta property=\"article:publisher\" content=\"https:\/\/www.facebook.com\/zepecafekft.bekescsaba\" \/>\n<meta property=\"article:modified_time\" content=\"2025-07-29T09:00:24+00:00\" \/>\n<meta property=\"og:image\" content=\"https:\/\/zepecafe-webaruhaz.hu\/wp-content\/uploads\/2024\/06\/589-FireWall-Viztiszito-Hideg-Meleg-scaled.jpg\" \/>\n\t<meta property=\"og:image:width\" content=\"2163\" \/>\n\t<meta property=\"og:image:height\" content=\"2560\" \/>\n\t<meta property=\"og:image:type\" content=\"image\/jpeg\" \/>\n<meta name=\"twitter:card\" content=\"summary_large_image\" \/>\n<meta name=\"twitter:label1\" content=\"Becs\u00fclt olvas\u00e1si id\u0151\" \/>\n\t<meta name=\"twitter:data1\" content=\"1 perc\" \/>\n<script type=\"application\/ld+json\" class=\"yoast-schema-graph\">{\"@context\":\"https:\\\/\\\/schema.org\",\"@graph\":[{\"@type\":\"WebPage\",\"@id\":\"https:\\\/\\\/zepecafe-webaruhaz.hu\\\/hu\\\/webaruhaz\\\/firewall-viztiszito-hideg-meleg-2\\\/\",\"url\":\"https:\\\/\\\/zepecafe-webaruhaz.hu\\\/hu\\\/webaruhaz\\\/firewall-viztiszito-hideg-meleg-2\\\/\",\"name\":\"FireWall V\u00edztisz\u00edt\u00f3 (Hideg-Meleg) - Z\u00e9-P\u00e9 Caf\u00e9 Kft.\",\"isPartOf\":{\"@id\":\"http:\\\/\\\/zepecafe-webaruhaz.hu\\\/hu\\\/#website\"},\"primaryImageOfPage\":{\"@id\":\"https:\\\/\\\/zepecafe-webaruhaz.hu\\\/hu\\\/webaruhaz\\\/firewall-viztiszito-hideg-meleg-2\\\/#primaryimage\"},\"image\":{\"@id\":\"https:\\\/\\\/zepecafe-webaruhaz.hu\\\/hu\\\/webaruhaz\\\/firewall-viztiszito-hideg-meleg-2\\\/#primaryimage\"},\"thumbnailUrl\":\"https:\\\/\\\/zepecafe-webaruhaz.hu\\\/wp-content\\\/uploads\\\/2024\\\/06\\\/589-FireWall-Viztiszito-Hideg-Meleg-scaled.jpg\",\"datePublished\":\"2024-06-24T08:42:17+00:00\",\"dateModified\":\"2025-07-29T09:00:24+00:00\",\"breadcrumb\":{\"@id\":\"https:\\\/\\\/zepecafe-webaruhaz.hu\\\/hu\\\/webaruhaz\\\/firewall-viztiszito-hideg-meleg-2\\\/#breadcrumb\"},\"inLanguage\":\"hu\",\"potentialAction\":[{\"@type\":\"ReadAction\",\"target\":[\"https:\\\/\\\/zepecafe-webaruhaz.hu\\\/hu\\\/webaruhaz\\\/firewall-viztiszito-hideg-meleg-2\\\/\"]}]},{\"@type\":\"ImageObject\",\"inLanguage\":\"hu\",\"@id\":\"https:\\\/\\\/zepecafe-webaruhaz.hu\\\/hu\\\/webaruhaz\\\/firewall-viztiszito-hideg-meleg-2\\\/#primaryimage\",\"url\":\"https:\\\/\\\/zepecafe-webaruhaz.hu\\\/wp-content\\\/uploads\\\/2024\\\/06\\\/589-FireWall-Viztiszito-Hideg-Meleg-scaled.jpg\",\"contentUrl\":\"https:\\\/\\\/zepecafe-webaruhaz.hu\\\/wp-content\\\/uploads\\\/2024\\\/06\\\/589-FireWall-Viztiszito-Hideg-Meleg-scaled.jpg\",\"width\":2163,\"height\":2560,\"caption\":\"FireWall V\u00edztisz\u00edt\u00f3 (Hideg-Meleg)\"},{\"@type\":\"BreadcrumbList\",\"@id\":\"https:\\\/\\\/zepecafe-webaruhaz.hu\\\/hu\\\/webaruhaz\\\/firewall-viztiszito-hideg-meleg-2\\\/#breadcrumb\",\"itemListElement\":[{\"@type\":\"ListItem\",\"position\":1,\"name\":\"Kezd\u0151lap\",\"item\":\"https:\\\/\\\/zepecafe-webaruhaz.hu\\\/hu\\\/\"},{\"@type\":\"ListItem\",\"position\":2,\"name\":\"Shop\",\"item\":\"https:\\\/\\\/zepecafe-webaruhaz.hu\\\/hu\\\/shop-2\\\/\"},{\"@type\":\"ListItem\",\"position\":3,\"name\":\"FireWall V\u00edztisz\u00edt\u00f3 (Hideg-Meleg)\"}]},{\"@type\":\"WebSite\",\"@id\":\"http:\\\/\\\/zepecafe-webaruhaz.hu\\\/hu\\\/#website\",\"url\":\"http:\\\/\\\/zepecafe-webaruhaz.hu\\\/hu\\\/\",\"name\":\"Z\u00e9-P\u00e9 Caf\u00e9 Kft.\",\"description\":\"T\u00e1rsas\u00e1gunk, a Z\u00c9-P\u00c9 Caf\u00e9 Kft., mely 1998 \u00f3ta m\u0171k\u00f6dik, t\u00f6bbs\u00e9g\u00e9ben Olaszorsz\u00e1gb\u00f3l import\u00e1lt, friss ki\u0151rl\u00e9s\u0171 k\u00e1v\u00e9t lef\u0151z\u0151 automata g\u00e9pek forgalmaz\u00e1s\u00e1val \u00e9s b\u00e9rbead\u00e1s\u00e1val foglalkozik.\",\"publisher\":{\"@id\":\"http:\\\/\\\/zepecafe-webaruhaz.hu\\\/hu\\\/#organization\"},\"potentialAction\":[{\"@type\":\"SearchAction\",\"target\":{\"@type\":\"EntryPoint\",\"urlTemplate\":\"http:\\\/\\\/zepecafe-webaruhaz.hu\\\/hu\\\/?s={search_term_string}\"},\"query-input\":{\"@type\":\"PropertyValueSpecification\",\"valueRequired\":true,\"valueName\":\"search_term_string\"}}],\"inLanguage\":\"hu\"},{\"@type\":\"Organization\",\"@id\":\"http:\\\/\\\/zepecafe-webaruhaz.hu\\\/hu\\\/#organization\",\"name\":\"Z\u00e9-P\u00e9 Caf\u00e9 Kft.\",\"url\":\"http:\\\/\\\/zepecafe-webaruhaz.hu\\\/hu\\\/\",\"logo\":{\"@type\":\"ImageObject\",\"inLanguage\":\"hu\",\"@id\":\"http:\\\/\\\/zepecafe-webaruhaz.hu\\\/hu\\\/#\\\/schema\\\/logo\\\/image\\\/\",\"url\":\"https:\\\/\\\/zepecafe-webaruhaz.hu\\\/wp-content\\\/uploads\\\/2025\\\/01\\\/logouj.png\",\"contentUrl\":\"https:\\\/\\\/zepecafe-webaruhaz.hu\\\/wp-content\\\/uploads\\\/2025\\\/01\\\/logouj.png\",\"width\":300,\"height\":300,\"caption\":\"Z\u00e9-P\u00e9 Caf\u00e9 Kft.\"},\"image\":{\"@id\":\"http:\\\/\\\/zepecafe-webaruhaz.hu\\\/hu\\\/#\\\/schema\\\/logo\\\/image\\\/\"},\"sameAs\":[\"https:\\\/\\\/www.facebook.com\\\/zepecafekft.bekescsaba\"]}]}<\/script>\n<!-- \/ Yoast SEO plugin. -->","yoast_head_json":{"title":"FireWall V\u00edztisz\u00edt\u00f3 (Hideg-Meleg) - Z\u00e9-P\u00e9 Caf\u00e9 Kft.","robots":{"index":"index","follow":"follow","max-snippet":"max-snippet:-1","max-image-preview":"max-image-preview:large","max-video-preview":"max-video-preview:-1"},"canonical":"https:\/\/zepecafe-webaruhaz.hu\/hu\/webaruhaz\/firewall-viztiszito-hideg-meleg-2\/","og_locale":"hu_HU","og_type":"article","og_title":"FireWall V\u00edztisz\u00edt\u00f3 (Hideg-Meleg) - Z\u00e9-P\u00e9 Caf\u00e9 Kft.","og_description":"A Firewall technol\u00f3gia 99,9999%-os hat\u00e9konys\u00e1ggal kivonja a v\u00edzben l\u00e9v\u0151 k\u00e1ros anyagokat \u00e9s bakt\u00e9riumokat.","og_url":"https:\/\/zepecafe-webaruhaz.hu\/hu\/webaruhaz\/firewall-viztiszito-hideg-meleg-2\/","og_site_name":"Z\u00e9-P\u00e9 Caf\u00e9 Kft.","article_publisher":"https:\/\/www.facebook.com\/zepecafekft.bekescsaba","article_modified_time":"2025-07-29T09:00:24+00:00","og_image":[{"width":2163,"height":2560,"url":"https:\/\/zepecafe-webaruhaz.hu\/wp-content\/uploads\/2024\/06\/589-FireWall-Viztiszito-Hideg-Meleg-scaled.jpg","type":"image\/jpeg"}],"twitter_card":"summary_large_image","twitter_misc":{"Becs\u00fclt olvas\u00e1si id\u0151":"1 perc"},"schema":{"@context":"https:\/\/schema.org","@graph":[{"@type":"WebPage","@id":"https:\/\/zepecafe-webaruhaz.hu\/hu\/webaruhaz\/firewall-viztiszito-hideg-meleg-2\/","url":"https:\/\/zepecafe-webaruhaz.hu\/hu\/webaruhaz\/firewall-viztiszito-hideg-meleg-2\/","name":"FireWall V\u00edztisz\u00edt\u00f3 (Hideg-Meleg) - Z\u00e9-P\u00e9 Caf\u00e9 Kft.","isPartOf":{"@id":"http:\/\/zepecafe-webaruhaz.hu\/hu\/#website"},"primaryImageOfPage":{"@id":"https:\/\/zepecafe-webaruhaz.hu\/hu\/webaruhaz\/firewall-viztiszito-hideg-meleg-2\/#primaryimage"},"image":{"@id":"https:\/\/zepecafe-webaruhaz.hu\/hu\/webaruhaz\/firewall-viztiszito-hideg-meleg-2\/#primaryimage"},"thumbnailUrl":"https:\/\/zepecafe-webaruhaz.hu\/wp-content\/uploads\/2024\/06\/589-FireWall-Viztiszito-Hideg-Meleg-scaled.jpg","datePublished":"2024-06-24T08:42:17+00:00","dateModified":"2025-07-29T09:00:24+00:00","breadcrumb":{"@id":"https:\/\/zepecafe-webaruhaz.hu\/hu\/webaruhaz\/firewall-viztiszito-hideg-meleg-2\/#breadcrumb"},"inLanguage":"hu","potentialAction":[{"@type":"ReadAction","target":["https:\/\/zepecafe-webaruhaz.hu\/hu\/webaruhaz\/firewall-viztiszito-hideg-meleg-2\/"]}]},{"@type":"ImageObject","inLanguage":"hu","@id":"https:\/\/zepecafe-webaruhaz.hu\/hu\/webaruhaz\/firewall-viztiszito-hideg-meleg-2\/#primaryimage","url":"https:\/\/zepecafe-webaruhaz.hu\/wp-content\/uploads\/2024\/06\/589-FireWall-Viztiszito-Hideg-Meleg-scaled.jpg","contentUrl":"https:\/\/zepecafe-webaruhaz.hu\/wp-content\/uploads\/2024\/06\/589-FireWall-Viztiszito-Hideg-Meleg-scaled.jpg","width":2163,"height":2560,"caption":"FireWall V\u00edztisz\u00edt\u00f3 (Hideg-Meleg)"},{"@type":"BreadcrumbList","@id":"https:\/\/zepecafe-webaruhaz.hu\/hu\/webaruhaz\/firewall-viztiszito-hideg-meleg-2\/#breadcrumb","itemListElement":[{"@type":"ListItem","position":1,"name":"Kezd\u0151lap","item":"https:\/\/zepecafe-webaruhaz.hu\/hu\/"},{"@type":"ListItem","position":2,"name":"Shop","item":"https:\/\/zepecafe-webaruhaz.hu\/hu\/shop-2\/"},{"@type":"ListItem","position":3,"name":"FireWall V\u00edztisz\u00edt\u00f3 (Hideg-Meleg)"}]},{"@type":"WebSite","@id":"http:\/\/zepecafe-webaruhaz.hu\/hu\/#website","url":"http:\/\/zepecafe-webaruhaz.hu\/hu\/","name":"Z\u00e9-P\u00e9 Caf\u00e9 Kft.","description":"T\u00e1rsas\u00e1gunk, a Z\u00c9-P\u00c9 Caf\u00e9 Kft., mely 1998 \u00f3ta m\u0171k\u00f6dik, t\u00f6bbs\u00e9g\u00e9ben Olaszorsz\u00e1gb\u00f3l import\u00e1lt, friss ki\u0151rl\u00e9s\u0171 k\u00e1v\u00e9t lef\u0151z\u0151 automata g\u00e9pek forgalmaz\u00e1s\u00e1val \u00e9s b\u00e9rbead\u00e1s\u00e1val foglalkozik.","publisher":{"@id":"http:\/\/zepecafe-webaruhaz.hu\/hu\/#organization"},"potentialAction":[{"@type":"SearchAction","target":{"@type":"EntryPoint","urlTemplate":"http:\/\/zepecafe-webaruhaz.hu\/hu\/?s={search_term_string}"},"query-input":{"@type":"PropertyValueSpecification","valueRequired":true,"valueName":"search_term_string"}}],"inLanguage":"hu"},{"@type":"Organization","@id":"http:\/\/zepecafe-webaruhaz.hu\/hu\/#organization","name":"Z\u00e9-P\u00e9 Caf\u00e9 Kft.","url":"http:\/\/zepecafe-webaruhaz.hu\/hu\/","logo":{"@type":"ImageObject","inLanguage":"hu","@id":"http:\/\/zepecafe-webaruhaz.hu\/hu\/#\/schema\/logo\/image\/","url":"https:\/\/zepecafe-webaruhaz.hu\/wp-content\/uploads\/2025\/01\/logouj.png","contentUrl":"https:\/\/zepecafe-webaruhaz.hu\/wp-content\/uploads\/2025\/01\/logouj.png","width":300,"height":300,"caption":"Z\u00e9-P\u00e9 Caf\u00e9 Kft."},"image":{"@id":"http:\/\/zepecafe-webaruhaz.hu\/hu\/#\/schema\/logo\/image\/"},"sameAs":["https:\/\/www.facebook.com\/zepecafekft.bekescsaba"]}]}},"_links":{"self":[{"href":"http:\/\/zepecafe-webaruhaz.hu\/hu\/wp-json\/wp\/v2\/product\/5799","targetHints":{"allow":["GET"]}}],"collection":[{"href":"http:\/\/zepecafe-webaruhaz.hu\/hu\/wp-json\/wp\/v2\/product"}],"about":[{"href":"http:\/\/zepecafe-webaruhaz.hu\/hu\/wp-json\/wp\/v2\/types\/product"}],"wp:featuredmedia":[{"embeddable":true,"href":"http:\/\/zepecafe-webaruhaz.hu\/hu\/wp-json\/wp\/v2\/media\/5787"}],"wp:attachment":[{"href":"http:\/\/zepecafe-webaruhaz.hu\/hu\/wp-json\/wp\/v2\/media?parent=5799"}],"wp:term":[{"taxonomy":"product_brand","embeddable":true,"href":"http:\/\/zepecafe-webaruhaz.hu\/hu\/wp-json\/wp\/v2\/product_brand?post=5799"},{"taxonomy":"product_cat","embeddable":true,"href":"http:\/\/zepecafe-webaruhaz.hu\/hu\/wp-json\/wp\/v2\/product_cat?post=5799"},{"taxonomy":"product_tag","embeddable":true,"href":"http:\/\/zepecafe-webaruhaz.hu\/hu\/wp-json\/wp\/v2\/product_tag?post=5799"}],"curies":[{"name":"wp","href":"https:\/\/api.w.org\/{rel}","templated":true}]}}