{"id":6626,"date":"2025-03-24T13:19:43","date_gmt":"2025-03-24T13:19:43","guid":{"rendered":"https:\/\/zepecafe-webaruhaz.hu\/?post_type=product&#038;p=6626"},"modified":"2025-04-26T13:40:27","modified_gmt":"2025-04-26T13:40:27","slug":"miostar-noblesse-deluxe-2","status":"publish","type":"product","link":"http:\/\/zepecafe-webaruhaz.hu\/hu\/webaruhaz\/miostar-noblesse-deluxe-2\/","title":{"rendered":"MioStar Noblesse Deluxe"},"content":{"rendered":"<p>Espresso k\u00e1v\u00e9f\u0151z\u0151, Mio\/Star modell Noblesse deluxe.<br \/>\nA g\u00e9p egyben k\u00e1v\u00e9dar\u00e1l\u00f3 is.<br \/>\nK\u00e1v\u00e9bab- \u00e9s v\u00edztart\u00e1llyal rendelkezik, automatikusan dar\u00e1lja a k\u00e1v\u00e9t, adagolja \u00e9s elk\u00e9sz\u00edti az eszpressz\u00f3t.<br \/>\nLehet\u0151s\u00e9g van \u0151r\u00f6lt k\u00e1v\u00e9 hozz\u00e1ad\u00e1s\u00e1ra \u00e9s az ital hossz\u00e1nak szab\u00e1lyoz\u00e1s\u00e1ra.<\/p>\n<p>A g\u00e9p funkci\u00f3i:<br \/>\n1. Eszpressz\u00f3 k\u00e9sz\u00edt\u00e9se el\u0151re \u0151r\u00f6lt k\u00e1v\u00e9val<br \/>\n2. Egy vagy k\u00e9t eszpressz\u00f3 automatikus elk\u00e9sz\u00edt\u00e9se egyszerre<br \/>\n3. Cappuccino hab k\u00e9sz\u00edt\u00e9se<br \/>\n4. Tej vagy egy\u00e9b folyad\u00e9k felmeleg\u00edt\u00e9se<br \/>\n5. Forr\u00f3 v\u00edz k\u00e9sz\u00edt\u00e9se (te\u00e1hoz vagy instant italokhoz)<\/p>\n<p>Be\u00e9p\u00edtett k\u00e1v\u00e9- \u00e9s v\u00edztart\u00e1llyal rendelkezik .<br \/>\nA g\u00e9p keveset haszn\u00e1lt, j\u00f3 \u00e1llapot\u00fa.<br \/>\nHaszn\u00e1lhat\u00f3 otthon, vagy az irod\u00e1ban.<\/p>","protected":false},"excerpt":{"rendered":"<h3><span style=\"color: #ff0000;\"><strong>AZ \u00c1R TARTALMAZZA + <\/strong><\/span><strong>1 db K\u00d6ZPONTI EGYS\u00c9GET!<\/strong><span style=\"color: #ff0000;\"><strong>\u00a0<\/strong><\/span><\/h3>\n<p><strong>6 H\u00d3NAP GARANCI\u00c1T V\u00c1LLALUNK A FEL\u00daJ\u00cdTOTT G\u00c9PEINKRE!<\/strong><\/p>","protected":false},"featured_media":6634,"template":"","meta":[],"product_brand":[],"product_cat":[235],"product_tag":[],"class_list":{"0":"post-6626","1":"product","2":"type-product","3":"status-publish","4":"has-post-thumbnail","6":"product_cat-hasznalt-kavefozok","8":"first","9":"instock","10":"taxable","11":"shipping-taxable","12":"purchasable","13":"product-type-simple"},"yoast_head":"<!-- This site is optimized with the Yoast SEO plugin v27.4 - https:\/\/yoast.com\/product\/yoast-seo-wordpress\/ -->\n<title>MioStar Noblesse Deluxe - Z\u00e9-P\u00e9 Caf\u00e9 Kft.<\/title>\n<meta name=\"robots\" content=\"index, follow, max-snippet:-1, max-image-preview:large, max-video-preview:-1\" \/>\n<link rel=\"canonical\" href=\"https:\/\/zepecafe-webaruhaz.hu\/hu\/webaruhaz\/miostar-noblesse-deluxe-2\/\" \/>\n<meta property=\"og:locale\" content=\"hu_HU\" \/>\n<meta property=\"og:type\" content=\"article\" \/>\n<meta property=\"og:title\" content=\"MioStar Noblesse Deluxe - Z\u00e9-P\u00e9 Caf\u00e9 Kft.\" \/>\n<meta property=\"og:description\" content=\"AZ \u00c1R TARTALMAZZA + 1 db K\u00d6ZPONTI EGYS\u00c9GET!\u00a0 6 H\u00d3NAP GARANCI\u00c1T V\u00c1LLALUNK A FEL\u00daJ\u00cdTOTT G\u00c9PEINKRE!\" \/>\n<meta property=\"og:url\" content=\"https:\/\/zepecafe-webaruhaz.hu\/hu\/webaruhaz\/miostar-noblesse-deluxe-2\/\" \/>\n<meta property=\"og:site_name\" content=\"Z\u00e9-P\u00e9 Caf\u00e9 Kft.\" \/>\n<meta property=\"article:publisher\" content=\"https:\/\/www.facebook.com\/zepecafekft.bekescsaba\" \/>\n<meta property=\"article:modified_time\" content=\"2025-04-26T13:40:27+00:00\" \/>\n<meta property=\"og:image\" content=\"https:\/\/zepecafe-webaruhaz.hu\/wp-content\/uploads\/2025\/03\/MioStarNoblesseDeluxe8.jpg\" \/>\n\t<meta property=\"og:image:width\" content=\"1080\" \/>\n\t<meta property=\"og:image:height\" content=\"1080\" \/>\n\t<meta property=\"og:image:type\" content=\"image\/jpeg\" \/>\n<meta name=\"twitter:card\" content=\"summary_large_image\" \/>\n<meta name=\"twitter:label1\" content=\"Becs\u00fclt olvas\u00e1si id\u0151\" \/>\n\t<meta name=\"twitter:data1\" content=\"1 perc\" \/>\n<script type=\"application\/ld+json\" class=\"yoast-schema-graph\">{\"@context\":\"https:\\\/\\\/schema.org\",\"@graph\":[{\"@type\":\"WebPage\",\"@id\":\"https:\\\/\\\/zepecafe-webaruhaz.hu\\\/hu\\\/webaruhaz\\\/miostar-noblesse-deluxe-2\\\/\",\"url\":\"https:\\\/\\\/zepecafe-webaruhaz.hu\\\/hu\\\/webaruhaz\\\/miostar-noblesse-deluxe-2\\\/\",\"name\":\"MioStar Noblesse Deluxe - Z\u00e9-P\u00e9 Caf\u00e9 Kft.\",\"isPartOf\":{\"@id\":\"http:\\\/\\\/zepecafe-webaruhaz.hu\\\/hu\\\/#website\"},\"primaryImageOfPage\":{\"@id\":\"https:\\\/\\\/zepecafe-webaruhaz.hu\\\/hu\\\/webaruhaz\\\/miostar-noblesse-deluxe-2\\\/#primaryimage\"},\"image\":{\"@id\":\"https:\\\/\\\/zepecafe-webaruhaz.hu\\\/hu\\\/webaruhaz\\\/miostar-noblesse-deluxe-2\\\/#primaryimage\"},\"thumbnailUrl\":\"https:\\\/\\\/zepecafe-webaruhaz.hu\\\/wp-content\\\/uploads\\\/2025\\\/03\\\/MioStarNoblesseDeluxe8.jpg\",\"datePublished\":\"2025-03-24T13:19:43+00:00\",\"dateModified\":\"2025-04-26T13:40:27+00:00\",\"breadcrumb\":{\"@id\":\"https:\\\/\\\/zepecafe-webaruhaz.hu\\\/hu\\\/webaruhaz\\\/miostar-noblesse-deluxe-2\\\/#breadcrumb\"},\"inLanguage\":\"hu\",\"potentialAction\":[{\"@type\":\"ReadAction\",\"target\":[\"https:\\\/\\\/zepecafe-webaruhaz.hu\\\/hu\\\/webaruhaz\\\/miostar-noblesse-deluxe-2\\\/\"]}]},{\"@type\":\"ImageObject\",\"inLanguage\":\"hu\",\"@id\":\"https:\\\/\\\/zepecafe-webaruhaz.hu\\\/hu\\\/webaruhaz\\\/miostar-noblesse-deluxe-2\\\/#primaryimage\",\"url\":\"https:\\\/\\\/zepecafe-webaruhaz.hu\\\/wp-content\\\/uploads\\\/2025\\\/03\\\/MioStarNoblesseDeluxe8.jpg\",\"contentUrl\":\"https:\\\/\\\/zepecafe-webaruhaz.hu\\\/wp-content\\\/uploads\\\/2025\\\/03\\\/MioStarNoblesseDeluxe8.jpg\",\"width\":1080,\"height\":1080},{\"@type\":\"BreadcrumbList\",\"@id\":\"https:\\\/\\\/zepecafe-webaruhaz.hu\\\/hu\\\/webaruhaz\\\/miostar-noblesse-deluxe-2\\\/#breadcrumb\",\"itemListElement\":[{\"@type\":\"ListItem\",\"position\":1,\"name\":\"Kezd\u0151lap\",\"item\":\"https:\\\/\\\/zepecafe-webaruhaz.hu\\\/hu\\\/\"},{\"@type\":\"ListItem\",\"position\":2,\"name\":\"Shop\",\"item\":\"https:\\\/\\\/zepecafe-webaruhaz.hu\\\/hu\\\/shop-2\\\/\"},{\"@type\":\"ListItem\",\"position\":3,\"name\":\"MioStar Noblesse Deluxe\"}]},{\"@type\":\"WebSite\",\"@id\":\"http:\\\/\\\/zepecafe-webaruhaz.hu\\\/hu\\\/#website\",\"url\":\"http:\\\/\\\/zepecafe-webaruhaz.hu\\\/hu\\\/\",\"name\":\"Z\u00e9-P\u00e9 Caf\u00e9 Kft.\",\"description\":\"T\u00e1rsas\u00e1gunk, a Z\u00c9-P\u00c9 Caf\u00e9 Kft., mely 1998 \u00f3ta m\u0171k\u00f6dik, t\u00f6bbs\u00e9g\u00e9ben Olaszorsz\u00e1gb\u00f3l import\u00e1lt, friss ki\u0151rl\u00e9s\u0171 k\u00e1v\u00e9t lef\u0151z\u0151 automata g\u00e9pek forgalmaz\u00e1s\u00e1val \u00e9s b\u00e9rbead\u00e1s\u00e1val foglalkozik.\",\"publisher\":{\"@id\":\"http:\\\/\\\/zepecafe-webaruhaz.hu\\\/hu\\\/#organization\"},\"potentialAction\":[{\"@type\":\"SearchAction\",\"target\":{\"@type\":\"EntryPoint\",\"urlTemplate\":\"http:\\\/\\\/zepecafe-webaruhaz.hu\\\/hu\\\/?s={search_term_string}\"},\"query-input\":{\"@type\":\"PropertyValueSpecification\",\"valueRequired\":true,\"valueName\":\"search_term_string\"}}],\"inLanguage\":\"hu\"},{\"@type\":\"Organization\",\"@id\":\"http:\\\/\\\/zepecafe-webaruhaz.hu\\\/hu\\\/#organization\",\"name\":\"Z\u00e9-P\u00e9 Caf\u00e9 Kft.\",\"url\":\"http:\\\/\\\/zepecafe-webaruhaz.hu\\\/hu\\\/\",\"logo\":{\"@type\":\"ImageObject\",\"inLanguage\":\"hu\",\"@id\":\"http:\\\/\\\/zepecafe-webaruhaz.hu\\\/hu\\\/#\\\/schema\\\/logo\\\/image\\\/\",\"url\":\"https:\\\/\\\/zepecafe-webaruhaz.hu\\\/wp-content\\\/uploads\\\/2025\\\/01\\\/logouj.png\",\"contentUrl\":\"https:\\\/\\\/zepecafe-webaruhaz.hu\\\/wp-content\\\/uploads\\\/2025\\\/01\\\/logouj.png\",\"width\":300,\"height\":300,\"caption\":\"Z\u00e9-P\u00e9 Caf\u00e9 Kft.\"},\"image\":{\"@id\":\"http:\\\/\\\/zepecafe-webaruhaz.hu\\\/hu\\\/#\\\/schema\\\/logo\\\/image\\\/\"},\"sameAs\":[\"https:\\\/\\\/www.facebook.com\\\/zepecafekft.bekescsaba\"]}]}<\/script>\n<!-- \/ Yoast SEO plugin. -->","yoast_head_json":{"title":"MioStar Noblesse Deluxe - Z\u00e9-P\u00e9 Caf\u00e9 Kft.","robots":{"index":"index","follow":"follow","max-snippet":"max-snippet:-1","max-image-preview":"max-image-preview:large","max-video-preview":"max-video-preview:-1"},"canonical":"https:\/\/zepecafe-webaruhaz.hu\/hu\/webaruhaz\/miostar-noblesse-deluxe-2\/","og_locale":"hu_HU","og_type":"article","og_title":"MioStar Noblesse Deluxe - Z\u00e9-P\u00e9 Caf\u00e9 Kft.","og_description":"AZ \u00c1R TARTALMAZZA + 1 db K\u00d6ZPONTI EGYS\u00c9GET!\u00a0 6 H\u00d3NAP GARANCI\u00c1T V\u00c1LLALUNK A FEL\u00daJ\u00cdTOTT G\u00c9PEINKRE!","og_url":"https:\/\/zepecafe-webaruhaz.hu\/hu\/webaruhaz\/miostar-noblesse-deluxe-2\/","og_site_name":"Z\u00e9-P\u00e9 Caf\u00e9 Kft.","article_publisher":"https:\/\/www.facebook.com\/zepecafekft.bekescsaba","article_modified_time":"2025-04-26T13:40:27+00:00","og_image":[{"width":1080,"height":1080,"url":"https:\/\/zepecafe-webaruhaz.hu\/wp-content\/uploads\/2025\/03\/MioStarNoblesseDeluxe8.jpg","type":"image\/jpeg"}],"twitter_card":"summary_large_image","twitter_misc":{"Becs\u00fclt olvas\u00e1si id\u0151":"1 perc"},"schema":{"@context":"https:\/\/schema.org","@graph":[{"@type":"WebPage","@id":"https:\/\/zepecafe-webaruhaz.hu\/hu\/webaruhaz\/miostar-noblesse-deluxe-2\/","url":"https:\/\/zepecafe-webaruhaz.hu\/hu\/webaruhaz\/miostar-noblesse-deluxe-2\/","name":"MioStar Noblesse Deluxe - Z\u00e9-P\u00e9 Caf\u00e9 Kft.","isPartOf":{"@id":"http:\/\/zepecafe-webaruhaz.hu\/hu\/#website"},"primaryImageOfPage":{"@id":"https:\/\/zepecafe-webaruhaz.hu\/hu\/webaruhaz\/miostar-noblesse-deluxe-2\/#primaryimage"},"image":{"@id":"https:\/\/zepecafe-webaruhaz.hu\/hu\/webaruhaz\/miostar-noblesse-deluxe-2\/#primaryimage"},"thumbnailUrl":"https:\/\/zepecafe-webaruhaz.hu\/wp-content\/uploads\/2025\/03\/MioStarNoblesseDeluxe8.jpg","datePublished":"2025-03-24T13:19:43+00:00","dateModified":"2025-04-26T13:40:27+00:00","breadcrumb":{"@id":"https:\/\/zepecafe-webaruhaz.hu\/hu\/webaruhaz\/miostar-noblesse-deluxe-2\/#breadcrumb"},"inLanguage":"hu","potentialAction":[{"@type":"ReadAction","target":["https:\/\/zepecafe-webaruhaz.hu\/hu\/webaruhaz\/miostar-noblesse-deluxe-2\/"]}]},{"@type":"ImageObject","inLanguage":"hu","@id":"https:\/\/zepecafe-webaruhaz.hu\/hu\/webaruhaz\/miostar-noblesse-deluxe-2\/#primaryimage","url":"https:\/\/zepecafe-webaruhaz.hu\/wp-content\/uploads\/2025\/03\/MioStarNoblesseDeluxe8.jpg","contentUrl":"https:\/\/zepecafe-webaruhaz.hu\/wp-content\/uploads\/2025\/03\/MioStarNoblesseDeluxe8.jpg","width":1080,"height":1080},{"@type":"BreadcrumbList","@id":"https:\/\/zepecafe-webaruhaz.hu\/hu\/webaruhaz\/miostar-noblesse-deluxe-2\/#breadcrumb","itemListElement":[{"@type":"ListItem","position":1,"name":"Kezd\u0151lap","item":"https:\/\/zepecafe-webaruhaz.hu\/hu\/"},{"@type":"ListItem","position":2,"name":"Shop","item":"https:\/\/zepecafe-webaruhaz.hu\/hu\/shop-2\/"},{"@type":"ListItem","position":3,"name":"MioStar Noblesse Deluxe"}]},{"@type":"WebSite","@id":"http:\/\/zepecafe-webaruhaz.hu\/hu\/#website","url":"http:\/\/zepecafe-webaruhaz.hu\/hu\/","name":"Z\u00e9-P\u00e9 Caf\u00e9 Kft.","description":"T\u00e1rsas\u00e1gunk, a Z\u00c9-P\u00c9 Caf\u00e9 Kft., mely 1998 \u00f3ta m\u0171k\u00f6dik, t\u00f6bbs\u00e9g\u00e9ben Olaszorsz\u00e1gb\u00f3l import\u00e1lt, friss ki\u0151rl\u00e9s\u0171 k\u00e1v\u00e9t lef\u0151z\u0151 automata g\u00e9pek forgalmaz\u00e1s\u00e1val \u00e9s b\u00e9rbead\u00e1s\u00e1val foglalkozik.","publisher":{"@id":"http:\/\/zepecafe-webaruhaz.hu\/hu\/#organization"},"potentialAction":[{"@type":"SearchAction","target":{"@type":"EntryPoint","urlTemplate":"http:\/\/zepecafe-webaruhaz.hu\/hu\/?s={search_term_string}"},"query-input":{"@type":"PropertyValueSpecification","valueRequired":true,"valueName":"search_term_string"}}],"inLanguage":"hu"},{"@type":"Organization","@id":"http:\/\/zepecafe-webaruhaz.hu\/hu\/#organization","name":"Z\u00e9-P\u00e9 Caf\u00e9 Kft.","url":"http:\/\/zepecafe-webaruhaz.hu\/hu\/","logo":{"@type":"ImageObject","inLanguage":"hu","@id":"http:\/\/zepecafe-webaruhaz.hu\/hu\/#\/schema\/logo\/image\/","url":"https:\/\/zepecafe-webaruhaz.hu\/wp-content\/uploads\/2025\/01\/logouj.png","contentUrl":"https:\/\/zepecafe-webaruhaz.hu\/wp-content\/uploads\/2025\/01\/logouj.png","width":300,"height":300,"caption":"Z\u00e9-P\u00e9 Caf\u00e9 Kft."},"image":{"@id":"http:\/\/zepecafe-webaruhaz.hu\/hu\/#\/schema\/logo\/image\/"},"sameAs":["https:\/\/www.facebook.com\/zepecafekft.bekescsaba"]}]}},"_links":{"self":[{"href":"http:\/\/zepecafe-webaruhaz.hu\/hu\/wp-json\/wp\/v2\/product\/6626","targetHints":{"allow":["GET"]}}],"collection":[{"href":"http:\/\/zepecafe-webaruhaz.hu\/hu\/wp-json\/wp\/v2\/product"}],"about":[{"href":"http:\/\/zepecafe-webaruhaz.hu\/hu\/wp-json\/wp\/v2\/types\/product"}],"wp:featuredmedia":[{"embeddable":true,"href":"http:\/\/zepecafe-webaruhaz.hu\/hu\/wp-json\/wp\/v2\/media\/6634"}],"wp:attachment":[{"href":"http:\/\/zepecafe-webaruhaz.hu\/hu\/wp-json\/wp\/v2\/media?parent=6626"}],"wp:term":[{"taxonomy":"product_brand","embeddable":true,"href":"http:\/\/zepecafe-webaruhaz.hu\/hu\/wp-json\/wp\/v2\/product_brand?post=6626"},{"taxonomy":"product_cat","embeddable":true,"href":"http:\/\/zepecafe-webaruhaz.hu\/hu\/wp-json\/wp\/v2\/product_cat?post=6626"},{"taxonomy":"product_tag","embeddable":true,"href":"http:\/\/zepecafe-webaruhaz.hu\/hu\/wp-json\/wp\/v2\/product_tag?post=6626"}],"curies":[{"name":"wp","href":"https:\/\/api.w.org\/{rel}","templated":true}]}}