{"id":5232,"date":"2020-11-13T11:09:13","date_gmt":"2020-11-13T11:09:13","guid":{"rendered":"https:\/\/zepecafe-webaruhaz.hu\/index.php\/product\/siemens-eq-9-plus-connect-s700\/"},"modified":"2025-07-28T07:46:37","modified_gmt":"2025-07-28T07:46:37","slug":"siemens-eq-9-plus-connect-s700","status":"publish","type":"product","link":"https:\/\/zepecafe-webaruhaz.hu\/hu\/webaruhaz\/siemens-eq-9-plus-connect-s700\/","title":{"rendered":"Siemens EQ 9 Plus Connect S700"},"content":{"rendered":"<p class=\"MsoNormal\" style=\"text-align: justify;\">M\u0171szaki adatok<\/p>\n<dl class=\"specification energy-efficiency\">\n<dt style=\"min-height: 16px;\">K\u00e1belhossz:100 cm<\/dt>\n<dt style=\"min-height: 16px;\">Sz\u00e9less\u00e9g:35.2 cm<\/dt>\n<dt style=\"min-height: 16px;\">Magass\u00e1g:46.7 cm<\/dt>\n<dt style=\"min-height: 16px;\">M\u00e9lys\u00e9g:38 cm<\/dt>\n<\/dl>\n<p class=\"MsoNormal\" style=\"text-align: justify;\">Bab tart\u00f3 kapacit\u00e1s 250 g<\/p>\n<p class=\"MsoNormal\" style=\"text-align: justify;\">V\u00edztart\u00e1ly kapacit\u00e1s 2.3 l<\/p>\n<p class=\"MsoNormal\" style=\"text-align: justify;\">\u0150rl\u0151m\u0171 Ker\u00e1mia dar\u00e1l\u00f3m\u0171<\/p>\n<p class=\"MsoNormal\" style=\"text-align: justify;\">Jellemz\u0151k Home Connect<\/p>\n<p class=\"MsoNormal\" style=\"text-align: justify;\">Jellemz\u0151k Tejtart\u00e1llyal<\/p>\n<p class=\"MsoNormal\" style=\"text-align: justify;\">Jellemz\u0151k M\u00e1sodik k\u00e1v\u00e9babtart\u00e1ly<\/p>\n<p class=\"MsoNormal\" style=\"text-align: justify;\">Sz\u00edn Ez\u00fcst<\/p>\n<p class=\"MsoNormal\" style=\"text-align: justify;\">Sz\u00edn Fekete<\/p>\n<p class=\"MsoNormal\" style=\"text-align: justify;\">Szivatty\u00fa nyom\u00e1s 19 bar<\/p>\n<p class=\"MsoNormal\" style=\"text-align: justify;\">Teljes\u00edtm\u00e9ny 1500 W<\/p>\n<p style=\"text-align: justify;\">","protected":false},"excerpt":{"rendered":"<h3><span style=\"color: #ff0000;\"><strong>AZ \u00c1R TARTALMAZZA + <\/strong><\/span><strong>1 db K\u00d6ZPONTI EGYS\u00c9GE<span style=\"color: #000000;\">T!<\/span><\/strong><\/h3>\n<p>Siemens EQ 9 Plus Connect S700<\/p>\n<p>Egyed\u00fcl\u00e1ll\u00f3 \u00e9lm\u00e9ny<\/p>\n<p>a val\u00f3di Barist\u00e1k sz\u00e1m\u00e1ra, a Home Connect seg\u00edts\u00e9g\u00e9vel<\/p>\n<p>\u00e9s k\u00e9t babtart\u00f3val.<\/p>\n<p>Egygombos el\u0151k\u00e9sz\u00edt\u00e9s: Ristretto,<\/p>\n<p>Espresso, Espresso Macchiato, Doppio, Caffe Crema,<\/p>\n<p>Cappuccino, Latte Macchiato, Tejk\u00e1v\u00e9, Americano,<\/p>\n<p>Flat White, Cafe Cortado, XL K\u00e1v\u00e9 egyetlen gombnyom\u00e1ssal.<\/p>\n<p>F\u0151bb jellemz\u0151k<\/p>\n<p>T\u00f6bb egyedi \u00edzv\u00e1ltoz\u00e1s a baristaMode tov\u00e1bbi<\/p>\n<p>finom illat\u00e1nak k\u00f6sz\u00f6nhet\u0151en.<\/p>\n<p>Teljesen automatikus g\u0151z tiszt\u00edt\u00e1s<\/p>\n<p>\u00e9s optim\u00e1lis higi\u00e9nia az autoMilk Clean haszn\u00e1lat\u00e1val.<\/p>\n<p>K\u00e9t babtart\u00f3 a saj\u00e1t \u0151rl\u0151j\u00e9vel, a hamis\u00edtatlan \u00edzhez a dualBean rendszernek k\u00f6sz\u00f6nhet\u0151en.<\/p>\n<p>Kezdje a k\u00e1v\u00e9f\u0151z\u0151j\u00e9t b\u00e1rhonnan az innovat\u00edv Home Connect alkalmaz\u00e1ssal.<\/p>\n<p><strong>12 H\u00d3NAP GARANCI\u00c1T V\u00c1LLALUNK G\u00c9PEINKRE!<\/strong><\/p>","protected":false},"featured_media":5225,"template":"","meta":[],"product_brand":[],"product_cat":[223,224,249,234],"product_tag":[],"class_list":{"0":"post-5232","1":"product","2":"type-product","3":"status-publish","4":"has-post-thumbnail","6":"product_cat-kezdolap","7":"product_cat-kavefozok","8":"product_cat-siemens","9":"product_cat-uj-kavefozok","11":"first","12":"instock","13":"taxable","14":"shipping-taxable","15":"purchasable","16":"product-type-simple"},"yoast_head":"<!-- This site is optimized with the Yoast SEO plugin v27.1.1 - https:\/\/yoast.com\/product\/yoast-seo-wordpress\/ -->\n<title>Siemens EQ 9 Plus Connect S700 - Z\u00e9-P\u00e9 Caf\u00e9 Kft.<\/title>\n<meta name=\"robots\" content=\"index, follow, max-snippet:-1, max-image-preview:large, max-video-preview:-1\" \/>\n<link rel=\"canonical\" href=\"https:\/\/zepecafe-webaruhaz.hu\/hu\/webaruhaz\/siemens-eq-9-plus-connect-s700\/\" \/>\n<meta property=\"og:locale\" content=\"hu_HU\" \/>\n<meta property=\"og:type\" content=\"article\" \/>\n<meta property=\"og:title\" content=\"Siemens EQ 9 Plus Connect S700 - Z\u00e9-P\u00e9 Caf\u00e9 Kft.\" \/>\n<meta property=\"og:description\" content=\"AZ \u00c1R TARTALMAZZA + 1 db K\u00d6ZPONTI EGYS\u00c9GET! Siemens EQ 9 Plus Connect S700  Egyed\u00fcl\u00e1ll\u00f3 \u00e9lm\u00e9ny  a val\u00f3di Barist\u00e1k sz\u00e1m\u00e1ra, a Home Connect seg\u00edts\u00e9g\u00e9vel  \u00e9s k\u00e9t babtart\u00f3val.  Egygombos el\u0151k\u00e9sz\u00edt\u00e9s: Ristretto,  Espresso, Espresso Macchiato, Doppio, Caffe Crema,  Cappuccino, Latte Macchiato, Tejk\u00e1v\u00e9, Americano,  Flat White, Cafe Cortado, XL K\u00e1v\u00e9 egyetlen gombnyom\u00e1ssal.  F\u0151bb jellemz\u0151k  T\u00f6bb egyedi \u00edzv\u00e1ltoz\u00e1s a baristaMode tov\u00e1bbi  finom illat\u00e1nak k\u00f6sz\u00f6nhet\u0151en.  Teljesen automatikus g\u0151z tiszt\u00edt\u00e1s  \u00e9s optim\u00e1lis higi\u00e9nia az autoMilk Clean haszn\u00e1lat\u00e1val.  K\u00e9t babtart\u00f3 a saj\u00e1t \u0151rl\u0151j\u00e9vel, a hamis\u00edtatlan \u00edzhez a dualBean rendszernek k\u00f6sz\u00f6nhet\u0151en.  Kezdje a k\u00e1v\u00e9f\u0151z\u0151j\u00e9t b\u00e1rhonnan az innovat\u00edv Home Connect alkalmaz\u00e1ssal.  12 H\u00d3NAP GARANCI\u00c1T V\u00c1LLALUNK G\u00c9PEINKRE!\" \/>\n<meta property=\"og:url\" content=\"https:\/\/zepecafe-webaruhaz.hu\/hu\/webaruhaz\/siemens-eq-9-plus-connect-s700\/\" \/>\n<meta property=\"og:site_name\" content=\"Z\u00e9-P\u00e9 Caf\u00e9 Kft.\" \/>\n<meta property=\"article:publisher\" content=\"https:\/\/www.facebook.com\/zepecafekft.bekescsaba\" \/>\n<meta property=\"article:modified_time\" content=\"2025-07-28T07:46:37+00:00\" \/>\n<meta property=\"og:image\" content=\"https:\/\/zepecafe-webaruhaz.hu\/wp-content\/uploads\/2020\/11\/583-Siemens-EQ-9-Plus-Connect-S700-scaled.jpg\" \/>\n\t<meta property=\"og:image:width\" content=\"2068\" \/>\n\t<meta property=\"og:image:height\" content=\"2560\" \/>\n\t<meta property=\"og:image:type\" content=\"image\/jpeg\" \/>\n<meta name=\"twitter:card\" content=\"summary_large_image\" \/>\n<script type=\"application\/ld+json\" class=\"yoast-schema-graph\">{\"@context\":\"https:\/\/schema.org\",\"@graph\":[{\"@type\":\"WebPage\",\"@id\":\"https:\/\/zepecafe-webaruhaz.hu\/webaruhaz\/siemens-eq-9-plus-connect-s700\/\",\"url\":\"https:\/\/zepecafe-webaruhaz.hu\/webaruhaz\/siemens-eq-9-plus-connect-s700\/\",\"name\":\"Siemens EQ 9 Plus Connect S700 - Z\u00e9-P\u00e9 Caf\u00e9 Kft.\",\"isPartOf\":{\"@id\":\"http:\/\/zepecafe-webaruhaz.hu\/hu\/#website\"},\"primaryImageOfPage\":{\"@id\":\"https:\/\/zepecafe-webaruhaz.hu\/webaruhaz\/siemens-eq-9-plus-connect-s700\/#primaryimage\"},\"image\":{\"@id\":\"https:\/\/zepecafe-webaruhaz.hu\/webaruhaz\/siemens-eq-9-plus-connect-s700\/#primaryimage\"},\"thumbnailUrl\":\"https:\/\/zepecafe-webaruhaz.hu\/wp-content\/uploads\/2020\/11\/583-Siemens-EQ-9-Plus-Connect-S700-scaled.jpg\",\"datePublished\":\"2020-11-13T11:09:13+00:00\",\"dateModified\":\"2025-07-28T07:46:37+00:00\",\"breadcrumb\":{\"@id\":\"https:\/\/zepecafe-webaruhaz.hu\/webaruhaz\/siemens-eq-9-plus-connect-s700\/#breadcrumb\"},\"inLanguage\":\"hu\",\"potentialAction\":[{\"@type\":\"ReadAction\",\"target\":[\"https:\/\/zepecafe-webaruhaz.hu\/webaruhaz\/siemens-eq-9-plus-connect-s700\/\"]}]},{\"@type\":\"ImageObject\",\"inLanguage\":\"hu\",\"@id\":\"https:\/\/zepecafe-webaruhaz.hu\/webaruhaz\/siemens-eq-9-plus-connect-s700\/#primaryimage\",\"url\":\"https:\/\/zepecafe-webaruhaz.hu\/wp-content\/uploads\/2020\/11\/583-Siemens-EQ-9-Plus-Connect-S700-scaled.jpg\",\"contentUrl\":\"https:\/\/zepecafe-webaruhaz.hu\/wp-content\/uploads\/2020\/11\/583-Siemens-EQ-9-Plus-Connect-S700-scaled.jpg\",\"width\":2068,\"height\":2560,\"caption\":\"Siemens EQ 9 Plus Connect S700\"},{\"@type\":\"BreadcrumbList\",\"@id\":\"https:\/\/zepecafe-webaruhaz.hu\/webaruhaz\/siemens-eq-9-plus-connect-s700\/#breadcrumb\",\"itemListElement\":[{\"@type\":\"ListItem\",\"position\":1,\"name\":\"Kezd\u0151lap\",\"item\":\"https:\/\/zepecafe-webaruhaz.hu\/hu\/\"},{\"@type\":\"ListItem\",\"position\":2,\"name\":\"Shop\",\"item\":\"https:\/\/zepecafe-webaruhaz.hu\/hu\/shop-2\/\"},{\"@type\":\"ListItem\",\"position\":3,\"name\":\"Siemens EQ 9 Plus Connect S700\"}]},{\"@type\":\"WebSite\",\"@id\":\"http:\/\/zepecafe-webaruhaz.hu\/hu\/#website\",\"url\":\"http:\/\/zepecafe-webaruhaz.hu\/hu\/\",\"name\":\"Z\u00e9-P\u00e9 Caf\u00e9 Kft.\",\"description\":\"T\u00e1rsas\u00e1gunk, a Z\u00c9-P\u00c9 Caf\u00e9 Kft., mely 1998 \u00f3ta m\u0171k\u00f6dik, t\u00f6bbs\u00e9g\u00e9ben Olaszorsz\u00e1gb\u00f3l import\u00e1lt, friss ki\u0151rl\u00e9s\u0171 k\u00e1v\u00e9t lef\u0151z\u0151 automata g\u00e9pek forgalmaz\u00e1s\u00e1val \u00e9s b\u00e9rbead\u00e1s\u00e1val foglalkozik.\",\"publisher\":{\"@id\":\"http:\/\/zepecafe-webaruhaz.hu\/hu\/#organization\"},\"potentialAction\":[{\"@type\":\"SearchAction\",\"target\":{\"@type\":\"EntryPoint\",\"urlTemplate\":\"http:\/\/zepecafe-webaruhaz.hu\/hu\/?s={search_term_string}\"},\"query-input\":{\"@type\":\"PropertyValueSpecification\",\"valueRequired\":true,\"valueName\":\"search_term_string\"}}],\"inLanguage\":\"hu\"},{\"@type\":\"Organization\",\"@id\":\"http:\/\/zepecafe-webaruhaz.hu\/hu\/#organization\",\"name\":\"Z\u00e9-P\u00e9 Caf\u00e9 Kft.\",\"url\":\"http:\/\/zepecafe-webaruhaz.hu\/hu\/\",\"logo\":{\"@type\":\"ImageObject\",\"inLanguage\":\"hu\",\"@id\":\"http:\/\/zepecafe-webaruhaz.hu\/hu\/#\/schema\/logo\/image\/\",\"url\":\"https:\/\/zepecafe-webaruhaz.hu\/wp-content\/uploads\/2025\/01\/logouj.png\",\"contentUrl\":\"https:\/\/zepecafe-webaruhaz.hu\/wp-content\/uploads\/2025\/01\/logouj.png\",\"width\":300,\"height\":300,\"caption\":\"Z\u00e9-P\u00e9 Caf\u00e9 Kft.\"},\"image\":{\"@id\":\"http:\/\/zepecafe-webaruhaz.hu\/hu\/#\/schema\/logo\/image\/\"},\"sameAs\":[\"https:\/\/www.facebook.com\/zepecafekft.bekescsaba\"]}]}<\/script>\n<!-- \/ Yoast SEO plugin. -->","yoast_head_json":{"title":"Siemens EQ 9 Plus Connect S700 - Z\u00e9-P\u00e9 Caf\u00e9 Kft.","robots":{"index":"index","follow":"follow","max-snippet":"max-snippet:-1","max-image-preview":"max-image-preview:large","max-video-preview":"max-video-preview:-1"},"canonical":"https:\/\/zepecafe-webaruhaz.hu\/hu\/webaruhaz\/siemens-eq-9-plus-connect-s700\/","og_locale":"hu_HU","og_type":"article","og_title":"Siemens EQ 9 Plus Connect S700 - Z\u00e9-P\u00e9 Caf\u00e9 Kft.","og_description":"AZ \u00c1R TARTALMAZZA + 1 db K\u00d6ZPONTI EGYS\u00c9GET! Siemens EQ 9 Plus Connect S700  Egyed\u00fcl\u00e1ll\u00f3 \u00e9lm\u00e9ny  a val\u00f3di Barist\u00e1k sz\u00e1m\u00e1ra, a Home Connect seg\u00edts\u00e9g\u00e9vel  \u00e9s k\u00e9t babtart\u00f3val.  Egygombos el\u0151k\u00e9sz\u00edt\u00e9s: Ristretto,  Espresso, Espresso Macchiato, Doppio, Caffe Crema,  Cappuccino, Latte Macchiato, Tejk\u00e1v\u00e9, Americano,  Flat White, Cafe Cortado, XL K\u00e1v\u00e9 egyetlen gombnyom\u00e1ssal.  F\u0151bb jellemz\u0151k  T\u00f6bb egyedi \u00edzv\u00e1ltoz\u00e1s a baristaMode tov\u00e1bbi  finom illat\u00e1nak k\u00f6sz\u00f6nhet\u0151en.  Teljesen automatikus g\u0151z tiszt\u00edt\u00e1s  \u00e9s optim\u00e1lis higi\u00e9nia az autoMilk Clean haszn\u00e1lat\u00e1val.  K\u00e9t babtart\u00f3 a saj\u00e1t \u0151rl\u0151j\u00e9vel, a hamis\u00edtatlan \u00edzhez a dualBean rendszernek k\u00f6sz\u00f6nhet\u0151en.  Kezdje a k\u00e1v\u00e9f\u0151z\u0151j\u00e9t b\u00e1rhonnan az innovat\u00edv Home Connect alkalmaz\u00e1ssal.  12 H\u00d3NAP GARANCI\u00c1T V\u00c1LLALUNK G\u00c9PEINKRE!","og_url":"https:\/\/zepecafe-webaruhaz.hu\/hu\/webaruhaz\/siemens-eq-9-plus-connect-s700\/","og_site_name":"Z\u00e9-P\u00e9 Caf\u00e9 Kft.","article_publisher":"https:\/\/www.facebook.com\/zepecafekft.bekescsaba","article_modified_time":"2025-07-28T07:46:37+00:00","og_image":[{"width":2068,"height":2560,"url":"https:\/\/zepecafe-webaruhaz.hu\/wp-content\/uploads\/2020\/11\/583-Siemens-EQ-9-Plus-Connect-S700-scaled.jpg","type":"image\/jpeg"}],"twitter_card":"summary_large_image","schema":{"@context":"https:\/\/schema.org","@graph":[{"@type":"WebPage","@id":"https:\/\/zepecafe-webaruhaz.hu\/webaruhaz\/siemens-eq-9-plus-connect-s700\/","url":"https:\/\/zepecafe-webaruhaz.hu\/webaruhaz\/siemens-eq-9-plus-connect-s700\/","name":"Siemens EQ 9 Plus Connect S700 - Z\u00e9-P\u00e9 Caf\u00e9 Kft.","isPartOf":{"@id":"http:\/\/zepecafe-webaruhaz.hu\/hu\/#website"},"primaryImageOfPage":{"@id":"https:\/\/zepecafe-webaruhaz.hu\/webaruhaz\/siemens-eq-9-plus-connect-s700\/#primaryimage"},"image":{"@id":"https:\/\/zepecafe-webaruhaz.hu\/webaruhaz\/siemens-eq-9-plus-connect-s700\/#primaryimage"},"thumbnailUrl":"https:\/\/zepecafe-webaruhaz.hu\/wp-content\/uploads\/2020\/11\/583-Siemens-EQ-9-Plus-Connect-S700-scaled.jpg","datePublished":"2020-11-13T11:09:13+00:00","dateModified":"2025-07-28T07:46:37+00:00","breadcrumb":{"@id":"https:\/\/zepecafe-webaruhaz.hu\/webaruhaz\/siemens-eq-9-plus-connect-s700\/#breadcrumb"},"inLanguage":"hu","potentialAction":[{"@type":"ReadAction","target":["https:\/\/zepecafe-webaruhaz.hu\/webaruhaz\/siemens-eq-9-plus-connect-s700\/"]}]},{"@type":"ImageObject","inLanguage":"hu","@id":"https:\/\/zepecafe-webaruhaz.hu\/webaruhaz\/siemens-eq-9-plus-connect-s700\/#primaryimage","url":"https:\/\/zepecafe-webaruhaz.hu\/wp-content\/uploads\/2020\/11\/583-Siemens-EQ-9-Plus-Connect-S700-scaled.jpg","contentUrl":"https:\/\/zepecafe-webaruhaz.hu\/wp-content\/uploads\/2020\/11\/583-Siemens-EQ-9-Plus-Connect-S700-scaled.jpg","width":2068,"height":2560,"caption":"Siemens EQ 9 Plus Connect S700"},{"@type":"BreadcrumbList","@id":"https:\/\/zepecafe-webaruhaz.hu\/webaruhaz\/siemens-eq-9-plus-connect-s700\/#breadcrumb","itemListElement":[{"@type":"ListItem","position":1,"name":"Kezd\u0151lap","item":"https:\/\/zepecafe-webaruhaz.hu\/hu\/"},{"@type":"ListItem","position":2,"name":"Shop","item":"https:\/\/zepecafe-webaruhaz.hu\/hu\/shop-2\/"},{"@type":"ListItem","position":3,"name":"Siemens EQ 9 Plus Connect S700"}]},{"@type":"WebSite","@id":"http:\/\/zepecafe-webaruhaz.hu\/hu\/#website","url":"http:\/\/zepecafe-webaruhaz.hu\/hu\/","name":"Z\u00e9-P\u00e9 Caf\u00e9 Kft.","description":"T\u00e1rsas\u00e1gunk, a Z\u00c9-P\u00c9 Caf\u00e9 Kft., mely 1998 \u00f3ta m\u0171k\u00f6dik, t\u00f6bbs\u00e9g\u00e9ben Olaszorsz\u00e1gb\u00f3l import\u00e1lt, friss ki\u0151rl\u00e9s\u0171 k\u00e1v\u00e9t lef\u0151z\u0151 automata g\u00e9pek forgalmaz\u00e1s\u00e1val \u00e9s b\u00e9rbead\u00e1s\u00e1val foglalkozik.","publisher":{"@id":"http:\/\/zepecafe-webaruhaz.hu\/hu\/#organization"},"potentialAction":[{"@type":"SearchAction","target":{"@type":"EntryPoint","urlTemplate":"http:\/\/zepecafe-webaruhaz.hu\/hu\/?s={search_term_string}"},"query-input":{"@type":"PropertyValueSpecification","valueRequired":true,"valueName":"search_term_string"}}],"inLanguage":"hu"},{"@type":"Organization","@id":"http:\/\/zepecafe-webaruhaz.hu\/hu\/#organization","name":"Z\u00e9-P\u00e9 Caf\u00e9 Kft.","url":"http:\/\/zepecafe-webaruhaz.hu\/hu\/","logo":{"@type":"ImageObject","inLanguage":"hu","@id":"http:\/\/zepecafe-webaruhaz.hu\/hu\/#\/schema\/logo\/image\/","url":"https:\/\/zepecafe-webaruhaz.hu\/wp-content\/uploads\/2025\/01\/logouj.png","contentUrl":"https:\/\/zepecafe-webaruhaz.hu\/wp-content\/uploads\/2025\/01\/logouj.png","width":300,"height":300,"caption":"Z\u00e9-P\u00e9 Caf\u00e9 Kft."},"image":{"@id":"http:\/\/zepecafe-webaruhaz.hu\/hu\/#\/schema\/logo\/image\/"},"sameAs":["https:\/\/www.facebook.com\/zepecafekft.bekescsaba"]}]}},"_links":{"self":[{"href":"https:\/\/zepecafe-webaruhaz.hu\/hu\/wp-json\/wp\/v2\/product\/5232","targetHints":{"allow":["GET"]}}],"collection":[{"href":"https:\/\/zepecafe-webaruhaz.hu\/hu\/wp-json\/wp\/v2\/product"}],"about":[{"href":"https:\/\/zepecafe-webaruhaz.hu\/hu\/wp-json\/wp\/v2\/types\/product"}],"wp:featuredmedia":[{"embeddable":true,"href":"https:\/\/zepecafe-webaruhaz.hu\/hu\/wp-json\/wp\/v2\/media\/5225"}],"wp:attachment":[{"href":"https:\/\/zepecafe-webaruhaz.hu\/hu\/wp-json\/wp\/v2\/media?parent=5232"}],"wp:term":[{"taxonomy":"product_brand","embeddable":true,"href":"https:\/\/zepecafe-webaruhaz.hu\/hu\/wp-json\/wp\/v2\/product_brand?post=5232"},{"taxonomy":"product_cat","embeddable":true,"href":"https:\/\/zepecafe-webaruhaz.hu\/hu\/wp-json\/wp\/v2\/product_cat?post=5232"},{"taxonomy":"product_tag","embeddable":true,"href":"https:\/\/zepecafe-webaruhaz.hu\/hu\/wp-json\/wp\/v2\/product_tag?post=5232"}],"curies":[{"name":"wp","href":"https:\/\/api.w.org\/{rel}","templated":true}]}}