{"id":5242,"date":"2020-11-13T11:15:26","date_gmt":"2020-11-13T11:15:26","guid":{"rendered":"https:\/\/zepecafe-webaruhaz.hu\/index.php\/product\/siemens-eq-9-plus-connect-s500\/"},"modified":"2025-07-28T07:46:40","modified_gmt":"2025-07-28T07:46:40","slug":"siemens-eq-9-plus-connect-s500","status":"publish","type":"product","link":"https:\/\/zepecafe-webaruhaz.hu\/hu\/webaruhaz\/siemens-eq-9-plus-connect-s500\/","title":{"rendered":"Siemens EQ 9 Plus Connect S500 + Aj\u00e1nd\u00e9k 1 kg Arpalice szemes k\u00e1v\u00e9 + 6db k\u00e1v\u00e9scs\u00e9sze"},"content":{"rendered":"<p class=\"MsoNormal\" style=\"text-align: justify;\">&#8211; Szem\u00e9lyes italmen\u00fc ak\u00e1r 10 profilhoz<\/p>\n<p class=\"MsoNormal\">&#8211; Ker\u00e1mia k\u00e9sekkel<\/p>\n<p class=\"MsoNormal\">&#8211; \u00c1ll\u00edthat\u00f3 magass\u00e1g\u00fa k\u00e1v\u00e9 kifoly\u00f3<\/p>\n<p class=\"MsoNormal\">&#8211; Kivehet\u0151 tejtart\u00e1ly<\/p>\n<p class=\"MsoNormal\">&#8211; El\u00e9rhet\u0151 iOS, Android alkalmaz\u00e1sok<\/p>\n<p class=\"MsoNormal\">&#8211; Mosogat\u00f3g\u00e9pben moshat\u00f3 alkatr\u00e9szek<\/p>\n<p class=\"MsoNormal\">&#8211; Automatikus kikapcsol\u00e1s<\/p>\n<p class=\"MsoNormal\">&#8211; \u00c1ll\u00edthat\u00f3 v\u00edzkem\u00e9nys\u00e9g<\/p>\n<p class=\"MsoNormal\">M\u00e9retek:<\/p>\n<p class=\"MsoNormal\">&#8211; Magass\u00e1g: 39,2 cm<\/p>\n<p>&#8211; Sz\u00e9less\u00e9g: 31,6 cm<\/p>\n<p class=\"MsoNormal\">&#8211; M\u00e9lys\u00e9g: 47 cm<\/p>\n<p style=\"margin: 0cm; margin-bottom: .0001pt;\">&#8211; S\u00faly: 12,7 kg<\/p>","protected":false},"excerpt":{"rendered":"<p>&#8211; Automatikus \u00f6bl\u00edt\u0151 program kikapcsol\u00e1skor<br \/>\n&#8211; Cs\u00f6kkentett keser\u0171s\u00e9g\u0171 extra er\u0151s k\u00e1v\u00e9 bekapcsol\u00e1sa, k\u00e9t \u0151rl\u00e9s \u00e9s f\u0151z\u00e9s sor\u00e1n<br \/>\n&#8211; \u00c1ll\u00edthat\u00f3 italh\u0151m\u00e9rs\u00e9klet: 6 szint<br \/>\n&#8211; Forr\u00f3 v\u00edz: 6 szint<br \/>\n&#8211; Teljesen automatikus g\u0151z tiszt\u00edt\u00e1s \u00e9s optim\u00e1lis higi\u00e9nia az autoMilk Clean haszn\u00e1lat\u00e1val<br \/>\n&#8211; T\u00f6bb egyedi \u00edzv\u00e1ltoz\u00e1s a baristaMode tov\u00e1bbi finom illat\u00e1nak k\u00f6sz\u00f6nhet\u0151en<br \/>\n&#8211; I<span style=\"background: #FFFFFF;\">de\u00e1lis el\u0151k\u00e9sz\u00edt\u00e9s \u00e9s t\u00f6k\u00e9letes \u00edz az iAroma rendszer egyed\u00fcl\u00e1ll\u00f3 technol\u00f3gi\u00e1j\u00e1nak k\u00f6sz\u00f6nhet\u0151en<\/span><br \/>\n&#8211; Sz\u00ednes 3.9&#8243; TFT kijelz\u0151 interakt\u00edv men\u00fcvezet\u00e9ssel<br \/>\n&#8211; K\u00fcl\u00f6nleges finom p\u00f3rus\u00fa tejhab az innovat\u00edv, egyedi individualiz\u00e1l\u00f3 tejf\u00fav\u00f3k\u00e1nak k\u00f6sz\u00f6nhet\u0151en<\/p>\n<p><strong>12 H\u00d3NAP GARANCI\u00c1T V\u00c1LLALUNK G\u00c9PEINKRE,<\/strong><\/p>","protected":false},"featured_media":6339,"template":"","meta":[],"product_brand":[],"product_cat":[223,224,249,234],"product_tag":[],"class_list":{"0":"post-5242","1":"product","2":"type-product","3":"status-publish","4":"has-post-thumbnail","6":"product_cat-kezdolap","7":"product_cat-kavefozok","8":"product_cat-siemens","9":"product_cat-uj-kavefozok","11":"first","12":"instock","13":"taxable","14":"shipping-taxable","15":"purchasable","16":"product-type-simple"},"yoast_head":"<!-- This site is optimized with the Yoast SEO plugin v27.1.1 - https:\/\/yoast.com\/product\/yoast-seo-wordpress\/ -->\n<title>Siemens EQ 9 Plus Connect S500 + Aj\u00e1nd\u00e9k 1 kg Arpalice szemes k\u00e1v\u00e9 + 6db k\u00e1v\u00e9scs\u00e9sze - Z\u00e9-P\u00e9 Caf\u00e9 Kft.<\/title>\n<meta name=\"robots\" content=\"index, follow, max-snippet:-1, max-image-preview:large, max-video-preview:-1\" \/>\n<link rel=\"canonical\" href=\"https:\/\/zepecafe-webaruhaz.hu\/hu\/webaruhaz\/siemens-eq-9-plus-connect-s500\/\" \/>\n<meta property=\"og:locale\" content=\"hu_HU\" \/>\n<meta property=\"og:type\" content=\"article\" \/>\n<meta property=\"og:title\" content=\"Siemens EQ 9 Plus Connect S500 + Aj\u00e1nd\u00e9k 1 kg Arpalice szemes k\u00e1v\u00e9 + 6db k\u00e1v\u00e9scs\u00e9sze - Z\u00e9-P\u00e9 Caf\u00e9 Kft.\" \/>\n<meta property=\"og:description\" content=\"- Automatikus \u00f6bl\u00edt\u0151 program kikapcsol\u00e1skor - Cs\u00f6kkentett keser\u0171s\u00e9g\u0171 extra er\u0151s k\u00e1v\u00e9 bekapcsol\u00e1sa, k\u00e9t \u0151rl\u00e9s \u00e9s f\u0151z\u00e9s sor\u00e1n - \u00c1ll\u00edthat\u00f3 italh\u0151m\u00e9rs\u00e9klet: 6 szint - Forr\u00f3 v\u00edz: 6 szint - Teljesen automatikus g\u0151z tiszt\u00edt\u00e1s \u00e9s optim\u00e1lis higi\u00e9nia az autoMilk Clean haszn\u00e1lat\u00e1val - T\u00f6bb egyedi \u00edzv\u00e1ltoz\u00e1s a baristaMode tov\u00e1bbi finom illat\u00e1nak k\u00f6sz\u00f6nhet\u0151en - Ide\u00e1lis el\u0151k\u00e9sz\u00edt\u00e9s \u00e9s t\u00f6k\u00e9letes \u00edz az iAroma rendszer egyed\u00fcl\u00e1ll\u00f3 technol\u00f3gi\u00e1j\u00e1nak k\u00f6sz\u00f6nhet\u0151en - Sz\u00ednes 3.9&quot; TFT kijelz\u0151 interakt\u00edv men\u00fcvezet\u00e9ssel - K\u00fcl\u00f6nleges finom p\u00f3rus\u00fa tejhab az innovat\u00edv, egyedi individualiz\u00e1l\u00f3 tejf\u00fav\u00f3k\u00e1nak k\u00f6sz\u00f6nhet\u0151en  12 H\u00d3NAP GARANCI\u00c1T V\u00c1LLALUNK G\u00c9PEINKRE,\" \/>\n<meta property=\"og:url\" content=\"https:\/\/zepecafe-webaruhaz.hu\/hu\/webaruhaz\/siemens-eq-9-plus-connect-s500\/\" \/>\n<meta property=\"og:site_name\" content=\"Z\u00e9-P\u00e9 Caf\u00e9 Kft.\" \/>\n<meta property=\"article:publisher\" content=\"https:\/\/www.facebook.com\/zepecafekft.bekescsaba\" \/>\n<meta property=\"article:modified_time\" content=\"2025-07-28T07:46:40+00:00\" \/>\n<meta property=\"og:image\" content=\"https:\/\/zepecafe-webaruhaz.hu\/wp-content\/uploads\/2020\/11\/572-Siemens-EQ-9-Plus-Connect-S500-scaled-1.jpg\" \/>\n\t<meta property=\"og:image:width\" content=\"2560\" \/>\n\t<meta property=\"og:image:height\" content=\"2492\" \/>\n\t<meta property=\"og:image:type\" content=\"image\/jpeg\" \/>\n<meta name=\"twitter:card\" content=\"summary_large_image\" \/>\n<script type=\"application\/ld+json\" class=\"yoast-schema-graph\">{\"@context\":\"https:\/\/schema.org\",\"@graph\":[{\"@type\":\"WebPage\",\"@id\":\"https:\/\/zepecafe-webaruhaz.hu\/webaruhaz\/siemens-eq-9-plus-connect-s500\/\",\"url\":\"https:\/\/zepecafe-webaruhaz.hu\/webaruhaz\/siemens-eq-9-plus-connect-s500\/\",\"name\":\"Siemens EQ 9 Plus Connect S500 + Aj\u00e1nd\u00e9k 1 kg Arpalice szemes k\u00e1v\u00e9 + 6db k\u00e1v\u00e9scs\u00e9sze - Z\u00e9-P\u00e9 Caf\u00e9 Kft.\",\"isPartOf\":{\"@id\":\"http:\/\/zepecafe-webaruhaz.hu\/hu\/#website\"},\"primaryImageOfPage\":{\"@id\":\"https:\/\/zepecafe-webaruhaz.hu\/webaruhaz\/siemens-eq-9-plus-connect-s500\/#primaryimage\"},\"image\":{\"@id\":\"https:\/\/zepecafe-webaruhaz.hu\/webaruhaz\/siemens-eq-9-plus-connect-s500\/#primaryimage\"},\"thumbnailUrl\":\"https:\/\/zepecafe-webaruhaz.hu\/wp-content\/uploads\/2020\/11\/572-Siemens-EQ-9-Plus-Connect-S500-scaled-1.jpg\",\"datePublished\":\"2020-11-13T11:15:26+00:00\",\"dateModified\":\"2025-07-28T07:46:40+00:00\",\"breadcrumb\":{\"@id\":\"https:\/\/zepecafe-webaruhaz.hu\/webaruhaz\/siemens-eq-9-plus-connect-s500\/#breadcrumb\"},\"inLanguage\":\"hu\",\"potentialAction\":[{\"@type\":\"ReadAction\",\"target\":[\"https:\/\/zepecafe-webaruhaz.hu\/webaruhaz\/siemens-eq-9-plus-connect-s500\/\"]}]},{\"@type\":\"ImageObject\",\"inLanguage\":\"hu\",\"@id\":\"https:\/\/zepecafe-webaruhaz.hu\/webaruhaz\/siemens-eq-9-plus-connect-s500\/#primaryimage\",\"url\":\"https:\/\/zepecafe-webaruhaz.hu\/wp-content\/uploads\/2020\/11\/572-Siemens-EQ-9-Plus-Connect-S500-scaled-1.jpg\",\"contentUrl\":\"https:\/\/zepecafe-webaruhaz.hu\/wp-content\/uploads\/2020\/11\/572-Siemens-EQ-9-Plus-Connect-S500-scaled-1.jpg\",\"width\":2560,\"height\":2492},{\"@type\":\"BreadcrumbList\",\"@id\":\"https:\/\/zepecafe-webaruhaz.hu\/webaruhaz\/siemens-eq-9-plus-connect-s500\/#breadcrumb\",\"itemListElement\":[{\"@type\":\"ListItem\",\"position\":1,\"name\":\"Kezd\u0151lap\",\"item\":\"https:\/\/zepecafe-webaruhaz.hu\/hu\/\"},{\"@type\":\"ListItem\",\"position\":2,\"name\":\"Shop\",\"item\":\"https:\/\/zepecafe-webaruhaz.hu\/hu\/shop-2\/\"},{\"@type\":\"ListItem\",\"position\":3,\"name\":\"Siemens EQ 9 Plus Connect S500 + Aj\u00e1nd\u00e9k 1 kg Arpalice szemes k\u00e1v\u00e9 + 6db k\u00e1v\u00e9scs\u00e9sze\"}]},{\"@type\":\"WebSite\",\"@id\":\"http:\/\/zepecafe-webaruhaz.hu\/hu\/#website\",\"url\":\"http:\/\/zepecafe-webaruhaz.hu\/hu\/\",\"name\":\"Z\u00e9-P\u00e9 Caf\u00e9 Kft.\",\"description\":\"T\u00e1rsas\u00e1gunk, a Z\u00c9-P\u00c9 Caf\u00e9 Kft., mely 1998 \u00f3ta m\u0171k\u00f6dik, t\u00f6bbs\u00e9g\u00e9ben Olaszorsz\u00e1gb\u00f3l import\u00e1lt, friss ki\u0151rl\u00e9s\u0171 k\u00e1v\u00e9t lef\u0151z\u0151 automata g\u00e9pek forgalmaz\u00e1s\u00e1val \u00e9s b\u00e9rbead\u00e1s\u00e1val foglalkozik.\",\"publisher\":{\"@id\":\"http:\/\/zepecafe-webaruhaz.hu\/hu\/#organization\"},\"potentialAction\":[{\"@type\":\"SearchAction\",\"target\":{\"@type\":\"EntryPoint\",\"urlTemplate\":\"http:\/\/zepecafe-webaruhaz.hu\/hu\/?s={search_term_string}\"},\"query-input\":{\"@type\":\"PropertyValueSpecification\",\"valueRequired\":true,\"valueName\":\"search_term_string\"}}],\"inLanguage\":\"hu\"},{\"@type\":\"Organization\",\"@id\":\"http:\/\/zepecafe-webaruhaz.hu\/hu\/#organization\",\"name\":\"Z\u00e9-P\u00e9 Caf\u00e9 Kft.\",\"url\":\"http:\/\/zepecafe-webaruhaz.hu\/hu\/\",\"logo\":{\"@type\":\"ImageObject\",\"inLanguage\":\"hu\",\"@id\":\"http:\/\/zepecafe-webaruhaz.hu\/hu\/#\/schema\/logo\/image\/\",\"url\":\"https:\/\/zepecafe-webaruhaz.hu\/wp-content\/uploads\/2025\/01\/logouj.png\",\"contentUrl\":\"https:\/\/zepecafe-webaruhaz.hu\/wp-content\/uploads\/2025\/01\/logouj.png\",\"width\":300,\"height\":300,\"caption\":\"Z\u00e9-P\u00e9 Caf\u00e9 Kft.\"},\"image\":{\"@id\":\"http:\/\/zepecafe-webaruhaz.hu\/hu\/#\/schema\/logo\/image\/\"},\"sameAs\":[\"https:\/\/www.facebook.com\/zepecafekft.bekescsaba\"]}]}<\/script>\n<!-- \/ Yoast SEO plugin. -->","yoast_head_json":{"title":"Siemens EQ 9 Plus Connect S500 + Aj\u00e1nd\u00e9k 1 kg Arpalice szemes k\u00e1v\u00e9 + 6db k\u00e1v\u00e9scs\u00e9sze - Z\u00e9-P\u00e9 Caf\u00e9 Kft.","robots":{"index":"index","follow":"follow","max-snippet":"max-snippet:-1","max-image-preview":"max-image-preview:large","max-video-preview":"max-video-preview:-1"},"canonical":"https:\/\/zepecafe-webaruhaz.hu\/hu\/webaruhaz\/siemens-eq-9-plus-connect-s500\/","og_locale":"hu_HU","og_type":"article","og_title":"Siemens EQ 9 Plus Connect S500 + Aj\u00e1nd\u00e9k 1 kg Arpalice szemes k\u00e1v\u00e9 + 6db k\u00e1v\u00e9scs\u00e9sze - Z\u00e9-P\u00e9 Caf\u00e9 Kft.","og_description":"- Automatikus \u00f6bl\u00edt\u0151 program kikapcsol\u00e1skor - Cs\u00f6kkentett keser\u0171s\u00e9g\u0171 extra er\u0151s k\u00e1v\u00e9 bekapcsol\u00e1sa, k\u00e9t \u0151rl\u00e9s \u00e9s f\u0151z\u00e9s sor\u00e1n - \u00c1ll\u00edthat\u00f3 italh\u0151m\u00e9rs\u00e9klet: 6 szint - Forr\u00f3 v\u00edz: 6 szint - Teljesen automatikus g\u0151z tiszt\u00edt\u00e1s \u00e9s optim\u00e1lis higi\u00e9nia az autoMilk Clean haszn\u00e1lat\u00e1val - T\u00f6bb egyedi \u00edzv\u00e1ltoz\u00e1s a baristaMode tov\u00e1bbi finom illat\u00e1nak k\u00f6sz\u00f6nhet\u0151en - Ide\u00e1lis el\u0151k\u00e9sz\u00edt\u00e9s \u00e9s t\u00f6k\u00e9letes \u00edz az iAroma rendszer egyed\u00fcl\u00e1ll\u00f3 technol\u00f3gi\u00e1j\u00e1nak k\u00f6sz\u00f6nhet\u0151en - Sz\u00ednes 3.9\" TFT kijelz\u0151 interakt\u00edv men\u00fcvezet\u00e9ssel - K\u00fcl\u00f6nleges finom p\u00f3rus\u00fa tejhab az innovat\u00edv, egyedi individualiz\u00e1l\u00f3 tejf\u00fav\u00f3k\u00e1nak k\u00f6sz\u00f6nhet\u0151en  12 H\u00d3NAP GARANCI\u00c1T V\u00c1LLALUNK G\u00c9PEINKRE,","og_url":"https:\/\/zepecafe-webaruhaz.hu\/hu\/webaruhaz\/siemens-eq-9-plus-connect-s500\/","og_site_name":"Z\u00e9-P\u00e9 Caf\u00e9 Kft.","article_publisher":"https:\/\/www.facebook.com\/zepecafekft.bekescsaba","article_modified_time":"2025-07-28T07:46:40+00:00","og_image":[{"width":2560,"height":2492,"url":"https:\/\/zepecafe-webaruhaz.hu\/wp-content\/uploads\/2020\/11\/572-Siemens-EQ-9-Plus-Connect-S500-scaled-1.jpg","type":"image\/jpeg"}],"twitter_card":"summary_large_image","schema":{"@context":"https:\/\/schema.org","@graph":[{"@type":"WebPage","@id":"https:\/\/zepecafe-webaruhaz.hu\/webaruhaz\/siemens-eq-9-plus-connect-s500\/","url":"https:\/\/zepecafe-webaruhaz.hu\/webaruhaz\/siemens-eq-9-plus-connect-s500\/","name":"Siemens EQ 9 Plus Connect S500 + Aj\u00e1nd\u00e9k 1 kg Arpalice szemes k\u00e1v\u00e9 + 6db k\u00e1v\u00e9scs\u00e9sze - Z\u00e9-P\u00e9 Caf\u00e9 Kft.","isPartOf":{"@id":"http:\/\/zepecafe-webaruhaz.hu\/hu\/#website"},"primaryImageOfPage":{"@id":"https:\/\/zepecafe-webaruhaz.hu\/webaruhaz\/siemens-eq-9-plus-connect-s500\/#primaryimage"},"image":{"@id":"https:\/\/zepecafe-webaruhaz.hu\/webaruhaz\/siemens-eq-9-plus-connect-s500\/#primaryimage"},"thumbnailUrl":"https:\/\/zepecafe-webaruhaz.hu\/wp-content\/uploads\/2020\/11\/572-Siemens-EQ-9-Plus-Connect-S500-scaled-1.jpg","datePublished":"2020-11-13T11:15:26+00:00","dateModified":"2025-07-28T07:46:40+00:00","breadcrumb":{"@id":"https:\/\/zepecafe-webaruhaz.hu\/webaruhaz\/siemens-eq-9-plus-connect-s500\/#breadcrumb"},"inLanguage":"hu","potentialAction":[{"@type":"ReadAction","target":["https:\/\/zepecafe-webaruhaz.hu\/webaruhaz\/siemens-eq-9-plus-connect-s500\/"]}]},{"@type":"ImageObject","inLanguage":"hu","@id":"https:\/\/zepecafe-webaruhaz.hu\/webaruhaz\/siemens-eq-9-plus-connect-s500\/#primaryimage","url":"https:\/\/zepecafe-webaruhaz.hu\/wp-content\/uploads\/2020\/11\/572-Siemens-EQ-9-Plus-Connect-S500-scaled-1.jpg","contentUrl":"https:\/\/zepecafe-webaruhaz.hu\/wp-content\/uploads\/2020\/11\/572-Siemens-EQ-9-Plus-Connect-S500-scaled-1.jpg","width":2560,"height":2492},{"@type":"BreadcrumbList","@id":"https:\/\/zepecafe-webaruhaz.hu\/webaruhaz\/siemens-eq-9-plus-connect-s500\/#breadcrumb","itemListElement":[{"@type":"ListItem","position":1,"name":"Kezd\u0151lap","item":"https:\/\/zepecafe-webaruhaz.hu\/hu\/"},{"@type":"ListItem","position":2,"name":"Shop","item":"https:\/\/zepecafe-webaruhaz.hu\/hu\/shop-2\/"},{"@type":"ListItem","position":3,"name":"Siemens EQ 9 Plus Connect S500 + Aj\u00e1nd\u00e9k 1 kg Arpalice szemes k\u00e1v\u00e9 + 6db k\u00e1v\u00e9scs\u00e9sze"}]},{"@type":"WebSite","@id":"http:\/\/zepecafe-webaruhaz.hu\/hu\/#website","url":"http:\/\/zepecafe-webaruhaz.hu\/hu\/","name":"Z\u00e9-P\u00e9 Caf\u00e9 Kft.","description":"T\u00e1rsas\u00e1gunk, a Z\u00c9-P\u00c9 Caf\u00e9 Kft., mely 1998 \u00f3ta m\u0171k\u00f6dik, t\u00f6bbs\u00e9g\u00e9ben Olaszorsz\u00e1gb\u00f3l import\u00e1lt, friss ki\u0151rl\u00e9s\u0171 k\u00e1v\u00e9t lef\u0151z\u0151 automata g\u00e9pek forgalmaz\u00e1s\u00e1val \u00e9s b\u00e9rbead\u00e1s\u00e1val foglalkozik.","publisher":{"@id":"http:\/\/zepecafe-webaruhaz.hu\/hu\/#organization"},"potentialAction":[{"@type":"SearchAction","target":{"@type":"EntryPoint","urlTemplate":"http:\/\/zepecafe-webaruhaz.hu\/hu\/?s={search_term_string}"},"query-input":{"@type":"PropertyValueSpecification","valueRequired":true,"valueName":"search_term_string"}}],"inLanguage":"hu"},{"@type":"Organization","@id":"http:\/\/zepecafe-webaruhaz.hu\/hu\/#organization","name":"Z\u00e9-P\u00e9 Caf\u00e9 Kft.","url":"http:\/\/zepecafe-webaruhaz.hu\/hu\/","logo":{"@type":"ImageObject","inLanguage":"hu","@id":"http:\/\/zepecafe-webaruhaz.hu\/hu\/#\/schema\/logo\/image\/","url":"https:\/\/zepecafe-webaruhaz.hu\/wp-content\/uploads\/2025\/01\/logouj.png","contentUrl":"https:\/\/zepecafe-webaruhaz.hu\/wp-content\/uploads\/2025\/01\/logouj.png","width":300,"height":300,"caption":"Z\u00e9-P\u00e9 Caf\u00e9 Kft."},"image":{"@id":"http:\/\/zepecafe-webaruhaz.hu\/hu\/#\/schema\/logo\/image\/"},"sameAs":["https:\/\/www.facebook.com\/zepecafekft.bekescsaba"]}]}},"_links":{"self":[{"href":"https:\/\/zepecafe-webaruhaz.hu\/hu\/wp-json\/wp\/v2\/product\/5242","targetHints":{"allow":["GET"]}}],"collection":[{"href":"https:\/\/zepecafe-webaruhaz.hu\/hu\/wp-json\/wp\/v2\/product"}],"about":[{"href":"https:\/\/zepecafe-webaruhaz.hu\/hu\/wp-json\/wp\/v2\/types\/product"}],"wp:featuredmedia":[{"embeddable":true,"href":"https:\/\/zepecafe-webaruhaz.hu\/hu\/wp-json\/wp\/v2\/media\/6339"}],"wp:attachment":[{"href":"https:\/\/zepecafe-webaruhaz.hu\/hu\/wp-json\/wp\/v2\/media?parent=5242"}],"wp:term":[{"taxonomy":"product_brand","embeddable":true,"href":"https:\/\/zepecafe-webaruhaz.hu\/hu\/wp-json\/wp\/v2\/product_brand?post=5242"},{"taxonomy":"product_cat","embeddable":true,"href":"https:\/\/zepecafe-webaruhaz.hu\/hu\/wp-json\/wp\/v2\/product_cat?post=5242"},{"taxonomy":"product_tag","embeddable":true,"href":"https:\/\/zepecafe-webaruhaz.hu\/hu\/wp-json\/wp\/v2\/product_tag?post=5242"}],"curies":[{"name":"wp","href":"https:\/\/api.w.org\/{rel}","templated":true}]}}