{"id":5299,"date":"2025-03-23T14:10:37","date_gmt":"2025-03-23T14:10:37","guid":{"rendered":"https:\/\/zepecafe-webaruhaz.hu\/index.php\/product\/philips-saeco-royal-office\/"},"modified":"2026-03-23T13:22:23","modified_gmt":"2026-03-23T13:22:23","slug":"philips-saeco-royal-office","status":"publish","type":"product","link":"https:\/\/zepecafe-webaruhaz.hu\/hu\/webaruhaz\/philips-saeco-royal-office\/","title":{"rendered":"Saeco Royal Office"},"content":{"rendered":"<p>&#8211; K\u00e1v\u00e9k\u00e9sz\u00edt\u00e9s szemes k\u00e1v\u00e9b\u00f3l<br \/>\n&#8211; Egyszerre k\u00e9t k\u00e1v\u00e9lead\u00e1si funkci\u00f3<br \/>\n&#8211; Forr\u00f3 v\u00edz adagol\u00e1s tea \u00e9s instant italokhoz<br \/>\n&#8211; Digit\u00e1lis kijelz\u0151, be\u00e9p\u00edtett sz\u00e1ml\u00e1l\u00f3<br \/>\n&#8211; \u0150rl\u00e9s finoms\u00e1g \u00e9s mennyis\u00e9g \u00e1ll\u00edt\u00e1s<br \/>\n&#8211; Ellen\u0151rz\u0151 funkci\u00f3k (v\u00edz, k\u00e1v\u00e9, k\u00f6zponti egys\u00e9g stb.)<br \/>\n&#8211; El\u0151\u00e1ztat\u00e1sos k\u00e1v\u00e9f\u0151z\u00e9si m\u00f3d<br \/>\n&#8211; Automatikus v\u00edzk\u0151telen\u00edt\u0151 program<br \/>\n&#8211; \u00d6bl\u00edt\u00e9si funkci\u00f3<br \/>\n&#8211; Energiatakar\u00e9kos \u00fczemm\u00f3d<br \/>\n&#8211; Nagy, z\u00e1rhat\u00f3 v\u00edztart\u00e1ly: 6,5 liter<br \/>\n&#8211; K\u00e1v\u00e9tart\u00e1ly: 950 g kapacit\u00e1s: 120 adag\/nap<br \/>\n&#8211; Automatikus v\u00edzk\u0151tlen\u00edt\u0151 program kivehet\u0151<br \/>\n&#8211; Moshat\u00f3 bels\u0151 egys\u00e9g<\/p>\n<p><strong>6 H\u00d3NAP GARANCI\u00c1T V\u00c1LLALUNK A FEL\u00daJ\u00cdTOTT G\u00c9PEINKRE!<\/strong><\/p>","protected":false},"excerpt":{"rendered":"<h3><span style=\"color: #ff0000;\"><strong>AZ \u00c1R TARTALMAZZA + <\/strong><\/span><strong>1 db K\u00d6ZPONTI EGYS\u00c9GET<\/strong><\/h3>\n<p>&#8211; K\u00e1v\u00e9k\u00e9sz\u00edt\u00e9s szemes k\u00e1v\u00e9b\u00f3l<br \/>\n&#8211; Egyszerre k\u00e9t k\u00e1v\u00e9lead\u00e1si funkci\u00f3<br \/>\n&#8211; Forr\u00f3 v\u00edz adagol\u00e1s tea \u00e9s instant italokhoz<br \/>\n&#8211; Digit\u00e1lis kijelz\u0151, be\u00e9p\u00edtett sz\u00e1ml\u00e1l\u00f3<br \/>\n&#8211; \u0150rl\u00e9s finoms\u00e1g \u00e9s mennyis\u00e9g \u00e1ll\u00edt\u00e1s<br \/>\n&#8211; Ellen\u0151rz\u0151 funkci\u00f3k (v\u00edz, k\u00e1v\u00e9, k\u00f6zponti egys\u00e9g stb.)<br \/>\n&#8211; El\u0151\u00e1ztat\u00e1sos k\u00e1v\u00e9f\u0151z\u00e9si m\u00f3d<br \/>\n&#8211; Automatikus v\u00edzk\u0151telen\u00edt\u0151 program<br \/>\n&#8211; \u00d6bl\u00edt\u00e9si funkci\u00f3<br \/>\n&#8211; Energiatakar\u00e9kos \u00fczemm\u00f3d<br \/>\n&#8211; Nagy, z\u00e1rhat\u00f3 v\u00edztart\u00e1ly: 6,5 liter<br \/>\n&#8211; K\u00e1v\u00e9tart\u00e1ly: 950 g kapacit\u00e1s: 120 adag\/nap<br \/>\n&#8211; Automatikus v\u00edzk\u0151tlen\u00edt\u0151 program kivehet\u0151<br \/>\n&#8211; Moshat\u00f3 bels\u0151 egys\u00e9g<\/p>\n<p>6 H\u00d3NAP GARANCI\u00c1T V\u00c1LLALUNK A FEL\u00daJ\u00cdTOTT G\u00c9PEINKRE!<\/p>","protected":false},"featured_media":6592,"template":"","meta":[],"product_brand":[],"product_cat":[223,235,224,250],"product_tag":[],"class_list":{"0":"post-5299","1":"product","2":"type-product","3":"status-publish","4":"has-post-thumbnail","6":"product_cat-kezdolap","7":"product_cat-hasznalt-kavefozok","8":"product_cat-kavefozok","9":"product_cat-saeco-hasznalt-kavefozok","11":"first","12":"instock","13":"taxable","14":"shipping-taxable","15":"purchasable","16":"product-type-simple"},"yoast_head":"<!-- This site is optimized with the Yoast SEO plugin v27.1.1 - https:\/\/yoast.com\/product\/yoast-seo-wordpress\/ -->\n<title>Saeco Royal Office - Z\u00e9-P\u00e9 Caf\u00e9 Kft.<\/title>\n<meta name=\"robots\" content=\"index, follow, max-snippet:-1, max-image-preview:large, max-video-preview:-1\" \/>\n<link rel=\"canonical\" href=\"https:\/\/zepecafe-webaruhaz.hu\/hu\/webaruhaz\/philips-saeco-royal-office\/\" \/>\n<meta property=\"og:locale\" content=\"hu_HU\" \/>\n<meta property=\"og:type\" content=\"article\" \/>\n<meta property=\"og:title\" content=\"Saeco Royal Office - Z\u00e9-P\u00e9 Caf\u00e9 Kft.\" \/>\n<meta property=\"og:description\" content=\"AZ \u00c1R TARTALMAZZA + 1 db K\u00d6ZPONTI EGYS\u00c9GET - K\u00e1v\u00e9k\u00e9sz\u00edt\u00e9s szemes k\u00e1v\u00e9b\u00f3l - Egyszerre k\u00e9t k\u00e1v\u00e9lead\u00e1si funkci\u00f3 - Forr\u00f3 v\u00edz adagol\u00e1s tea \u00e9s instant italokhoz - Digit\u00e1lis kijelz\u0151, be\u00e9p\u00edtett sz\u00e1ml\u00e1l\u00f3 - \u0150rl\u00e9s finoms\u00e1g \u00e9s mennyis\u00e9g \u00e1ll\u00edt\u00e1s - Ellen\u0151rz\u0151 funkci\u00f3k (v\u00edz, k\u00e1v\u00e9, k\u00f6zponti egys\u00e9g stb.) - El\u0151\u00e1ztat\u00e1sos k\u00e1v\u00e9f\u0151z\u00e9si m\u00f3d - Automatikus v\u00edzk\u0151telen\u00edt\u0151 program - \u00d6bl\u00edt\u00e9si funkci\u00f3 - Energiatakar\u00e9kos \u00fczemm\u00f3d - Nagy, z\u00e1rhat\u00f3 v\u00edztart\u00e1ly: 6,5 liter - K\u00e1v\u00e9tart\u00e1ly: 950 g kapacit\u00e1s: 120 adag\/nap - Automatikus v\u00edzk\u0151tlen\u00edt\u0151 program kivehet\u0151 - Moshat\u00f3 bels\u0151 egys\u00e9g  6 H\u00d3NAP GARANCI\u00c1T V\u00c1LLALUNK A FEL\u00daJ\u00cdTOTT G\u00c9PEINKRE!\" \/>\n<meta property=\"og:url\" content=\"https:\/\/zepecafe-webaruhaz.hu\/hu\/webaruhaz\/philips-saeco-royal-office\/\" \/>\n<meta property=\"og:site_name\" content=\"Z\u00e9-P\u00e9 Caf\u00e9 Kft.\" \/>\n<meta property=\"article:publisher\" content=\"https:\/\/www.facebook.com\/zepecafekft.bekescsaba\" \/>\n<meta property=\"article:modified_time\" content=\"2026-03-23T13:22:23+00:00\" \/>\n<meta property=\"og:image\" content=\"https:\/\/zepecafe-webaruhaz.hu\/wp-content\/uploads\/2025\/03\/saecoroyaloffice6-e1745673742814.jpg\" \/>\n\t<meta property=\"og:image:width\" content=\"760\" \/>\n\t<meta property=\"og:image:height\" content=\"756\" \/>\n\t<meta property=\"og:image:type\" content=\"image\/jpeg\" \/>\n<meta name=\"twitter:card\" content=\"summary_large_image\" \/>\n<meta name=\"twitter:label1\" content=\"Becs\u00fclt olvas\u00e1si id\u0151\" \/>\n\t<meta name=\"twitter:data1\" content=\"1 perc\" \/>\n<script type=\"application\/ld+json\" class=\"yoast-schema-graph\">{\"@context\":\"https:\/\/schema.org\",\"@graph\":[{\"@type\":\"WebPage\",\"@id\":\"https:\/\/zepecafe-webaruhaz.hu\/hu\/webaruhaz\/philips-saeco-royal-office\/\",\"url\":\"https:\/\/zepecafe-webaruhaz.hu\/hu\/webaruhaz\/philips-saeco-royal-office\/\",\"name\":\"Saeco Royal Office - Z\u00e9-P\u00e9 Caf\u00e9 Kft.\",\"isPartOf\":{\"@id\":\"http:\/\/zepecafe-webaruhaz.hu\/hu\/#website\"},\"primaryImageOfPage\":{\"@id\":\"https:\/\/zepecafe-webaruhaz.hu\/hu\/webaruhaz\/philips-saeco-royal-office\/#primaryimage\"},\"image\":{\"@id\":\"https:\/\/zepecafe-webaruhaz.hu\/hu\/webaruhaz\/philips-saeco-royal-office\/#primaryimage\"},\"thumbnailUrl\":\"https:\/\/zepecafe-webaruhaz.hu\/wp-content\/uploads\/2025\/03\/saecoroyaloffice6-e1745673742814.jpg\",\"datePublished\":\"2025-03-23T14:10:37+00:00\",\"dateModified\":\"2026-03-23T13:22:23+00:00\",\"breadcrumb\":{\"@id\":\"https:\/\/zepecafe-webaruhaz.hu\/hu\/webaruhaz\/philips-saeco-royal-office\/#breadcrumb\"},\"inLanguage\":\"hu\",\"potentialAction\":[{\"@type\":\"ReadAction\",\"target\":[\"https:\/\/zepecafe-webaruhaz.hu\/hu\/webaruhaz\/philips-saeco-royal-office\/\"]}]},{\"@type\":\"ImageObject\",\"inLanguage\":\"hu\",\"@id\":\"https:\/\/zepecafe-webaruhaz.hu\/hu\/webaruhaz\/philips-saeco-royal-office\/#primaryimage\",\"url\":\"https:\/\/zepecafe-webaruhaz.hu\/wp-content\/uploads\/2025\/03\/saecoroyaloffice6-e1745673742814.jpg\",\"contentUrl\":\"https:\/\/zepecafe-webaruhaz.hu\/wp-content\/uploads\/2025\/03\/saecoroyaloffice6-e1745673742814.jpg\",\"width\":760,\"height\":756},{\"@type\":\"BreadcrumbList\",\"@id\":\"https:\/\/zepecafe-webaruhaz.hu\/hu\/webaruhaz\/philips-saeco-royal-office\/#breadcrumb\",\"itemListElement\":[{\"@type\":\"ListItem\",\"position\":1,\"name\":\"Kezd\u0151lap\",\"item\":\"https:\/\/zepecafe-webaruhaz.hu\/hu\/\"},{\"@type\":\"ListItem\",\"position\":2,\"name\":\"Shop\",\"item\":\"https:\/\/zepecafe-webaruhaz.hu\/hu\/shop-2\/\"},{\"@type\":\"ListItem\",\"position\":3,\"name\":\"Saeco Royal Office\"}]},{\"@type\":\"WebSite\",\"@id\":\"http:\/\/zepecafe-webaruhaz.hu\/hu\/#website\",\"url\":\"http:\/\/zepecafe-webaruhaz.hu\/hu\/\",\"name\":\"Z\u00e9-P\u00e9 Caf\u00e9 Kft.\",\"description\":\"T\u00e1rsas\u00e1gunk, a Z\u00c9-P\u00c9 Caf\u00e9 Kft., mely 1998 \u00f3ta m\u0171k\u00f6dik, t\u00f6bbs\u00e9g\u00e9ben Olaszorsz\u00e1gb\u00f3l import\u00e1lt, friss ki\u0151rl\u00e9s\u0171 k\u00e1v\u00e9t lef\u0151z\u0151 automata g\u00e9pek forgalmaz\u00e1s\u00e1val \u00e9s b\u00e9rbead\u00e1s\u00e1val foglalkozik.\",\"publisher\":{\"@id\":\"http:\/\/zepecafe-webaruhaz.hu\/hu\/#organization\"},\"potentialAction\":[{\"@type\":\"SearchAction\",\"target\":{\"@type\":\"EntryPoint\",\"urlTemplate\":\"http:\/\/zepecafe-webaruhaz.hu\/hu\/?s={search_term_string}\"},\"query-input\":{\"@type\":\"PropertyValueSpecification\",\"valueRequired\":true,\"valueName\":\"search_term_string\"}}],\"inLanguage\":\"hu\"},{\"@type\":\"Organization\",\"@id\":\"http:\/\/zepecafe-webaruhaz.hu\/hu\/#organization\",\"name\":\"Z\u00e9-P\u00e9 Caf\u00e9 Kft.\",\"url\":\"http:\/\/zepecafe-webaruhaz.hu\/hu\/\",\"logo\":{\"@type\":\"ImageObject\",\"inLanguage\":\"hu\",\"@id\":\"http:\/\/zepecafe-webaruhaz.hu\/hu\/#\/schema\/logo\/image\/\",\"url\":\"https:\/\/zepecafe-webaruhaz.hu\/wp-content\/uploads\/2025\/01\/logouj.png\",\"contentUrl\":\"https:\/\/zepecafe-webaruhaz.hu\/wp-content\/uploads\/2025\/01\/logouj.png\",\"width\":300,\"height\":300,\"caption\":\"Z\u00e9-P\u00e9 Caf\u00e9 Kft.\"},\"image\":{\"@id\":\"http:\/\/zepecafe-webaruhaz.hu\/hu\/#\/schema\/logo\/image\/\"},\"sameAs\":[\"https:\/\/www.facebook.com\/zepecafekft.bekescsaba\"]}]}<\/script>\n<!-- \/ Yoast SEO plugin. -->","yoast_head_json":{"title":"Saeco Royal Office - Z\u00e9-P\u00e9 Caf\u00e9 Kft.","robots":{"index":"index","follow":"follow","max-snippet":"max-snippet:-1","max-image-preview":"max-image-preview:large","max-video-preview":"max-video-preview:-1"},"canonical":"https:\/\/zepecafe-webaruhaz.hu\/hu\/webaruhaz\/philips-saeco-royal-office\/","og_locale":"hu_HU","og_type":"article","og_title":"Saeco Royal Office - Z\u00e9-P\u00e9 Caf\u00e9 Kft.","og_description":"AZ \u00c1R TARTALMAZZA + 1 db K\u00d6ZPONTI EGYS\u00c9GET - K\u00e1v\u00e9k\u00e9sz\u00edt\u00e9s szemes k\u00e1v\u00e9b\u00f3l - Egyszerre k\u00e9t k\u00e1v\u00e9lead\u00e1si funkci\u00f3 - Forr\u00f3 v\u00edz adagol\u00e1s tea \u00e9s instant italokhoz - Digit\u00e1lis kijelz\u0151, be\u00e9p\u00edtett sz\u00e1ml\u00e1l\u00f3 - \u0150rl\u00e9s finoms\u00e1g \u00e9s mennyis\u00e9g \u00e1ll\u00edt\u00e1s - Ellen\u0151rz\u0151 funkci\u00f3k (v\u00edz, k\u00e1v\u00e9, k\u00f6zponti egys\u00e9g stb.) - El\u0151\u00e1ztat\u00e1sos k\u00e1v\u00e9f\u0151z\u00e9si m\u00f3d - Automatikus v\u00edzk\u0151telen\u00edt\u0151 program - \u00d6bl\u00edt\u00e9si funkci\u00f3 - Energiatakar\u00e9kos \u00fczemm\u00f3d - Nagy, z\u00e1rhat\u00f3 v\u00edztart\u00e1ly: 6,5 liter - K\u00e1v\u00e9tart\u00e1ly: 950 g kapacit\u00e1s: 120 adag\/nap - Automatikus v\u00edzk\u0151tlen\u00edt\u0151 program kivehet\u0151 - Moshat\u00f3 bels\u0151 egys\u00e9g  6 H\u00d3NAP GARANCI\u00c1T V\u00c1LLALUNK A FEL\u00daJ\u00cdTOTT G\u00c9PEINKRE!","og_url":"https:\/\/zepecafe-webaruhaz.hu\/hu\/webaruhaz\/philips-saeco-royal-office\/","og_site_name":"Z\u00e9-P\u00e9 Caf\u00e9 Kft.","article_publisher":"https:\/\/www.facebook.com\/zepecafekft.bekescsaba","article_modified_time":"2026-03-23T13:22:23+00:00","og_image":[{"width":760,"height":756,"url":"https:\/\/zepecafe-webaruhaz.hu\/wp-content\/uploads\/2025\/03\/saecoroyaloffice6-e1745673742814.jpg","type":"image\/jpeg"}],"twitter_card":"summary_large_image","twitter_misc":{"Becs\u00fclt olvas\u00e1si id\u0151":"1 perc"},"schema":{"@context":"https:\/\/schema.org","@graph":[{"@type":"WebPage","@id":"https:\/\/zepecafe-webaruhaz.hu\/hu\/webaruhaz\/philips-saeco-royal-office\/","url":"https:\/\/zepecafe-webaruhaz.hu\/hu\/webaruhaz\/philips-saeco-royal-office\/","name":"Saeco Royal Office - Z\u00e9-P\u00e9 Caf\u00e9 Kft.","isPartOf":{"@id":"http:\/\/zepecafe-webaruhaz.hu\/hu\/#website"},"primaryImageOfPage":{"@id":"https:\/\/zepecafe-webaruhaz.hu\/hu\/webaruhaz\/philips-saeco-royal-office\/#primaryimage"},"image":{"@id":"https:\/\/zepecafe-webaruhaz.hu\/hu\/webaruhaz\/philips-saeco-royal-office\/#primaryimage"},"thumbnailUrl":"https:\/\/zepecafe-webaruhaz.hu\/wp-content\/uploads\/2025\/03\/saecoroyaloffice6-e1745673742814.jpg","datePublished":"2025-03-23T14:10:37+00:00","dateModified":"2026-03-23T13:22:23+00:00","breadcrumb":{"@id":"https:\/\/zepecafe-webaruhaz.hu\/hu\/webaruhaz\/philips-saeco-royal-office\/#breadcrumb"},"inLanguage":"hu","potentialAction":[{"@type":"ReadAction","target":["https:\/\/zepecafe-webaruhaz.hu\/hu\/webaruhaz\/philips-saeco-royal-office\/"]}]},{"@type":"ImageObject","inLanguage":"hu","@id":"https:\/\/zepecafe-webaruhaz.hu\/hu\/webaruhaz\/philips-saeco-royal-office\/#primaryimage","url":"https:\/\/zepecafe-webaruhaz.hu\/wp-content\/uploads\/2025\/03\/saecoroyaloffice6-e1745673742814.jpg","contentUrl":"https:\/\/zepecafe-webaruhaz.hu\/wp-content\/uploads\/2025\/03\/saecoroyaloffice6-e1745673742814.jpg","width":760,"height":756},{"@type":"BreadcrumbList","@id":"https:\/\/zepecafe-webaruhaz.hu\/hu\/webaruhaz\/philips-saeco-royal-office\/#breadcrumb","itemListElement":[{"@type":"ListItem","position":1,"name":"Kezd\u0151lap","item":"https:\/\/zepecafe-webaruhaz.hu\/hu\/"},{"@type":"ListItem","position":2,"name":"Shop","item":"https:\/\/zepecafe-webaruhaz.hu\/hu\/shop-2\/"},{"@type":"ListItem","position":3,"name":"Saeco Royal Office"}]},{"@type":"WebSite","@id":"http:\/\/zepecafe-webaruhaz.hu\/hu\/#website","url":"http:\/\/zepecafe-webaruhaz.hu\/hu\/","name":"Z\u00e9-P\u00e9 Caf\u00e9 Kft.","description":"T\u00e1rsas\u00e1gunk, a Z\u00c9-P\u00c9 Caf\u00e9 Kft., mely 1998 \u00f3ta m\u0171k\u00f6dik, t\u00f6bbs\u00e9g\u00e9ben Olaszorsz\u00e1gb\u00f3l import\u00e1lt, friss ki\u0151rl\u00e9s\u0171 k\u00e1v\u00e9t lef\u0151z\u0151 automata g\u00e9pek forgalmaz\u00e1s\u00e1val \u00e9s b\u00e9rbead\u00e1s\u00e1val foglalkozik.","publisher":{"@id":"http:\/\/zepecafe-webaruhaz.hu\/hu\/#organization"},"potentialAction":[{"@type":"SearchAction","target":{"@type":"EntryPoint","urlTemplate":"http:\/\/zepecafe-webaruhaz.hu\/hu\/?s={search_term_string}"},"query-input":{"@type":"PropertyValueSpecification","valueRequired":true,"valueName":"search_term_string"}}],"inLanguage":"hu"},{"@type":"Organization","@id":"http:\/\/zepecafe-webaruhaz.hu\/hu\/#organization","name":"Z\u00e9-P\u00e9 Caf\u00e9 Kft.","url":"http:\/\/zepecafe-webaruhaz.hu\/hu\/","logo":{"@type":"ImageObject","inLanguage":"hu","@id":"http:\/\/zepecafe-webaruhaz.hu\/hu\/#\/schema\/logo\/image\/","url":"https:\/\/zepecafe-webaruhaz.hu\/wp-content\/uploads\/2025\/01\/logouj.png","contentUrl":"https:\/\/zepecafe-webaruhaz.hu\/wp-content\/uploads\/2025\/01\/logouj.png","width":300,"height":300,"caption":"Z\u00e9-P\u00e9 Caf\u00e9 Kft."},"image":{"@id":"http:\/\/zepecafe-webaruhaz.hu\/hu\/#\/schema\/logo\/image\/"},"sameAs":["https:\/\/www.facebook.com\/zepecafekft.bekescsaba"]}]}},"_links":{"self":[{"href":"https:\/\/zepecafe-webaruhaz.hu\/hu\/wp-json\/wp\/v2\/product\/5299","targetHints":{"allow":["GET"]}}],"collection":[{"href":"https:\/\/zepecafe-webaruhaz.hu\/hu\/wp-json\/wp\/v2\/product"}],"about":[{"href":"https:\/\/zepecafe-webaruhaz.hu\/hu\/wp-json\/wp\/v2\/types\/product"}],"wp:featuredmedia":[{"embeddable":true,"href":"https:\/\/zepecafe-webaruhaz.hu\/hu\/wp-json\/wp\/v2\/media\/6592"}],"wp:attachment":[{"href":"https:\/\/zepecafe-webaruhaz.hu\/hu\/wp-json\/wp\/v2\/media?parent=5299"}],"wp:term":[{"taxonomy":"product_brand","embeddable":true,"href":"https:\/\/zepecafe-webaruhaz.hu\/hu\/wp-json\/wp\/v2\/product_brand?post=5299"},{"taxonomy":"product_cat","embeddable":true,"href":"https:\/\/zepecafe-webaruhaz.hu\/hu\/wp-json\/wp\/v2\/product_cat?post=5299"},{"taxonomy":"product_tag","embeddable":true,"href":"https:\/\/zepecafe-webaruhaz.hu\/hu\/wp-json\/wp\/v2\/product_tag?post=5299"}],"curies":[{"name":"wp","href":"https:\/\/api.w.org\/{rel}","templated":true}]}}