{"id":5308,"date":"2020-11-13T15:43:46","date_gmt":"2020-11-13T15:43:46","guid":{"rendered":"https:\/\/zepecafe-webaruhaz.hu\/index.php\/product\/saeco-da7p\/"},"modified":"2020-11-13T15:43:46","modified_gmt":"2020-11-13T15:43:46","slug":"saeco-da7p","status":"publish","type":"product","link":"https:\/\/zepecafe-webaruhaz.hu\/hu\/webaruhaz\/saeco-da7p\/","title":{"rendered":"SAECO DA7P"},"content":{"rendered":"<p><span style=\"font-family:'Times New Roman';font-size:medium;background-color:#ffffff;\">K\u00e1v\u00e9k\u00e9sz\u00edt\u00e9s szemes k\u00e1v\u00e9b\u00f3l.<\/span><br style=\"font-family:'Times New Roman';font-size:medium;background-color:#ffffff;\" \/><span style=\"font-family:'Times New Roman';font-size:medium;background-color:#ffffff;\">7 funkci\u00f3s (k\u00e9tf\u00e9le k\u00e1v\u00e9hossz\u00fas\u00e1g, tea,cappuccino, tej, csokol\u00e1d\u00e9, stb.)<\/span><br style=\"font-family:'Times New Roman';font-size:medium;background-color:#ffffff;\" \/><span style=\"font-family:'Times New Roman';font-size:medium;background-color:#ffffff;\">Tov\u00e1bbi italk\u00e9sz\u00edt\u00e9s instant porokb\u00f3l.<\/span><br style=\"font-family:'Times New Roman';font-size:medium;background-color:#ffffff;\" \/><span style=\"font-family:'Times New Roman';font-size:medium;background-color:#ffffff;\">Nem adagol poharat, cukrot \u00e9s kanalat.<\/span><br style=\"font-family:'Times New Roman';font-size:medium;background-color:#ffffff;\" \/><span style=\"font-family:'Times New Roman';font-size:medium;background-color:#ffffff;\">A g\u00e9p felszerelhet\u0151 \u00e9rme felismer\u0151 egys\u00e9ggel,<\/span><br style=\"font-family:'Times New Roman';font-size:medium;background-color:#ffffff;\" \/><span style=\"font-family:'Times New Roman';font-size:medium;background-color:#ffffff;\">t\u00e1rol\u00f3 szekr\u00e9nnyel (k\u00fcl\u00f6n opci\u00f3k)<\/span><br style=\"font-family:'Times New Roman';font-size:medium;background-color:#ffffff;\" \/><span style=\"font-family:'Times New Roman';font-size:medium;background-color:#ffffff;\">Felszerelhet\u0151 forintfelismer\u0151 egys\u00e9ggel<\/span><br style=\"font-family:'Times New Roman';font-size:medium;background-color:#ffffff;\" \/><span style=\"font-family:'Times New Roman';font-size:medium;background-color:#ffffff;\">(k\u00fcl\u00f6n opci\u00f3).<\/span><br style=\"font-family:'Times New Roman';font-size:medium;background-color:#ffffff;\" \/><br style=\"font-family:'Times New Roman';font-size:medium;background-color:#ffffff;\" \/><span style=\"font-family:'Times New Roman';font-size:medium;background-color:#ffffff;\">TECHNIKAI ADATOK:<\/span><br style=\"font-family:'Times New Roman';font-size:medium;background-color:#ffffff;\" \/><br style=\"font-family:'Times New Roman';font-size:medium;background-color:#ffffff;\" \/><span style=\"font-family:'Times New Roman';font-size:medium;background-color:#ffffff;\">Szemes k\u00e1v\u00e9tart\u00e1ly: 1,5 kg<\/span><br style=\"font-family:'Times New Roman';font-size:medium;background-color:#ffffff;\" \/><span style=\"font-family:'Times New Roman';font-size:medium;background-color:#ffffff;\">Instant portart\u00e1ly: 0,8-2,1 kg<\/span><br style=\"font-family:'Times New Roman';font-size:medium;background-color:#ffffff;\" \/><span style=\"font-family:'Times New Roman';font-size:medium;background-color:#ffffff;\">Felhaszn\u00e1lt k\u00e1v\u00e9: 7,5 g\/adag<\/span><br style=\"font-family:'Times New Roman';font-size:medium;background-color:#ffffff;\" \/><span style=\"font-family:'Times New Roman';font-size:medium;background-color:#ffffff;\">Kapacit\u00e1s: 40 adag\/\u00f3ra<\/span><br style=\"font-family:'Times New Roman';font-size:medium;background-color:#ffffff;\" \/><span style=\"font-family:'Times New Roman';font-size:medium;background-color:#ffffff;\">Szn: bzs vagy fekete<\/span><br style=\"font-family:'Times New Roman';font-size:medium;background-color:#ffffff;\" \/><span style=\"font-family:'Times New Roman';font-size:medium;background-color:#ffffff;\">S\u00faly: 38 kg<\/span><br style=\"font-family:'Times New Roman';font-size:medium;background-color:#ffffff;\" \/><span style=\"font-family:'Times New Roman';font-size:medium;background-color:#ffffff;\">M\u00e9retek: 510x685x405 mm<\/span><br style=\"font-family:'Times New Roman';font-size:medium;background-color:#ffffff;\" \/><span style=\"font-family:'Times New Roman';font-size:medium;background-color:#ffffff;\">\u00c1ramfelv\u00e9tel: 1250 W (230V50Hz)<\/span><\/p>","protected":false},"excerpt":{"rendered":"<p><span style=\"font-family:'Times New Roman';font-size:medium;background-color:#ffffff;\">MELEGITAL AUTOMATA<\/span><\/p>\n<p>Aj\u00e1nlott napi 20-200 adag k\u00e1v\u00e9hoz<\/p>\n<p>ide\u00e1lis felhaszn\u00e1l\u00f3i l\u00e9tsz\u00e1m 10-40 f\u0151<\/p>\n<p>sz\u00e1ml\u00e1l\u00f3 italonk\u00e9nt<\/p>\n<p>frissen dar\u00e1lja a k\u00e1v\u00e9t, 7 italv\u00e1laszt\u00e9k<\/p>\n<p>Forint \u00e9s zsetonfelismer\u0151vel felszerelhet\u0151<\/p>\n<p>tart\u00e1lyos (7l) vagy h\u00e1l\u00f3zati v\u00edz csatlakoz\u00e1s<\/p>\n<p>szemesk\u00e1v\u00e9 tart\u00e1ly kapacit\u00e1sa 2000 g<\/p>\n<p>\u00c1ramfelv\u00e9tel: 1250 W (240V)<\/p>\n<p>M\u00e9retek: 510X410X690<\/p>\n<p>S\u00faly: 42 kg<\/p>\n<p>6 H\u00d3NAP GARANCI\u00c1T V\u00c1LLALUNK A FEL\u00daJ\u00cdTOTT AUTOMAT\u00c1RA,<\/p>\n<p>p\u00e9nzfelismer\u0151vel<\/p>\n<p><strong>Az \u00c1r a term\u00e9kd\u00edjat nem tartalmazza!<\/strong><\/p>\n<p><strong>Az automata ut\u00e1n term\u00e9kd\u00edjat kell fizetni, ami 114.-Ft +\u00c1FA\/kg\/automata<\/strong><\/p>\n<p><strong>200 kg feletti g\u00e9p ut\u00e1n 2500.- Ft+\u00c1FA\/automata<\/strong><\/p>\n<p><span style=\"color:#d0121a;\">Automata v\u00e1s\u00e1rl\u00e1s 30% el\u0151leg \u00e1tutal\u00e1sa ut\u00e1n lehets\u00e9ges!<\/span><\/p>","protected":false},"featured_media":5307,"template":"","meta":[],"product_brand":[],"product_cat":[223,236,255,226],"product_tag":[],"class_list":{"0":"post-5308","1":"product","2":"type-product","3":"status-publish","4":"has-post-thumbnail","6":"product_cat-kezdolap","7":"product_cat-melegital","8":"product_cat-saeco-melegital-automatak","9":"product_cat-automatak","11":"first","12":"instock","13":"taxable","14":"shipping-taxable","15":"purchasable","16":"product-type-simple"},"yoast_head":"<!-- This site is optimized with the Yoast SEO plugin v27.1.1 - https:\/\/yoast.com\/product\/yoast-seo-wordpress\/ -->\n<title>SAECO DA7P - Z\u00e9-P\u00e9 Caf\u00e9 Kft.<\/title>\n<meta name=\"robots\" content=\"index, follow, max-snippet:-1, max-image-preview:large, max-video-preview:-1\" \/>\n<link rel=\"canonical\" href=\"https:\/\/zepecafe-webaruhaz.hu\/hu\/webaruhaz\/saeco-da7p\/\" \/>\n<meta property=\"og:locale\" content=\"hu_HU\" \/>\n<meta property=\"og:type\" content=\"article\" \/>\n<meta property=\"og:title\" content=\"SAECO DA7P - Z\u00e9-P\u00e9 Caf\u00e9 Kft.\" \/>\n<meta property=\"og:description\" content=\"MELEGITAL AUTOMATA Aj\u00e1nlott napi 20-200 adag k\u00e1v\u00e9hoz ide\u00e1lis felhaszn\u00e1l\u00f3i l\u00e9tsz\u00e1m 10-40 f\u0151 sz\u00e1ml\u00e1l\u00f3 italonk\u00e9nt frissen dar\u00e1lja a k\u00e1v\u00e9t, 7 italv\u00e1laszt\u00e9k Forint \u00e9s zsetonfelismer\u0151vel felszerelhet\u0151 tart\u00e1lyos (7l) vagy h\u00e1l\u00f3zati v\u00edz csatlakoz\u00e1s szemesk\u00e1v\u00e9 tart\u00e1ly kapacit\u00e1sa 2000 g \u00c1ramfelv\u00e9tel: 1250 W (240V) M\u00e9retek: 510X410X690 S\u00faly: 42 kg 6 H\u00d3NAP GARANCI\u00c1T V\u00c1LLALUNK A FEL\u00daJ\u00cdTOTT AUTOMAT\u00c1RA, p\u00e9nzfelismer\u0151vel Az \u00c1r a term\u00e9kd\u00edjat nem tartalmazza! Az automata ut\u00e1n term\u00e9kd\u00edjat kell fizetni, ami 114.-Ft +\u00c1FA\/kg\/automata 200 kg feletti g\u00e9p ut\u00e1n 2500.- Ft+\u00c1FA\/automata Automata v\u00e1s\u00e1rl\u00e1s 30% el\u0151leg \u00e1tutal\u00e1sa ut\u00e1n lehets\u00e9ges!\" \/>\n<meta property=\"og:url\" content=\"https:\/\/zepecafe-webaruhaz.hu\/hu\/webaruhaz\/saeco-da7p\/\" \/>\n<meta property=\"og:site_name\" content=\"Z\u00e9-P\u00e9 Caf\u00e9 Kft.\" \/>\n<meta property=\"article:publisher\" content=\"https:\/\/www.facebook.com\/zepecafekft.bekescsaba\" \/>\n<meta property=\"og:image\" content=\"https:\/\/zepecafe-webaruhaz.hu\/wp-content\/uploads\/2020\/11\/156-SAECO-DA7P.jpg\" \/>\n\t<meta property=\"og:image:width\" content=\"683\" \/>\n\t<meta property=\"og:image:height\" content=\"1024\" \/>\n\t<meta property=\"og:image:type\" content=\"image\/jpeg\" \/>\n<meta name=\"twitter:card\" content=\"summary_large_image\" \/>\n<meta name=\"twitter:label1\" content=\"Becs\u00fclt olvas\u00e1si id\u0151\" \/>\n\t<meta name=\"twitter:data1\" content=\"1 perc\" \/>\n<script type=\"application\/ld+json\" class=\"yoast-schema-graph\">{\"@context\":\"https:\/\/schema.org\",\"@graph\":[{\"@type\":\"WebPage\",\"@id\":\"https:\/\/zepecafe-webaruhaz.hu\/webaruhaz\/saeco-da7p\/\",\"url\":\"https:\/\/zepecafe-webaruhaz.hu\/webaruhaz\/saeco-da7p\/\",\"name\":\"SAECO DA7P - Z\u00e9-P\u00e9 Caf\u00e9 Kft.\",\"isPartOf\":{\"@id\":\"http:\/\/zepecafe-webaruhaz.hu\/hu\/#website\"},\"primaryImageOfPage\":{\"@id\":\"https:\/\/zepecafe-webaruhaz.hu\/webaruhaz\/saeco-da7p\/#primaryimage\"},\"image\":{\"@id\":\"https:\/\/zepecafe-webaruhaz.hu\/webaruhaz\/saeco-da7p\/#primaryimage\"},\"thumbnailUrl\":\"https:\/\/zepecafe-webaruhaz.hu\/wp-content\/uploads\/2020\/11\/156-SAECO-DA7P.jpg\",\"datePublished\":\"2020-11-13T15:43:46+00:00\",\"breadcrumb\":{\"@id\":\"https:\/\/zepecafe-webaruhaz.hu\/webaruhaz\/saeco-da7p\/#breadcrumb\"},\"inLanguage\":\"hu\",\"potentialAction\":[{\"@type\":\"ReadAction\",\"target\":[\"https:\/\/zepecafe-webaruhaz.hu\/webaruhaz\/saeco-da7p\/\"]}]},{\"@type\":\"ImageObject\",\"inLanguage\":\"hu\",\"@id\":\"https:\/\/zepecafe-webaruhaz.hu\/webaruhaz\/saeco-da7p\/#primaryimage\",\"url\":\"https:\/\/zepecafe-webaruhaz.hu\/wp-content\/uploads\/2020\/11\/156-SAECO-DA7P.jpg\",\"contentUrl\":\"https:\/\/zepecafe-webaruhaz.hu\/wp-content\/uploads\/2020\/11\/156-SAECO-DA7P.jpg\",\"width\":683,\"height\":1024,\"caption\":\"SAECO DA7P\"},{\"@type\":\"BreadcrumbList\",\"@id\":\"https:\/\/zepecafe-webaruhaz.hu\/webaruhaz\/saeco-da7p\/#breadcrumb\",\"itemListElement\":[{\"@type\":\"ListItem\",\"position\":1,\"name\":\"Kezd\u0151lap\",\"item\":\"https:\/\/zepecafe-webaruhaz.hu\/hu\/\"},{\"@type\":\"ListItem\",\"position\":2,\"name\":\"Shop\",\"item\":\"https:\/\/zepecafe-webaruhaz.hu\/hu\/shop-2\/\"},{\"@type\":\"ListItem\",\"position\":3,\"name\":\"SAECO DA7P\"}]},{\"@type\":\"WebSite\",\"@id\":\"http:\/\/zepecafe-webaruhaz.hu\/hu\/#website\",\"url\":\"http:\/\/zepecafe-webaruhaz.hu\/hu\/\",\"name\":\"Z\u00e9-P\u00e9 Caf\u00e9 Kft.\",\"description\":\"T\u00e1rsas\u00e1gunk, a Z\u00c9-P\u00c9 Caf\u00e9 Kft., mely 1998 \u00f3ta m\u0171k\u00f6dik, t\u00f6bbs\u00e9g\u00e9ben Olaszorsz\u00e1gb\u00f3l import\u00e1lt, friss ki\u0151rl\u00e9s\u0171 k\u00e1v\u00e9t lef\u0151z\u0151 automata g\u00e9pek forgalmaz\u00e1s\u00e1val \u00e9s b\u00e9rbead\u00e1s\u00e1val foglalkozik.\",\"publisher\":{\"@id\":\"http:\/\/zepecafe-webaruhaz.hu\/hu\/#organization\"},\"potentialAction\":[{\"@type\":\"SearchAction\",\"target\":{\"@type\":\"EntryPoint\",\"urlTemplate\":\"http:\/\/zepecafe-webaruhaz.hu\/hu\/?s={search_term_string}\"},\"query-input\":{\"@type\":\"PropertyValueSpecification\",\"valueRequired\":true,\"valueName\":\"search_term_string\"}}],\"inLanguage\":\"hu\"},{\"@type\":\"Organization\",\"@id\":\"http:\/\/zepecafe-webaruhaz.hu\/hu\/#organization\",\"name\":\"Z\u00e9-P\u00e9 Caf\u00e9 Kft.\",\"url\":\"http:\/\/zepecafe-webaruhaz.hu\/hu\/\",\"logo\":{\"@type\":\"ImageObject\",\"inLanguage\":\"hu\",\"@id\":\"http:\/\/zepecafe-webaruhaz.hu\/hu\/#\/schema\/logo\/image\/\",\"url\":\"https:\/\/zepecafe-webaruhaz.hu\/wp-content\/uploads\/2025\/01\/logouj.png\",\"contentUrl\":\"https:\/\/zepecafe-webaruhaz.hu\/wp-content\/uploads\/2025\/01\/logouj.png\",\"width\":300,\"height\":300,\"caption\":\"Z\u00e9-P\u00e9 Caf\u00e9 Kft.\"},\"image\":{\"@id\":\"http:\/\/zepecafe-webaruhaz.hu\/hu\/#\/schema\/logo\/image\/\"},\"sameAs\":[\"https:\/\/www.facebook.com\/zepecafekft.bekescsaba\"]}]}<\/script>\n<!-- \/ Yoast SEO plugin. -->","yoast_head_json":{"title":"SAECO DA7P - Z\u00e9-P\u00e9 Caf\u00e9 Kft.","robots":{"index":"index","follow":"follow","max-snippet":"max-snippet:-1","max-image-preview":"max-image-preview:large","max-video-preview":"max-video-preview:-1"},"canonical":"https:\/\/zepecafe-webaruhaz.hu\/hu\/webaruhaz\/saeco-da7p\/","og_locale":"hu_HU","og_type":"article","og_title":"SAECO DA7P - Z\u00e9-P\u00e9 Caf\u00e9 Kft.","og_description":"MELEGITAL AUTOMATA Aj\u00e1nlott napi 20-200 adag k\u00e1v\u00e9hoz ide\u00e1lis felhaszn\u00e1l\u00f3i l\u00e9tsz\u00e1m 10-40 f\u0151 sz\u00e1ml\u00e1l\u00f3 italonk\u00e9nt frissen dar\u00e1lja a k\u00e1v\u00e9t, 7 italv\u00e1laszt\u00e9k Forint \u00e9s zsetonfelismer\u0151vel felszerelhet\u0151 tart\u00e1lyos (7l) vagy h\u00e1l\u00f3zati v\u00edz csatlakoz\u00e1s szemesk\u00e1v\u00e9 tart\u00e1ly kapacit\u00e1sa 2000 g \u00c1ramfelv\u00e9tel: 1250 W (240V) M\u00e9retek: 510X410X690 S\u00faly: 42 kg 6 H\u00d3NAP GARANCI\u00c1T V\u00c1LLALUNK A FEL\u00daJ\u00cdTOTT AUTOMAT\u00c1RA, p\u00e9nzfelismer\u0151vel Az \u00c1r a term\u00e9kd\u00edjat nem tartalmazza! Az automata ut\u00e1n term\u00e9kd\u00edjat kell fizetni, ami 114.-Ft +\u00c1FA\/kg\/automata 200 kg feletti g\u00e9p ut\u00e1n 2500.- Ft+\u00c1FA\/automata Automata v\u00e1s\u00e1rl\u00e1s 30% el\u0151leg \u00e1tutal\u00e1sa ut\u00e1n lehets\u00e9ges!","og_url":"https:\/\/zepecafe-webaruhaz.hu\/hu\/webaruhaz\/saeco-da7p\/","og_site_name":"Z\u00e9-P\u00e9 Caf\u00e9 Kft.","article_publisher":"https:\/\/www.facebook.com\/zepecafekft.bekescsaba","og_image":[{"width":683,"height":1024,"url":"https:\/\/zepecafe-webaruhaz.hu\/wp-content\/uploads\/2020\/11\/156-SAECO-DA7P.jpg","type":"image\/jpeg"}],"twitter_card":"summary_large_image","twitter_misc":{"Becs\u00fclt olvas\u00e1si id\u0151":"1 perc"},"schema":{"@context":"https:\/\/schema.org","@graph":[{"@type":"WebPage","@id":"https:\/\/zepecafe-webaruhaz.hu\/webaruhaz\/saeco-da7p\/","url":"https:\/\/zepecafe-webaruhaz.hu\/webaruhaz\/saeco-da7p\/","name":"SAECO DA7P - Z\u00e9-P\u00e9 Caf\u00e9 Kft.","isPartOf":{"@id":"http:\/\/zepecafe-webaruhaz.hu\/hu\/#website"},"primaryImageOfPage":{"@id":"https:\/\/zepecafe-webaruhaz.hu\/webaruhaz\/saeco-da7p\/#primaryimage"},"image":{"@id":"https:\/\/zepecafe-webaruhaz.hu\/webaruhaz\/saeco-da7p\/#primaryimage"},"thumbnailUrl":"https:\/\/zepecafe-webaruhaz.hu\/wp-content\/uploads\/2020\/11\/156-SAECO-DA7P.jpg","datePublished":"2020-11-13T15:43:46+00:00","breadcrumb":{"@id":"https:\/\/zepecafe-webaruhaz.hu\/webaruhaz\/saeco-da7p\/#breadcrumb"},"inLanguage":"hu","potentialAction":[{"@type":"ReadAction","target":["https:\/\/zepecafe-webaruhaz.hu\/webaruhaz\/saeco-da7p\/"]}]},{"@type":"ImageObject","inLanguage":"hu","@id":"https:\/\/zepecafe-webaruhaz.hu\/webaruhaz\/saeco-da7p\/#primaryimage","url":"https:\/\/zepecafe-webaruhaz.hu\/wp-content\/uploads\/2020\/11\/156-SAECO-DA7P.jpg","contentUrl":"https:\/\/zepecafe-webaruhaz.hu\/wp-content\/uploads\/2020\/11\/156-SAECO-DA7P.jpg","width":683,"height":1024,"caption":"SAECO DA7P"},{"@type":"BreadcrumbList","@id":"https:\/\/zepecafe-webaruhaz.hu\/webaruhaz\/saeco-da7p\/#breadcrumb","itemListElement":[{"@type":"ListItem","position":1,"name":"Kezd\u0151lap","item":"https:\/\/zepecafe-webaruhaz.hu\/hu\/"},{"@type":"ListItem","position":2,"name":"Shop","item":"https:\/\/zepecafe-webaruhaz.hu\/hu\/shop-2\/"},{"@type":"ListItem","position":3,"name":"SAECO DA7P"}]},{"@type":"WebSite","@id":"http:\/\/zepecafe-webaruhaz.hu\/hu\/#website","url":"http:\/\/zepecafe-webaruhaz.hu\/hu\/","name":"Z\u00e9-P\u00e9 Caf\u00e9 Kft.","description":"T\u00e1rsas\u00e1gunk, a Z\u00c9-P\u00c9 Caf\u00e9 Kft., mely 1998 \u00f3ta m\u0171k\u00f6dik, t\u00f6bbs\u00e9g\u00e9ben Olaszorsz\u00e1gb\u00f3l import\u00e1lt, friss ki\u0151rl\u00e9s\u0171 k\u00e1v\u00e9t lef\u0151z\u0151 automata g\u00e9pek forgalmaz\u00e1s\u00e1val \u00e9s b\u00e9rbead\u00e1s\u00e1val foglalkozik.","publisher":{"@id":"http:\/\/zepecafe-webaruhaz.hu\/hu\/#organization"},"potentialAction":[{"@type":"SearchAction","target":{"@type":"EntryPoint","urlTemplate":"http:\/\/zepecafe-webaruhaz.hu\/hu\/?s={search_term_string}"},"query-input":{"@type":"PropertyValueSpecification","valueRequired":true,"valueName":"search_term_string"}}],"inLanguage":"hu"},{"@type":"Organization","@id":"http:\/\/zepecafe-webaruhaz.hu\/hu\/#organization","name":"Z\u00e9-P\u00e9 Caf\u00e9 Kft.","url":"http:\/\/zepecafe-webaruhaz.hu\/hu\/","logo":{"@type":"ImageObject","inLanguage":"hu","@id":"http:\/\/zepecafe-webaruhaz.hu\/hu\/#\/schema\/logo\/image\/","url":"https:\/\/zepecafe-webaruhaz.hu\/wp-content\/uploads\/2025\/01\/logouj.png","contentUrl":"https:\/\/zepecafe-webaruhaz.hu\/wp-content\/uploads\/2025\/01\/logouj.png","width":300,"height":300,"caption":"Z\u00e9-P\u00e9 Caf\u00e9 Kft."},"image":{"@id":"http:\/\/zepecafe-webaruhaz.hu\/hu\/#\/schema\/logo\/image\/"},"sameAs":["https:\/\/www.facebook.com\/zepecafekft.bekescsaba"]}]}},"_links":{"self":[{"href":"https:\/\/zepecafe-webaruhaz.hu\/hu\/wp-json\/wp\/v2\/product\/5308","targetHints":{"allow":["GET"]}}],"collection":[{"href":"https:\/\/zepecafe-webaruhaz.hu\/hu\/wp-json\/wp\/v2\/product"}],"about":[{"href":"https:\/\/zepecafe-webaruhaz.hu\/hu\/wp-json\/wp\/v2\/types\/product"}],"wp:featuredmedia":[{"embeddable":true,"href":"https:\/\/zepecafe-webaruhaz.hu\/hu\/wp-json\/wp\/v2\/media\/5307"}],"wp:attachment":[{"href":"https:\/\/zepecafe-webaruhaz.hu\/hu\/wp-json\/wp\/v2\/media?parent=5308"}],"wp:term":[{"taxonomy":"product_brand","embeddable":true,"href":"https:\/\/zepecafe-webaruhaz.hu\/hu\/wp-json\/wp\/v2\/product_brand?post=5308"},{"taxonomy":"product_cat","embeddable":true,"href":"https:\/\/zepecafe-webaruhaz.hu\/hu\/wp-json\/wp\/v2\/product_cat?post=5308"},{"taxonomy":"product_tag","embeddable":true,"href":"https:\/\/zepecafe-webaruhaz.hu\/hu\/wp-json\/wp\/v2\/product_tag?post=5308"}],"curies":[{"name":"wp","href":"https:\/\/api.w.org\/{rel}","templated":true}]}}