{"id":5319,"date":"2020-11-13T15:49:59","date_gmt":"2020-11-13T15:49:59","guid":{"rendered":"https:\/\/zepecafe-webaruhaz.hu\/index.php\/product\/saeco-da8p\/"},"modified":"2025-07-25T09:43:06","modified_gmt":"2025-07-25T09:43:06","slug":"saeco-da8p","status":"publish","type":"product","link":"https:\/\/zepecafe-webaruhaz.hu\/hu\/webaruhaz\/saeco-da8p\/","title":{"rendered":"SAECO DA8P"},"content":{"rendered":"<p><br style=\"font-family: 'Times New Roman'; font-size: medium; background-color: #ffffff;\" \/><span style=\"font-family: 'Times New Roman'; font-size: medium; background-color: #ffffff;\">TECHNIKAI ADATOK:<\/span><br style=\"font-family: 'Times New Roman'; font-size: medium; background-color: #ffffff;\" \/><br style=\"font-family: 'Times New Roman'; font-size: medium; background-color: #ffffff;\" \/><span style=\"font-family: 'Times New Roman'; font-size: medium; background-color: #ffffff;\">Szemes k\u00e1v\u00e9tart\u00e1ly: 3,8 kg<\/span><br style=\"font-family: 'Times New Roman'; font-size: medium; background-color: #ffffff;\" \/><span style=\"font-family: 'Times New Roman'; font-size: medium; background-color: #ffffff;\">Instant portart\u00e1ly: 1,2-2 kg<\/span><br style=\"font-family: 'Times New Roman'; font-size: medium; background-color: #ffffff;\" \/><span style=\"font-family: 'Times New Roman'; font-size: medium; background-color: #ffffff;\">Felhaszn\u00e1lt k\u00e1v\u00e9: 7,5 g\/adag<\/span><br style=\"font-family: 'Times New Roman'; font-size: medium; background-color: #ffffff;\" \/><span style=\"font-family: 'Times New Roman'; font-size: medium; background-color: #ffffff;\">Kapacit\u00e1s: 40 adag\/\u00f3ra<\/span><br style=\"font-family: 'Times New Roman'; font-size: medium; background-color: #ffffff;\" \/><span style=\"font-family: 'Times New Roman'; font-size: medium; background-color: #ffffff;\">Poh\u00e1r \u00e9s kan\u00e1l kapacit\u00e1s: 280 db<\/span><br style=\"font-family: 'Times New Roman'; font-size: medium; background-color: #ffffff;\" \/><span style=\"font-family: 'Times New Roman'; font-size: medium; background-color: #ffffff;\">Sz\u00edn: s\u00f6t\u00e9tk\u00e9k<\/span><br style=\"font-family: 'Times New Roman'; font-size: medium; background-color: #ffffff;\" \/><span style=\"font-family: 'Times New Roman'; font-size: medium; background-color: #ffffff;\">S\u00faly: 58 kg<\/span><br style=\"font-family: 'Times New Roman'; font-size: medium; background-color: #ffffff;\" \/><span style=\"font-family: 'Times New Roman'; font-size: medium; background-color: #ffffff;\">M\u00e9rete: 520x 810&#215;560 mm<\/span><br style=\"font-family: 'Times New Roman'; font-size: medium; background-color: #ffffff;\" \/><span style=\"font-family: 'Times New Roman'; font-size: medium; background-color: #ffffff;\">\u00c1ramfelv\u00e9tel: 1250 W (230V\/50Hz)<\/span><\/p>","protected":false},"excerpt":{"rendered":"<h4><span style=\"font-family: Arial;\"><span style=\"font-size: 12px;\">K\u00e1v\u00e9k\u00e9sz\u00edt\u00e9s szemes k\u00e1v\u00e9b\u00f3l<\/span><\/span><\/h4>\n<h4><span style=\"font-family: Arial;\"><span style=\"font-size: 12px;\">8 funkci\u00f3s (k\u00e9tf\u00e9le k\u00e1v\u00e9hossz\u00fas\u00e1g,<\/span><\/span><\/h4>\n<h4><span style=\"font-family: Arial;\"><span style=\"font-size: 12px;\">tejesk\u00e1v\u00e9,cappuccino,<\/span><\/span><\/h4>\n<h4><span style=\"font-family: Arial;\"><span style=\"font-size: 12px;\">csokis cappuccino,\u00a0<\/span><\/span><\/h4>\n<h4><span style=\"font-family: Arial;\"><span style=\"font-size: 12px;\">forr\u00f3 csoki, tea,\u00a0<\/span><\/span><\/h4>\n<h4><span style=\"font-family: Arial;\"><span style=\"font-size: 12px;\">tej)<\/span><\/span><\/h4>\n<h4><span style=\"font-family: Arial;\"><span style=\"font-size: 12px;\">Tov\u00e1bbi italk\u00e9sz\u00edt\u00e9s instant porokb\u00f3l.<\/span><\/span><\/h4>\n<h4><\/h4>\n<h4><span style=\"font-family: Arial;\"><span style=\"font-size: 12px;\">Automatikus poh\u00e1r, cukor \u00e9s kan\u00e1ladagol\u00e1s.<\/span><\/span><\/h4>\n<h4><\/h4>\n<h4><span style=\"font-family: Arial;\"><span style=\"font-size: 12px;\">Felszerelhet\u0151 forintfelismer\u0151 egys\u00e9ggel (k\u00fcl\u00f6n opci\u00f3)<\/span><\/span><\/h4>\n<h4><\/h4>\n<h4><span style=\"font-family: Arial;\"><span style=\"font-size: 12px;\">A g\u00e9p felszerelhet\u0151 \u00e9rme felismer\u0151 egys\u00e9ggel,<\/span><\/span><\/h4>\n<h4><span style=\"font-size: 9pt; font-family: Arial;\"><span style=\"font-family: Arial;\"><!--[endif]--><\/span><\/span><\/h4>\n<h4><span style=\"font-family: Arial;\"><span style=\"font-size: 12px;\">t\u00e1rol\u00f3 szekr\u00e9nnyel (k\u00fcl\u00f6n opci\u00f3k)<\/span><\/span><\/h4>\n<h4>6 H\u00d3NAP GARANCI\u00c1T V\u00c1LLALUNK A FEL\u00daJ\u00cdTOTT AUTOMAT\u00c1RA,<\/h4>\n<p style=\"font-weight: 400;\"><strong>Az \u00c1r tartalmazza az AFE egys\u00e9get(online kassza)\u00a0 2 db p\u00e9nzvizsg\u00e1l\u00f3t \u00e9s valemennyi alkatr\u00e9szt.<\/strong><\/p>\n<h4><span style=\"color: #d0121a;\">Automata v\u00e1s\u00e1rl\u00e1sa eset\u00e9n a felt\u00fcntetett \u00e1r 30%-os el\u0151leg megfizet\u00e9se ut\u00e1n lehets\u00e9ges !\u00a0\u00a0<\/span><\/h4>\n","protected":false},"featured_media":5313,"template":"","meta":[],"product_brand":[],"product_cat":[223,236,255,226],"product_tag":[],"class_list":{"0":"post-5319","1":"product","2":"type-product","3":"status-publish","4":"has-post-thumbnail","6":"product_cat-kezdolap","7":"product_cat-melegital","8":"product_cat-saeco-melegital-automatak","9":"product_cat-automatak","11":"first","12":"instock","13":"taxable","14":"shipping-taxable","15":"purchasable","16":"product-type-simple"},"yoast_head":"<!-- This site is optimized with the Yoast SEO plugin v27.1.1 - https:\/\/yoast.com\/product\/yoast-seo-wordpress\/ -->\n<title>SAECO DA8P - Z\u00e9-P\u00e9 Caf\u00e9 Kft.<\/title>\n<meta name=\"robots\" content=\"index, follow, max-snippet:-1, max-image-preview:large, max-video-preview:-1\" \/>\n<link rel=\"canonical\" href=\"https:\/\/zepecafe-webaruhaz.hu\/hu\/webaruhaz\/saeco-da8p\/\" \/>\n<meta property=\"og:locale\" content=\"hu_HU\" \/>\n<meta property=\"og:type\" content=\"article\" \/>\n<meta property=\"og:title\" content=\"SAECO DA8P - Z\u00e9-P\u00e9 Caf\u00e9 Kft.\" \/>\n<meta property=\"og:description\" content=\"K\u00e1v\u00e9k\u00e9sz\u00edt\u00e9s szemes k\u00e1v\u00e9b\u00f3l 8 funkci\u00f3s (k\u00e9tf\u00e9le k\u00e1v\u00e9hossz\u00fas\u00e1g, tejesk\u00e1v\u00e9,cappuccino, csokis cappuccino,\u00a0 forr\u00f3 csoki, tea,\u00a0 tej) Tov\u00e1bbi italk\u00e9sz\u00edt\u00e9s instant porokb\u00f3l.  Automatikus poh\u00e1r, cukor \u00e9s kan\u00e1ladagol\u00e1s.  Felszerelhet\u0151 forintfelismer\u0151 egys\u00e9ggel (k\u00fcl\u00f6n opci\u00f3)  A g\u00e9p felszerelhet\u0151 \u00e9rme felismer\u0151 egys\u00e9ggel,  t\u00e1rol\u00f3 szekr\u00e9nnyel (k\u00fcl\u00f6n opci\u00f3k) 6 H\u00d3NAP GARANCI\u00c1T V\u00c1LLALUNK A FEL\u00daJ\u00cdTOTT AUTOMAT\u00c1RA, Az \u00c1r tartalmazza az AFE egys\u00e9get(online kassza)\u00a0 2 db p\u00e9nzvizsg\u00e1l\u00f3t \u00e9s valemennyi alkatr\u00e9szt.  Automata v\u00e1s\u00e1rl\u00e1sa eset\u00e9n a felt\u00fcntetett \u00e1r 30%-os el\u0151leg megfizet\u00e9se ut\u00e1n lehets\u00e9ges !\u00a0\u00a0\" \/>\n<meta property=\"og:url\" content=\"https:\/\/zepecafe-webaruhaz.hu\/hu\/webaruhaz\/saeco-da8p\/\" \/>\n<meta property=\"og:site_name\" content=\"Z\u00e9-P\u00e9 Caf\u00e9 Kft.\" \/>\n<meta property=\"article:publisher\" content=\"https:\/\/www.facebook.com\/zepecafekft.bekescsaba\" \/>\n<meta property=\"article:modified_time\" content=\"2025-07-25T09:43:06+00:00\" \/>\n<meta property=\"og:image\" content=\"https:\/\/zepecafe-webaruhaz.hu\/wp-content\/uploads\/2020\/11\/398-SAECO-DA8P.jpg\" \/>\n\t<meta property=\"og:image:width\" content=\"719\" \/>\n\t<meta property=\"og:image:height\" content=\"1280\" \/>\n\t<meta property=\"og:image:type\" content=\"image\/jpeg\" \/>\n<meta name=\"twitter:card\" content=\"summary_large_image\" \/>\n<script type=\"application\/ld+json\" class=\"yoast-schema-graph\">{\"@context\":\"https:\/\/schema.org\",\"@graph\":[{\"@type\":\"WebPage\",\"@id\":\"https:\/\/zepecafe-webaruhaz.hu\/webaruhaz\/saeco-da8p\/\",\"url\":\"https:\/\/zepecafe-webaruhaz.hu\/webaruhaz\/saeco-da8p\/\",\"name\":\"SAECO DA8P - Z\u00e9-P\u00e9 Caf\u00e9 Kft.\",\"isPartOf\":{\"@id\":\"http:\/\/zepecafe-webaruhaz.hu\/hu\/#website\"},\"primaryImageOfPage\":{\"@id\":\"https:\/\/zepecafe-webaruhaz.hu\/webaruhaz\/saeco-da8p\/#primaryimage\"},\"image\":{\"@id\":\"https:\/\/zepecafe-webaruhaz.hu\/webaruhaz\/saeco-da8p\/#primaryimage\"},\"thumbnailUrl\":\"https:\/\/zepecafe-webaruhaz.hu\/wp-content\/uploads\/2020\/11\/398-SAECO-DA8P.jpg\",\"datePublished\":\"2020-11-13T15:49:59+00:00\",\"dateModified\":\"2025-07-25T09:43:06+00:00\",\"breadcrumb\":{\"@id\":\"https:\/\/zepecafe-webaruhaz.hu\/webaruhaz\/saeco-da8p\/#breadcrumb\"},\"inLanguage\":\"hu\",\"potentialAction\":[{\"@type\":\"ReadAction\",\"target\":[\"https:\/\/zepecafe-webaruhaz.hu\/webaruhaz\/saeco-da8p\/\"]}]},{\"@type\":\"ImageObject\",\"inLanguage\":\"hu\",\"@id\":\"https:\/\/zepecafe-webaruhaz.hu\/webaruhaz\/saeco-da8p\/#primaryimage\",\"url\":\"https:\/\/zepecafe-webaruhaz.hu\/wp-content\/uploads\/2020\/11\/398-SAECO-DA8P.jpg\",\"contentUrl\":\"https:\/\/zepecafe-webaruhaz.hu\/wp-content\/uploads\/2020\/11\/398-SAECO-DA8P.jpg\",\"width\":719,\"height\":1280,\"caption\":\"SAECO DA8P\"},{\"@type\":\"BreadcrumbList\",\"@id\":\"https:\/\/zepecafe-webaruhaz.hu\/webaruhaz\/saeco-da8p\/#breadcrumb\",\"itemListElement\":[{\"@type\":\"ListItem\",\"position\":1,\"name\":\"Kezd\u0151lap\",\"item\":\"https:\/\/zepecafe-webaruhaz.hu\/hu\/\"},{\"@type\":\"ListItem\",\"position\":2,\"name\":\"Shop\",\"item\":\"https:\/\/zepecafe-webaruhaz.hu\/hu\/shop-2\/\"},{\"@type\":\"ListItem\",\"position\":3,\"name\":\"SAECO DA8P\"}]},{\"@type\":\"WebSite\",\"@id\":\"http:\/\/zepecafe-webaruhaz.hu\/hu\/#website\",\"url\":\"http:\/\/zepecafe-webaruhaz.hu\/hu\/\",\"name\":\"Z\u00e9-P\u00e9 Caf\u00e9 Kft.\",\"description\":\"T\u00e1rsas\u00e1gunk, a Z\u00c9-P\u00c9 Caf\u00e9 Kft., mely 1998 \u00f3ta m\u0171k\u00f6dik, t\u00f6bbs\u00e9g\u00e9ben Olaszorsz\u00e1gb\u00f3l import\u00e1lt, friss ki\u0151rl\u00e9s\u0171 k\u00e1v\u00e9t lef\u0151z\u0151 automata g\u00e9pek forgalmaz\u00e1s\u00e1val \u00e9s b\u00e9rbead\u00e1s\u00e1val foglalkozik.\",\"publisher\":{\"@id\":\"http:\/\/zepecafe-webaruhaz.hu\/hu\/#organization\"},\"potentialAction\":[{\"@type\":\"SearchAction\",\"target\":{\"@type\":\"EntryPoint\",\"urlTemplate\":\"http:\/\/zepecafe-webaruhaz.hu\/hu\/?s={search_term_string}\"},\"query-input\":{\"@type\":\"PropertyValueSpecification\",\"valueRequired\":true,\"valueName\":\"search_term_string\"}}],\"inLanguage\":\"hu\"},{\"@type\":\"Organization\",\"@id\":\"http:\/\/zepecafe-webaruhaz.hu\/hu\/#organization\",\"name\":\"Z\u00e9-P\u00e9 Caf\u00e9 Kft.\",\"url\":\"http:\/\/zepecafe-webaruhaz.hu\/hu\/\",\"logo\":{\"@type\":\"ImageObject\",\"inLanguage\":\"hu\",\"@id\":\"http:\/\/zepecafe-webaruhaz.hu\/hu\/#\/schema\/logo\/image\/\",\"url\":\"https:\/\/zepecafe-webaruhaz.hu\/wp-content\/uploads\/2025\/01\/logouj.png\",\"contentUrl\":\"https:\/\/zepecafe-webaruhaz.hu\/wp-content\/uploads\/2025\/01\/logouj.png\",\"width\":300,\"height\":300,\"caption\":\"Z\u00e9-P\u00e9 Caf\u00e9 Kft.\"},\"image\":{\"@id\":\"http:\/\/zepecafe-webaruhaz.hu\/hu\/#\/schema\/logo\/image\/\"},\"sameAs\":[\"https:\/\/www.facebook.com\/zepecafekft.bekescsaba\"]}]}<\/script>\n<!-- \/ Yoast SEO plugin. -->","yoast_head_json":{"title":"SAECO DA8P - Z\u00e9-P\u00e9 Caf\u00e9 Kft.","robots":{"index":"index","follow":"follow","max-snippet":"max-snippet:-1","max-image-preview":"max-image-preview:large","max-video-preview":"max-video-preview:-1"},"canonical":"https:\/\/zepecafe-webaruhaz.hu\/hu\/webaruhaz\/saeco-da8p\/","og_locale":"hu_HU","og_type":"article","og_title":"SAECO DA8P - Z\u00e9-P\u00e9 Caf\u00e9 Kft.","og_description":"K\u00e1v\u00e9k\u00e9sz\u00edt\u00e9s szemes k\u00e1v\u00e9b\u00f3l 8 funkci\u00f3s (k\u00e9tf\u00e9le k\u00e1v\u00e9hossz\u00fas\u00e1g, tejesk\u00e1v\u00e9,cappuccino, csokis cappuccino,\u00a0 forr\u00f3 csoki, tea,\u00a0 tej) Tov\u00e1bbi italk\u00e9sz\u00edt\u00e9s instant porokb\u00f3l.  Automatikus poh\u00e1r, cukor \u00e9s kan\u00e1ladagol\u00e1s.  Felszerelhet\u0151 forintfelismer\u0151 egys\u00e9ggel (k\u00fcl\u00f6n opci\u00f3)  A g\u00e9p felszerelhet\u0151 \u00e9rme felismer\u0151 egys\u00e9ggel,  t\u00e1rol\u00f3 szekr\u00e9nnyel (k\u00fcl\u00f6n opci\u00f3k) 6 H\u00d3NAP GARANCI\u00c1T V\u00c1LLALUNK A FEL\u00daJ\u00cdTOTT AUTOMAT\u00c1RA, Az \u00c1r tartalmazza az AFE egys\u00e9get(online kassza)\u00a0 2 db p\u00e9nzvizsg\u00e1l\u00f3t \u00e9s valemennyi alkatr\u00e9szt.  Automata v\u00e1s\u00e1rl\u00e1sa eset\u00e9n a felt\u00fcntetett \u00e1r 30%-os el\u0151leg megfizet\u00e9se ut\u00e1n lehets\u00e9ges !\u00a0\u00a0","og_url":"https:\/\/zepecafe-webaruhaz.hu\/hu\/webaruhaz\/saeco-da8p\/","og_site_name":"Z\u00e9-P\u00e9 Caf\u00e9 Kft.","article_publisher":"https:\/\/www.facebook.com\/zepecafekft.bekescsaba","article_modified_time":"2025-07-25T09:43:06+00:00","og_image":[{"width":719,"height":1280,"url":"https:\/\/zepecafe-webaruhaz.hu\/wp-content\/uploads\/2020\/11\/398-SAECO-DA8P.jpg","type":"image\/jpeg"}],"twitter_card":"summary_large_image","schema":{"@context":"https:\/\/schema.org","@graph":[{"@type":"WebPage","@id":"https:\/\/zepecafe-webaruhaz.hu\/webaruhaz\/saeco-da8p\/","url":"https:\/\/zepecafe-webaruhaz.hu\/webaruhaz\/saeco-da8p\/","name":"SAECO DA8P - Z\u00e9-P\u00e9 Caf\u00e9 Kft.","isPartOf":{"@id":"http:\/\/zepecafe-webaruhaz.hu\/hu\/#website"},"primaryImageOfPage":{"@id":"https:\/\/zepecafe-webaruhaz.hu\/webaruhaz\/saeco-da8p\/#primaryimage"},"image":{"@id":"https:\/\/zepecafe-webaruhaz.hu\/webaruhaz\/saeco-da8p\/#primaryimage"},"thumbnailUrl":"https:\/\/zepecafe-webaruhaz.hu\/wp-content\/uploads\/2020\/11\/398-SAECO-DA8P.jpg","datePublished":"2020-11-13T15:49:59+00:00","dateModified":"2025-07-25T09:43:06+00:00","breadcrumb":{"@id":"https:\/\/zepecafe-webaruhaz.hu\/webaruhaz\/saeco-da8p\/#breadcrumb"},"inLanguage":"hu","potentialAction":[{"@type":"ReadAction","target":["https:\/\/zepecafe-webaruhaz.hu\/webaruhaz\/saeco-da8p\/"]}]},{"@type":"ImageObject","inLanguage":"hu","@id":"https:\/\/zepecafe-webaruhaz.hu\/webaruhaz\/saeco-da8p\/#primaryimage","url":"https:\/\/zepecafe-webaruhaz.hu\/wp-content\/uploads\/2020\/11\/398-SAECO-DA8P.jpg","contentUrl":"https:\/\/zepecafe-webaruhaz.hu\/wp-content\/uploads\/2020\/11\/398-SAECO-DA8P.jpg","width":719,"height":1280,"caption":"SAECO DA8P"},{"@type":"BreadcrumbList","@id":"https:\/\/zepecafe-webaruhaz.hu\/webaruhaz\/saeco-da8p\/#breadcrumb","itemListElement":[{"@type":"ListItem","position":1,"name":"Kezd\u0151lap","item":"https:\/\/zepecafe-webaruhaz.hu\/hu\/"},{"@type":"ListItem","position":2,"name":"Shop","item":"https:\/\/zepecafe-webaruhaz.hu\/hu\/shop-2\/"},{"@type":"ListItem","position":3,"name":"SAECO DA8P"}]},{"@type":"WebSite","@id":"http:\/\/zepecafe-webaruhaz.hu\/hu\/#website","url":"http:\/\/zepecafe-webaruhaz.hu\/hu\/","name":"Z\u00e9-P\u00e9 Caf\u00e9 Kft.","description":"T\u00e1rsas\u00e1gunk, a Z\u00c9-P\u00c9 Caf\u00e9 Kft., mely 1998 \u00f3ta m\u0171k\u00f6dik, t\u00f6bbs\u00e9g\u00e9ben Olaszorsz\u00e1gb\u00f3l import\u00e1lt, friss ki\u0151rl\u00e9s\u0171 k\u00e1v\u00e9t lef\u0151z\u0151 automata g\u00e9pek forgalmaz\u00e1s\u00e1val \u00e9s b\u00e9rbead\u00e1s\u00e1val foglalkozik.","publisher":{"@id":"http:\/\/zepecafe-webaruhaz.hu\/hu\/#organization"},"potentialAction":[{"@type":"SearchAction","target":{"@type":"EntryPoint","urlTemplate":"http:\/\/zepecafe-webaruhaz.hu\/hu\/?s={search_term_string}"},"query-input":{"@type":"PropertyValueSpecification","valueRequired":true,"valueName":"search_term_string"}}],"inLanguage":"hu"},{"@type":"Organization","@id":"http:\/\/zepecafe-webaruhaz.hu\/hu\/#organization","name":"Z\u00e9-P\u00e9 Caf\u00e9 Kft.","url":"http:\/\/zepecafe-webaruhaz.hu\/hu\/","logo":{"@type":"ImageObject","inLanguage":"hu","@id":"http:\/\/zepecafe-webaruhaz.hu\/hu\/#\/schema\/logo\/image\/","url":"https:\/\/zepecafe-webaruhaz.hu\/wp-content\/uploads\/2025\/01\/logouj.png","contentUrl":"https:\/\/zepecafe-webaruhaz.hu\/wp-content\/uploads\/2025\/01\/logouj.png","width":300,"height":300,"caption":"Z\u00e9-P\u00e9 Caf\u00e9 Kft."},"image":{"@id":"http:\/\/zepecafe-webaruhaz.hu\/hu\/#\/schema\/logo\/image\/"},"sameAs":["https:\/\/www.facebook.com\/zepecafekft.bekescsaba"]}]}},"_links":{"self":[{"href":"https:\/\/zepecafe-webaruhaz.hu\/hu\/wp-json\/wp\/v2\/product\/5319","targetHints":{"allow":["GET"]}}],"collection":[{"href":"https:\/\/zepecafe-webaruhaz.hu\/hu\/wp-json\/wp\/v2\/product"}],"about":[{"href":"https:\/\/zepecafe-webaruhaz.hu\/hu\/wp-json\/wp\/v2\/types\/product"}],"wp:featuredmedia":[{"embeddable":true,"href":"https:\/\/zepecafe-webaruhaz.hu\/hu\/wp-json\/wp\/v2\/media\/5313"}],"wp:attachment":[{"href":"https:\/\/zepecafe-webaruhaz.hu\/hu\/wp-json\/wp\/v2\/media?parent=5319"}],"wp:term":[{"taxonomy":"product_brand","embeddable":true,"href":"https:\/\/zepecafe-webaruhaz.hu\/hu\/wp-json\/wp\/v2\/product_brand?post=5319"},{"taxonomy":"product_cat","embeddable":true,"href":"https:\/\/zepecafe-webaruhaz.hu\/hu\/wp-json\/wp\/v2\/product_cat?post=5319"},{"taxonomy":"product_tag","embeddable":true,"href":"https:\/\/zepecafe-webaruhaz.hu\/hu\/wp-json\/wp\/v2\/product_tag?post=5319"}],"curies":[{"name":"wp","href":"https:\/\/api.w.org\/{rel}","templated":true}]}}