{"id":5321,"date":"2020-11-13T16:01:52","date_gmt":"2020-11-13T16:01:52","guid":{"rendered":"https:\/\/zepecafe-webaruhaz.hu\/index.php\/product\/saeco-group-400\/"},"modified":"2025-03-28T14:43:49","modified_gmt":"2025-03-28T14:43:49","slug":"saeco-group-400","status":"publish","type":"product","link":"https:\/\/zepecafe-webaruhaz.hu\/hu\/webaruhaz\/saeco-group-400\/","title":{"rendered":"SAECO GROUP 400"},"content":{"rendered":"<p><br style=\"font-family: 'Times New Roman'; font-size: medium; background-color: #ffffff;\" \/><span style=\"font-family: 'Times New Roman'; font-size: medium; background-color: #ffffff;\">TECHNIKAI ADATOK:<\/span><br style=\"font-family: 'Times New Roman'; font-size: medium; background-color: #ffffff;\" \/><br style=\"font-family: 'Times New Roman'; font-size: medium; background-color: #ffffff;\" \/><span style=\"font-family: 'Times New Roman'; font-size: medium; background-color: #ffffff;\">Szemes k\u00e1v\u00e9tart\u00e1ly: 4 kg<\/span><br style=\"font-family: 'Times New Roman'; font-size: medium; background-color: #ffffff;\" \/><span style=\"font-family: 'Times New Roman'; font-size: medium; background-color: #ffffff;\">Instant portart\u00e1ly: 2,1 -5,9 kg<\/span><br style=\"font-family: 'Times New Roman'; font-size: medium; background-color: #ffffff;\" \/><span style=\"font-family: 'Times New Roman'; font-size: medium; background-color: #ffffff;\">Felhaszn\u00e1lt k\u00e1v\u00e9: 7,5 g\/adag<\/span><br style=\"font-family: 'Times New Roman'; font-size: medium; background-color: #ffffff;\" \/><span style=\"font-family: 'Times New Roman'; font-size: medium; background-color: #ffffff;\">Kapacit\u00e1s: 60 adag\/\u00f3ra<\/span><br style=\"font-family: 'Times New Roman'; font-size: medium; background-color: #ffffff;\" \/><span style=\"font-family: 'Times New Roman'; font-size: medium; background-color: #ffffff;\">Poh\u00e1r kapacit\u00e1s: 400 db<\/span><br style=\"font-family: 'Times New Roman'; font-size: medium; background-color: #ffffff;\" \/><span style=\"font-family: 'Times New Roman'; font-size: medium; background-color: #ffffff;\">Kan\u00e1l kapacit\u00e1s: 400 db<\/span><br style=\"font-family: 'Times New Roman'; font-size: medium; background-color: #ffffff;\" \/><span style=\"font-family: 'Times New Roman'; font-size: medium; background-color: #ffffff;\">Sz\u00edn: s\u00f6t\u00e9tk\u00e9k<\/span><br style=\"font-family: 'Times New Roman'; font-size: medium; background-color: #ffffff;\" \/><span style=\"font-family: 'Times New Roman'; font-size: medium; background-color: #ffffff;\">S\u00faly: 110 kg<\/span><br style=\"font-family: 'Times New Roman'; font-size: medium; background-color: #ffffff;\" \/><span style=\"font-family: 'Times New Roman'; font-size: medium; background-color: #ffffff;\">M\u00e9retek: 585x1700x674 mm<\/span><br style=\"font-family: 'Times New Roman'; font-size: medium; background-color: #ffffff;\" \/><span style=\"font-family: 'Times New Roman'; font-size: medium; background-color: #ffffff;\">\u00c1ramfelv\u00e9tel: 1500 W (230V\/50Hz)<\/span><\/p>","protected":false},"excerpt":{"rendered":"<p>MELEGITAL AUTOMATA<\/p>\n<p>K\u00e1v\u00e9k\u00e9sz\u00edt\u00e9s szemes k\u00e1v\u00e9b\u00f3l<\/p>\n<p>&#8211; 14 funkci\u00f3s (k\u00e9tf\u00e9le k\u00e1v\u00e9hossz\u00fas\u00e1g, k\u00e1v\u00e9 tejjel, cappuccino,<\/p>\n<p>tejesk\u00e1v\u00e9, tej, csokis cappuccino, citromos tea, csokol\u00e1d\u00e9stej,<\/p>\n<p>csokol\u00e1d\u00e9, eros csokol\u00e1d\u00e9, tejes csokol\u00e1d\u00e9, forr\u00f3 v\u00edz stb.)<\/p>\n<p>&#8211; automatikus cukor \u00e9s poh\u00e1radagol\u00e1s<\/p>\n<p>&#8211; v\u00edzh\u00e1l\u00f3zatra k\u00f6tendo<\/p>\n<p>&#8211; v\u00edzl\u00e1gy\u00edt\u00f3 beiktat\u00e1sa k\u00f6telezo<\/p>\n<p>&#8211; felszerelheto forintfelismero egys\u00e9ggel (k\u00fcl\u00f6n opci\u00f3)<\/p>\n<p>6 H\u00d3NAP GARANCI\u00c1T V\u00c1LLALUNK A FEL\u00daJ\u00cdTOTT AUTOMAT\u00c1RA,<\/p>\n<p><strong>Az \u00c1r tartalmazza az AFE egys\u00e9get(online kassza) \u00e9s\u00a0 1db p\u00e9nzvizsg\u00e1l\u00f3t<\/strong><strong>(Cash Flow 690 vagy NRI G46)<\/strong><\/p>\n<p><strong>Az \u00c1r a term\u00e9kd\u00edjat nem tartalmazza!<\/strong><\/p>\n<p><strong>Az automata ut\u00e1n term\u00e9kd\u00edjat kell fizetni, ami 114.-Ft +\u00c1FA\/kg\/automata<\/strong><\/p>\n<p><strong>200 kg feletti g\u00e9p ut\u00e1n 2500.- Ft+\u00c1FA\/automata<\/strong><\/p>\n<p><span style=\"color: #d0121a;\">Automata v\u00e1s\u00e1rl\u00e1s 30% el\u0151leg \u00e1tutal\u00e1sa ut\u00e1n lehets\u00e9ges!<\/span><\/p>","protected":false},"featured_media":6750,"template":"","meta":[],"product_brand":[],"product_cat":[223,236,255,226],"product_tag":[],"class_list":{"0":"post-5321","1":"product","2":"type-product","3":"status-publish","4":"has-post-thumbnail","6":"product_cat-kezdolap","7":"product_cat-melegital","8":"product_cat-saeco-melegital-automatak","9":"product_cat-automatak","11":"first","12":"instock","13":"taxable","14":"shipping-taxable","15":"purchasable","16":"product-type-simple"},"yoast_head":"<!-- This site is optimized with the Yoast SEO plugin v27.1.1 - https:\/\/yoast.com\/product\/yoast-seo-wordpress\/ -->\n<title>SAECO GROUP 400 - Z\u00e9-P\u00e9 Caf\u00e9 Kft.<\/title>\n<meta name=\"robots\" content=\"index, follow, max-snippet:-1, max-image-preview:large, max-video-preview:-1\" \/>\n<link rel=\"canonical\" href=\"https:\/\/zepecafe-webaruhaz.hu\/hu\/webaruhaz\/saeco-group-400\/\" \/>\n<meta property=\"og:locale\" content=\"hu_HU\" \/>\n<meta property=\"og:type\" content=\"article\" \/>\n<meta property=\"og:title\" content=\"SAECO GROUP 400 - Z\u00e9-P\u00e9 Caf\u00e9 Kft.\" \/>\n<meta property=\"og:description\" content=\"MELEGITAL AUTOMATA  K\u00e1v\u00e9k\u00e9sz\u00edt\u00e9s szemes k\u00e1v\u00e9b\u00f3l  - 14 funkci\u00f3s (k\u00e9tf\u00e9le k\u00e1v\u00e9hossz\u00fas\u00e1g, k\u00e1v\u00e9 tejjel, cappuccino,  tejesk\u00e1v\u00e9, tej, csokis cappuccino, citromos tea, csokol\u00e1d\u00e9stej,  csokol\u00e1d\u00e9, eros csokol\u00e1d\u00e9, tejes csokol\u00e1d\u00e9, forr\u00f3 v\u00edz stb.)  - automatikus cukor \u00e9s poh\u00e1radagol\u00e1s  - v\u00edzh\u00e1l\u00f3zatra k\u00f6tendo  - v\u00edzl\u00e1gy\u00edt\u00f3 beiktat\u00e1sa k\u00f6telezo  - felszerelheto forintfelismero egys\u00e9ggel (k\u00fcl\u00f6n opci\u00f3)  6 H\u00d3NAP GARANCI\u00c1T V\u00c1LLALUNK A FEL\u00daJ\u00cdTOTT AUTOMAT\u00c1RA,  Az \u00c1r tartalmazza az AFE egys\u00e9get(online kassza) \u00e9s\u00a0 1db p\u00e9nzvizsg\u00e1l\u00f3t(Cash Flow 690 vagy NRI G46)  Az \u00c1r a term\u00e9kd\u00edjat nem tartalmazza!  Az automata ut\u00e1n term\u00e9kd\u00edjat kell fizetni, ami 114.-Ft +\u00c1FA\/kg\/automata  200 kg feletti g\u00e9p ut\u00e1n 2500.- Ft+\u00c1FA\/automata  Automata v\u00e1s\u00e1rl\u00e1s 30% el\u0151leg \u00e1tutal\u00e1sa ut\u00e1n lehets\u00e9ges!\" \/>\n<meta property=\"og:url\" content=\"https:\/\/zepecafe-webaruhaz.hu\/hu\/webaruhaz\/saeco-group-400\/\" \/>\n<meta property=\"og:site_name\" content=\"Z\u00e9-P\u00e9 Caf\u00e9 Kft.\" \/>\n<meta property=\"article:publisher\" content=\"https:\/\/www.facebook.com\/zepecafekft.bekescsaba\" \/>\n<meta property=\"article:modified_time\" content=\"2025-03-28T14:43:49+00:00\" \/>\n<meta property=\"og:image\" content=\"https:\/\/zepecafe-webaruhaz.hu\/wp-content\/uploads\/2020\/11\/Mio-Star-Coffee-8750B-2.png\" \/>\n\t<meta property=\"og:image:width\" content=\"1080\" \/>\n\t<meta property=\"og:image:height\" content=\"1080\" \/>\n\t<meta property=\"og:image:type\" content=\"image\/png\" \/>\n<meta name=\"twitter:card\" content=\"summary_large_image\" \/>\n<script type=\"application\/ld+json\" class=\"yoast-schema-graph\">{\"@context\":\"https:\/\/schema.org\",\"@graph\":[{\"@type\":\"WebPage\",\"@id\":\"https:\/\/zepecafe-webaruhaz.hu\/webaruhaz\/saeco-group-400\/\",\"url\":\"https:\/\/zepecafe-webaruhaz.hu\/webaruhaz\/saeco-group-400\/\",\"name\":\"SAECO GROUP 400 - Z\u00e9-P\u00e9 Caf\u00e9 Kft.\",\"isPartOf\":{\"@id\":\"http:\/\/zepecafe-webaruhaz.hu\/hu\/#website\"},\"primaryImageOfPage\":{\"@id\":\"https:\/\/zepecafe-webaruhaz.hu\/webaruhaz\/saeco-group-400\/#primaryimage\"},\"image\":{\"@id\":\"https:\/\/zepecafe-webaruhaz.hu\/webaruhaz\/saeco-group-400\/#primaryimage\"},\"thumbnailUrl\":\"https:\/\/zepecafe-webaruhaz.hu\/wp-content\/uploads\/2020\/11\/Mio-Star-Coffee-8750B-2.png\",\"datePublished\":\"2020-11-13T16:01:52+00:00\",\"dateModified\":\"2025-03-28T14:43:49+00:00\",\"breadcrumb\":{\"@id\":\"https:\/\/zepecafe-webaruhaz.hu\/webaruhaz\/saeco-group-400\/#breadcrumb\"},\"inLanguage\":\"hu\",\"potentialAction\":[{\"@type\":\"ReadAction\",\"target\":[\"https:\/\/zepecafe-webaruhaz.hu\/webaruhaz\/saeco-group-400\/\"]}]},{\"@type\":\"ImageObject\",\"inLanguage\":\"hu\",\"@id\":\"https:\/\/zepecafe-webaruhaz.hu\/webaruhaz\/saeco-group-400\/#primaryimage\",\"url\":\"https:\/\/zepecafe-webaruhaz.hu\/wp-content\/uploads\/2020\/11\/Mio-Star-Coffee-8750B-2.png\",\"contentUrl\":\"https:\/\/zepecafe-webaruhaz.hu\/wp-content\/uploads\/2020\/11\/Mio-Star-Coffee-8750B-2.png\",\"width\":1080,\"height\":1080},{\"@type\":\"BreadcrumbList\",\"@id\":\"https:\/\/zepecafe-webaruhaz.hu\/webaruhaz\/saeco-group-400\/#breadcrumb\",\"itemListElement\":[{\"@type\":\"ListItem\",\"position\":1,\"name\":\"Kezd\u0151lap\",\"item\":\"https:\/\/zepecafe-webaruhaz.hu\/hu\/\"},{\"@type\":\"ListItem\",\"position\":2,\"name\":\"Shop\",\"item\":\"https:\/\/zepecafe-webaruhaz.hu\/hu\/shop-2\/\"},{\"@type\":\"ListItem\",\"position\":3,\"name\":\"SAECO GROUP 400\"}]},{\"@type\":\"WebSite\",\"@id\":\"http:\/\/zepecafe-webaruhaz.hu\/hu\/#website\",\"url\":\"http:\/\/zepecafe-webaruhaz.hu\/hu\/\",\"name\":\"Z\u00e9-P\u00e9 Caf\u00e9 Kft.\",\"description\":\"T\u00e1rsas\u00e1gunk, a Z\u00c9-P\u00c9 Caf\u00e9 Kft., mely 1998 \u00f3ta m\u0171k\u00f6dik, t\u00f6bbs\u00e9g\u00e9ben Olaszorsz\u00e1gb\u00f3l import\u00e1lt, friss ki\u0151rl\u00e9s\u0171 k\u00e1v\u00e9t lef\u0151z\u0151 automata g\u00e9pek forgalmaz\u00e1s\u00e1val \u00e9s b\u00e9rbead\u00e1s\u00e1val foglalkozik.\",\"publisher\":{\"@id\":\"http:\/\/zepecafe-webaruhaz.hu\/hu\/#organization\"},\"potentialAction\":[{\"@type\":\"SearchAction\",\"target\":{\"@type\":\"EntryPoint\",\"urlTemplate\":\"http:\/\/zepecafe-webaruhaz.hu\/hu\/?s={search_term_string}\"},\"query-input\":{\"@type\":\"PropertyValueSpecification\",\"valueRequired\":true,\"valueName\":\"search_term_string\"}}],\"inLanguage\":\"hu\"},{\"@type\":\"Organization\",\"@id\":\"http:\/\/zepecafe-webaruhaz.hu\/hu\/#organization\",\"name\":\"Z\u00e9-P\u00e9 Caf\u00e9 Kft.\",\"url\":\"http:\/\/zepecafe-webaruhaz.hu\/hu\/\",\"logo\":{\"@type\":\"ImageObject\",\"inLanguage\":\"hu\",\"@id\":\"http:\/\/zepecafe-webaruhaz.hu\/hu\/#\/schema\/logo\/image\/\",\"url\":\"https:\/\/zepecafe-webaruhaz.hu\/wp-content\/uploads\/2025\/01\/logouj.png\",\"contentUrl\":\"https:\/\/zepecafe-webaruhaz.hu\/wp-content\/uploads\/2025\/01\/logouj.png\",\"width\":300,\"height\":300,\"caption\":\"Z\u00e9-P\u00e9 Caf\u00e9 Kft.\"},\"image\":{\"@id\":\"http:\/\/zepecafe-webaruhaz.hu\/hu\/#\/schema\/logo\/image\/\"},\"sameAs\":[\"https:\/\/www.facebook.com\/zepecafekft.bekescsaba\"]}]}<\/script>\n<!-- \/ Yoast SEO plugin. -->","yoast_head_json":{"title":"SAECO GROUP 400 - Z\u00e9-P\u00e9 Caf\u00e9 Kft.","robots":{"index":"index","follow":"follow","max-snippet":"max-snippet:-1","max-image-preview":"max-image-preview:large","max-video-preview":"max-video-preview:-1"},"canonical":"https:\/\/zepecafe-webaruhaz.hu\/hu\/webaruhaz\/saeco-group-400\/","og_locale":"hu_HU","og_type":"article","og_title":"SAECO GROUP 400 - Z\u00e9-P\u00e9 Caf\u00e9 Kft.","og_description":"MELEGITAL AUTOMATA  K\u00e1v\u00e9k\u00e9sz\u00edt\u00e9s szemes k\u00e1v\u00e9b\u00f3l  - 14 funkci\u00f3s (k\u00e9tf\u00e9le k\u00e1v\u00e9hossz\u00fas\u00e1g, k\u00e1v\u00e9 tejjel, cappuccino,  tejesk\u00e1v\u00e9, tej, csokis cappuccino, citromos tea, csokol\u00e1d\u00e9stej,  csokol\u00e1d\u00e9, eros csokol\u00e1d\u00e9, tejes csokol\u00e1d\u00e9, forr\u00f3 v\u00edz stb.)  - automatikus cukor \u00e9s poh\u00e1radagol\u00e1s  - v\u00edzh\u00e1l\u00f3zatra k\u00f6tendo  - v\u00edzl\u00e1gy\u00edt\u00f3 beiktat\u00e1sa k\u00f6telezo  - felszerelheto forintfelismero egys\u00e9ggel (k\u00fcl\u00f6n opci\u00f3)  6 H\u00d3NAP GARANCI\u00c1T V\u00c1LLALUNK A FEL\u00daJ\u00cdTOTT AUTOMAT\u00c1RA,  Az \u00c1r tartalmazza az AFE egys\u00e9get(online kassza) \u00e9s\u00a0 1db p\u00e9nzvizsg\u00e1l\u00f3t(Cash Flow 690 vagy NRI G46)  Az \u00c1r a term\u00e9kd\u00edjat nem tartalmazza!  Az automata ut\u00e1n term\u00e9kd\u00edjat kell fizetni, ami 114.-Ft +\u00c1FA\/kg\/automata  200 kg feletti g\u00e9p ut\u00e1n 2500.- Ft+\u00c1FA\/automata  Automata v\u00e1s\u00e1rl\u00e1s 30% el\u0151leg \u00e1tutal\u00e1sa ut\u00e1n lehets\u00e9ges!","og_url":"https:\/\/zepecafe-webaruhaz.hu\/hu\/webaruhaz\/saeco-group-400\/","og_site_name":"Z\u00e9-P\u00e9 Caf\u00e9 Kft.","article_publisher":"https:\/\/www.facebook.com\/zepecafekft.bekescsaba","article_modified_time":"2025-03-28T14:43:49+00:00","og_image":[{"width":1080,"height":1080,"url":"https:\/\/zepecafe-webaruhaz.hu\/wp-content\/uploads\/2020\/11\/Mio-Star-Coffee-8750B-2.png","type":"image\/png"}],"twitter_card":"summary_large_image","schema":{"@context":"https:\/\/schema.org","@graph":[{"@type":"WebPage","@id":"https:\/\/zepecafe-webaruhaz.hu\/webaruhaz\/saeco-group-400\/","url":"https:\/\/zepecafe-webaruhaz.hu\/webaruhaz\/saeco-group-400\/","name":"SAECO GROUP 400 - Z\u00e9-P\u00e9 Caf\u00e9 Kft.","isPartOf":{"@id":"http:\/\/zepecafe-webaruhaz.hu\/hu\/#website"},"primaryImageOfPage":{"@id":"https:\/\/zepecafe-webaruhaz.hu\/webaruhaz\/saeco-group-400\/#primaryimage"},"image":{"@id":"https:\/\/zepecafe-webaruhaz.hu\/webaruhaz\/saeco-group-400\/#primaryimage"},"thumbnailUrl":"https:\/\/zepecafe-webaruhaz.hu\/wp-content\/uploads\/2020\/11\/Mio-Star-Coffee-8750B-2.png","datePublished":"2020-11-13T16:01:52+00:00","dateModified":"2025-03-28T14:43:49+00:00","breadcrumb":{"@id":"https:\/\/zepecafe-webaruhaz.hu\/webaruhaz\/saeco-group-400\/#breadcrumb"},"inLanguage":"hu","potentialAction":[{"@type":"ReadAction","target":["https:\/\/zepecafe-webaruhaz.hu\/webaruhaz\/saeco-group-400\/"]}]},{"@type":"ImageObject","inLanguage":"hu","@id":"https:\/\/zepecafe-webaruhaz.hu\/webaruhaz\/saeco-group-400\/#primaryimage","url":"https:\/\/zepecafe-webaruhaz.hu\/wp-content\/uploads\/2020\/11\/Mio-Star-Coffee-8750B-2.png","contentUrl":"https:\/\/zepecafe-webaruhaz.hu\/wp-content\/uploads\/2020\/11\/Mio-Star-Coffee-8750B-2.png","width":1080,"height":1080},{"@type":"BreadcrumbList","@id":"https:\/\/zepecafe-webaruhaz.hu\/webaruhaz\/saeco-group-400\/#breadcrumb","itemListElement":[{"@type":"ListItem","position":1,"name":"Kezd\u0151lap","item":"https:\/\/zepecafe-webaruhaz.hu\/hu\/"},{"@type":"ListItem","position":2,"name":"Shop","item":"https:\/\/zepecafe-webaruhaz.hu\/hu\/shop-2\/"},{"@type":"ListItem","position":3,"name":"SAECO GROUP 400"}]},{"@type":"WebSite","@id":"http:\/\/zepecafe-webaruhaz.hu\/hu\/#website","url":"http:\/\/zepecafe-webaruhaz.hu\/hu\/","name":"Z\u00e9-P\u00e9 Caf\u00e9 Kft.","description":"T\u00e1rsas\u00e1gunk, a Z\u00c9-P\u00c9 Caf\u00e9 Kft., mely 1998 \u00f3ta m\u0171k\u00f6dik, t\u00f6bbs\u00e9g\u00e9ben Olaszorsz\u00e1gb\u00f3l import\u00e1lt, friss ki\u0151rl\u00e9s\u0171 k\u00e1v\u00e9t lef\u0151z\u0151 automata g\u00e9pek forgalmaz\u00e1s\u00e1val \u00e9s b\u00e9rbead\u00e1s\u00e1val foglalkozik.","publisher":{"@id":"http:\/\/zepecafe-webaruhaz.hu\/hu\/#organization"},"potentialAction":[{"@type":"SearchAction","target":{"@type":"EntryPoint","urlTemplate":"http:\/\/zepecafe-webaruhaz.hu\/hu\/?s={search_term_string}"},"query-input":{"@type":"PropertyValueSpecification","valueRequired":true,"valueName":"search_term_string"}}],"inLanguage":"hu"},{"@type":"Organization","@id":"http:\/\/zepecafe-webaruhaz.hu\/hu\/#organization","name":"Z\u00e9-P\u00e9 Caf\u00e9 Kft.","url":"http:\/\/zepecafe-webaruhaz.hu\/hu\/","logo":{"@type":"ImageObject","inLanguage":"hu","@id":"http:\/\/zepecafe-webaruhaz.hu\/hu\/#\/schema\/logo\/image\/","url":"https:\/\/zepecafe-webaruhaz.hu\/wp-content\/uploads\/2025\/01\/logouj.png","contentUrl":"https:\/\/zepecafe-webaruhaz.hu\/wp-content\/uploads\/2025\/01\/logouj.png","width":300,"height":300,"caption":"Z\u00e9-P\u00e9 Caf\u00e9 Kft."},"image":{"@id":"http:\/\/zepecafe-webaruhaz.hu\/hu\/#\/schema\/logo\/image\/"},"sameAs":["https:\/\/www.facebook.com\/zepecafekft.bekescsaba"]}]}},"_links":{"self":[{"href":"https:\/\/zepecafe-webaruhaz.hu\/hu\/wp-json\/wp\/v2\/product\/5321","targetHints":{"allow":["GET"]}}],"collection":[{"href":"https:\/\/zepecafe-webaruhaz.hu\/hu\/wp-json\/wp\/v2\/product"}],"about":[{"href":"https:\/\/zepecafe-webaruhaz.hu\/hu\/wp-json\/wp\/v2\/types\/product"}],"wp:featuredmedia":[{"embeddable":true,"href":"https:\/\/zepecafe-webaruhaz.hu\/hu\/wp-json\/wp\/v2\/media\/6750"}],"wp:attachment":[{"href":"https:\/\/zepecafe-webaruhaz.hu\/hu\/wp-json\/wp\/v2\/media?parent=5321"}],"wp:term":[{"taxonomy":"product_brand","embeddable":true,"href":"https:\/\/zepecafe-webaruhaz.hu\/hu\/wp-json\/wp\/v2\/product_brand?post=5321"},{"taxonomy":"product_cat","embeddable":true,"href":"https:\/\/zepecafe-webaruhaz.hu\/hu\/wp-json\/wp\/v2\/product_cat?post=5321"},{"taxonomy":"product_tag","embeddable":true,"href":"https:\/\/zepecafe-webaruhaz.hu\/hu\/wp-json\/wp\/v2\/product_tag?post=5321"}],"curies":[{"name":"wp","href":"https:\/\/api.w.org\/{rel}","templated":true}]}}