{"id":5370,"date":"2020-11-14T13:36:52","date_gmt":"2020-11-14T13:36:52","guid":{"rendered":"https:\/\/zepecafe-webaruhaz.hu\/index.php\/product\/bianchi-bvm-972\/"},"modified":"2025-07-28T11:59:53","modified_gmt":"2025-07-28T11:59:53","slug":"bianchi-bvm-972","status":"publish","type":"product","link":"https:\/\/zepecafe-webaruhaz.hu\/hu\/webaruhaz\/bianchi-bvm-972\/","title":{"rendered":"BIANCHI BVM 972"},"content":{"rendered":"<p style=\"margin: 0cm; margin-bottom: .0001pt; line-height: 18.7pt;\"><span style=\"font-family: Arial; color: #5c5c5c;\">Teljesen automatikus italautomata. 30 k\u00fcl\u00f6n programozhat\u00f3 nyom\u00f3gombbal.<br \/>\nK\u00fcl\u00f6nf\u00e9le m\u00e9rethez \u00e1ll\u00edthat\u00f3 700 adagos poh\u00e1rkiad\u00f3 automatika.<br \/>\nAutomatikus k\u00e1v\u00e9\u0151rl\u00e9s szab\u00e1lyoz\u00f3 rendszerrel ell\u00e1tva.<\/span><\/p>\n<p style=\"margin: 0cm; margin-bottom: .0001pt; line-height: 18.7pt;\"><span style=\"font-family: Arial; color: #5c5c5c;\">Antibakteri\u00e1lis m\u0171anyag elemekkel, kiz\u00e1r\u00f3lag a Bianchi Vending automat\u00e1kn\u00e1l.<br \/>\nEgyedileg programozhat\u00f3 ajt\u00f3 z\u00e1rral, meger\u0151s\u00edtett g\u00e9ptest \u00e9s ajt\u00f3.<br \/>\nKapcsol\u00f3\u00fczem\u0171 t\u00e1pegys\u00e9g az azonnali \u00e9s biztons\u00e1gos m\u0171k\u00f6d\u00e9s \u00e9rdek\u00e9ben.<br \/>\nWindows kompatibilis, programozhat\u00f3 mikroprocesszor.<br \/>\nTelemetri\u00e1val felszerelhet\u0151.<\/span><\/p>\n<p style=\"margin: 0cm; margin-bottom: .0001pt; line-height: 18.7pt;\"><span style=\"font-family: Arial; color: #5c5c5c;\">Technikai inform\u00e1ci\u00f3k:<br \/>\nELEKTROMOS H\u00c1L\u00d3ZAT: 230 Vac \u2013 50 Hz<br \/>\nBELS\u0150 ELEKTROMOS EGYS\u00c9GEK: Minden elektromos egys\u00e9g 24 Vac \/ Vdc, fesz\u00fclts\u00e9ggel m\u0171k\u00f6dik. F\u0171t\u00e9s, pumpa, ventil\u00e1tor: 230 Vac \u2013 50 Hz<br \/>\nMAX. \u00c1RAMFELV\u00c9TEL: 1,80 KW espresso verzi\u00f3 \/ 2,20 KW instant verzi\u00f3<br \/>\nV\u00cdZCSATLAKOZ\u00c1S: Csatlakoz\u00f3 m\u00e9ret = 3\/8\u201d V\u00edznyom\u00e1s = 0,5 \u00f7 6,5 bar<\/span><\/p>\n<p style=\"line-height: 18.7pt; word-spacing: 0px; margin: 0cm 0cm 18.7pt 0cm;\"><span style=\"font-family: Arial; color: #5c5c5c;\">FELHASZN\u00c1L\u00d3I FEL\u00dcLET: 30 direkt v\u00e1laszt\u00f3gomb, el\u0151v\u00e1laszt\u00e1si lehet\u0151s\u00e9ggel. V\u00e1s\u00e1rl\u00e1s kiv\u00e1laszt\u00e1s\u00e1n\u00e1l illetve befejezt\u00e9vel s\u00edpol\u00f3 hang hallhat\u00f3. 32 digites alfanumerikus LCD kijelz\u0151 az inform\u00e1ci\u00f3 kijelz\u00e9shez.<\/span><\/p>\n<p style=\"line-height: 18.7pt; word-spacing: 0px; margin: 0cm 0cm 18.7pt 0cm;\"><span style=\"font-family: Arial; color: #5c5c5c;\">Poh\u00e1rsz\u00e1ma 700 db.<\/span><\/p>\n<p style=\"line-height: 18.7pt; word-spacing: 0px; margin: 0cm 0cm 18.7pt 0cm;\"><span style=\"font-family: Arial; color: #5c5c5c;\">EGY\u00c9B KIEG\u00c9SZ\u00cdT\u0150K: Poh\u00e1r \u00e9rz\u00e9kel\u0151, v\u00edzl\u00e1gy\u00edt\u00f3 rendszer, t\u00e1vfel\u00fcgyeleti rendszer be\u00e9p\u00edthet\u0151s\u00e9g, p\u00e9nz n\u00e9lk\u00fcli fizet\u00e9si rendszer, darab\u00e1rus automata kezel\u00e9se m\u00e1sodlagos automatak\u00e9nt.<\/span><\/p>\n<p style=\"margin: 0cm; margin-bottom: .0001pt; line-height: 18.7pt; word-spacing: 0px;\"><span style=\"font-family: Arial; color: #5c5c5c;\">M\u00e9retek:<br \/>\nMagass\u00e1g: 1830 mm \/ sz\u00e9less\u00e9g: 666 mm \/ m\u00e9lys\u00e9g: 776 mm \/ s\u00faly: 155 kg.<\/span><\/p>","protected":false},"excerpt":{"rendered":"<p>A Bianchi frissen dar\u00e1lja \u00e9s f\u0151zi a k\u00e1v\u00e9t, fantasztikusan \u00edzletes cappuccin\u00f3t k\u00e9sz\u00edt. K\u00e9tf\u00e9le k\u00e1v\u00e9b\u00f3l k\u00e9sz\u00edti a k\u00e1v\u00e9k\u00fcl\u00f6nlegess\u00e9geket. Automatikusan adagolja a poharat, a kever\u0151p\u00e1lc\u00e1t, illetve a cukor el\u0151v\u00e1laszt\u00f3 gomb seg\u00edts\u00e9g\u00e9vel a hozz\u00e1adott cukor mennyis\u00e9g\u00e9t. \u00c9rme elfogad\u00f3ja t\u00falfizet\u00e9s eset\u00e9n visszaad.<\/p>\n<p>6 H\u00d3NAP GARANCI\u00c1T V\u00c1LLALUNK A FEL\u00daJ\u00cdTOTT AUTOMAT\u00c1RA,<\/p>\n<p><strong>Az \u00c1r tartalmazza az AFE egys\u00e9get(online kassza) \u00e9s 1<\/strong><strong>db p\u00e9nzvizsg\u00e1l\u00f3t(Cash Flow 690 vagy NRI G46)<\/strong><\/p>\n<p><strong>Az \u00c1r a term\u00e9kd\u00edjat nem tartalmazza!<\/strong><\/p>\n<p><strong>Az automata ut\u00e1n term\u00e9kd\u00edjat kell fizetni, ami 114.-Ft +\u00c1FA\/kg\/automata<\/strong><\/p>\n<p><strong>200 kg feletti g\u00e9p ut\u00e1n 2500.- Ft+\u00c1FA\/automata<\/strong><\/p>\n<p><span style=\"color: #d0121a;\">Automata v\u00e1s\u00e1rl\u00e1s 30% el\u0151leg \u00e1tutal\u00e1sa ut\u00e1n lehets\u00e9ges!<\/span><\/p>","protected":false},"featured_media":6766,"template":"","meta":[],"product_brand":[],"product_cat":[223,256,236,226],"product_tag":[],"class_list":{"0":"post-5370","1":"product","2":"type-product","3":"status-publish","4":"has-post-thumbnail","6":"product_cat-kezdolap","7":"product_cat-bianchi","8":"product_cat-melegital","9":"product_cat-automatak","11":"first","12":"instock","13":"taxable","14":"shipping-taxable","15":"purchasable","16":"product-type-simple"},"yoast_head":"<!-- This site is optimized with the Yoast SEO plugin v27.1.1 - https:\/\/yoast.com\/product\/yoast-seo-wordpress\/ -->\n<title>BIANCHI BVM 972 - Z\u00e9-P\u00e9 Caf\u00e9 Kft.<\/title>\n<meta name=\"robots\" content=\"index, follow, max-snippet:-1, max-image-preview:large, max-video-preview:-1\" \/>\n<link rel=\"canonical\" href=\"https:\/\/zepecafe-webaruhaz.hu\/hu\/webaruhaz\/bianchi-bvm-972\/\" \/>\n<meta property=\"og:locale\" content=\"hu_HU\" \/>\n<meta property=\"og:type\" content=\"article\" \/>\n<meta property=\"og:title\" content=\"BIANCHI BVM 972 - Z\u00e9-P\u00e9 Caf\u00e9 Kft.\" \/>\n<meta property=\"og:description\" content=\"A Bianchi frissen dar\u00e1lja \u00e9s f\u0151zi a k\u00e1v\u00e9t, fantasztikusan \u00edzletes cappuccin\u00f3t k\u00e9sz\u00edt. K\u00e9tf\u00e9le k\u00e1v\u00e9b\u00f3l k\u00e9sz\u00edti a k\u00e1v\u00e9k\u00fcl\u00f6nlegess\u00e9geket. Automatikusan adagolja a poharat, a kever\u0151p\u00e1lc\u00e1t, illetve a cukor el\u0151v\u00e1laszt\u00f3 gomb seg\u00edts\u00e9g\u00e9vel a hozz\u00e1adott cukor mennyis\u00e9g\u00e9t. \u00c9rme elfogad\u00f3ja t\u00falfizet\u00e9s eset\u00e9n visszaad.  6 H\u00d3NAP GARANCI\u00c1T V\u00c1LLALUNK A FEL\u00daJ\u00cdTOTT AUTOMAT\u00c1RA,  Az \u00c1r tartalmazza az AFE egys\u00e9get(online kassza) \u00e9s 1db p\u00e9nzvizsg\u00e1l\u00f3t(Cash Flow 690 vagy NRI G46)  Az \u00c1r a term\u00e9kd\u00edjat nem tartalmazza!  Az automata ut\u00e1n term\u00e9kd\u00edjat kell fizetni, ami 114.-Ft +\u00c1FA\/kg\/automata  200 kg feletti g\u00e9p ut\u00e1n 2500.- Ft+\u00c1FA\/automata  Automata v\u00e1s\u00e1rl\u00e1s 30% el\u0151leg \u00e1tutal\u00e1sa ut\u00e1n lehets\u00e9ges!\" \/>\n<meta property=\"og:url\" content=\"https:\/\/zepecafe-webaruhaz.hu\/hu\/webaruhaz\/bianchi-bvm-972\/\" \/>\n<meta property=\"og:site_name\" content=\"Z\u00e9-P\u00e9 Caf\u00e9 Kft.\" \/>\n<meta property=\"article:publisher\" content=\"https:\/\/www.facebook.com\/zepecafekft.bekescsaba\" \/>\n<meta property=\"article:modified_time\" content=\"2025-07-28T11:59:53+00:00\" \/>\n<meta property=\"og:image\" content=\"https:\/\/zepecafe-webaruhaz.hu\/wp-content\/uploads\/2020\/11\/Mio-Star-Coffee-8750B-18.png\" \/>\n\t<meta property=\"og:image:width\" content=\"1080\" \/>\n\t<meta property=\"og:image:height\" content=\"1080\" \/>\n\t<meta property=\"og:image:type\" content=\"image\/png\" \/>\n<meta name=\"twitter:card\" content=\"summary_large_image\" \/>\n<meta name=\"twitter:label1\" content=\"Becs\u00fclt olvas\u00e1si id\u0151\" \/>\n\t<meta name=\"twitter:data1\" content=\"1 perc\" \/>\n<script type=\"application\/ld+json\" class=\"yoast-schema-graph\">{\"@context\":\"https:\/\/schema.org\",\"@graph\":[{\"@type\":\"WebPage\",\"@id\":\"https:\/\/zepecafe-webaruhaz.hu\/webaruhaz\/bianchi-bvm-972\/\",\"url\":\"https:\/\/zepecafe-webaruhaz.hu\/webaruhaz\/bianchi-bvm-972\/\",\"name\":\"BIANCHI BVM 972 - Z\u00e9-P\u00e9 Caf\u00e9 Kft.\",\"isPartOf\":{\"@id\":\"http:\/\/zepecafe-webaruhaz.hu\/hu\/#website\"},\"primaryImageOfPage\":{\"@id\":\"https:\/\/zepecafe-webaruhaz.hu\/webaruhaz\/bianchi-bvm-972\/#primaryimage\"},\"image\":{\"@id\":\"https:\/\/zepecafe-webaruhaz.hu\/webaruhaz\/bianchi-bvm-972\/#primaryimage\"},\"thumbnailUrl\":\"https:\/\/zepecafe-webaruhaz.hu\/wp-content\/uploads\/2020\/11\/Mio-Star-Coffee-8750B-18.png\",\"datePublished\":\"2020-11-14T13:36:52+00:00\",\"dateModified\":\"2025-07-28T11:59:53+00:00\",\"breadcrumb\":{\"@id\":\"https:\/\/zepecafe-webaruhaz.hu\/webaruhaz\/bianchi-bvm-972\/#breadcrumb\"},\"inLanguage\":\"hu\",\"potentialAction\":[{\"@type\":\"ReadAction\",\"target\":[\"https:\/\/zepecafe-webaruhaz.hu\/webaruhaz\/bianchi-bvm-972\/\"]}]},{\"@type\":\"ImageObject\",\"inLanguage\":\"hu\",\"@id\":\"https:\/\/zepecafe-webaruhaz.hu\/webaruhaz\/bianchi-bvm-972\/#primaryimage\",\"url\":\"https:\/\/zepecafe-webaruhaz.hu\/wp-content\/uploads\/2020\/11\/Mio-Star-Coffee-8750B-18.png\",\"contentUrl\":\"https:\/\/zepecafe-webaruhaz.hu\/wp-content\/uploads\/2020\/11\/Mio-Star-Coffee-8750B-18.png\",\"width\":1080,\"height\":1080},{\"@type\":\"BreadcrumbList\",\"@id\":\"https:\/\/zepecafe-webaruhaz.hu\/webaruhaz\/bianchi-bvm-972\/#breadcrumb\",\"itemListElement\":[{\"@type\":\"ListItem\",\"position\":1,\"name\":\"Kezd\u0151lap\",\"item\":\"https:\/\/zepecafe-webaruhaz.hu\/hu\/\"},{\"@type\":\"ListItem\",\"position\":2,\"name\":\"Shop\",\"item\":\"https:\/\/zepecafe-webaruhaz.hu\/hu\/shop-2\/\"},{\"@type\":\"ListItem\",\"position\":3,\"name\":\"BIANCHI BVM 972\"}]},{\"@type\":\"WebSite\",\"@id\":\"http:\/\/zepecafe-webaruhaz.hu\/hu\/#website\",\"url\":\"http:\/\/zepecafe-webaruhaz.hu\/hu\/\",\"name\":\"Z\u00e9-P\u00e9 Caf\u00e9 Kft.\",\"description\":\"T\u00e1rsas\u00e1gunk, a Z\u00c9-P\u00c9 Caf\u00e9 Kft., mely 1998 \u00f3ta m\u0171k\u00f6dik, t\u00f6bbs\u00e9g\u00e9ben Olaszorsz\u00e1gb\u00f3l import\u00e1lt, friss ki\u0151rl\u00e9s\u0171 k\u00e1v\u00e9t lef\u0151z\u0151 automata g\u00e9pek forgalmaz\u00e1s\u00e1val \u00e9s b\u00e9rbead\u00e1s\u00e1val foglalkozik.\",\"publisher\":{\"@id\":\"http:\/\/zepecafe-webaruhaz.hu\/hu\/#organization\"},\"potentialAction\":[{\"@type\":\"SearchAction\",\"target\":{\"@type\":\"EntryPoint\",\"urlTemplate\":\"http:\/\/zepecafe-webaruhaz.hu\/hu\/?s={search_term_string}\"},\"query-input\":{\"@type\":\"PropertyValueSpecification\",\"valueRequired\":true,\"valueName\":\"search_term_string\"}}],\"inLanguage\":\"hu\"},{\"@type\":\"Organization\",\"@id\":\"http:\/\/zepecafe-webaruhaz.hu\/hu\/#organization\",\"name\":\"Z\u00e9-P\u00e9 Caf\u00e9 Kft.\",\"url\":\"http:\/\/zepecafe-webaruhaz.hu\/hu\/\",\"logo\":{\"@type\":\"ImageObject\",\"inLanguage\":\"hu\",\"@id\":\"http:\/\/zepecafe-webaruhaz.hu\/hu\/#\/schema\/logo\/image\/\",\"url\":\"https:\/\/zepecafe-webaruhaz.hu\/wp-content\/uploads\/2025\/01\/logouj.png\",\"contentUrl\":\"https:\/\/zepecafe-webaruhaz.hu\/wp-content\/uploads\/2025\/01\/logouj.png\",\"width\":300,\"height\":300,\"caption\":\"Z\u00e9-P\u00e9 Caf\u00e9 Kft.\"},\"image\":{\"@id\":\"http:\/\/zepecafe-webaruhaz.hu\/hu\/#\/schema\/logo\/image\/\"},\"sameAs\":[\"https:\/\/www.facebook.com\/zepecafekft.bekescsaba\"]}]}<\/script>\n<!-- \/ Yoast SEO plugin. -->","yoast_head_json":{"title":"BIANCHI BVM 972 - Z\u00e9-P\u00e9 Caf\u00e9 Kft.","robots":{"index":"index","follow":"follow","max-snippet":"max-snippet:-1","max-image-preview":"max-image-preview:large","max-video-preview":"max-video-preview:-1"},"canonical":"https:\/\/zepecafe-webaruhaz.hu\/hu\/webaruhaz\/bianchi-bvm-972\/","og_locale":"hu_HU","og_type":"article","og_title":"BIANCHI BVM 972 - Z\u00e9-P\u00e9 Caf\u00e9 Kft.","og_description":"A Bianchi frissen dar\u00e1lja \u00e9s f\u0151zi a k\u00e1v\u00e9t, fantasztikusan \u00edzletes cappuccin\u00f3t k\u00e9sz\u00edt. K\u00e9tf\u00e9le k\u00e1v\u00e9b\u00f3l k\u00e9sz\u00edti a k\u00e1v\u00e9k\u00fcl\u00f6nlegess\u00e9geket. Automatikusan adagolja a poharat, a kever\u0151p\u00e1lc\u00e1t, illetve a cukor el\u0151v\u00e1laszt\u00f3 gomb seg\u00edts\u00e9g\u00e9vel a hozz\u00e1adott cukor mennyis\u00e9g\u00e9t. \u00c9rme elfogad\u00f3ja t\u00falfizet\u00e9s eset\u00e9n visszaad.  6 H\u00d3NAP GARANCI\u00c1T V\u00c1LLALUNK A FEL\u00daJ\u00cdTOTT AUTOMAT\u00c1RA,  Az \u00c1r tartalmazza az AFE egys\u00e9get(online kassza) \u00e9s 1db p\u00e9nzvizsg\u00e1l\u00f3t(Cash Flow 690 vagy NRI G46)  Az \u00c1r a term\u00e9kd\u00edjat nem tartalmazza!  Az automata ut\u00e1n term\u00e9kd\u00edjat kell fizetni, ami 114.-Ft +\u00c1FA\/kg\/automata  200 kg feletti g\u00e9p ut\u00e1n 2500.- Ft+\u00c1FA\/automata  Automata v\u00e1s\u00e1rl\u00e1s 30% el\u0151leg \u00e1tutal\u00e1sa ut\u00e1n lehets\u00e9ges!","og_url":"https:\/\/zepecafe-webaruhaz.hu\/hu\/webaruhaz\/bianchi-bvm-972\/","og_site_name":"Z\u00e9-P\u00e9 Caf\u00e9 Kft.","article_publisher":"https:\/\/www.facebook.com\/zepecafekft.bekescsaba","article_modified_time":"2025-07-28T11:59:53+00:00","og_image":[{"width":1080,"height":1080,"url":"https:\/\/zepecafe-webaruhaz.hu\/wp-content\/uploads\/2020\/11\/Mio-Star-Coffee-8750B-18.png","type":"image\/png"}],"twitter_card":"summary_large_image","twitter_misc":{"Becs\u00fclt olvas\u00e1si id\u0151":"1 perc"},"schema":{"@context":"https:\/\/schema.org","@graph":[{"@type":"WebPage","@id":"https:\/\/zepecafe-webaruhaz.hu\/webaruhaz\/bianchi-bvm-972\/","url":"https:\/\/zepecafe-webaruhaz.hu\/webaruhaz\/bianchi-bvm-972\/","name":"BIANCHI BVM 972 - Z\u00e9-P\u00e9 Caf\u00e9 Kft.","isPartOf":{"@id":"http:\/\/zepecafe-webaruhaz.hu\/hu\/#website"},"primaryImageOfPage":{"@id":"https:\/\/zepecafe-webaruhaz.hu\/webaruhaz\/bianchi-bvm-972\/#primaryimage"},"image":{"@id":"https:\/\/zepecafe-webaruhaz.hu\/webaruhaz\/bianchi-bvm-972\/#primaryimage"},"thumbnailUrl":"https:\/\/zepecafe-webaruhaz.hu\/wp-content\/uploads\/2020\/11\/Mio-Star-Coffee-8750B-18.png","datePublished":"2020-11-14T13:36:52+00:00","dateModified":"2025-07-28T11:59:53+00:00","breadcrumb":{"@id":"https:\/\/zepecafe-webaruhaz.hu\/webaruhaz\/bianchi-bvm-972\/#breadcrumb"},"inLanguage":"hu","potentialAction":[{"@type":"ReadAction","target":["https:\/\/zepecafe-webaruhaz.hu\/webaruhaz\/bianchi-bvm-972\/"]}]},{"@type":"ImageObject","inLanguage":"hu","@id":"https:\/\/zepecafe-webaruhaz.hu\/webaruhaz\/bianchi-bvm-972\/#primaryimage","url":"https:\/\/zepecafe-webaruhaz.hu\/wp-content\/uploads\/2020\/11\/Mio-Star-Coffee-8750B-18.png","contentUrl":"https:\/\/zepecafe-webaruhaz.hu\/wp-content\/uploads\/2020\/11\/Mio-Star-Coffee-8750B-18.png","width":1080,"height":1080},{"@type":"BreadcrumbList","@id":"https:\/\/zepecafe-webaruhaz.hu\/webaruhaz\/bianchi-bvm-972\/#breadcrumb","itemListElement":[{"@type":"ListItem","position":1,"name":"Kezd\u0151lap","item":"https:\/\/zepecafe-webaruhaz.hu\/hu\/"},{"@type":"ListItem","position":2,"name":"Shop","item":"https:\/\/zepecafe-webaruhaz.hu\/hu\/shop-2\/"},{"@type":"ListItem","position":3,"name":"BIANCHI BVM 972"}]},{"@type":"WebSite","@id":"http:\/\/zepecafe-webaruhaz.hu\/hu\/#website","url":"http:\/\/zepecafe-webaruhaz.hu\/hu\/","name":"Z\u00e9-P\u00e9 Caf\u00e9 Kft.","description":"T\u00e1rsas\u00e1gunk, a Z\u00c9-P\u00c9 Caf\u00e9 Kft., mely 1998 \u00f3ta m\u0171k\u00f6dik, t\u00f6bbs\u00e9g\u00e9ben Olaszorsz\u00e1gb\u00f3l import\u00e1lt, friss ki\u0151rl\u00e9s\u0171 k\u00e1v\u00e9t lef\u0151z\u0151 automata g\u00e9pek forgalmaz\u00e1s\u00e1val \u00e9s b\u00e9rbead\u00e1s\u00e1val foglalkozik.","publisher":{"@id":"http:\/\/zepecafe-webaruhaz.hu\/hu\/#organization"},"potentialAction":[{"@type":"SearchAction","target":{"@type":"EntryPoint","urlTemplate":"http:\/\/zepecafe-webaruhaz.hu\/hu\/?s={search_term_string}"},"query-input":{"@type":"PropertyValueSpecification","valueRequired":true,"valueName":"search_term_string"}}],"inLanguage":"hu"},{"@type":"Organization","@id":"http:\/\/zepecafe-webaruhaz.hu\/hu\/#organization","name":"Z\u00e9-P\u00e9 Caf\u00e9 Kft.","url":"http:\/\/zepecafe-webaruhaz.hu\/hu\/","logo":{"@type":"ImageObject","inLanguage":"hu","@id":"http:\/\/zepecafe-webaruhaz.hu\/hu\/#\/schema\/logo\/image\/","url":"https:\/\/zepecafe-webaruhaz.hu\/wp-content\/uploads\/2025\/01\/logouj.png","contentUrl":"https:\/\/zepecafe-webaruhaz.hu\/wp-content\/uploads\/2025\/01\/logouj.png","width":300,"height":300,"caption":"Z\u00e9-P\u00e9 Caf\u00e9 Kft."},"image":{"@id":"http:\/\/zepecafe-webaruhaz.hu\/hu\/#\/schema\/logo\/image\/"},"sameAs":["https:\/\/www.facebook.com\/zepecafekft.bekescsaba"]}]}},"_links":{"self":[{"href":"https:\/\/zepecafe-webaruhaz.hu\/hu\/wp-json\/wp\/v2\/product\/5370","targetHints":{"allow":["GET"]}}],"collection":[{"href":"https:\/\/zepecafe-webaruhaz.hu\/hu\/wp-json\/wp\/v2\/product"}],"about":[{"href":"https:\/\/zepecafe-webaruhaz.hu\/hu\/wp-json\/wp\/v2\/types\/product"}],"wp:featuredmedia":[{"embeddable":true,"href":"https:\/\/zepecafe-webaruhaz.hu\/hu\/wp-json\/wp\/v2\/media\/6766"}],"wp:attachment":[{"href":"https:\/\/zepecafe-webaruhaz.hu\/hu\/wp-json\/wp\/v2\/media?parent=5370"}],"wp:term":[{"taxonomy":"product_brand","embeddable":true,"href":"https:\/\/zepecafe-webaruhaz.hu\/hu\/wp-json\/wp\/v2\/product_brand?post=5370"},{"taxonomy":"product_cat","embeddable":true,"href":"https:\/\/zepecafe-webaruhaz.hu\/hu\/wp-json\/wp\/v2\/product_cat?post=5370"},{"taxonomy":"product_tag","embeddable":true,"href":"https:\/\/zepecafe-webaruhaz.hu\/hu\/wp-json\/wp\/v2\/product_tag?post=5370"}],"curies":[{"name":"wp","href":"https:\/\/api.w.org\/{rel}","templated":true}]}}