{"id":5384,"date":"2020-11-14T14:02:38","date_gmt":"2020-11-14T14:02:38","guid":{"rendered":"https:\/\/zepecafe-webaruhaz.hu\/index.php\/product\/bianchi-polaris\/"},"modified":"2025-07-28T12:04:22","modified_gmt":"2025-07-28T12:04:22","slug":"bianchi-polaris","status":"publish","type":"product","link":"https:\/\/zepecafe-webaruhaz.hu\/hu\/webaruhaz\/bianchi-polaris\/","title":{"rendered":"BIANCHI POLARIS"},"content":{"rendered":"<p class=\"MsoNormal\" style=\"margin-left: 18pt;\"><span style=\"color: #060606;\"><b><span style=\"font-size: 14pt;\">TECHNIKAI ADATOK<\/span><\/b><\/span><\/p>\n<ul>\n<li><span style=\"color: #060606;\">\u00a0Magass\u00e1g: <\/span>790 mm<\/li>\n<li><span style=\"color: #060606;\"><span style=\"font-family: 'Arial Narrow';\">\u00a0<\/span>Sz\u00e9less\u00e9g: <\/span>570 mm<\/li>\n<li><span style=\"color: #060606;\"><span style=\"font-family: 'Arial Narrow';\">\u00a0<\/span>M\u00e9lys\u00e9g: <\/span>790 mm<\/li>\n<li>\u00a0S\u00faly : <span style=\"font-weight: 400;\">75Kg<\/span><\/li>\n<\/ul>\n<p class=\"MsoNormal\" style=\"margin-left: 18pt;\"><span style=\"color: #060606;\">Als\u00f3szekr\u00e9ny:<\/span><\/p>\n<p class=\"MsoNormal\" style=\"margin-left: 18pt;\"><span style=\"color: #060606;\"><span style=\"font-family: 'Arial Narrow';\">\u25cf<\/span> Magass\u00e1g: <\/span>830 mm<\/p>\n<p class=\"MsoNormal\" style=\"margin-left: 18pt;\"><span style=\"color: #060606;\"><span style=\"font-family: 'Arial Narrow';\">\u25cf <\/span>Sz\u00e9less\u00e9g: <\/span>570 mm<\/p>\n<p class=\"MsoNormal\" style=\"margin-left: 18pt;\"><span style=\"color: #060606;\"><span style=\"font-family: 'Arial Narrow';\">\u25cf <\/span>M\u00e9lys\u00e9g: <\/span>790 mm<\/p>\n<p class=\"MsoNormal\" style=\"margin-left: 18pt;\">\n<p><span style=\"color: #060606;\"><span style=\"font-family: 'Arial Narrow';\">\u25cf <\/span>Fogyaszt\u00e1s: 1400 W (csak meleg\u00edt\u00e9skor)<\/span><\/p>\n<p class=\"MsoNormal\" style=\"margin-left: 18pt;\"><span style=\"color: #060606;\"><span style=\"font-family: 'Arial Narrow';\">\u25cf <\/span>M\u0171k\u00f6d\u00e9shez sz\u00fcks\u00e9ges: <\/span><\/p>\n<p class=\"MsoNormal\" style=\"margin-left: 18pt;\"><span style=\"color: #060606;\"><span style=\"font-family: 'Arial Narrow';\">\u00a0\u00a0\u00a0\u00a0\u00a0\u00a0\u00a0\u00a0\u00a0 <\/span>\u00a0220 V f\u00f6ldelt csatlakoz\u00f3<\/span><\/p>\n<p class=\"MsoNormal\" style=\"margin-left: 18pt;\"><span style=\"color: #060606;\">\u00a0\u00a0\u00a0\u00a0\u00a0 \u00a0\u00a0\u00a0 \u00bd\u201d v\u00edzcsap<\/span><\/p>","protected":false},"excerpt":{"rendered":"<p>MELEGITAL AUTOMATA<\/p>\n<p>El\u0151v\u00e1laszt\u00f3k( poh\u00e1r n\u00e9lk\u00fcl, cukor stop<\/p>\n<p>Espresso k\u00e1v\u00e9<\/p>\n<p>Hossz\u00fa k\u00e1v\u00e9<\/p>\n<p>Espresso k\u00e1v\u00e9 tejjel<\/p>\n<p>Tejes cappuccino<\/p>\n<p>Csokol\u00e1d\u00e9s cappuccino<\/p>\n<p>Forr\u00f3 csokol\u00e1d\u00e9<\/p>\n<p>Citromos tea<\/p>\n<p>Forr\u00f3 tej<\/p>\n<p>6 H\u00d3NAP GARANCI\u00c1T V\u00c1LLALUNK A FEL\u00daJ\u00cdTOTT AUTOMAT\u00c1RA,<\/p>\n<p><strong>Az \u00c1r tartalmazza az AFE egys\u00e9get(online kassza) \u00e9s 1<\/strong><strong>db p\u00e9nzvizsg\u00e1l\u00f3t(Cash Flow 690 vagy NRI G46)<\/strong><\/p>\n<p><strong>Az \u00c1r a term\u00e9kd\u00edjat nem tartalmazza!<\/strong><\/p>\n<p><strong>Az automata ut\u00e1n term\u00e9kd\u00edjat kell fizetni, ami 114.-Ft +\u00c1FA\/kg\/automata<\/strong><\/p>\n<p><strong>200 kg feletti g\u00e9p ut\u00e1n 2500.- Ft+\u00c1FA\/automata<\/strong><\/p>\n<p><span style=\"color: #d0121a;\">Automata v\u00e1s\u00e1rl\u00e1s 30% el\u0151leg \u00e1tutal\u00e1sa ut\u00e1n lehets\u00e9ges!<\/span><\/p>","protected":false},"featured_media":6770,"template":"","meta":[],"product_brand":[],"product_cat":[223,256,236,226],"product_tag":[],"class_list":{"0":"post-5384","1":"product","2":"type-product","3":"status-publish","4":"has-post-thumbnail","6":"product_cat-kezdolap","7":"product_cat-bianchi","8":"product_cat-melegital","9":"product_cat-automatak","11":"first","12":"instock","13":"taxable","14":"shipping-taxable","15":"purchasable","16":"product-type-simple"},"yoast_head":"<!-- This site is optimized with the Yoast SEO plugin v27.1.1 - https:\/\/yoast.com\/product\/yoast-seo-wordpress\/ -->\n<title>BIANCHI POLARIS - Z\u00e9-P\u00e9 Caf\u00e9 Kft.<\/title>\n<meta name=\"robots\" content=\"index, follow, max-snippet:-1, max-image-preview:large, max-video-preview:-1\" \/>\n<link rel=\"canonical\" href=\"https:\/\/zepecafe-webaruhaz.hu\/hu\/webaruhaz\/bianchi-polaris\/\" \/>\n<meta property=\"og:locale\" content=\"hu_HU\" \/>\n<meta property=\"og:type\" content=\"article\" \/>\n<meta property=\"og:title\" content=\"BIANCHI POLARIS - Z\u00e9-P\u00e9 Caf\u00e9 Kft.\" \/>\n<meta property=\"og:description\" content=\"MELEGITAL AUTOMATA  El\u0151v\u00e1laszt\u00f3k( poh\u00e1r n\u00e9lk\u00fcl, cukor stop  Espresso k\u00e1v\u00e9  Hossz\u00fa k\u00e1v\u00e9  Espresso k\u00e1v\u00e9 tejjel  Tejes cappuccino  Csokol\u00e1d\u00e9s cappuccino  Forr\u00f3 csokol\u00e1d\u00e9  Citromos tea  Forr\u00f3 tej  6 H\u00d3NAP GARANCI\u00c1T V\u00c1LLALUNK A FEL\u00daJ\u00cdTOTT AUTOMAT\u00c1RA,  Az \u00c1r tartalmazza az AFE egys\u00e9get(online kassza) \u00e9s 1db p\u00e9nzvizsg\u00e1l\u00f3t(Cash Flow 690 vagy NRI G46)  Az \u00c1r a term\u00e9kd\u00edjat nem tartalmazza!  Az automata ut\u00e1n term\u00e9kd\u00edjat kell fizetni, ami 114.-Ft +\u00c1FA\/kg\/automata  200 kg feletti g\u00e9p ut\u00e1n 2500.- Ft+\u00c1FA\/automata  Automata v\u00e1s\u00e1rl\u00e1s 30% el\u0151leg \u00e1tutal\u00e1sa ut\u00e1n lehets\u00e9ges!\" \/>\n<meta property=\"og:url\" content=\"https:\/\/zepecafe-webaruhaz.hu\/hu\/webaruhaz\/bianchi-polaris\/\" \/>\n<meta property=\"og:site_name\" content=\"Z\u00e9-P\u00e9 Caf\u00e9 Kft.\" \/>\n<meta property=\"article:publisher\" content=\"https:\/\/www.facebook.com\/zepecafekft.bekescsaba\" \/>\n<meta property=\"article:modified_time\" content=\"2025-07-28T12:04:22+00:00\" \/>\n<meta property=\"og:image\" content=\"https:\/\/zepecafe-webaruhaz.hu\/wp-content\/uploads\/2020\/11\/Mio-Star-Coffee-8750B-22.png\" \/>\n\t<meta property=\"og:image:width\" content=\"1080\" \/>\n\t<meta property=\"og:image:height\" content=\"1080\" \/>\n\t<meta property=\"og:image:type\" content=\"image\/png\" \/>\n<meta name=\"twitter:card\" content=\"summary_large_image\" \/>\n<script type=\"application\/ld+json\" class=\"yoast-schema-graph\">{\"@context\":\"https:\/\/schema.org\",\"@graph\":[{\"@type\":\"WebPage\",\"@id\":\"https:\/\/zepecafe-webaruhaz.hu\/webaruhaz\/bianchi-polaris\/\",\"url\":\"https:\/\/zepecafe-webaruhaz.hu\/webaruhaz\/bianchi-polaris\/\",\"name\":\"BIANCHI POLARIS - Z\u00e9-P\u00e9 Caf\u00e9 Kft.\",\"isPartOf\":{\"@id\":\"http:\/\/zepecafe-webaruhaz.hu\/hu\/#website\"},\"primaryImageOfPage\":{\"@id\":\"https:\/\/zepecafe-webaruhaz.hu\/webaruhaz\/bianchi-polaris\/#primaryimage\"},\"image\":{\"@id\":\"https:\/\/zepecafe-webaruhaz.hu\/webaruhaz\/bianchi-polaris\/#primaryimage\"},\"thumbnailUrl\":\"https:\/\/zepecafe-webaruhaz.hu\/wp-content\/uploads\/2020\/11\/Mio-Star-Coffee-8750B-22.png\",\"datePublished\":\"2020-11-14T14:02:38+00:00\",\"dateModified\":\"2025-07-28T12:04:22+00:00\",\"breadcrumb\":{\"@id\":\"https:\/\/zepecafe-webaruhaz.hu\/webaruhaz\/bianchi-polaris\/#breadcrumb\"},\"inLanguage\":\"hu\",\"potentialAction\":[{\"@type\":\"ReadAction\",\"target\":[\"https:\/\/zepecafe-webaruhaz.hu\/webaruhaz\/bianchi-polaris\/\"]}]},{\"@type\":\"ImageObject\",\"inLanguage\":\"hu\",\"@id\":\"https:\/\/zepecafe-webaruhaz.hu\/webaruhaz\/bianchi-polaris\/#primaryimage\",\"url\":\"https:\/\/zepecafe-webaruhaz.hu\/wp-content\/uploads\/2020\/11\/Mio-Star-Coffee-8750B-22.png\",\"contentUrl\":\"https:\/\/zepecafe-webaruhaz.hu\/wp-content\/uploads\/2020\/11\/Mio-Star-Coffee-8750B-22.png\",\"width\":1080,\"height\":1080},{\"@type\":\"BreadcrumbList\",\"@id\":\"https:\/\/zepecafe-webaruhaz.hu\/webaruhaz\/bianchi-polaris\/#breadcrumb\",\"itemListElement\":[{\"@type\":\"ListItem\",\"position\":1,\"name\":\"Kezd\u0151lap\",\"item\":\"https:\/\/zepecafe-webaruhaz.hu\/hu\/\"},{\"@type\":\"ListItem\",\"position\":2,\"name\":\"Shop\",\"item\":\"https:\/\/zepecafe-webaruhaz.hu\/hu\/shop-2\/\"},{\"@type\":\"ListItem\",\"position\":3,\"name\":\"BIANCHI POLARIS\"}]},{\"@type\":\"WebSite\",\"@id\":\"http:\/\/zepecafe-webaruhaz.hu\/hu\/#website\",\"url\":\"http:\/\/zepecafe-webaruhaz.hu\/hu\/\",\"name\":\"Z\u00e9-P\u00e9 Caf\u00e9 Kft.\",\"description\":\"T\u00e1rsas\u00e1gunk, a Z\u00c9-P\u00c9 Caf\u00e9 Kft., mely 1998 \u00f3ta m\u0171k\u00f6dik, t\u00f6bbs\u00e9g\u00e9ben Olaszorsz\u00e1gb\u00f3l import\u00e1lt, friss ki\u0151rl\u00e9s\u0171 k\u00e1v\u00e9t lef\u0151z\u0151 automata g\u00e9pek forgalmaz\u00e1s\u00e1val \u00e9s b\u00e9rbead\u00e1s\u00e1val foglalkozik.\",\"publisher\":{\"@id\":\"http:\/\/zepecafe-webaruhaz.hu\/hu\/#organization\"},\"potentialAction\":[{\"@type\":\"SearchAction\",\"target\":{\"@type\":\"EntryPoint\",\"urlTemplate\":\"http:\/\/zepecafe-webaruhaz.hu\/hu\/?s={search_term_string}\"},\"query-input\":{\"@type\":\"PropertyValueSpecification\",\"valueRequired\":true,\"valueName\":\"search_term_string\"}}],\"inLanguage\":\"hu\"},{\"@type\":\"Organization\",\"@id\":\"http:\/\/zepecafe-webaruhaz.hu\/hu\/#organization\",\"name\":\"Z\u00e9-P\u00e9 Caf\u00e9 Kft.\",\"url\":\"http:\/\/zepecafe-webaruhaz.hu\/hu\/\",\"logo\":{\"@type\":\"ImageObject\",\"inLanguage\":\"hu\",\"@id\":\"http:\/\/zepecafe-webaruhaz.hu\/hu\/#\/schema\/logo\/image\/\",\"url\":\"https:\/\/zepecafe-webaruhaz.hu\/wp-content\/uploads\/2025\/01\/logouj.png\",\"contentUrl\":\"https:\/\/zepecafe-webaruhaz.hu\/wp-content\/uploads\/2025\/01\/logouj.png\",\"width\":300,\"height\":300,\"caption\":\"Z\u00e9-P\u00e9 Caf\u00e9 Kft.\"},\"image\":{\"@id\":\"http:\/\/zepecafe-webaruhaz.hu\/hu\/#\/schema\/logo\/image\/\"},\"sameAs\":[\"https:\/\/www.facebook.com\/zepecafekft.bekescsaba\"]}]}<\/script>\n<!-- \/ Yoast SEO plugin. -->","yoast_head_json":{"title":"BIANCHI POLARIS - Z\u00e9-P\u00e9 Caf\u00e9 Kft.","robots":{"index":"index","follow":"follow","max-snippet":"max-snippet:-1","max-image-preview":"max-image-preview:large","max-video-preview":"max-video-preview:-1"},"canonical":"https:\/\/zepecafe-webaruhaz.hu\/hu\/webaruhaz\/bianchi-polaris\/","og_locale":"hu_HU","og_type":"article","og_title":"BIANCHI POLARIS - Z\u00e9-P\u00e9 Caf\u00e9 Kft.","og_description":"MELEGITAL AUTOMATA  El\u0151v\u00e1laszt\u00f3k( poh\u00e1r n\u00e9lk\u00fcl, cukor stop  Espresso k\u00e1v\u00e9  Hossz\u00fa k\u00e1v\u00e9  Espresso k\u00e1v\u00e9 tejjel  Tejes cappuccino  Csokol\u00e1d\u00e9s cappuccino  Forr\u00f3 csokol\u00e1d\u00e9  Citromos tea  Forr\u00f3 tej  6 H\u00d3NAP GARANCI\u00c1T V\u00c1LLALUNK A FEL\u00daJ\u00cdTOTT AUTOMAT\u00c1RA,  Az \u00c1r tartalmazza az AFE egys\u00e9get(online kassza) \u00e9s 1db p\u00e9nzvizsg\u00e1l\u00f3t(Cash Flow 690 vagy NRI G46)  Az \u00c1r a term\u00e9kd\u00edjat nem tartalmazza!  Az automata ut\u00e1n term\u00e9kd\u00edjat kell fizetni, ami 114.-Ft +\u00c1FA\/kg\/automata  200 kg feletti g\u00e9p ut\u00e1n 2500.- Ft+\u00c1FA\/automata  Automata v\u00e1s\u00e1rl\u00e1s 30% el\u0151leg \u00e1tutal\u00e1sa ut\u00e1n lehets\u00e9ges!","og_url":"https:\/\/zepecafe-webaruhaz.hu\/hu\/webaruhaz\/bianchi-polaris\/","og_site_name":"Z\u00e9-P\u00e9 Caf\u00e9 Kft.","article_publisher":"https:\/\/www.facebook.com\/zepecafekft.bekescsaba","article_modified_time":"2025-07-28T12:04:22+00:00","og_image":[{"width":1080,"height":1080,"url":"https:\/\/zepecafe-webaruhaz.hu\/wp-content\/uploads\/2020\/11\/Mio-Star-Coffee-8750B-22.png","type":"image\/png"}],"twitter_card":"summary_large_image","schema":{"@context":"https:\/\/schema.org","@graph":[{"@type":"WebPage","@id":"https:\/\/zepecafe-webaruhaz.hu\/webaruhaz\/bianchi-polaris\/","url":"https:\/\/zepecafe-webaruhaz.hu\/webaruhaz\/bianchi-polaris\/","name":"BIANCHI POLARIS - Z\u00e9-P\u00e9 Caf\u00e9 Kft.","isPartOf":{"@id":"http:\/\/zepecafe-webaruhaz.hu\/hu\/#website"},"primaryImageOfPage":{"@id":"https:\/\/zepecafe-webaruhaz.hu\/webaruhaz\/bianchi-polaris\/#primaryimage"},"image":{"@id":"https:\/\/zepecafe-webaruhaz.hu\/webaruhaz\/bianchi-polaris\/#primaryimage"},"thumbnailUrl":"https:\/\/zepecafe-webaruhaz.hu\/wp-content\/uploads\/2020\/11\/Mio-Star-Coffee-8750B-22.png","datePublished":"2020-11-14T14:02:38+00:00","dateModified":"2025-07-28T12:04:22+00:00","breadcrumb":{"@id":"https:\/\/zepecafe-webaruhaz.hu\/webaruhaz\/bianchi-polaris\/#breadcrumb"},"inLanguage":"hu","potentialAction":[{"@type":"ReadAction","target":["https:\/\/zepecafe-webaruhaz.hu\/webaruhaz\/bianchi-polaris\/"]}]},{"@type":"ImageObject","inLanguage":"hu","@id":"https:\/\/zepecafe-webaruhaz.hu\/webaruhaz\/bianchi-polaris\/#primaryimage","url":"https:\/\/zepecafe-webaruhaz.hu\/wp-content\/uploads\/2020\/11\/Mio-Star-Coffee-8750B-22.png","contentUrl":"https:\/\/zepecafe-webaruhaz.hu\/wp-content\/uploads\/2020\/11\/Mio-Star-Coffee-8750B-22.png","width":1080,"height":1080},{"@type":"BreadcrumbList","@id":"https:\/\/zepecafe-webaruhaz.hu\/webaruhaz\/bianchi-polaris\/#breadcrumb","itemListElement":[{"@type":"ListItem","position":1,"name":"Kezd\u0151lap","item":"https:\/\/zepecafe-webaruhaz.hu\/hu\/"},{"@type":"ListItem","position":2,"name":"Shop","item":"https:\/\/zepecafe-webaruhaz.hu\/hu\/shop-2\/"},{"@type":"ListItem","position":3,"name":"BIANCHI POLARIS"}]},{"@type":"WebSite","@id":"http:\/\/zepecafe-webaruhaz.hu\/hu\/#website","url":"http:\/\/zepecafe-webaruhaz.hu\/hu\/","name":"Z\u00e9-P\u00e9 Caf\u00e9 Kft.","description":"T\u00e1rsas\u00e1gunk, a Z\u00c9-P\u00c9 Caf\u00e9 Kft., mely 1998 \u00f3ta m\u0171k\u00f6dik, t\u00f6bbs\u00e9g\u00e9ben Olaszorsz\u00e1gb\u00f3l import\u00e1lt, friss ki\u0151rl\u00e9s\u0171 k\u00e1v\u00e9t lef\u0151z\u0151 automata g\u00e9pek forgalmaz\u00e1s\u00e1val \u00e9s b\u00e9rbead\u00e1s\u00e1val foglalkozik.","publisher":{"@id":"http:\/\/zepecafe-webaruhaz.hu\/hu\/#organization"},"potentialAction":[{"@type":"SearchAction","target":{"@type":"EntryPoint","urlTemplate":"http:\/\/zepecafe-webaruhaz.hu\/hu\/?s={search_term_string}"},"query-input":{"@type":"PropertyValueSpecification","valueRequired":true,"valueName":"search_term_string"}}],"inLanguage":"hu"},{"@type":"Organization","@id":"http:\/\/zepecafe-webaruhaz.hu\/hu\/#organization","name":"Z\u00e9-P\u00e9 Caf\u00e9 Kft.","url":"http:\/\/zepecafe-webaruhaz.hu\/hu\/","logo":{"@type":"ImageObject","inLanguage":"hu","@id":"http:\/\/zepecafe-webaruhaz.hu\/hu\/#\/schema\/logo\/image\/","url":"https:\/\/zepecafe-webaruhaz.hu\/wp-content\/uploads\/2025\/01\/logouj.png","contentUrl":"https:\/\/zepecafe-webaruhaz.hu\/wp-content\/uploads\/2025\/01\/logouj.png","width":300,"height":300,"caption":"Z\u00e9-P\u00e9 Caf\u00e9 Kft."},"image":{"@id":"http:\/\/zepecafe-webaruhaz.hu\/hu\/#\/schema\/logo\/image\/"},"sameAs":["https:\/\/www.facebook.com\/zepecafekft.bekescsaba"]}]}},"_links":{"self":[{"href":"https:\/\/zepecafe-webaruhaz.hu\/hu\/wp-json\/wp\/v2\/product\/5384","targetHints":{"allow":["GET"]}}],"collection":[{"href":"https:\/\/zepecafe-webaruhaz.hu\/hu\/wp-json\/wp\/v2\/product"}],"about":[{"href":"https:\/\/zepecafe-webaruhaz.hu\/hu\/wp-json\/wp\/v2\/types\/product"}],"wp:featuredmedia":[{"embeddable":true,"href":"https:\/\/zepecafe-webaruhaz.hu\/hu\/wp-json\/wp\/v2\/media\/6770"}],"wp:attachment":[{"href":"https:\/\/zepecafe-webaruhaz.hu\/hu\/wp-json\/wp\/v2\/media?parent=5384"}],"wp:term":[{"taxonomy":"product_brand","embeddable":true,"href":"https:\/\/zepecafe-webaruhaz.hu\/hu\/wp-json\/wp\/v2\/product_brand?post=5384"},{"taxonomy":"product_cat","embeddable":true,"href":"https:\/\/zepecafe-webaruhaz.hu\/hu\/wp-json\/wp\/v2\/product_cat?post=5384"},{"taxonomy":"product_tag","embeddable":true,"href":"https:\/\/zepecafe-webaruhaz.hu\/hu\/wp-json\/wp\/v2\/product_tag?post=5384"}],"curies":[{"name":"wp","href":"https:\/\/api.w.org\/{rel}","templated":true}]}}