{"id":5422,"date":"2020-11-16T11:47:17","date_gmt":"2020-11-16T11:47:17","guid":{"rendered":"https:\/\/zepecafe-webaruhaz.hu\/index.php\/product\/saeco-vienna\/"},"modified":"2025-07-28T12:13:05","modified_gmt":"2025-07-28T12:13:05","slug":"saeco-vienna","status":"publish","type":"product","link":"https:\/\/zepecafe-webaruhaz.hu\/hu\/webaruhaz\/saeco-vienna\/","title":{"rendered":"SAECO VIENNA"},"content":{"rendered":"<p>M\u00e9retek<\/p>\n<p>(m\u00e9lys\u00e9g, sz\u00e9less\u00e9g, magass\u00e1g) 337x325x377mm<\/p>\n<p>S\u00fcly : 8,5 kg<\/p>\n<p>Csepegtet\u0151 fi\u00f3k: kb 0,2l<\/p>\n<p>Szemes k\u00e1v\u00e9tart\u00e1ly: kb 350g,<\/p>\n<p>V\u00edztart\u00e1ly: kb 1,7l<\/p>","protected":false},"excerpt":{"rendered":"<h3><span style=\"color: #ff0000;\"><strong>AZ \u00c1R TARTALMAZZA + <\/strong><\/span><strong>1 db K\u00d6ZPONTI EGYS\u00c9GE<span style=\"color: #000000;\">T!<\/span><\/strong><\/h3>\n<p>&#8211; Teljesen automata k\u00e9sz\u00fcl\u00e9k<\/p>\n<p>&#8211; K\u00e1v\u00e9k\u00e9sz\u00edt\u00e9s szemes k\u00e1v\u00e9b\u00f3l<\/p>\n<p>&#8211; Manu\u00e1lis k\u00e1v\u00e9hossz\u00fas\u00e1g \u00e1ll\u00edt\u00e1s<\/p>\n<p>&#8211; \u0150rl\u00e9sfinoms\u00e1g \u00e1ll\u00edt\u00e1s<\/p>\n<p>&#8211; Egyszerre k\u00e9t k\u00e1v\u00e9lead\u00e1si funkci\u00f3<\/p>\n<p>&#8211; G\u0151z funkci\u00f3<\/p>\n<p>&#8211; Forr\u00f3 v\u00edz adagol\u00e1s tea \u00e9s instant italok k\u00e9sz\u00edt\u00e9s\u00e9hez<\/p>\n<p>&#8211; El\u0151\u00e1ztat\u00e1sos k\u00e1v\u00e9f\u0151z\u00e9si m\u00f3d<\/p>\n<p>&#8211; Ellen\u0151rz\u0151 funkci\u00f3k (v\u00edz, k\u00e1v\u00e9, k\u00f6zponti egys\u00e9g stb.)<\/p>\n<p>&#8211; K\u00e1v\u00e9 kifoly\u00f3 \u00e1ll\u00edthat\u00f3 a cs\u00e9sze nagys\u00e1g\u00e1hoz<\/p>\n<p>&#8211; Forg\u00f3 talp<\/p>\n<p>6 H\u00d3NAP GARANCI\u00c1T V\u00c1LLALUNK A FEL\u00daJ\u00cdTOTT G\u00c9PEINKRE,<\/p>","protected":false},"featured_media":6787,"template":"","meta":[],"product_brand":[],"product_cat":[223,235,224,250],"product_tag":[],"class_list":{"0":"post-5422","1":"product","2":"type-product","3":"status-publish","4":"has-post-thumbnail","6":"product_cat-kezdolap","7":"product_cat-hasznalt-kavefozok","8":"product_cat-kavefozok","9":"product_cat-saeco-hasznalt-kavefozok","11":"first","12":"instock","13":"taxable","14":"shipping-taxable","15":"purchasable","16":"product-type-simple"},"yoast_head":"<!-- This site is optimized with the Yoast SEO plugin v27.1.1 - https:\/\/yoast.com\/product\/yoast-seo-wordpress\/ -->\n<title>SAECO VIENNA - Z\u00e9-P\u00e9 Caf\u00e9 Kft.<\/title>\n<meta name=\"robots\" content=\"index, follow, max-snippet:-1, max-image-preview:large, max-video-preview:-1\" \/>\n<link rel=\"canonical\" href=\"https:\/\/zepecafe-webaruhaz.hu\/hu\/webaruhaz\/saeco-vienna\/\" \/>\n<meta property=\"og:locale\" content=\"hu_HU\" \/>\n<meta property=\"og:type\" content=\"article\" \/>\n<meta property=\"og:title\" content=\"SAECO VIENNA - Z\u00e9-P\u00e9 Caf\u00e9 Kft.\" \/>\n<meta property=\"og:description\" content=\"AZ \u00c1R TARTALMAZZA + 1 db K\u00d6ZPONTI EGYS\u00c9GET! - Teljesen automata k\u00e9sz\u00fcl\u00e9k  - K\u00e1v\u00e9k\u00e9sz\u00edt\u00e9s szemes k\u00e1v\u00e9b\u00f3l  - Manu\u00e1lis k\u00e1v\u00e9hossz\u00fas\u00e1g \u00e1ll\u00edt\u00e1s  - \u0150rl\u00e9sfinoms\u00e1g \u00e1ll\u00edt\u00e1s  - Egyszerre k\u00e9t k\u00e1v\u00e9lead\u00e1si funkci\u00f3  - G\u0151z funkci\u00f3  - Forr\u00f3 v\u00edz adagol\u00e1s tea \u00e9s instant italok k\u00e9sz\u00edt\u00e9s\u00e9hez  - El\u0151\u00e1ztat\u00e1sos k\u00e1v\u00e9f\u0151z\u00e9si m\u00f3d  - Ellen\u0151rz\u0151 funkci\u00f3k (v\u00edz, k\u00e1v\u00e9, k\u00f6zponti egys\u00e9g stb.)  - K\u00e1v\u00e9 kifoly\u00f3 \u00e1ll\u00edthat\u00f3 a cs\u00e9sze nagys\u00e1g\u00e1hoz  - Forg\u00f3 talp  6 H\u00d3NAP GARANCI\u00c1T V\u00c1LLALUNK A FEL\u00daJ\u00cdTOTT G\u00c9PEINKRE,\" \/>\n<meta property=\"og:url\" content=\"https:\/\/zepecafe-webaruhaz.hu\/hu\/webaruhaz\/saeco-vienna\/\" \/>\n<meta property=\"og:site_name\" content=\"Z\u00e9-P\u00e9 Caf\u00e9 Kft.\" \/>\n<meta property=\"article:publisher\" content=\"https:\/\/www.facebook.com\/zepecafekft.bekescsaba\" \/>\n<meta property=\"article:modified_time\" content=\"2025-07-28T12:13:05+00:00\" \/>\n<meta property=\"og:image\" content=\"https:\/\/zepecafe-webaruhaz.hu\/wp-content\/uploads\/2020\/11\/Mio-Star-Coffee-8750B-39.png\" \/>\n\t<meta property=\"og:image:width\" content=\"1080\" \/>\n\t<meta property=\"og:image:height\" content=\"1080\" \/>\n\t<meta property=\"og:image:type\" content=\"image\/png\" \/>\n<meta name=\"twitter:card\" content=\"summary_large_image\" \/>\n<script type=\"application\/ld+json\" class=\"yoast-schema-graph\">{\"@context\":\"https:\/\/schema.org\",\"@graph\":[{\"@type\":\"WebPage\",\"@id\":\"https:\/\/zepecafe-webaruhaz.hu\/webaruhaz\/saeco-vienna\/\",\"url\":\"https:\/\/zepecafe-webaruhaz.hu\/webaruhaz\/saeco-vienna\/\",\"name\":\"SAECO VIENNA - Z\u00e9-P\u00e9 Caf\u00e9 Kft.\",\"isPartOf\":{\"@id\":\"http:\/\/zepecafe-webaruhaz.hu\/hu\/#website\"},\"primaryImageOfPage\":{\"@id\":\"https:\/\/zepecafe-webaruhaz.hu\/webaruhaz\/saeco-vienna\/#primaryimage\"},\"image\":{\"@id\":\"https:\/\/zepecafe-webaruhaz.hu\/webaruhaz\/saeco-vienna\/#primaryimage\"},\"thumbnailUrl\":\"https:\/\/zepecafe-webaruhaz.hu\/wp-content\/uploads\/2020\/11\/Mio-Star-Coffee-8750B-39.png\",\"datePublished\":\"2020-11-16T11:47:17+00:00\",\"dateModified\":\"2025-07-28T12:13:05+00:00\",\"breadcrumb\":{\"@id\":\"https:\/\/zepecafe-webaruhaz.hu\/webaruhaz\/saeco-vienna\/#breadcrumb\"},\"inLanguage\":\"hu\",\"potentialAction\":[{\"@type\":\"ReadAction\",\"target\":[\"https:\/\/zepecafe-webaruhaz.hu\/webaruhaz\/saeco-vienna\/\"]}]},{\"@type\":\"ImageObject\",\"inLanguage\":\"hu\",\"@id\":\"https:\/\/zepecafe-webaruhaz.hu\/webaruhaz\/saeco-vienna\/#primaryimage\",\"url\":\"https:\/\/zepecafe-webaruhaz.hu\/wp-content\/uploads\/2020\/11\/Mio-Star-Coffee-8750B-39.png\",\"contentUrl\":\"https:\/\/zepecafe-webaruhaz.hu\/wp-content\/uploads\/2020\/11\/Mio-Star-Coffee-8750B-39.png\",\"width\":1080,\"height\":1080},{\"@type\":\"BreadcrumbList\",\"@id\":\"https:\/\/zepecafe-webaruhaz.hu\/webaruhaz\/saeco-vienna\/#breadcrumb\",\"itemListElement\":[{\"@type\":\"ListItem\",\"position\":1,\"name\":\"Kezd\u0151lap\",\"item\":\"https:\/\/zepecafe-webaruhaz.hu\/hu\/\"},{\"@type\":\"ListItem\",\"position\":2,\"name\":\"Shop\",\"item\":\"https:\/\/zepecafe-webaruhaz.hu\/hu\/shop-2\/\"},{\"@type\":\"ListItem\",\"position\":3,\"name\":\"SAECO VIENNA\"}]},{\"@type\":\"WebSite\",\"@id\":\"http:\/\/zepecafe-webaruhaz.hu\/hu\/#website\",\"url\":\"http:\/\/zepecafe-webaruhaz.hu\/hu\/\",\"name\":\"Z\u00e9-P\u00e9 Caf\u00e9 Kft.\",\"description\":\"T\u00e1rsas\u00e1gunk, a Z\u00c9-P\u00c9 Caf\u00e9 Kft., mely 1998 \u00f3ta m\u0171k\u00f6dik, t\u00f6bbs\u00e9g\u00e9ben Olaszorsz\u00e1gb\u00f3l import\u00e1lt, friss ki\u0151rl\u00e9s\u0171 k\u00e1v\u00e9t lef\u0151z\u0151 automata g\u00e9pek forgalmaz\u00e1s\u00e1val \u00e9s b\u00e9rbead\u00e1s\u00e1val foglalkozik.\",\"publisher\":{\"@id\":\"http:\/\/zepecafe-webaruhaz.hu\/hu\/#organization\"},\"potentialAction\":[{\"@type\":\"SearchAction\",\"target\":{\"@type\":\"EntryPoint\",\"urlTemplate\":\"http:\/\/zepecafe-webaruhaz.hu\/hu\/?s={search_term_string}\"},\"query-input\":{\"@type\":\"PropertyValueSpecification\",\"valueRequired\":true,\"valueName\":\"search_term_string\"}}],\"inLanguage\":\"hu\"},{\"@type\":\"Organization\",\"@id\":\"http:\/\/zepecafe-webaruhaz.hu\/hu\/#organization\",\"name\":\"Z\u00e9-P\u00e9 Caf\u00e9 Kft.\",\"url\":\"http:\/\/zepecafe-webaruhaz.hu\/hu\/\",\"logo\":{\"@type\":\"ImageObject\",\"inLanguage\":\"hu\",\"@id\":\"http:\/\/zepecafe-webaruhaz.hu\/hu\/#\/schema\/logo\/image\/\",\"url\":\"https:\/\/zepecafe-webaruhaz.hu\/wp-content\/uploads\/2025\/01\/logouj.png\",\"contentUrl\":\"https:\/\/zepecafe-webaruhaz.hu\/wp-content\/uploads\/2025\/01\/logouj.png\",\"width\":300,\"height\":300,\"caption\":\"Z\u00e9-P\u00e9 Caf\u00e9 Kft.\"},\"image\":{\"@id\":\"http:\/\/zepecafe-webaruhaz.hu\/hu\/#\/schema\/logo\/image\/\"},\"sameAs\":[\"https:\/\/www.facebook.com\/zepecafekft.bekescsaba\"]}]}<\/script>\n<!-- \/ Yoast SEO plugin. -->","yoast_head_json":{"title":"SAECO VIENNA - Z\u00e9-P\u00e9 Caf\u00e9 Kft.","robots":{"index":"index","follow":"follow","max-snippet":"max-snippet:-1","max-image-preview":"max-image-preview:large","max-video-preview":"max-video-preview:-1"},"canonical":"https:\/\/zepecafe-webaruhaz.hu\/hu\/webaruhaz\/saeco-vienna\/","og_locale":"hu_HU","og_type":"article","og_title":"SAECO VIENNA - Z\u00e9-P\u00e9 Caf\u00e9 Kft.","og_description":"AZ \u00c1R TARTALMAZZA + 1 db K\u00d6ZPONTI EGYS\u00c9GET! - Teljesen automata k\u00e9sz\u00fcl\u00e9k  - K\u00e1v\u00e9k\u00e9sz\u00edt\u00e9s szemes k\u00e1v\u00e9b\u00f3l  - Manu\u00e1lis k\u00e1v\u00e9hossz\u00fas\u00e1g \u00e1ll\u00edt\u00e1s  - \u0150rl\u00e9sfinoms\u00e1g \u00e1ll\u00edt\u00e1s  - Egyszerre k\u00e9t k\u00e1v\u00e9lead\u00e1si funkci\u00f3  - G\u0151z funkci\u00f3  - Forr\u00f3 v\u00edz adagol\u00e1s tea \u00e9s instant italok k\u00e9sz\u00edt\u00e9s\u00e9hez  - El\u0151\u00e1ztat\u00e1sos k\u00e1v\u00e9f\u0151z\u00e9si m\u00f3d  - Ellen\u0151rz\u0151 funkci\u00f3k (v\u00edz, k\u00e1v\u00e9, k\u00f6zponti egys\u00e9g stb.)  - K\u00e1v\u00e9 kifoly\u00f3 \u00e1ll\u00edthat\u00f3 a cs\u00e9sze nagys\u00e1g\u00e1hoz  - Forg\u00f3 talp  6 H\u00d3NAP GARANCI\u00c1T V\u00c1LLALUNK A FEL\u00daJ\u00cdTOTT G\u00c9PEINKRE,","og_url":"https:\/\/zepecafe-webaruhaz.hu\/hu\/webaruhaz\/saeco-vienna\/","og_site_name":"Z\u00e9-P\u00e9 Caf\u00e9 Kft.","article_publisher":"https:\/\/www.facebook.com\/zepecafekft.bekescsaba","article_modified_time":"2025-07-28T12:13:05+00:00","og_image":[{"width":1080,"height":1080,"url":"https:\/\/zepecafe-webaruhaz.hu\/wp-content\/uploads\/2020\/11\/Mio-Star-Coffee-8750B-39.png","type":"image\/png"}],"twitter_card":"summary_large_image","schema":{"@context":"https:\/\/schema.org","@graph":[{"@type":"WebPage","@id":"https:\/\/zepecafe-webaruhaz.hu\/webaruhaz\/saeco-vienna\/","url":"https:\/\/zepecafe-webaruhaz.hu\/webaruhaz\/saeco-vienna\/","name":"SAECO VIENNA - Z\u00e9-P\u00e9 Caf\u00e9 Kft.","isPartOf":{"@id":"http:\/\/zepecafe-webaruhaz.hu\/hu\/#website"},"primaryImageOfPage":{"@id":"https:\/\/zepecafe-webaruhaz.hu\/webaruhaz\/saeco-vienna\/#primaryimage"},"image":{"@id":"https:\/\/zepecafe-webaruhaz.hu\/webaruhaz\/saeco-vienna\/#primaryimage"},"thumbnailUrl":"https:\/\/zepecafe-webaruhaz.hu\/wp-content\/uploads\/2020\/11\/Mio-Star-Coffee-8750B-39.png","datePublished":"2020-11-16T11:47:17+00:00","dateModified":"2025-07-28T12:13:05+00:00","breadcrumb":{"@id":"https:\/\/zepecafe-webaruhaz.hu\/webaruhaz\/saeco-vienna\/#breadcrumb"},"inLanguage":"hu","potentialAction":[{"@type":"ReadAction","target":["https:\/\/zepecafe-webaruhaz.hu\/webaruhaz\/saeco-vienna\/"]}]},{"@type":"ImageObject","inLanguage":"hu","@id":"https:\/\/zepecafe-webaruhaz.hu\/webaruhaz\/saeco-vienna\/#primaryimage","url":"https:\/\/zepecafe-webaruhaz.hu\/wp-content\/uploads\/2020\/11\/Mio-Star-Coffee-8750B-39.png","contentUrl":"https:\/\/zepecafe-webaruhaz.hu\/wp-content\/uploads\/2020\/11\/Mio-Star-Coffee-8750B-39.png","width":1080,"height":1080},{"@type":"BreadcrumbList","@id":"https:\/\/zepecafe-webaruhaz.hu\/webaruhaz\/saeco-vienna\/#breadcrumb","itemListElement":[{"@type":"ListItem","position":1,"name":"Kezd\u0151lap","item":"https:\/\/zepecafe-webaruhaz.hu\/hu\/"},{"@type":"ListItem","position":2,"name":"Shop","item":"https:\/\/zepecafe-webaruhaz.hu\/hu\/shop-2\/"},{"@type":"ListItem","position":3,"name":"SAECO VIENNA"}]},{"@type":"WebSite","@id":"http:\/\/zepecafe-webaruhaz.hu\/hu\/#website","url":"http:\/\/zepecafe-webaruhaz.hu\/hu\/","name":"Z\u00e9-P\u00e9 Caf\u00e9 Kft.","description":"T\u00e1rsas\u00e1gunk, a Z\u00c9-P\u00c9 Caf\u00e9 Kft., mely 1998 \u00f3ta m\u0171k\u00f6dik, t\u00f6bbs\u00e9g\u00e9ben Olaszorsz\u00e1gb\u00f3l import\u00e1lt, friss ki\u0151rl\u00e9s\u0171 k\u00e1v\u00e9t lef\u0151z\u0151 automata g\u00e9pek forgalmaz\u00e1s\u00e1val \u00e9s b\u00e9rbead\u00e1s\u00e1val foglalkozik.","publisher":{"@id":"http:\/\/zepecafe-webaruhaz.hu\/hu\/#organization"},"potentialAction":[{"@type":"SearchAction","target":{"@type":"EntryPoint","urlTemplate":"http:\/\/zepecafe-webaruhaz.hu\/hu\/?s={search_term_string}"},"query-input":{"@type":"PropertyValueSpecification","valueRequired":true,"valueName":"search_term_string"}}],"inLanguage":"hu"},{"@type":"Organization","@id":"http:\/\/zepecafe-webaruhaz.hu\/hu\/#organization","name":"Z\u00e9-P\u00e9 Caf\u00e9 Kft.","url":"http:\/\/zepecafe-webaruhaz.hu\/hu\/","logo":{"@type":"ImageObject","inLanguage":"hu","@id":"http:\/\/zepecafe-webaruhaz.hu\/hu\/#\/schema\/logo\/image\/","url":"https:\/\/zepecafe-webaruhaz.hu\/wp-content\/uploads\/2025\/01\/logouj.png","contentUrl":"https:\/\/zepecafe-webaruhaz.hu\/wp-content\/uploads\/2025\/01\/logouj.png","width":300,"height":300,"caption":"Z\u00e9-P\u00e9 Caf\u00e9 Kft."},"image":{"@id":"http:\/\/zepecafe-webaruhaz.hu\/hu\/#\/schema\/logo\/image\/"},"sameAs":["https:\/\/www.facebook.com\/zepecafekft.bekescsaba"]}]}},"_links":{"self":[{"href":"https:\/\/zepecafe-webaruhaz.hu\/hu\/wp-json\/wp\/v2\/product\/5422","targetHints":{"allow":["GET"]}}],"collection":[{"href":"https:\/\/zepecafe-webaruhaz.hu\/hu\/wp-json\/wp\/v2\/product"}],"about":[{"href":"https:\/\/zepecafe-webaruhaz.hu\/hu\/wp-json\/wp\/v2\/types\/product"}],"wp:featuredmedia":[{"embeddable":true,"href":"https:\/\/zepecafe-webaruhaz.hu\/hu\/wp-json\/wp\/v2\/media\/6787"}],"wp:attachment":[{"href":"https:\/\/zepecafe-webaruhaz.hu\/hu\/wp-json\/wp\/v2\/media?parent=5422"}],"wp:term":[{"taxonomy":"product_brand","embeddable":true,"href":"https:\/\/zepecafe-webaruhaz.hu\/hu\/wp-json\/wp\/v2\/product_brand?post=5422"},{"taxonomy":"product_cat","embeddable":true,"href":"https:\/\/zepecafe-webaruhaz.hu\/hu\/wp-json\/wp\/v2\/product_cat?post=5422"},{"taxonomy":"product_tag","embeddable":true,"href":"https:\/\/zepecafe-webaruhaz.hu\/hu\/wp-json\/wp\/v2\/product_tag?post=5422"}],"curies":[{"name":"wp","href":"https:\/\/api.w.org\/{rel}","templated":true}]}}