{"id":5452,"date":"2020-11-16T14:44:22","date_gmt":"2020-11-16T14:44:22","guid":{"rendered":"https:\/\/zepecafe-webaruhaz.hu\/index.php\/product\/solis-turbo-twin\/"},"modified":"2025-07-28T07:52:46","modified_gmt":"2025-07-28T07:52:46","slug":"solis-turbo-twin","status":"publish","type":"product","link":"https:\/\/zepecafe-webaruhaz.hu\/hu\/webaruhaz\/solis-turbo-twin\/","title":{"rendered":"SOLIS TURBO TWIN"},"content":{"rendered":"<ul style=\"margin: 0px 0px 2px; padding: 0px; border: 0px; font-size: 12px; vertical-align: baseline; background: #ffffff; color: #333333; font-family: Arial;\">\n<li style=\"margin: 0px 0px 0px 30px; padding: 0px; border: 0px; vertical-align: baseline; background: transparent;\">Nagyobb ig\u00e9nybev\u00e9telnek megfelel\u0151 k\u00e9sz\u00fcl\u00e9k<\/li>\n<li style=\"margin: 0px 0px 0px 30px; padding: 0px; border: 0px; vertical-align: baseline; background: transparent;\">K\u00e1v\u00e9k\u00e9sz\u00edt\u00e9s szemes \u00e9s \u0151r\u00f6lt k\u00e1v\u00e9b\u00f3l<\/li>\n<li style=\"margin: 0px 0px 0px 30px; padding: 0px; border: 0px; vertical-align: baseline; background: transparent;\">Meleg v\u00edz\u00a0adagol\u00e1s tea \u00e9s instant italok k\u00e9sz\u00edt\u00e9s\u00e9hez<\/li>\n<li style=\"margin: 0px 0px 0px 30px; padding: 0px; border: 0px; vertical-align: baseline; background: transparent;\">G\u0151zfunkci\u00f3, v\u00edztart\u00e1ly 2,5 liter<\/li>\n<li style=\"margin: 0px 0px 0px 30px; padding: 0px; border: 0px; vertical-align: baseline; background: transparent;\">Szemesk\u00e1v\u00e9-tart\u00e1ly 300 g<\/li>\n<li style=\"margin: 0px 0px 0px 30px; padding: 0px; border: 0px; vertical-align: baseline; background: transparent;\">Adagsz\u00e1ml\u00e1l\u00f3 felszerelhet\u0151<\/li>\n<li style=\"margin: 0px 0px 0px 30px; padding: 0px; border: 0px; vertical-align: baseline; background: transparent;\">Kapacit\u00e1s 80 adag k\u00e1v\u00e9\/nap<\/li>\n<li style=\"margin: 0px 0px 0px 30px; padding: 0px; border: 0px; vertical-align: baseline; background: transparent;\">G\u0151z\u00f6l\u00e9si funkci\u00f3<\/li>\n<li style=\"margin: 0px 0px 0px 30px; padding: 0px; border: 0px; vertical-align: baseline; background: transparent;\">Felhaszn\u00e1lt k\u00e1v\u00e9: kb. 7,5 g\/adag<\/li>\n<li style=\"margin: 0px 0px 0px 30px; padding: 0px; border: 0px; vertical-align: baseline; background: transparent;\">K\u00e1v\u00e9adag-sz\u00e1ml\u00e1l\u00f3<\/li>\n<li style=\"margin: 0px 0px 0px 30px; padding: 0px; border: 0px; vertical-align: baseline; background: transparent;\">Sz\u00edn: antracitsz\u00fcrke\/fekete<\/li>\n<li style=\"margin: 0px 0px 0px 30px; padding: 0px; border: 0px; vertical-align: baseline; background: transparent;\">S\u00faly: 12,1 kg<\/li>\n<li style=\"margin: 0px 0px 0px 30px; padding: 0px; border: 0px; vertical-align: baseline; background: transparent;\">V\u00edzpumpa: 15 bar<\/li>\n<li style=\"margin: 0px 0px 0px 30px; padding: 0px; border: 0px; vertical-align: baseline; background: transparent;\">\u00c1ramfelv\u00e9tel: 1350W( 240V\/50 Hz )<\/li>\n<\/ul>","protected":false},"excerpt":{"rendered":"<p>Solis Turbo Twin automata k\u00e1v\u00e9g\u00e9p.<\/p>\n<p>\u0150r\u00f6lt \u00e9s szemes kv-val egyar\u00e1nt \u00fczemel, \u00fcres kv. \u00e9s v\u00edztart\u00e1ly jelz\u00e9se, h\u0151m\u00e9rs\u00e9klet jelz\u0151 , k\u00e1v\u00e9hossz\u00fas\u00e1g \u00e9s dar\u00e1l\u00f3 \u00e1ll\u00edt\u00e1si lehet\u0151s\u00e9g, g\u0151z\/forr\u00f3v\u00edz funkci\u00f3.<\/p>\n<p>6 H\u00d3NAP GARANCI\u00c1T V\u00c1LLALUNK A FEL\u00daJ\u00cdTOTT G\u00c9PEINKRE,<\/p>","protected":false},"featured_media":5451,"template":"","meta":[],"product_brand":[],"product_cat":[223,235,224,271],"product_tag":[],"class_list":{"0":"post-5452","1":"product","2":"type-product","3":"status-publish","4":"has-post-thumbnail","6":"product_cat-kezdolap","7":"product_cat-hasznalt-kavefozok","8":"product_cat-kavefozok","9":"product_cat-solis","11":"first","12":"instock","13":"taxable","14":"shipping-taxable","15":"purchasable","16":"product-type-simple"},"yoast_head":"<!-- This site is optimized with the Yoast SEO plugin v27.1.1 - https:\/\/yoast.com\/product\/yoast-seo-wordpress\/ -->\n<title>SOLIS TURBO TWIN - Z\u00e9-P\u00e9 Caf\u00e9 Kft.<\/title>\n<meta name=\"robots\" content=\"index, follow, max-snippet:-1, max-image-preview:large, max-video-preview:-1\" \/>\n<link rel=\"canonical\" href=\"https:\/\/zepecafe-webaruhaz.hu\/hu\/webaruhaz\/solis-turbo-twin\/\" \/>\n<meta property=\"og:locale\" content=\"hu_HU\" \/>\n<meta property=\"og:type\" content=\"article\" \/>\n<meta property=\"og:title\" content=\"SOLIS TURBO TWIN - Z\u00e9-P\u00e9 Caf\u00e9 Kft.\" \/>\n<meta property=\"og:description\" content=\"Solis Turbo Twin automata k\u00e1v\u00e9g\u00e9p.  \u0150r\u00f6lt \u00e9s szemes kv-val egyar\u00e1nt \u00fczemel, \u00fcres kv. \u00e9s v\u00edztart\u00e1ly jelz\u00e9se, h\u0151m\u00e9rs\u00e9klet jelz\u0151 , k\u00e1v\u00e9hossz\u00fas\u00e1g \u00e9s dar\u00e1l\u00f3 \u00e1ll\u00edt\u00e1si lehet\u0151s\u00e9g, g\u0151z\/forr\u00f3v\u00edz funkci\u00f3.  6 H\u00d3NAP GARANCI\u00c1T V\u00c1LLALUNK A FEL\u00daJ\u00cdTOTT G\u00c9PEINKRE,\" \/>\n<meta property=\"og:url\" content=\"https:\/\/zepecafe-webaruhaz.hu\/hu\/webaruhaz\/solis-turbo-twin\/\" \/>\n<meta property=\"og:site_name\" content=\"Z\u00e9-P\u00e9 Caf\u00e9 Kft.\" \/>\n<meta property=\"article:publisher\" content=\"https:\/\/www.facebook.com\/zepecafekft.bekescsaba\" \/>\n<meta property=\"article:modified_time\" content=\"2025-07-28T07:52:46+00:00\" \/>\n<meta property=\"og:image\" content=\"https:\/\/zepecafe-webaruhaz.hu\/wp-content\/uploads\/2020\/11\/137-SOLIS-TURBO-TWIN-scaled.jpg\" \/>\n\t<meta property=\"og:image:width\" content=\"2560\" \/>\n\t<meta property=\"og:image:height\" content=\"1707\" \/>\n\t<meta property=\"og:image:type\" content=\"image\/jpeg\" \/>\n<meta name=\"twitter:card\" content=\"summary_large_image\" \/>\n<script type=\"application\/ld+json\" class=\"yoast-schema-graph\">{\"@context\":\"https:\/\/schema.org\",\"@graph\":[{\"@type\":\"WebPage\",\"@id\":\"https:\/\/zepecafe-webaruhaz.hu\/webaruhaz\/solis-turbo-twin\/\",\"url\":\"https:\/\/zepecafe-webaruhaz.hu\/webaruhaz\/solis-turbo-twin\/\",\"name\":\"SOLIS TURBO TWIN - Z\u00e9-P\u00e9 Caf\u00e9 Kft.\",\"isPartOf\":{\"@id\":\"http:\/\/zepecafe-webaruhaz.hu\/hu\/#website\"},\"primaryImageOfPage\":{\"@id\":\"https:\/\/zepecafe-webaruhaz.hu\/webaruhaz\/solis-turbo-twin\/#primaryimage\"},\"image\":{\"@id\":\"https:\/\/zepecafe-webaruhaz.hu\/webaruhaz\/solis-turbo-twin\/#primaryimage\"},\"thumbnailUrl\":\"https:\/\/zepecafe-webaruhaz.hu\/wp-content\/uploads\/2020\/11\/137-SOLIS-TURBO-TWIN-scaled.jpg\",\"datePublished\":\"2020-11-16T14:44:22+00:00\",\"dateModified\":\"2025-07-28T07:52:46+00:00\",\"breadcrumb\":{\"@id\":\"https:\/\/zepecafe-webaruhaz.hu\/webaruhaz\/solis-turbo-twin\/#breadcrumb\"},\"inLanguage\":\"hu\",\"potentialAction\":[{\"@type\":\"ReadAction\",\"target\":[\"https:\/\/zepecafe-webaruhaz.hu\/webaruhaz\/solis-turbo-twin\/\"]}]},{\"@type\":\"ImageObject\",\"inLanguage\":\"hu\",\"@id\":\"https:\/\/zepecafe-webaruhaz.hu\/webaruhaz\/solis-turbo-twin\/#primaryimage\",\"url\":\"https:\/\/zepecafe-webaruhaz.hu\/wp-content\/uploads\/2020\/11\/137-SOLIS-TURBO-TWIN-scaled.jpg\",\"contentUrl\":\"https:\/\/zepecafe-webaruhaz.hu\/wp-content\/uploads\/2020\/11\/137-SOLIS-TURBO-TWIN-scaled.jpg\",\"width\":2560,\"height\":1707,\"caption\":\"SOLIS TURBO TWIN\"},{\"@type\":\"BreadcrumbList\",\"@id\":\"https:\/\/zepecafe-webaruhaz.hu\/webaruhaz\/solis-turbo-twin\/#breadcrumb\",\"itemListElement\":[{\"@type\":\"ListItem\",\"position\":1,\"name\":\"Kezd\u0151lap\",\"item\":\"https:\/\/zepecafe-webaruhaz.hu\/hu\/\"},{\"@type\":\"ListItem\",\"position\":2,\"name\":\"Shop\",\"item\":\"https:\/\/zepecafe-webaruhaz.hu\/hu\/shop-2\/\"},{\"@type\":\"ListItem\",\"position\":3,\"name\":\"SOLIS TURBO TWIN\"}]},{\"@type\":\"WebSite\",\"@id\":\"http:\/\/zepecafe-webaruhaz.hu\/hu\/#website\",\"url\":\"http:\/\/zepecafe-webaruhaz.hu\/hu\/\",\"name\":\"Z\u00e9-P\u00e9 Caf\u00e9 Kft.\",\"description\":\"T\u00e1rsas\u00e1gunk, a Z\u00c9-P\u00c9 Caf\u00e9 Kft., mely 1998 \u00f3ta m\u0171k\u00f6dik, t\u00f6bbs\u00e9g\u00e9ben Olaszorsz\u00e1gb\u00f3l import\u00e1lt, friss ki\u0151rl\u00e9s\u0171 k\u00e1v\u00e9t lef\u0151z\u0151 automata g\u00e9pek forgalmaz\u00e1s\u00e1val \u00e9s b\u00e9rbead\u00e1s\u00e1val foglalkozik.\",\"publisher\":{\"@id\":\"http:\/\/zepecafe-webaruhaz.hu\/hu\/#organization\"},\"potentialAction\":[{\"@type\":\"SearchAction\",\"target\":{\"@type\":\"EntryPoint\",\"urlTemplate\":\"http:\/\/zepecafe-webaruhaz.hu\/hu\/?s={search_term_string}\"},\"query-input\":{\"@type\":\"PropertyValueSpecification\",\"valueRequired\":true,\"valueName\":\"search_term_string\"}}],\"inLanguage\":\"hu\"},{\"@type\":\"Organization\",\"@id\":\"http:\/\/zepecafe-webaruhaz.hu\/hu\/#organization\",\"name\":\"Z\u00e9-P\u00e9 Caf\u00e9 Kft.\",\"url\":\"http:\/\/zepecafe-webaruhaz.hu\/hu\/\",\"logo\":{\"@type\":\"ImageObject\",\"inLanguage\":\"hu\",\"@id\":\"http:\/\/zepecafe-webaruhaz.hu\/hu\/#\/schema\/logo\/image\/\",\"url\":\"https:\/\/zepecafe-webaruhaz.hu\/wp-content\/uploads\/2025\/01\/logouj.png\",\"contentUrl\":\"https:\/\/zepecafe-webaruhaz.hu\/wp-content\/uploads\/2025\/01\/logouj.png\",\"width\":300,\"height\":300,\"caption\":\"Z\u00e9-P\u00e9 Caf\u00e9 Kft.\"},\"image\":{\"@id\":\"http:\/\/zepecafe-webaruhaz.hu\/hu\/#\/schema\/logo\/image\/\"},\"sameAs\":[\"https:\/\/www.facebook.com\/zepecafekft.bekescsaba\"]}]}<\/script>\n<!-- \/ Yoast SEO plugin. -->","yoast_head_json":{"title":"SOLIS TURBO TWIN - Z\u00e9-P\u00e9 Caf\u00e9 Kft.","robots":{"index":"index","follow":"follow","max-snippet":"max-snippet:-1","max-image-preview":"max-image-preview:large","max-video-preview":"max-video-preview:-1"},"canonical":"https:\/\/zepecafe-webaruhaz.hu\/hu\/webaruhaz\/solis-turbo-twin\/","og_locale":"hu_HU","og_type":"article","og_title":"SOLIS TURBO TWIN - Z\u00e9-P\u00e9 Caf\u00e9 Kft.","og_description":"Solis Turbo Twin automata k\u00e1v\u00e9g\u00e9p.  \u0150r\u00f6lt \u00e9s szemes kv-val egyar\u00e1nt \u00fczemel, \u00fcres kv. \u00e9s v\u00edztart\u00e1ly jelz\u00e9se, h\u0151m\u00e9rs\u00e9klet jelz\u0151 , k\u00e1v\u00e9hossz\u00fas\u00e1g \u00e9s dar\u00e1l\u00f3 \u00e1ll\u00edt\u00e1si lehet\u0151s\u00e9g, g\u0151z\/forr\u00f3v\u00edz funkci\u00f3.  6 H\u00d3NAP GARANCI\u00c1T V\u00c1LLALUNK A FEL\u00daJ\u00cdTOTT G\u00c9PEINKRE,","og_url":"https:\/\/zepecafe-webaruhaz.hu\/hu\/webaruhaz\/solis-turbo-twin\/","og_site_name":"Z\u00e9-P\u00e9 Caf\u00e9 Kft.","article_publisher":"https:\/\/www.facebook.com\/zepecafekft.bekescsaba","article_modified_time":"2025-07-28T07:52:46+00:00","og_image":[{"width":2560,"height":1707,"url":"https:\/\/zepecafe-webaruhaz.hu\/wp-content\/uploads\/2020\/11\/137-SOLIS-TURBO-TWIN-scaled.jpg","type":"image\/jpeg"}],"twitter_card":"summary_large_image","schema":{"@context":"https:\/\/schema.org","@graph":[{"@type":"WebPage","@id":"https:\/\/zepecafe-webaruhaz.hu\/webaruhaz\/solis-turbo-twin\/","url":"https:\/\/zepecafe-webaruhaz.hu\/webaruhaz\/solis-turbo-twin\/","name":"SOLIS TURBO TWIN - Z\u00e9-P\u00e9 Caf\u00e9 Kft.","isPartOf":{"@id":"http:\/\/zepecafe-webaruhaz.hu\/hu\/#website"},"primaryImageOfPage":{"@id":"https:\/\/zepecafe-webaruhaz.hu\/webaruhaz\/solis-turbo-twin\/#primaryimage"},"image":{"@id":"https:\/\/zepecafe-webaruhaz.hu\/webaruhaz\/solis-turbo-twin\/#primaryimage"},"thumbnailUrl":"https:\/\/zepecafe-webaruhaz.hu\/wp-content\/uploads\/2020\/11\/137-SOLIS-TURBO-TWIN-scaled.jpg","datePublished":"2020-11-16T14:44:22+00:00","dateModified":"2025-07-28T07:52:46+00:00","breadcrumb":{"@id":"https:\/\/zepecafe-webaruhaz.hu\/webaruhaz\/solis-turbo-twin\/#breadcrumb"},"inLanguage":"hu","potentialAction":[{"@type":"ReadAction","target":["https:\/\/zepecafe-webaruhaz.hu\/webaruhaz\/solis-turbo-twin\/"]}]},{"@type":"ImageObject","inLanguage":"hu","@id":"https:\/\/zepecafe-webaruhaz.hu\/webaruhaz\/solis-turbo-twin\/#primaryimage","url":"https:\/\/zepecafe-webaruhaz.hu\/wp-content\/uploads\/2020\/11\/137-SOLIS-TURBO-TWIN-scaled.jpg","contentUrl":"https:\/\/zepecafe-webaruhaz.hu\/wp-content\/uploads\/2020\/11\/137-SOLIS-TURBO-TWIN-scaled.jpg","width":2560,"height":1707,"caption":"SOLIS TURBO TWIN"},{"@type":"BreadcrumbList","@id":"https:\/\/zepecafe-webaruhaz.hu\/webaruhaz\/solis-turbo-twin\/#breadcrumb","itemListElement":[{"@type":"ListItem","position":1,"name":"Kezd\u0151lap","item":"https:\/\/zepecafe-webaruhaz.hu\/hu\/"},{"@type":"ListItem","position":2,"name":"Shop","item":"https:\/\/zepecafe-webaruhaz.hu\/hu\/shop-2\/"},{"@type":"ListItem","position":3,"name":"SOLIS TURBO TWIN"}]},{"@type":"WebSite","@id":"http:\/\/zepecafe-webaruhaz.hu\/hu\/#website","url":"http:\/\/zepecafe-webaruhaz.hu\/hu\/","name":"Z\u00e9-P\u00e9 Caf\u00e9 Kft.","description":"T\u00e1rsas\u00e1gunk, a Z\u00c9-P\u00c9 Caf\u00e9 Kft., mely 1998 \u00f3ta m\u0171k\u00f6dik, t\u00f6bbs\u00e9g\u00e9ben Olaszorsz\u00e1gb\u00f3l import\u00e1lt, friss ki\u0151rl\u00e9s\u0171 k\u00e1v\u00e9t lef\u0151z\u0151 automata g\u00e9pek forgalmaz\u00e1s\u00e1val \u00e9s b\u00e9rbead\u00e1s\u00e1val foglalkozik.","publisher":{"@id":"http:\/\/zepecafe-webaruhaz.hu\/hu\/#organization"},"potentialAction":[{"@type":"SearchAction","target":{"@type":"EntryPoint","urlTemplate":"http:\/\/zepecafe-webaruhaz.hu\/hu\/?s={search_term_string}"},"query-input":{"@type":"PropertyValueSpecification","valueRequired":true,"valueName":"search_term_string"}}],"inLanguage":"hu"},{"@type":"Organization","@id":"http:\/\/zepecafe-webaruhaz.hu\/hu\/#organization","name":"Z\u00e9-P\u00e9 Caf\u00e9 Kft.","url":"http:\/\/zepecafe-webaruhaz.hu\/hu\/","logo":{"@type":"ImageObject","inLanguage":"hu","@id":"http:\/\/zepecafe-webaruhaz.hu\/hu\/#\/schema\/logo\/image\/","url":"https:\/\/zepecafe-webaruhaz.hu\/wp-content\/uploads\/2025\/01\/logouj.png","contentUrl":"https:\/\/zepecafe-webaruhaz.hu\/wp-content\/uploads\/2025\/01\/logouj.png","width":300,"height":300,"caption":"Z\u00e9-P\u00e9 Caf\u00e9 Kft."},"image":{"@id":"http:\/\/zepecafe-webaruhaz.hu\/hu\/#\/schema\/logo\/image\/"},"sameAs":["https:\/\/www.facebook.com\/zepecafekft.bekescsaba"]}]}},"_links":{"self":[{"href":"https:\/\/zepecafe-webaruhaz.hu\/hu\/wp-json\/wp\/v2\/product\/5452","targetHints":{"allow":["GET"]}}],"collection":[{"href":"https:\/\/zepecafe-webaruhaz.hu\/hu\/wp-json\/wp\/v2\/product"}],"about":[{"href":"https:\/\/zepecafe-webaruhaz.hu\/hu\/wp-json\/wp\/v2\/types\/product"}],"wp:featuredmedia":[{"embeddable":true,"href":"https:\/\/zepecafe-webaruhaz.hu\/hu\/wp-json\/wp\/v2\/media\/5451"}],"wp:attachment":[{"href":"https:\/\/zepecafe-webaruhaz.hu\/hu\/wp-json\/wp\/v2\/media?parent=5452"}],"wp:term":[{"taxonomy":"product_brand","embeddable":true,"href":"https:\/\/zepecafe-webaruhaz.hu\/hu\/wp-json\/wp\/v2\/product_brand?post=5452"},{"taxonomy":"product_cat","embeddable":true,"href":"https:\/\/zepecafe-webaruhaz.hu\/hu\/wp-json\/wp\/v2\/product_cat?post=5452"},{"taxonomy":"product_tag","embeddable":true,"href":"https:\/\/zepecafe-webaruhaz.hu\/hu\/wp-json\/wp\/v2\/product_tag?post=5452"}],"curies":[{"name":"wp","href":"https:\/\/api.w.org\/{rel}","templated":true}]}}