{"id":5468,"date":"2020-11-23T15:26:53","date_gmt":"2020-11-23T15:26:53","guid":{"rendered":"https:\/\/zepecafe-webaruhaz.hu\/index.php\/product\/saeco-magic-deluxe\/"},"modified":"2025-04-03T13:33:07","modified_gmt":"2025-04-03T13:33:07","slug":"saeco-magic-deluxe","status":"publish","type":"product","link":"https:\/\/zepecafe-webaruhaz.hu\/hu\/webaruhaz\/saeco-magic-deluxe\/","title":{"rendered":"SAECO MAGIC DELUXE"},"content":{"rendered":"<p>Teljes\u00edtm\u00e9ny : 1200W<\/p>\n<p>V\u00edztart\u00e1ly : 2,4L<\/p>\n<p>K\u00e1v\u00e9tart\u00e1ly : 300g<\/p>\n<p>M\u00e9ret : 390x395x455 mm<\/p>\n<p>T\u00f6meg : 14 kg<\/p>","protected":false},"excerpt":{"rendered":"<p>Teljesen automata k\u00e9sz\u00fcl\u00e9k<\/p>\n<p>K\u00e1v\u00e9k\u00e9sz\u00edt\u00e9s szemes illetve \u0151r\u00f6lt k\u00e1v\u00e9b\u00f3l<\/p>\n<p>Egyszerre k\u00e9t k\u00e1v\u00e9lead\u00e1si funkci\u00f3<\/p>\n<p>Forr\u00f3 v\u00edz adagol\u00e1s tea \u00e9s instant italokhoz<\/p>\n<p>\u0150rl\u00e9s finoms\u00e1g \u00e9s mennyis\u00e9g \u00e1ll\u00edt\u00e1s<\/p>\n<p>Ellen\u0151rz\u0151 funkci\u00f3k (v\u00edz, k\u00e1v\u00e9, k\u00f6zponti egys\u00e9g stb.)<\/p>\n<p>Cs\u00e9szemeleg\u00edt\u0151<\/p>\n<p>El\u0151\u00e1ztat\u00e1sos k\u00e1v\u00e9f\u0151z\u00e9si m\u00f3d<\/p>\n<p>A k\u00e1v\u00e9 kifoly\u00f3fej \u00e1ll\u00edthat\u00f3 a cs\u00e9sze nagys\u00e1g\u00e1hoz<\/p>\n<p>3 f\u00e9le programozhat\u00f3 k\u00e1v\u00e9hossz\u00fas\u00e1g<\/p>\n<p>Forg\u00f3 talp<\/p>\n<p>6 H\u00d3NAP GARANCI\u00c1T V\u00c1LLALUNK A FEL\u00daJ\u00cdTOTT G\u00c9PEINKRE,<\/p>","protected":false},"featured_media":5466,"template":"","meta":[],"product_brand":[],"product_cat":[223,235,224,250],"product_tag":[],"class_list":{"0":"post-5468","1":"product","2":"type-product","3":"status-publish","4":"has-post-thumbnail","6":"product_cat-kezdolap","7":"product_cat-hasznalt-kavefozok","8":"product_cat-kavefozok","9":"product_cat-saeco-hasznalt-kavefozok","11":"first","12":"instock","13":"taxable","14":"shipping-taxable","15":"purchasable","16":"product-type-simple"},"yoast_head":"<!-- This site is optimized with the Yoast SEO plugin v27.1.1 - https:\/\/yoast.com\/product\/yoast-seo-wordpress\/ -->\n<title>SAECO MAGIC DELUXE - Z\u00e9-P\u00e9 Caf\u00e9 Kft.<\/title>\n<meta name=\"robots\" content=\"index, follow, max-snippet:-1, max-image-preview:large, max-video-preview:-1\" \/>\n<link rel=\"canonical\" href=\"https:\/\/zepecafe-webaruhaz.hu\/hu\/webaruhaz\/saeco-magic-deluxe\/\" \/>\n<meta property=\"og:locale\" content=\"hu_HU\" \/>\n<meta property=\"og:type\" content=\"article\" \/>\n<meta property=\"og:title\" content=\"SAECO MAGIC DELUXE - Z\u00e9-P\u00e9 Caf\u00e9 Kft.\" \/>\n<meta property=\"og:description\" content=\"Teljesen automata k\u00e9sz\u00fcl\u00e9k  K\u00e1v\u00e9k\u00e9sz\u00edt\u00e9s szemes illetve \u0151r\u00f6lt k\u00e1v\u00e9b\u00f3l  Egyszerre k\u00e9t k\u00e1v\u00e9lead\u00e1si funkci\u00f3  Forr\u00f3 v\u00edz adagol\u00e1s tea \u00e9s instant italokhoz  \u0150rl\u00e9s finoms\u00e1g \u00e9s mennyis\u00e9g \u00e1ll\u00edt\u00e1s  Ellen\u0151rz\u0151 funkci\u00f3k (v\u00edz, k\u00e1v\u00e9, k\u00f6zponti egys\u00e9g stb.)  Cs\u00e9szemeleg\u00edt\u0151  El\u0151\u00e1ztat\u00e1sos k\u00e1v\u00e9f\u0151z\u00e9si m\u00f3d  A k\u00e1v\u00e9 kifoly\u00f3fej \u00e1ll\u00edthat\u00f3 a cs\u00e9sze nagys\u00e1g\u00e1hoz  3 f\u00e9le programozhat\u00f3 k\u00e1v\u00e9hossz\u00fas\u00e1g  Forg\u00f3 talp  6 H\u00d3NAP GARANCI\u00c1T V\u00c1LLALUNK A FEL\u00daJ\u00cdTOTT G\u00c9PEINKRE,\" \/>\n<meta property=\"og:url\" content=\"https:\/\/zepecafe-webaruhaz.hu\/hu\/webaruhaz\/saeco-magic-deluxe\/\" \/>\n<meta property=\"og:site_name\" content=\"Z\u00e9-P\u00e9 Caf\u00e9 Kft.\" \/>\n<meta property=\"article:publisher\" content=\"https:\/\/www.facebook.com\/zepecafekft.bekescsaba\" \/>\n<meta property=\"article:modified_time\" content=\"2025-04-03T13:33:07+00:00\" \/>\n<meta property=\"og:image\" content=\"https:\/\/zepecafe-webaruhaz.hu\/wp-content\/uploads\/2020\/11\/164-SAECO-MAGIC-DELUXE.jpg\" \/>\n\t<meta property=\"og:image:width\" content=\"1024\" \/>\n\t<meta property=\"og:image:height\" content=\"683\" \/>\n\t<meta property=\"og:image:type\" content=\"image\/jpeg\" \/>\n<meta name=\"twitter:card\" content=\"summary_large_image\" \/>\n<script type=\"application\/ld+json\" class=\"yoast-schema-graph\">{\"@context\":\"https:\/\/schema.org\",\"@graph\":[{\"@type\":\"WebPage\",\"@id\":\"https:\/\/zepecafe-webaruhaz.hu\/webaruhaz\/saeco-magic-deluxe\/\",\"url\":\"https:\/\/zepecafe-webaruhaz.hu\/webaruhaz\/saeco-magic-deluxe\/\",\"name\":\"SAECO MAGIC DELUXE - Z\u00e9-P\u00e9 Caf\u00e9 Kft.\",\"isPartOf\":{\"@id\":\"http:\/\/zepecafe-webaruhaz.hu\/hu\/#website\"},\"primaryImageOfPage\":{\"@id\":\"https:\/\/zepecafe-webaruhaz.hu\/webaruhaz\/saeco-magic-deluxe\/#primaryimage\"},\"image\":{\"@id\":\"https:\/\/zepecafe-webaruhaz.hu\/webaruhaz\/saeco-magic-deluxe\/#primaryimage\"},\"thumbnailUrl\":\"https:\/\/zepecafe-webaruhaz.hu\/wp-content\/uploads\/2020\/11\/164-SAECO-MAGIC-DELUXE.jpg\",\"datePublished\":\"2020-11-23T15:26:53+00:00\",\"dateModified\":\"2025-04-03T13:33:07+00:00\",\"breadcrumb\":{\"@id\":\"https:\/\/zepecafe-webaruhaz.hu\/webaruhaz\/saeco-magic-deluxe\/#breadcrumb\"},\"inLanguage\":\"hu\",\"potentialAction\":[{\"@type\":\"ReadAction\",\"target\":[\"https:\/\/zepecafe-webaruhaz.hu\/webaruhaz\/saeco-magic-deluxe\/\"]}]},{\"@type\":\"ImageObject\",\"inLanguage\":\"hu\",\"@id\":\"https:\/\/zepecafe-webaruhaz.hu\/webaruhaz\/saeco-magic-deluxe\/#primaryimage\",\"url\":\"https:\/\/zepecafe-webaruhaz.hu\/wp-content\/uploads\/2020\/11\/164-SAECO-MAGIC-DELUXE.jpg\",\"contentUrl\":\"https:\/\/zepecafe-webaruhaz.hu\/wp-content\/uploads\/2020\/11\/164-SAECO-MAGIC-DELUXE.jpg\",\"width\":1024,\"height\":683,\"caption\":\"SAECO MAGIC DELUXE\"},{\"@type\":\"BreadcrumbList\",\"@id\":\"https:\/\/zepecafe-webaruhaz.hu\/webaruhaz\/saeco-magic-deluxe\/#breadcrumb\",\"itemListElement\":[{\"@type\":\"ListItem\",\"position\":1,\"name\":\"Kezd\u0151lap\",\"item\":\"https:\/\/zepecafe-webaruhaz.hu\/hu\/\"},{\"@type\":\"ListItem\",\"position\":2,\"name\":\"Shop\",\"item\":\"https:\/\/zepecafe-webaruhaz.hu\/hu\/shop-2\/\"},{\"@type\":\"ListItem\",\"position\":3,\"name\":\"SAECO MAGIC DELUXE\"}]},{\"@type\":\"WebSite\",\"@id\":\"http:\/\/zepecafe-webaruhaz.hu\/hu\/#website\",\"url\":\"http:\/\/zepecafe-webaruhaz.hu\/hu\/\",\"name\":\"Z\u00e9-P\u00e9 Caf\u00e9 Kft.\",\"description\":\"T\u00e1rsas\u00e1gunk, a Z\u00c9-P\u00c9 Caf\u00e9 Kft., mely 1998 \u00f3ta m\u0171k\u00f6dik, t\u00f6bbs\u00e9g\u00e9ben Olaszorsz\u00e1gb\u00f3l import\u00e1lt, friss ki\u0151rl\u00e9s\u0171 k\u00e1v\u00e9t lef\u0151z\u0151 automata g\u00e9pek forgalmaz\u00e1s\u00e1val \u00e9s b\u00e9rbead\u00e1s\u00e1val foglalkozik.\",\"publisher\":{\"@id\":\"http:\/\/zepecafe-webaruhaz.hu\/hu\/#organization\"},\"potentialAction\":[{\"@type\":\"SearchAction\",\"target\":{\"@type\":\"EntryPoint\",\"urlTemplate\":\"http:\/\/zepecafe-webaruhaz.hu\/hu\/?s={search_term_string}\"},\"query-input\":{\"@type\":\"PropertyValueSpecification\",\"valueRequired\":true,\"valueName\":\"search_term_string\"}}],\"inLanguage\":\"hu\"},{\"@type\":\"Organization\",\"@id\":\"http:\/\/zepecafe-webaruhaz.hu\/hu\/#organization\",\"name\":\"Z\u00e9-P\u00e9 Caf\u00e9 Kft.\",\"url\":\"http:\/\/zepecafe-webaruhaz.hu\/hu\/\",\"logo\":{\"@type\":\"ImageObject\",\"inLanguage\":\"hu\",\"@id\":\"http:\/\/zepecafe-webaruhaz.hu\/hu\/#\/schema\/logo\/image\/\",\"url\":\"https:\/\/zepecafe-webaruhaz.hu\/wp-content\/uploads\/2025\/01\/logouj.png\",\"contentUrl\":\"https:\/\/zepecafe-webaruhaz.hu\/wp-content\/uploads\/2025\/01\/logouj.png\",\"width\":300,\"height\":300,\"caption\":\"Z\u00e9-P\u00e9 Caf\u00e9 Kft.\"},\"image\":{\"@id\":\"http:\/\/zepecafe-webaruhaz.hu\/hu\/#\/schema\/logo\/image\/\"},\"sameAs\":[\"https:\/\/www.facebook.com\/zepecafekft.bekescsaba\"]}]}<\/script>\n<!-- \/ Yoast SEO plugin. -->","yoast_head_json":{"title":"SAECO MAGIC DELUXE - Z\u00e9-P\u00e9 Caf\u00e9 Kft.","robots":{"index":"index","follow":"follow","max-snippet":"max-snippet:-1","max-image-preview":"max-image-preview:large","max-video-preview":"max-video-preview:-1"},"canonical":"https:\/\/zepecafe-webaruhaz.hu\/hu\/webaruhaz\/saeco-magic-deluxe\/","og_locale":"hu_HU","og_type":"article","og_title":"SAECO MAGIC DELUXE - Z\u00e9-P\u00e9 Caf\u00e9 Kft.","og_description":"Teljesen automata k\u00e9sz\u00fcl\u00e9k  K\u00e1v\u00e9k\u00e9sz\u00edt\u00e9s szemes illetve \u0151r\u00f6lt k\u00e1v\u00e9b\u00f3l  Egyszerre k\u00e9t k\u00e1v\u00e9lead\u00e1si funkci\u00f3  Forr\u00f3 v\u00edz adagol\u00e1s tea \u00e9s instant italokhoz  \u0150rl\u00e9s finoms\u00e1g \u00e9s mennyis\u00e9g \u00e1ll\u00edt\u00e1s  Ellen\u0151rz\u0151 funkci\u00f3k (v\u00edz, k\u00e1v\u00e9, k\u00f6zponti egys\u00e9g stb.)  Cs\u00e9szemeleg\u00edt\u0151  El\u0151\u00e1ztat\u00e1sos k\u00e1v\u00e9f\u0151z\u00e9si m\u00f3d  A k\u00e1v\u00e9 kifoly\u00f3fej \u00e1ll\u00edthat\u00f3 a cs\u00e9sze nagys\u00e1g\u00e1hoz  3 f\u00e9le programozhat\u00f3 k\u00e1v\u00e9hossz\u00fas\u00e1g  Forg\u00f3 talp  6 H\u00d3NAP GARANCI\u00c1T V\u00c1LLALUNK A FEL\u00daJ\u00cdTOTT G\u00c9PEINKRE,","og_url":"https:\/\/zepecafe-webaruhaz.hu\/hu\/webaruhaz\/saeco-magic-deluxe\/","og_site_name":"Z\u00e9-P\u00e9 Caf\u00e9 Kft.","article_publisher":"https:\/\/www.facebook.com\/zepecafekft.bekescsaba","article_modified_time":"2025-04-03T13:33:07+00:00","og_image":[{"width":1024,"height":683,"url":"https:\/\/zepecafe-webaruhaz.hu\/wp-content\/uploads\/2020\/11\/164-SAECO-MAGIC-DELUXE.jpg","type":"image\/jpeg"}],"twitter_card":"summary_large_image","schema":{"@context":"https:\/\/schema.org","@graph":[{"@type":"WebPage","@id":"https:\/\/zepecafe-webaruhaz.hu\/webaruhaz\/saeco-magic-deluxe\/","url":"https:\/\/zepecafe-webaruhaz.hu\/webaruhaz\/saeco-magic-deluxe\/","name":"SAECO MAGIC DELUXE - Z\u00e9-P\u00e9 Caf\u00e9 Kft.","isPartOf":{"@id":"http:\/\/zepecafe-webaruhaz.hu\/hu\/#website"},"primaryImageOfPage":{"@id":"https:\/\/zepecafe-webaruhaz.hu\/webaruhaz\/saeco-magic-deluxe\/#primaryimage"},"image":{"@id":"https:\/\/zepecafe-webaruhaz.hu\/webaruhaz\/saeco-magic-deluxe\/#primaryimage"},"thumbnailUrl":"https:\/\/zepecafe-webaruhaz.hu\/wp-content\/uploads\/2020\/11\/164-SAECO-MAGIC-DELUXE.jpg","datePublished":"2020-11-23T15:26:53+00:00","dateModified":"2025-04-03T13:33:07+00:00","breadcrumb":{"@id":"https:\/\/zepecafe-webaruhaz.hu\/webaruhaz\/saeco-magic-deluxe\/#breadcrumb"},"inLanguage":"hu","potentialAction":[{"@type":"ReadAction","target":["https:\/\/zepecafe-webaruhaz.hu\/webaruhaz\/saeco-magic-deluxe\/"]}]},{"@type":"ImageObject","inLanguage":"hu","@id":"https:\/\/zepecafe-webaruhaz.hu\/webaruhaz\/saeco-magic-deluxe\/#primaryimage","url":"https:\/\/zepecafe-webaruhaz.hu\/wp-content\/uploads\/2020\/11\/164-SAECO-MAGIC-DELUXE.jpg","contentUrl":"https:\/\/zepecafe-webaruhaz.hu\/wp-content\/uploads\/2020\/11\/164-SAECO-MAGIC-DELUXE.jpg","width":1024,"height":683,"caption":"SAECO MAGIC DELUXE"},{"@type":"BreadcrumbList","@id":"https:\/\/zepecafe-webaruhaz.hu\/webaruhaz\/saeco-magic-deluxe\/#breadcrumb","itemListElement":[{"@type":"ListItem","position":1,"name":"Kezd\u0151lap","item":"https:\/\/zepecafe-webaruhaz.hu\/hu\/"},{"@type":"ListItem","position":2,"name":"Shop","item":"https:\/\/zepecafe-webaruhaz.hu\/hu\/shop-2\/"},{"@type":"ListItem","position":3,"name":"SAECO MAGIC DELUXE"}]},{"@type":"WebSite","@id":"http:\/\/zepecafe-webaruhaz.hu\/hu\/#website","url":"http:\/\/zepecafe-webaruhaz.hu\/hu\/","name":"Z\u00e9-P\u00e9 Caf\u00e9 Kft.","description":"T\u00e1rsas\u00e1gunk, a Z\u00c9-P\u00c9 Caf\u00e9 Kft., mely 1998 \u00f3ta m\u0171k\u00f6dik, t\u00f6bbs\u00e9g\u00e9ben Olaszorsz\u00e1gb\u00f3l import\u00e1lt, friss ki\u0151rl\u00e9s\u0171 k\u00e1v\u00e9t lef\u0151z\u0151 automata g\u00e9pek forgalmaz\u00e1s\u00e1val \u00e9s b\u00e9rbead\u00e1s\u00e1val foglalkozik.","publisher":{"@id":"http:\/\/zepecafe-webaruhaz.hu\/hu\/#organization"},"potentialAction":[{"@type":"SearchAction","target":{"@type":"EntryPoint","urlTemplate":"http:\/\/zepecafe-webaruhaz.hu\/hu\/?s={search_term_string}"},"query-input":{"@type":"PropertyValueSpecification","valueRequired":true,"valueName":"search_term_string"}}],"inLanguage":"hu"},{"@type":"Organization","@id":"http:\/\/zepecafe-webaruhaz.hu\/hu\/#organization","name":"Z\u00e9-P\u00e9 Caf\u00e9 Kft.","url":"http:\/\/zepecafe-webaruhaz.hu\/hu\/","logo":{"@type":"ImageObject","inLanguage":"hu","@id":"http:\/\/zepecafe-webaruhaz.hu\/hu\/#\/schema\/logo\/image\/","url":"https:\/\/zepecafe-webaruhaz.hu\/wp-content\/uploads\/2025\/01\/logouj.png","contentUrl":"https:\/\/zepecafe-webaruhaz.hu\/wp-content\/uploads\/2025\/01\/logouj.png","width":300,"height":300,"caption":"Z\u00e9-P\u00e9 Caf\u00e9 Kft."},"image":{"@id":"http:\/\/zepecafe-webaruhaz.hu\/hu\/#\/schema\/logo\/image\/"},"sameAs":["https:\/\/www.facebook.com\/zepecafekft.bekescsaba"]}]}},"_links":{"self":[{"href":"https:\/\/zepecafe-webaruhaz.hu\/hu\/wp-json\/wp\/v2\/product\/5468","targetHints":{"allow":["GET"]}}],"collection":[{"href":"https:\/\/zepecafe-webaruhaz.hu\/hu\/wp-json\/wp\/v2\/product"}],"about":[{"href":"https:\/\/zepecafe-webaruhaz.hu\/hu\/wp-json\/wp\/v2\/types\/product"}],"wp:featuredmedia":[{"embeddable":true,"href":"https:\/\/zepecafe-webaruhaz.hu\/hu\/wp-json\/wp\/v2\/media\/5466"}],"wp:attachment":[{"href":"https:\/\/zepecafe-webaruhaz.hu\/hu\/wp-json\/wp\/v2\/media?parent=5468"}],"wp:term":[{"taxonomy":"product_brand","embeddable":true,"href":"https:\/\/zepecafe-webaruhaz.hu\/hu\/wp-json\/wp\/v2\/product_brand?post=5468"},{"taxonomy":"product_cat","embeddable":true,"href":"https:\/\/zepecafe-webaruhaz.hu\/hu\/wp-json\/wp\/v2\/product_cat?post=5468"},{"taxonomy":"product_tag","embeddable":true,"href":"https:\/\/zepecafe-webaruhaz.hu\/hu\/wp-json\/wp\/v2\/product_tag?post=5468"}],"curies":[{"name":"wp","href":"https:\/\/api.w.org\/{rel}","templated":true}]}}