{"id":5486,"date":"2020-11-24T17:23:02","date_gmt":"2020-11-24T17:23:02","guid":{"rendered":"https:\/\/zepecafe-webaruhaz.hu\/index.php\/product\/saeco-cap002b\/"},"modified":"2025-07-28T07:53:59","modified_gmt":"2025-07-28T07:53:59","slug":"saeco-cap002b","status":"publish","type":"product","link":"https:\/\/zepecafe-webaruhaz.hu\/hu\/webaruhaz\/saeco-cap002b\/","title":{"rendered":"SAECO CAP002B"},"content":{"rendered":"<table style=\"border-collapse: collapse; width: 272pt;\" border=\"0\" width=\"362\" cellspacing=\"0\" cellpadding=\"0\">\n<colgroup>\n<col style=\"width: 272pt;\" width=\"362\" \/><\/colgroup>\n<tbody>\n<tr style=\"height: 15pt;\">\n<td class=\"xl25\" style=\"height: 15pt; width: 272pt;\" width=\"362\" height=\"20\">Technikai adatok :<\/td>\n<\/tr>\n<tr style=\"height: 14.25pt;\">\n<td class=\"xl24\" style=\"height: 14.25pt;\" height=\"19\">Kapacit\u00e1s: 100 pressz\u00f3k\u00e1v\u00e9 adag \/ \u00f3ra<\/td>\n<\/tr>\n<tr style=\"height: 14.25pt;\">\n<td class=\"xl24\" style=\"height: 14.25pt;\" height=\"19\">Zaccfi\u00f3k befogad\u00f3k\u00e9pss\u00e9g: 100 adag<\/td>\n<\/tr>\n<tr style=\"height: 14.25pt;\">\n<td class=\"xl24\" style=\"height: 14.25pt;\" height=\"19\">M\u00e9ret \u00e9s t\u00f6meg:<\/td>\n<\/tr>\n<tr style=\"height: 14.25pt;\">\n<td class=\"xl24\" style=\"height: 14.25pt;\" height=\"19\">51 cm sz\u00e9less\u00e9g<\/td>\n<\/tr>\n<tr style=\"height: 14.25pt;\">\n<td class=\"xl24\" style=\"height: 14.25pt;\" height=\"19\">54 cm m\u00e9lys\u00e9g<\/td>\n<\/tr>\n<tr style=\"height: 15pt;\">\n<td class=\"xl24\" style=\"height: 15pt;\" height=\"20\">70 cm magass\u00e1g<\/td>\n<\/tr>\n<tr style=\"height: 15pt;\">\n<td class=\"xl24\" style=\"height: 15pt;\" height=\"20\">60 kg \u00fcres \u00e1llapotban<\/td>\n<\/tr>\n<tr style=\"height: 15pt;\">\n<td class=\"xl24\" style=\"height: 15pt;\" height=\"20\">K\u00e1v\u00e9bab tart\u00e1ly: 2 kg<\/td>\n<\/tr>\n<\/tbody>\n<\/table>","protected":false},"excerpt":{"rendered":"<p>Teljesen automata k\u00e9sz\u00fcl\u00e9k.<\/p>\n<p>Egyszerre k\u00e9t k\u00e1v\u00e9lead\u00e1si funkci\u00f3.<\/p>\n<p>Programozhat\u00f3 k\u00e1v\u00e9italok.<\/p>\n<p>K\u00e1v\u00e9k\u00e9sz\u00edt\u00e9s szemes, illetve \u0151r\u00f6lt k\u00e1v\u00e9b\u00f3l.<\/p>\n<p>Elektronikus vez\u00e9rl\u00e9ssel ell\u00e1tott.<\/p>\n<p>Digit\u00e1lis kijelz\u0151, be\u00e9p\u00edtett sz\u00e1ml\u00e1l\u00f3.<\/p>\n<p>\u0150rl\u00e9s finoms\u00e1g \u00e9s mennyis\u00e9g \u00e1ll\u00edt\u00e1s.<\/p>\n<p>Automatikus v\u00edzk\u0151telen\u00edt\u0151 program.<\/p>\n<p>El\u0151forr\u00e1z\u00f3 funkci\u00f3 az \u00edz\u00e9lm\u00e9ny fokoz\u00e1s\u00e1\u00e9rt.<\/p>\n<p>Energiatakar\u00e9kos \u00fczemm\u00f3d.<\/p>\n<p>6 H\u00d3NAP GARANCI\u00c1T V\u00c1LLALUNK A FEL\u00daJ\u00cdTOTT G\u00c9PEINKRE,<\/p>","protected":false},"featured_media":5483,"template":"","meta":[],"product_brand":[],"product_cat":[223,235,224,250],"product_tag":[],"class_list":{"0":"post-5486","1":"product","2":"type-product","3":"status-publish","4":"has-post-thumbnail","6":"product_cat-kezdolap","7":"product_cat-hasznalt-kavefozok","8":"product_cat-kavefozok","9":"product_cat-saeco-hasznalt-kavefozok","11":"first","12":"instock","13":"taxable","14":"shipping-taxable","15":"purchasable","16":"product-type-simple"},"yoast_head":"<!-- This site is optimized with the Yoast SEO plugin v27.1.1 - https:\/\/yoast.com\/product\/yoast-seo-wordpress\/ -->\n<title>SAECO CAP002B - Z\u00e9-P\u00e9 Caf\u00e9 Kft.<\/title>\n<meta name=\"robots\" content=\"index, follow, max-snippet:-1, max-image-preview:large, max-video-preview:-1\" \/>\n<link rel=\"canonical\" href=\"https:\/\/zepecafe-webaruhaz.hu\/hu\/webaruhaz\/saeco-cap002b\/\" \/>\n<meta property=\"og:locale\" content=\"hu_HU\" \/>\n<meta property=\"og:type\" content=\"article\" \/>\n<meta property=\"og:title\" content=\"SAECO CAP002B - Z\u00e9-P\u00e9 Caf\u00e9 Kft.\" \/>\n<meta property=\"og:description\" content=\"Teljesen automata k\u00e9sz\u00fcl\u00e9k.  Egyszerre k\u00e9t k\u00e1v\u00e9lead\u00e1si funkci\u00f3.  Programozhat\u00f3 k\u00e1v\u00e9italok.  K\u00e1v\u00e9k\u00e9sz\u00edt\u00e9s szemes, illetve \u0151r\u00f6lt k\u00e1v\u00e9b\u00f3l.  Elektronikus vez\u00e9rl\u00e9ssel ell\u00e1tott.  Digit\u00e1lis kijelz\u0151, be\u00e9p\u00edtett sz\u00e1ml\u00e1l\u00f3.  \u0150rl\u00e9s finoms\u00e1g \u00e9s mennyis\u00e9g \u00e1ll\u00edt\u00e1s.  Automatikus v\u00edzk\u0151telen\u00edt\u0151 program.  El\u0151forr\u00e1z\u00f3 funkci\u00f3 az \u00edz\u00e9lm\u00e9ny fokoz\u00e1s\u00e1\u00e9rt.  Energiatakar\u00e9kos \u00fczemm\u00f3d.  6 H\u00d3NAP GARANCI\u00c1T V\u00c1LLALUNK A FEL\u00daJ\u00cdTOTT G\u00c9PEINKRE,\" \/>\n<meta property=\"og:url\" content=\"https:\/\/zepecafe-webaruhaz.hu\/hu\/webaruhaz\/saeco-cap002b\/\" \/>\n<meta property=\"og:site_name\" content=\"Z\u00e9-P\u00e9 Caf\u00e9 Kft.\" \/>\n<meta property=\"article:publisher\" content=\"https:\/\/www.facebook.com\/zepecafekft.bekescsaba\" \/>\n<meta property=\"article:modified_time\" content=\"2025-07-28T07:53:59+00:00\" \/>\n<meta property=\"og:image\" content=\"https:\/\/zepecafe-webaruhaz.hu\/wp-content\/uploads\/2020\/11\/241-SAECO-CAP002B.jpg\" \/>\n\t<meta property=\"og:image:width\" content=\"1024\" \/>\n\t<meta property=\"og:image:height\" content=\"683\" \/>\n\t<meta property=\"og:image:type\" content=\"image\/jpeg\" \/>\n<meta name=\"twitter:card\" content=\"summary_large_image\" \/>\n<script type=\"application\/ld+json\" class=\"yoast-schema-graph\">{\"@context\":\"https:\/\/schema.org\",\"@graph\":[{\"@type\":\"WebPage\",\"@id\":\"https:\/\/zepecafe-webaruhaz.hu\/hu\/webaruhaz\/saeco-cap002b\/\",\"url\":\"https:\/\/zepecafe-webaruhaz.hu\/hu\/webaruhaz\/saeco-cap002b\/\",\"name\":\"SAECO CAP002B - Z\u00e9-P\u00e9 Caf\u00e9 Kft.\",\"isPartOf\":{\"@id\":\"http:\/\/zepecafe-webaruhaz.hu\/hu\/#website\"},\"primaryImageOfPage\":{\"@id\":\"https:\/\/zepecafe-webaruhaz.hu\/hu\/webaruhaz\/saeco-cap002b\/#primaryimage\"},\"image\":{\"@id\":\"https:\/\/zepecafe-webaruhaz.hu\/hu\/webaruhaz\/saeco-cap002b\/#primaryimage\"},\"thumbnailUrl\":\"https:\/\/zepecafe-webaruhaz.hu\/wp-content\/uploads\/2020\/11\/241-SAECO-CAP002B.jpg\",\"datePublished\":\"2020-11-24T17:23:02+00:00\",\"dateModified\":\"2025-07-28T07:53:59+00:00\",\"breadcrumb\":{\"@id\":\"https:\/\/zepecafe-webaruhaz.hu\/hu\/webaruhaz\/saeco-cap002b\/#breadcrumb\"},\"inLanguage\":\"hu\",\"potentialAction\":[{\"@type\":\"ReadAction\",\"target\":[\"https:\/\/zepecafe-webaruhaz.hu\/hu\/webaruhaz\/saeco-cap002b\/\"]}]},{\"@type\":\"ImageObject\",\"inLanguage\":\"hu\",\"@id\":\"https:\/\/zepecafe-webaruhaz.hu\/hu\/webaruhaz\/saeco-cap002b\/#primaryimage\",\"url\":\"https:\/\/zepecafe-webaruhaz.hu\/wp-content\/uploads\/2020\/11\/241-SAECO-CAP002B.jpg\",\"contentUrl\":\"https:\/\/zepecafe-webaruhaz.hu\/wp-content\/uploads\/2020\/11\/241-SAECO-CAP002B.jpg\",\"width\":1024,\"height\":683,\"caption\":\"SAECO CAP002B\"},{\"@type\":\"BreadcrumbList\",\"@id\":\"https:\/\/zepecafe-webaruhaz.hu\/hu\/webaruhaz\/saeco-cap002b\/#breadcrumb\",\"itemListElement\":[{\"@type\":\"ListItem\",\"position\":1,\"name\":\"Kezd\u0151lap\",\"item\":\"https:\/\/zepecafe-webaruhaz.hu\/hu\/\"},{\"@type\":\"ListItem\",\"position\":2,\"name\":\"Shop\",\"item\":\"https:\/\/zepecafe-webaruhaz.hu\/hu\/shop-2\/\"},{\"@type\":\"ListItem\",\"position\":3,\"name\":\"SAECO CAP002B\"}]},{\"@type\":\"WebSite\",\"@id\":\"http:\/\/zepecafe-webaruhaz.hu\/hu\/#website\",\"url\":\"http:\/\/zepecafe-webaruhaz.hu\/hu\/\",\"name\":\"Z\u00e9-P\u00e9 Caf\u00e9 Kft.\",\"description\":\"T\u00e1rsas\u00e1gunk, a Z\u00c9-P\u00c9 Caf\u00e9 Kft., mely 1998 \u00f3ta m\u0171k\u00f6dik, t\u00f6bbs\u00e9g\u00e9ben Olaszorsz\u00e1gb\u00f3l import\u00e1lt, friss ki\u0151rl\u00e9s\u0171 k\u00e1v\u00e9t lef\u0151z\u0151 automata g\u00e9pek forgalmaz\u00e1s\u00e1val \u00e9s b\u00e9rbead\u00e1s\u00e1val foglalkozik.\",\"publisher\":{\"@id\":\"http:\/\/zepecafe-webaruhaz.hu\/hu\/#organization\"},\"potentialAction\":[{\"@type\":\"SearchAction\",\"target\":{\"@type\":\"EntryPoint\",\"urlTemplate\":\"http:\/\/zepecafe-webaruhaz.hu\/hu\/?s={search_term_string}\"},\"query-input\":{\"@type\":\"PropertyValueSpecification\",\"valueRequired\":true,\"valueName\":\"search_term_string\"}}],\"inLanguage\":\"hu\"},{\"@type\":\"Organization\",\"@id\":\"http:\/\/zepecafe-webaruhaz.hu\/hu\/#organization\",\"name\":\"Z\u00e9-P\u00e9 Caf\u00e9 Kft.\",\"url\":\"http:\/\/zepecafe-webaruhaz.hu\/hu\/\",\"logo\":{\"@type\":\"ImageObject\",\"inLanguage\":\"hu\",\"@id\":\"http:\/\/zepecafe-webaruhaz.hu\/hu\/#\/schema\/logo\/image\/\",\"url\":\"https:\/\/zepecafe-webaruhaz.hu\/wp-content\/uploads\/2025\/01\/logouj.png\",\"contentUrl\":\"https:\/\/zepecafe-webaruhaz.hu\/wp-content\/uploads\/2025\/01\/logouj.png\",\"width\":300,\"height\":300,\"caption\":\"Z\u00e9-P\u00e9 Caf\u00e9 Kft.\"},\"image\":{\"@id\":\"http:\/\/zepecafe-webaruhaz.hu\/hu\/#\/schema\/logo\/image\/\"},\"sameAs\":[\"https:\/\/www.facebook.com\/zepecafekft.bekescsaba\"]}]}<\/script>\n<!-- \/ Yoast SEO plugin. -->","yoast_head_json":{"title":"SAECO CAP002B - Z\u00e9-P\u00e9 Caf\u00e9 Kft.","robots":{"index":"index","follow":"follow","max-snippet":"max-snippet:-1","max-image-preview":"max-image-preview:large","max-video-preview":"max-video-preview:-1"},"canonical":"https:\/\/zepecafe-webaruhaz.hu\/hu\/webaruhaz\/saeco-cap002b\/","og_locale":"hu_HU","og_type":"article","og_title":"SAECO CAP002B - Z\u00e9-P\u00e9 Caf\u00e9 Kft.","og_description":"Teljesen automata k\u00e9sz\u00fcl\u00e9k.  Egyszerre k\u00e9t k\u00e1v\u00e9lead\u00e1si funkci\u00f3.  Programozhat\u00f3 k\u00e1v\u00e9italok.  K\u00e1v\u00e9k\u00e9sz\u00edt\u00e9s szemes, illetve \u0151r\u00f6lt k\u00e1v\u00e9b\u00f3l.  Elektronikus vez\u00e9rl\u00e9ssel ell\u00e1tott.  Digit\u00e1lis kijelz\u0151, be\u00e9p\u00edtett sz\u00e1ml\u00e1l\u00f3.  \u0150rl\u00e9s finoms\u00e1g \u00e9s mennyis\u00e9g \u00e1ll\u00edt\u00e1s.  Automatikus v\u00edzk\u0151telen\u00edt\u0151 program.  El\u0151forr\u00e1z\u00f3 funkci\u00f3 az \u00edz\u00e9lm\u00e9ny fokoz\u00e1s\u00e1\u00e9rt.  Energiatakar\u00e9kos \u00fczemm\u00f3d.  6 H\u00d3NAP GARANCI\u00c1T V\u00c1LLALUNK A FEL\u00daJ\u00cdTOTT G\u00c9PEINKRE,","og_url":"https:\/\/zepecafe-webaruhaz.hu\/hu\/webaruhaz\/saeco-cap002b\/","og_site_name":"Z\u00e9-P\u00e9 Caf\u00e9 Kft.","article_publisher":"https:\/\/www.facebook.com\/zepecafekft.bekescsaba","article_modified_time":"2025-07-28T07:53:59+00:00","og_image":[{"width":1024,"height":683,"url":"https:\/\/zepecafe-webaruhaz.hu\/wp-content\/uploads\/2020\/11\/241-SAECO-CAP002B.jpg","type":"image\/jpeg"}],"twitter_card":"summary_large_image","schema":{"@context":"https:\/\/schema.org","@graph":[{"@type":"WebPage","@id":"https:\/\/zepecafe-webaruhaz.hu\/hu\/webaruhaz\/saeco-cap002b\/","url":"https:\/\/zepecafe-webaruhaz.hu\/hu\/webaruhaz\/saeco-cap002b\/","name":"SAECO CAP002B - Z\u00e9-P\u00e9 Caf\u00e9 Kft.","isPartOf":{"@id":"http:\/\/zepecafe-webaruhaz.hu\/hu\/#website"},"primaryImageOfPage":{"@id":"https:\/\/zepecafe-webaruhaz.hu\/hu\/webaruhaz\/saeco-cap002b\/#primaryimage"},"image":{"@id":"https:\/\/zepecafe-webaruhaz.hu\/hu\/webaruhaz\/saeco-cap002b\/#primaryimage"},"thumbnailUrl":"https:\/\/zepecafe-webaruhaz.hu\/wp-content\/uploads\/2020\/11\/241-SAECO-CAP002B.jpg","datePublished":"2020-11-24T17:23:02+00:00","dateModified":"2025-07-28T07:53:59+00:00","breadcrumb":{"@id":"https:\/\/zepecafe-webaruhaz.hu\/hu\/webaruhaz\/saeco-cap002b\/#breadcrumb"},"inLanguage":"hu","potentialAction":[{"@type":"ReadAction","target":["https:\/\/zepecafe-webaruhaz.hu\/hu\/webaruhaz\/saeco-cap002b\/"]}]},{"@type":"ImageObject","inLanguage":"hu","@id":"https:\/\/zepecafe-webaruhaz.hu\/hu\/webaruhaz\/saeco-cap002b\/#primaryimage","url":"https:\/\/zepecafe-webaruhaz.hu\/wp-content\/uploads\/2020\/11\/241-SAECO-CAP002B.jpg","contentUrl":"https:\/\/zepecafe-webaruhaz.hu\/wp-content\/uploads\/2020\/11\/241-SAECO-CAP002B.jpg","width":1024,"height":683,"caption":"SAECO CAP002B"},{"@type":"BreadcrumbList","@id":"https:\/\/zepecafe-webaruhaz.hu\/hu\/webaruhaz\/saeco-cap002b\/#breadcrumb","itemListElement":[{"@type":"ListItem","position":1,"name":"Kezd\u0151lap","item":"https:\/\/zepecafe-webaruhaz.hu\/hu\/"},{"@type":"ListItem","position":2,"name":"Shop","item":"https:\/\/zepecafe-webaruhaz.hu\/hu\/shop-2\/"},{"@type":"ListItem","position":3,"name":"SAECO CAP002B"}]},{"@type":"WebSite","@id":"http:\/\/zepecafe-webaruhaz.hu\/hu\/#website","url":"http:\/\/zepecafe-webaruhaz.hu\/hu\/","name":"Z\u00e9-P\u00e9 Caf\u00e9 Kft.","description":"T\u00e1rsas\u00e1gunk, a Z\u00c9-P\u00c9 Caf\u00e9 Kft., mely 1998 \u00f3ta m\u0171k\u00f6dik, t\u00f6bbs\u00e9g\u00e9ben Olaszorsz\u00e1gb\u00f3l import\u00e1lt, friss ki\u0151rl\u00e9s\u0171 k\u00e1v\u00e9t lef\u0151z\u0151 automata g\u00e9pek forgalmaz\u00e1s\u00e1val \u00e9s b\u00e9rbead\u00e1s\u00e1val foglalkozik.","publisher":{"@id":"http:\/\/zepecafe-webaruhaz.hu\/hu\/#organization"},"potentialAction":[{"@type":"SearchAction","target":{"@type":"EntryPoint","urlTemplate":"http:\/\/zepecafe-webaruhaz.hu\/hu\/?s={search_term_string}"},"query-input":{"@type":"PropertyValueSpecification","valueRequired":true,"valueName":"search_term_string"}}],"inLanguage":"hu"},{"@type":"Organization","@id":"http:\/\/zepecafe-webaruhaz.hu\/hu\/#organization","name":"Z\u00e9-P\u00e9 Caf\u00e9 Kft.","url":"http:\/\/zepecafe-webaruhaz.hu\/hu\/","logo":{"@type":"ImageObject","inLanguage":"hu","@id":"http:\/\/zepecafe-webaruhaz.hu\/hu\/#\/schema\/logo\/image\/","url":"https:\/\/zepecafe-webaruhaz.hu\/wp-content\/uploads\/2025\/01\/logouj.png","contentUrl":"https:\/\/zepecafe-webaruhaz.hu\/wp-content\/uploads\/2025\/01\/logouj.png","width":300,"height":300,"caption":"Z\u00e9-P\u00e9 Caf\u00e9 Kft."},"image":{"@id":"http:\/\/zepecafe-webaruhaz.hu\/hu\/#\/schema\/logo\/image\/"},"sameAs":["https:\/\/www.facebook.com\/zepecafekft.bekescsaba"]}]}},"_links":{"self":[{"href":"https:\/\/zepecafe-webaruhaz.hu\/hu\/wp-json\/wp\/v2\/product\/5486","targetHints":{"allow":["GET"]}}],"collection":[{"href":"https:\/\/zepecafe-webaruhaz.hu\/hu\/wp-json\/wp\/v2\/product"}],"about":[{"href":"https:\/\/zepecafe-webaruhaz.hu\/hu\/wp-json\/wp\/v2\/types\/product"}],"wp:featuredmedia":[{"embeddable":true,"href":"https:\/\/zepecafe-webaruhaz.hu\/hu\/wp-json\/wp\/v2\/media\/5483"}],"wp:attachment":[{"href":"https:\/\/zepecafe-webaruhaz.hu\/hu\/wp-json\/wp\/v2\/media?parent=5486"}],"wp:term":[{"taxonomy":"product_brand","embeddable":true,"href":"https:\/\/zepecafe-webaruhaz.hu\/hu\/wp-json\/wp\/v2\/product_brand?post=5486"},{"taxonomy":"product_cat","embeddable":true,"href":"https:\/\/zepecafe-webaruhaz.hu\/hu\/wp-json\/wp\/v2\/product_cat?post=5486"},{"taxonomy":"product_tag","embeddable":true,"href":"https:\/\/zepecafe-webaruhaz.hu\/hu\/wp-json\/wp\/v2\/product_tag?post=5486"}],"curies":[{"name":"wp","href":"https:\/\/api.w.org\/{rel}","templated":true}]}}