{"id":5492,"date":"2020-11-24T17:33:12","date_gmt":"2020-11-24T17:33:12","guid":{"rendered":"https:\/\/zepecafe-webaruhaz.hu\/index.php\/product\/saeco-ida-coffee-9gr\/"},"modified":"2025-07-25T09:13:07","modified_gmt":"2025-07-25T09:13:07","slug":"saeco-ida-coffee-9gr","status":"publish","type":"product","link":"https:\/\/zepecafe-webaruhaz.hu\/hu\/webaruhaz\/saeco-ida-coffee-9gr\/","title":{"rendered":"SAECO IDA Coffee 9GR"},"content":{"rendered":"<p><span style=\"color: #333333; font-family: 'Open Sans', sans-serif; font-size: 14px; background-color: #ffffff;\">Bemutat\u00f3 darab (187 k\u00e1v\u00e9)<\/span><\/p>\n<p><span style=\"color: #333333; font-family: 'Open Sans', sans-serif; font-size: 14px; background-color: #ffffff;\">M\u0170SZAKI ADATOK<\/span><\/p>\n<p><span style=\"color: #333333; font-family: 'Open Sans', sans-serif; font-size: 14px; background-color: #ffffff;\">Felhaszn\u00e1lt k\u00e1v\u00e9: 6-9gr.<\/span><\/p>\n<p><span style=\"color: #333333; font-family: 'Open Sans', sans-serif; font-size: 14px; background-color: #ffffff;\">V\u00edzbek\u00f6t\u00e9ses Szemes k\u00e1v\u00e9tart\u00e1ly: 2100g<\/span><\/p>\n<p><span style=\"color: #333333; font-family: 'Open Sans', sans-serif; font-size: 14px; text-align: justify; background-color: #ffffff;\">Kapacit\u00e1s 100 pressz\u00f3k\u00e1v\u00e9 adag\u00f3ra <\/span><\/p>\n<p><span style=\"color: #333333; font-family: 'Open Sans', sans-serif; font-size: 14px; text-align: justify; background-color: #ffffff;\">Sz\u00edn Ez\u00fcst<\/span><\/p>\n<p><span style=\"color: #333333; font-family: 'Open Sans', sans-serif; font-size: 14px; text-align: justify; background-color: #ffffff;\"> S\u00faly 57 kg<\/span><\/p>\n<p><span style=\"color: #333333; font-family: 'Open Sans', sans-serif; font-size: 14px; text-align: justify; background-color: #ffffff;\"> M\u00e9retek 527X540X673 mm<\/span><\/p>\n<p><span style=\"color: #333333; font-family: 'Open Sans', sans-serif; font-size: 14px; text-align: justify; background-color: #ffffff;\"> \u00c1ramfelv\u00e9tel 3250 W (240V)<\/span><\/p>\n<p style=\"text-align: justify;\"><span style=\"color: #333333; font-family: 'Open Sans', sans-serif;\"><span style=\"font-size: 14px; background-color: #ffffff;\">V\u00edzkaz\u00e1n: 1,7 liter<\/span><\/span><\/p>\n<p><span style=\"color: #333333; font-family: 'Open Sans', sans-serif; font-size: 14px; text-align: justify; background-color: #ffffff;\"> Zaccfi\u00f3k befogad\u00f3 k\u00e9pess\u00e9ge: kb 100 adag<\/span><\/p>","protected":false},"excerpt":{"rendered":"<p><span style=\"color: #333333; font-family: 'Open Sans', sans-serif; font-size: 14px; background-color: #ffffff;\">Teljesen automata k\u00e9sz\u00fcl\u00e9k, <\/span><\/p>\n<p><span style=\"color: #333333; font-family: 'Open Sans', sans-serif; font-size: 14px; background-color: #ffffff;\">K\u00e1v\u00e9k\u00e9sz\u00edt\u00e9s szemes illetve \u0151r\u00f6lt k\u00e1v\u00e9b\u00f3l <\/span><\/p>\n<p><span style=\"color: #333333; font-family: 'Open Sans', sans-serif; font-size: 14px; background-color: #ffffff;\">Egyszerre k\u00e9t k\u00e1v\u00e9lead\u00e1si funkci\u00f3<\/span><\/p>\n<p><span style=\"color: #333333; font-family: 'Open Sans', sans-serif; font-size: 14px; background-color: #ffffff;\"> Rozsdamentes csepegtet\u0151 r\u00e1cs<\/span><\/p>\n<p><span style=\"color: #333333; font-family: 'Open Sans', sans-serif; font-size: 14px; background-color: #ffffff;\"> Adagsz\u00e1ml\u00e1l\u00f3 nem null\u00e1zhat\u00f3<\/span><\/p>\n<p><span style=\"color: #333333; font-family: 'Open Sans', sans-serif; font-size: 14px; background-color: #ffffff;\"> Cs\u00e9szemeleg\u00edt\u0151 <\/span><\/p>\n<p><span style=\"color: #333333; font-family: 'Open Sans', sans-serif; font-size: 14px; background-color: #ffffff;\">El\u0151\u00e1ztat\u00e1sos k\u00e1v\u00e9f\u0151z\u00e9si m\u00f3d<\/span><\/p>\n<p><span style=\"color: #333333; font-family: 'Open Sans', sans-serif; font-size: 14px; background-color: #ffffff;\"> \u00c1ll\u00edthat\u00f3 \u0151rl\u00e9s mennyis\u00e9g<\/span><\/p>\n<p><span style=\"color: #333333; font-family: 'Open Sans', sans-serif; font-size: 14px; background-color: #ffffff;\"> Ellen\u0151rz\u0151 funkci\u00f3k (v\u00edz, k\u00e1v\u00e9, k\u00f6zponti egys\u00e9g stb. )<\/span><\/p>\n<p><span style=\"color: #333333; font-family: 'Open Sans', sans-serif; font-size: 14px; background-color: #ffffff;\"> A k\u00e1v\u00e9 kifoly\u00f3fej \u00e1ll\u00edthat\u00f3 a cs\u00e9sze nagys\u00e1g\u00e1hoz k\u00e1v\u00e9k\u00e9sz\u00edt\u00e9sn\u00e9l 13 sec alatt 60cm3, 23 sec alatt 120 cm3-t ad le<\/span><\/p>\n<p>12H\u00d3NAP GARANCI\u00c1T V\u00c1LLALUNK G\u00c9PEINKRE<\/p>","protected":false},"featured_media":5490,"template":"","meta":[],"product_brand":[],"product_cat":[223,224,248,234],"product_tag":[],"class_list":{"0":"post-5492","1":"product","2":"type-product","3":"status-publish","4":"has-post-thumbnail","6":"product_cat-kezdolap","7":"product_cat-kavefozok","8":"product_cat-saeco","9":"product_cat-uj-kavefozok","11":"first","12":"instock","13":"taxable","14":"shipping-taxable","15":"purchasable","16":"product-type-simple"},"yoast_head":"<!-- This site is optimized with the Yoast SEO plugin v27.1.1 - https:\/\/yoast.com\/product\/yoast-seo-wordpress\/ -->\n<title>SAECO IDA Coffee 9GR - Z\u00e9-P\u00e9 Caf\u00e9 Kft.<\/title>\n<meta name=\"robots\" content=\"index, follow, max-snippet:-1, max-image-preview:large, max-video-preview:-1\" \/>\n<link rel=\"canonical\" href=\"https:\/\/zepecafe-webaruhaz.hu\/hu\/webaruhaz\/saeco-ida-coffee-9gr\/\" \/>\n<meta property=\"og:locale\" content=\"hu_HU\" \/>\n<meta property=\"og:type\" content=\"article\" \/>\n<meta property=\"og:title\" content=\"SAECO IDA Coffee 9GR - Z\u00e9-P\u00e9 Caf\u00e9 Kft.\" \/>\n<meta property=\"og:description\" content=\"Teljesen automata k\u00e9sz\u00fcl\u00e9k,   K\u00e1v\u00e9k\u00e9sz\u00edt\u00e9s szemes illetve \u0151r\u00f6lt k\u00e1v\u00e9b\u00f3l   Egyszerre k\u00e9t k\u00e1v\u00e9lead\u00e1si funkci\u00f3   Rozsdamentes csepegtet\u0151 r\u00e1cs   Adagsz\u00e1ml\u00e1l\u00f3 nem null\u00e1zhat\u00f3   Cs\u00e9szemeleg\u00edt\u0151   El\u0151\u00e1ztat\u00e1sos k\u00e1v\u00e9f\u0151z\u00e9si m\u00f3d   \u00c1ll\u00edthat\u00f3 \u0151rl\u00e9s mennyis\u00e9g   Ellen\u0151rz\u0151 funkci\u00f3k (v\u00edz, k\u00e1v\u00e9, k\u00f6zponti egys\u00e9g stb. )   A k\u00e1v\u00e9 kifoly\u00f3fej \u00e1ll\u00edthat\u00f3 a cs\u00e9sze nagys\u00e1g\u00e1hoz k\u00e1v\u00e9k\u00e9sz\u00edt\u00e9sn\u00e9l 13 sec alatt 60cm3, 23 sec alatt 120 cm3-t ad le  12H\u00d3NAP GARANCI\u00c1T V\u00c1LLALUNK G\u00c9PEINKRE\" \/>\n<meta property=\"og:url\" content=\"https:\/\/zepecafe-webaruhaz.hu\/hu\/webaruhaz\/saeco-ida-coffee-9gr\/\" \/>\n<meta property=\"og:site_name\" content=\"Z\u00e9-P\u00e9 Caf\u00e9 Kft.\" \/>\n<meta property=\"article:publisher\" content=\"https:\/\/www.facebook.com\/zepecafekft.bekescsaba\" \/>\n<meta property=\"article:modified_time\" content=\"2025-07-25T09:13:07+00:00\" \/>\n<meta property=\"og:image\" content=\"https:\/\/zepecafe-webaruhaz.hu\/wp-content\/uploads\/2020\/11\/319-SAECO-IDA-Coffee-9GR.jpg\" \/>\n\t<meta property=\"og:image:width\" content=\"484\" \/>\n\t<meta property=\"og:image:height\" content=\"596\" \/>\n\t<meta property=\"og:image:type\" content=\"image\/jpeg\" \/>\n<meta name=\"twitter:card\" content=\"summary_large_image\" \/>\n<script type=\"application\/ld+json\" class=\"yoast-schema-graph\">{\"@context\":\"https:\/\/schema.org\",\"@graph\":[{\"@type\":\"WebPage\",\"@id\":\"https:\/\/zepecafe-webaruhaz.hu\/webaruhaz\/saeco-ida-coffee-9gr\/\",\"url\":\"https:\/\/zepecafe-webaruhaz.hu\/webaruhaz\/saeco-ida-coffee-9gr\/\",\"name\":\"SAECO IDA Coffee 9GR - Z\u00e9-P\u00e9 Caf\u00e9 Kft.\",\"isPartOf\":{\"@id\":\"http:\/\/zepecafe-webaruhaz.hu\/hu\/#website\"},\"primaryImageOfPage\":{\"@id\":\"https:\/\/zepecafe-webaruhaz.hu\/webaruhaz\/saeco-ida-coffee-9gr\/#primaryimage\"},\"image\":{\"@id\":\"https:\/\/zepecafe-webaruhaz.hu\/webaruhaz\/saeco-ida-coffee-9gr\/#primaryimage\"},\"thumbnailUrl\":\"https:\/\/zepecafe-webaruhaz.hu\/wp-content\/uploads\/2020\/11\/319-SAECO-IDA-Coffee-9GR.jpg\",\"datePublished\":\"2020-11-24T17:33:12+00:00\",\"dateModified\":\"2025-07-25T09:13:07+00:00\",\"breadcrumb\":{\"@id\":\"https:\/\/zepecafe-webaruhaz.hu\/webaruhaz\/saeco-ida-coffee-9gr\/#breadcrumb\"},\"inLanguage\":\"hu\",\"potentialAction\":[{\"@type\":\"ReadAction\",\"target\":[\"https:\/\/zepecafe-webaruhaz.hu\/webaruhaz\/saeco-ida-coffee-9gr\/\"]}]},{\"@type\":\"ImageObject\",\"inLanguage\":\"hu\",\"@id\":\"https:\/\/zepecafe-webaruhaz.hu\/webaruhaz\/saeco-ida-coffee-9gr\/#primaryimage\",\"url\":\"https:\/\/zepecafe-webaruhaz.hu\/wp-content\/uploads\/2020\/11\/319-SAECO-IDA-Coffee-9GR.jpg\",\"contentUrl\":\"https:\/\/zepecafe-webaruhaz.hu\/wp-content\/uploads\/2020\/11\/319-SAECO-IDA-Coffee-9GR.jpg\",\"width\":484,\"height\":596,\"caption\":\"SAECO IDA Coffee 9GR\"},{\"@type\":\"BreadcrumbList\",\"@id\":\"https:\/\/zepecafe-webaruhaz.hu\/webaruhaz\/saeco-ida-coffee-9gr\/#breadcrumb\",\"itemListElement\":[{\"@type\":\"ListItem\",\"position\":1,\"name\":\"Kezd\u0151lap\",\"item\":\"https:\/\/zepecafe-webaruhaz.hu\/hu\/\"},{\"@type\":\"ListItem\",\"position\":2,\"name\":\"Shop\",\"item\":\"https:\/\/zepecafe-webaruhaz.hu\/hu\/shop-2\/\"},{\"@type\":\"ListItem\",\"position\":3,\"name\":\"SAECO IDA Coffee 9GR\"}]},{\"@type\":\"WebSite\",\"@id\":\"http:\/\/zepecafe-webaruhaz.hu\/hu\/#website\",\"url\":\"http:\/\/zepecafe-webaruhaz.hu\/hu\/\",\"name\":\"Z\u00e9-P\u00e9 Caf\u00e9 Kft.\",\"description\":\"T\u00e1rsas\u00e1gunk, a Z\u00c9-P\u00c9 Caf\u00e9 Kft., mely 1998 \u00f3ta m\u0171k\u00f6dik, t\u00f6bbs\u00e9g\u00e9ben Olaszorsz\u00e1gb\u00f3l import\u00e1lt, friss ki\u0151rl\u00e9s\u0171 k\u00e1v\u00e9t lef\u0151z\u0151 automata g\u00e9pek forgalmaz\u00e1s\u00e1val \u00e9s b\u00e9rbead\u00e1s\u00e1val foglalkozik.\",\"publisher\":{\"@id\":\"http:\/\/zepecafe-webaruhaz.hu\/hu\/#organization\"},\"potentialAction\":[{\"@type\":\"SearchAction\",\"target\":{\"@type\":\"EntryPoint\",\"urlTemplate\":\"http:\/\/zepecafe-webaruhaz.hu\/hu\/?s={search_term_string}\"},\"query-input\":{\"@type\":\"PropertyValueSpecification\",\"valueRequired\":true,\"valueName\":\"search_term_string\"}}],\"inLanguage\":\"hu\"},{\"@type\":\"Organization\",\"@id\":\"http:\/\/zepecafe-webaruhaz.hu\/hu\/#organization\",\"name\":\"Z\u00e9-P\u00e9 Caf\u00e9 Kft.\",\"url\":\"http:\/\/zepecafe-webaruhaz.hu\/hu\/\",\"logo\":{\"@type\":\"ImageObject\",\"inLanguage\":\"hu\",\"@id\":\"http:\/\/zepecafe-webaruhaz.hu\/hu\/#\/schema\/logo\/image\/\",\"url\":\"https:\/\/zepecafe-webaruhaz.hu\/wp-content\/uploads\/2025\/01\/logouj.png\",\"contentUrl\":\"https:\/\/zepecafe-webaruhaz.hu\/wp-content\/uploads\/2025\/01\/logouj.png\",\"width\":300,\"height\":300,\"caption\":\"Z\u00e9-P\u00e9 Caf\u00e9 Kft.\"},\"image\":{\"@id\":\"http:\/\/zepecafe-webaruhaz.hu\/hu\/#\/schema\/logo\/image\/\"},\"sameAs\":[\"https:\/\/www.facebook.com\/zepecafekft.bekescsaba\"]}]}<\/script>\n<!-- \/ Yoast SEO plugin. -->","yoast_head_json":{"title":"SAECO IDA Coffee 9GR - Z\u00e9-P\u00e9 Caf\u00e9 Kft.","robots":{"index":"index","follow":"follow","max-snippet":"max-snippet:-1","max-image-preview":"max-image-preview:large","max-video-preview":"max-video-preview:-1"},"canonical":"https:\/\/zepecafe-webaruhaz.hu\/hu\/webaruhaz\/saeco-ida-coffee-9gr\/","og_locale":"hu_HU","og_type":"article","og_title":"SAECO IDA Coffee 9GR - Z\u00e9-P\u00e9 Caf\u00e9 Kft.","og_description":"Teljesen automata k\u00e9sz\u00fcl\u00e9k,   K\u00e1v\u00e9k\u00e9sz\u00edt\u00e9s szemes illetve \u0151r\u00f6lt k\u00e1v\u00e9b\u00f3l   Egyszerre k\u00e9t k\u00e1v\u00e9lead\u00e1si funkci\u00f3   Rozsdamentes csepegtet\u0151 r\u00e1cs   Adagsz\u00e1ml\u00e1l\u00f3 nem null\u00e1zhat\u00f3   Cs\u00e9szemeleg\u00edt\u0151   El\u0151\u00e1ztat\u00e1sos k\u00e1v\u00e9f\u0151z\u00e9si m\u00f3d   \u00c1ll\u00edthat\u00f3 \u0151rl\u00e9s mennyis\u00e9g   Ellen\u0151rz\u0151 funkci\u00f3k (v\u00edz, k\u00e1v\u00e9, k\u00f6zponti egys\u00e9g stb. )   A k\u00e1v\u00e9 kifoly\u00f3fej \u00e1ll\u00edthat\u00f3 a cs\u00e9sze nagys\u00e1g\u00e1hoz k\u00e1v\u00e9k\u00e9sz\u00edt\u00e9sn\u00e9l 13 sec alatt 60cm3, 23 sec alatt 120 cm3-t ad le  12H\u00d3NAP GARANCI\u00c1T V\u00c1LLALUNK G\u00c9PEINKRE","og_url":"https:\/\/zepecafe-webaruhaz.hu\/hu\/webaruhaz\/saeco-ida-coffee-9gr\/","og_site_name":"Z\u00e9-P\u00e9 Caf\u00e9 Kft.","article_publisher":"https:\/\/www.facebook.com\/zepecafekft.bekescsaba","article_modified_time":"2025-07-25T09:13:07+00:00","og_image":[{"width":484,"height":596,"url":"https:\/\/zepecafe-webaruhaz.hu\/wp-content\/uploads\/2020\/11\/319-SAECO-IDA-Coffee-9GR.jpg","type":"image\/jpeg"}],"twitter_card":"summary_large_image","schema":{"@context":"https:\/\/schema.org","@graph":[{"@type":"WebPage","@id":"https:\/\/zepecafe-webaruhaz.hu\/webaruhaz\/saeco-ida-coffee-9gr\/","url":"https:\/\/zepecafe-webaruhaz.hu\/webaruhaz\/saeco-ida-coffee-9gr\/","name":"SAECO IDA Coffee 9GR - Z\u00e9-P\u00e9 Caf\u00e9 Kft.","isPartOf":{"@id":"http:\/\/zepecafe-webaruhaz.hu\/hu\/#website"},"primaryImageOfPage":{"@id":"https:\/\/zepecafe-webaruhaz.hu\/webaruhaz\/saeco-ida-coffee-9gr\/#primaryimage"},"image":{"@id":"https:\/\/zepecafe-webaruhaz.hu\/webaruhaz\/saeco-ida-coffee-9gr\/#primaryimage"},"thumbnailUrl":"https:\/\/zepecafe-webaruhaz.hu\/wp-content\/uploads\/2020\/11\/319-SAECO-IDA-Coffee-9GR.jpg","datePublished":"2020-11-24T17:33:12+00:00","dateModified":"2025-07-25T09:13:07+00:00","breadcrumb":{"@id":"https:\/\/zepecafe-webaruhaz.hu\/webaruhaz\/saeco-ida-coffee-9gr\/#breadcrumb"},"inLanguage":"hu","potentialAction":[{"@type":"ReadAction","target":["https:\/\/zepecafe-webaruhaz.hu\/webaruhaz\/saeco-ida-coffee-9gr\/"]}]},{"@type":"ImageObject","inLanguage":"hu","@id":"https:\/\/zepecafe-webaruhaz.hu\/webaruhaz\/saeco-ida-coffee-9gr\/#primaryimage","url":"https:\/\/zepecafe-webaruhaz.hu\/wp-content\/uploads\/2020\/11\/319-SAECO-IDA-Coffee-9GR.jpg","contentUrl":"https:\/\/zepecafe-webaruhaz.hu\/wp-content\/uploads\/2020\/11\/319-SAECO-IDA-Coffee-9GR.jpg","width":484,"height":596,"caption":"SAECO IDA Coffee 9GR"},{"@type":"BreadcrumbList","@id":"https:\/\/zepecafe-webaruhaz.hu\/webaruhaz\/saeco-ida-coffee-9gr\/#breadcrumb","itemListElement":[{"@type":"ListItem","position":1,"name":"Kezd\u0151lap","item":"https:\/\/zepecafe-webaruhaz.hu\/hu\/"},{"@type":"ListItem","position":2,"name":"Shop","item":"https:\/\/zepecafe-webaruhaz.hu\/hu\/shop-2\/"},{"@type":"ListItem","position":3,"name":"SAECO IDA Coffee 9GR"}]},{"@type":"WebSite","@id":"http:\/\/zepecafe-webaruhaz.hu\/hu\/#website","url":"http:\/\/zepecafe-webaruhaz.hu\/hu\/","name":"Z\u00e9-P\u00e9 Caf\u00e9 Kft.","description":"T\u00e1rsas\u00e1gunk, a Z\u00c9-P\u00c9 Caf\u00e9 Kft., mely 1998 \u00f3ta m\u0171k\u00f6dik, t\u00f6bbs\u00e9g\u00e9ben Olaszorsz\u00e1gb\u00f3l import\u00e1lt, friss ki\u0151rl\u00e9s\u0171 k\u00e1v\u00e9t lef\u0151z\u0151 automata g\u00e9pek forgalmaz\u00e1s\u00e1val \u00e9s b\u00e9rbead\u00e1s\u00e1val foglalkozik.","publisher":{"@id":"http:\/\/zepecafe-webaruhaz.hu\/hu\/#organization"},"potentialAction":[{"@type":"SearchAction","target":{"@type":"EntryPoint","urlTemplate":"http:\/\/zepecafe-webaruhaz.hu\/hu\/?s={search_term_string}"},"query-input":{"@type":"PropertyValueSpecification","valueRequired":true,"valueName":"search_term_string"}}],"inLanguage":"hu"},{"@type":"Organization","@id":"http:\/\/zepecafe-webaruhaz.hu\/hu\/#organization","name":"Z\u00e9-P\u00e9 Caf\u00e9 Kft.","url":"http:\/\/zepecafe-webaruhaz.hu\/hu\/","logo":{"@type":"ImageObject","inLanguage":"hu","@id":"http:\/\/zepecafe-webaruhaz.hu\/hu\/#\/schema\/logo\/image\/","url":"https:\/\/zepecafe-webaruhaz.hu\/wp-content\/uploads\/2025\/01\/logouj.png","contentUrl":"https:\/\/zepecafe-webaruhaz.hu\/wp-content\/uploads\/2025\/01\/logouj.png","width":300,"height":300,"caption":"Z\u00e9-P\u00e9 Caf\u00e9 Kft."},"image":{"@id":"http:\/\/zepecafe-webaruhaz.hu\/hu\/#\/schema\/logo\/image\/"},"sameAs":["https:\/\/www.facebook.com\/zepecafekft.bekescsaba"]}]}},"_links":{"self":[{"href":"https:\/\/zepecafe-webaruhaz.hu\/hu\/wp-json\/wp\/v2\/product\/5492","targetHints":{"allow":["GET"]}}],"collection":[{"href":"https:\/\/zepecafe-webaruhaz.hu\/hu\/wp-json\/wp\/v2\/product"}],"about":[{"href":"https:\/\/zepecafe-webaruhaz.hu\/hu\/wp-json\/wp\/v2\/types\/product"}],"wp:featuredmedia":[{"embeddable":true,"href":"https:\/\/zepecafe-webaruhaz.hu\/hu\/wp-json\/wp\/v2\/media\/5490"}],"wp:attachment":[{"href":"https:\/\/zepecafe-webaruhaz.hu\/hu\/wp-json\/wp\/v2\/media?parent=5492"}],"wp:term":[{"taxonomy":"product_brand","embeddable":true,"href":"https:\/\/zepecafe-webaruhaz.hu\/hu\/wp-json\/wp\/v2\/product_brand?post=5492"},{"taxonomy":"product_cat","embeddable":true,"href":"https:\/\/zepecafe-webaruhaz.hu\/hu\/wp-json\/wp\/v2\/product_cat?post=5492"},{"taxonomy":"product_tag","embeddable":true,"href":"https:\/\/zepecafe-webaruhaz.hu\/hu\/wp-json\/wp\/v2\/product_tag?post=5492"}],"curies":[{"name":"wp","href":"https:\/\/api.w.org\/{rel}","templated":true}]}}