{"id":5687,"date":"2025-01-11T12:57:51","date_gmt":"2025-01-11T12:57:51","guid":{"rendered":"https:\/\/zepecafe-webaruhaz.hu\/?post_type=product&#038;p=5687"},"modified":"2025-07-25T09:45:30","modified_gmt":"2025-07-25T09:45:30","slug":"saeco-atlante-500-espresso-3","status":"publish","type":"product","link":"https:\/\/zepecafe-webaruhaz.hu\/hu\/webaruhaz\/saeco-atlante-500-espresso-3\/","title":{"rendered":"SAECO ATLANTE 500 ESPRESSO"},"content":{"rendered":"<p class=\"MsoNormal\" style=\"margin: 0cm 0cm .0001pt; font-size: 12pt; font-family: Calibri;\"><span style=\"font-size: 13.5pt; font-family: 'Times New Roman'; color: #878787; background: #FFFFFF;\">TECHNIKAI ADATOK:<\/span><\/p>\n<p><span style=\"background: #FFFFFF;\">Szemes k\u00e1v\u00e9tart\u00e1ly: 4 kg<\/span><br \/>\n<span style=\"background: #FFFFFF;\">Instant portart\u00e1ly: 1,2-2 kg<\/span><br \/>\n<span style=\"background: #FFFFFF;\">Felhaszn\u00e1lt k\u00e1v\u00e9: 7,5 g\/adag<\/span><br \/>\n<span style=\"background: #FFFFFF;\">Kapacit\u00e1s: 40 adag\/\u00f3ra<\/span><br \/>\n<span style=\"background: #FFFFFF;\">Poh\u00e1r \u00e9s kan\u00e1l kapacit\u00e1s: 550 db<\/span><br \/>\n<span style=\"background: #FFFFFF;\">Sz\u00edn: fekete<\/span><br \/>\n<span style=\"background: #FFFFFF;\">S\u00faly:\u00a0160 kg<\/span><br \/>\n<span style=\"background: #FFFFFF;\">M\u00e9rete:\u00a0 65x 183x 81 cm<\/span><br \/>\n<span style=\"background: #FFFFFF;\">\u00c1ramfelv\u00e9tel: 1700 W<\/span><\/p>","protected":false},"excerpt":{"rendered":"<div class=\"product-condition\" style=\"font-size: 14px; color: #414141; font-family: 'Open Sans', sans-serif; background-color: #f9f9f9;\"><span style=\"text-decoration: underline;\"><label class=\"label\" style=\"margin-bottom: .5rem; text-align: right; font-size: .875rem; font-weight: bold;\">\u00c1llapot:<\/label><\/span>\u00a0Fel\u00faj\u00edtott<\/div>\n<div class=\"product-information\" style=\"font-size: .9375rem; color: #414141; font-family: 'Open Sans', sans-serif; background-color: #f9f9f9;\">\n<div id=\"product-description-short-35\">\n<h4 style=\"margin-top: 0px; margin-bottom: .5rem; font-family: inherit; line-height: 1.1; color: inherit; font-size: 1.025rem;\"><span style=\"font-family: Arial;\"><span style=\"font-size: 12px;\">K\u00e1v\u00e9k\u00e9sz\u00edt\u00e9s szemes k\u00e1v\u00e9b\u00f3l<\/span><\/span><\/h4>\n<h4 style=\"margin-top: 0px; margin-bottom: .5rem; font-family: inherit; line-height: 1.1; color: inherit; font-size: 1.025rem;\"><span style=\"font-family: Arial;\"><span style=\"font-size: 12px;\">15\u00a0funkci\u00f3s (k\u00e9tf\u00e9le k\u00e1v\u00e9hossz\u00fas\u00e1g,tejesk\u00e1v\u00e9, cappuccino, csokis cappucino,forr\u00f3 csoki, feh\u00e9r csoki, tea, tej )<\/span><\/span><\/h4>\n<h4 style=\"margin-top: 0px; margin-bottom: .5rem; font-family: inherit; line-height: 1.1; color: inherit; font-size: 1.025rem;\"><span style=\"font-family: Arial;\"><span style=\"font-size: 12px;\">Tov\u00e1bbi italk\u00e9sz\u00edt\u00e9s instant porokb\u00f3l.<\/span><\/span><\/h4>\n<h4 style=\"margin-top: 0px; margin-bottom: .5rem; font-family: inherit; line-height: 1.1; color: inherit; font-size: 1.025rem;\"><\/h4>\n<h4 style=\"margin-top: 0px; margin-bottom: .5rem; font-family: inherit; line-height: 1.1; color: inherit; font-size: 1.025rem;\"><span style=\"font-family: Arial;\"><span style=\"font-size: 12px;\">Automatikus poh\u00e1r, cukor \u00e9s kan\u00e1ladagol\u00e1s.<\/span><\/span><\/h4>\n<h4 style=\"margin-top: 0px; margin-bottom: .5rem; font-family: inherit; line-height: 1.1; color: inherit; font-size: 1.025rem;\"><\/h4>\n<h4 style=\"margin-top: 0px; margin-bottom: .5rem; font-family: inherit; line-height: 1.1; color: inherit; font-size: 1.025rem;\"><span style=\"font-family: Arial;\"><span style=\"font-size: 12px;\">Felszerelhet\u0151 forintfelismer\u0151 egys\u00e9ggel (k\u00fcl\u00f6n opci\u00f3)<\/span><\/span><\/h4>\n<h4 style=\"margin-top: 0px; margin-bottom: .5rem; font-family: inherit; line-height: 1.1; color: inherit; font-size: 1.025rem;\"><\/h4>\n<h4 style=\"margin-top: 0px; margin-bottom: .5rem; font-family: inherit; line-height: 1.1; color: inherit; font-size: 1.025rem;\"><span style=\"font-family: Arial;\"><span style=\"font-size: 12px;\">A g\u00e9p felszerelhet\u0151 \u00e9rme felismer\u0151 egys\u00e9ggel,<\/span><\/span><\/h4>\n<h4 style=\"margin-top: 0px; margin-bottom: .5rem; font-family: inherit; line-height: 1.1; color: inherit; font-size: 1.025rem;\"><\/h4>\n<h4 style=\"margin-top: 0px; margin-bottom: .5rem; font-family: inherit; line-height: 1.1; color: inherit; font-size: 1.025rem;\"><span style=\"font-family: Arial;\"><span style=\"font-size: 12px;\">t\u00e1rol\u00f3 szekr\u00e9nnyel (k\u00fcl\u00f6n opci\u00f3k)<\/span><\/span><\/h4>\n<h4 style=\"margin-top: 0px; margin-bottom: .5rem; font-family: inherit; line-height: 1.1; color: inherit; font-size: 1.025rem;\">6 H\u00d3NAP GARANCI\u00c1T V\u00c1LLALUNK A FEL\u00daJ\u00cdTOTT AUTOMAT\u00c1RA,<\/h4>\n<p style=\"margin: 0px; font-size: .9375rem; color: #878787;\"><span style=\"font-weight: bolder;\">Az \u00c1r tartalmazza az AFE egys\u00e9get(online kassza)\u00a0 2 db p\u00e9nzvizsg\u00e1l\u00f3t \u00e9s valemennyi alkatr\u00e9szt.<\/span><\/p>\n<p style=\"margin: 0px; font-size: .9375rem; color: #878787;\"><span style=\"font-weight: bolder;\">Az \u00c1r a term\u00e9kd\u00edjat nem tartalmazza!<\/span><\/p>\n<p style=\"margin: 0px; font-size: .9375rem; color: #878787;\"><span style=\"font-weight: bolder;\">Az automata ut\u00e1n term\u00e9kd\u00edjat kell fizetni, ami 114.-Ft +\u00c1FA\/kg\/automata<\/span><\/p>\n<p style=\"margin: 0px; font-size: .9375rem; color: #878787;\"><span style=\"font-weight: bolder;\">200 kg feletti g\u00e9p ut\u00e1n 2500.- Ft+\u00c1FA\/automata<\/span><\/p>\n<h4 style=\"margin-top: 0px; margin-bottom: .5rem; font-family: inherit; line-height: 1.1; color: inherit; font-size: 1.025rem;\"><span style=\"color: #d0121a;\">Automata v\u00e1s\u00e1rl\u00e1sa eset\u00e9n a felt\u00fcntetett \u00e1r 30%-os el\u0151leg megfizet\u00e9se ut\u00e1n lehets\u00e9ges !\u00a0\u00a0<\/span><\/h4>\n<\/div>\n<\/div>","protected":false},"featured_media":5678,"template":"","meta":[],"product_brand":[],"product_cat":[223,255],"product_tag":[],"class_list":{"0":"post-5687","1":"product","2":"type-product","3":"status-publish","4":"has-post-thumbnail","6":"product_cat-kezdolap","7":"product_cat-saeco-melegital-automatak","9":"first","10":"instock","11":"taxable","12":"shipping-taxable","13":"purchasable","14":"product-type-simple"},"yoast_head":"<!-- This site is optimized with the Yoast SEO plugin v27.1.1 - https:\/\/yoast.com\/product\/yoast-seo-wordpress\/ -->\n<title>SAECO ATLANTE 500 ESPRESSO - Z\u00e9-P\u00e9 Caf\u00e9 Kft.<\/title>\n<meta name=\"robots\" content=\"index, follow, max-snippet:-1, max-image-preview:large, max-video-preview:-1\" \/>\n<link rel=\"canonical\" href=\"https:\/\/zepecafe-webaruhaz.hu\/hu\/webaruhaz\/saeco-atlante-500-espresso-3\/\" \/>\n<meta property=\"og:locale\" content=\"hu_HU\" \/>\n<meta property=\"og:type\" content=\"article\" \/>\n<meta property=\"og:title\" content=\"SAECO ATLANTE 500 ESPRESSO - Z\u00e9-P\u00e9 Caf\u00e9 Kft.\" \/>\n<meta property=\"og:description\" content=\"\u00c1llapot:\u00a0Fel\u00faj\u00edtott   K\u00e1v\u00e9k\u00e9sz\u00edt\u00e9s szemes k\u00e1v\u00e9b\u00f3l 15\u00a0funkci\u00f3s (k\u00e9tf\u00e9le k\u00e1v\u00e9hossz\u00fas\u00e1g,tejesk\u00e1v\u00e9, cappuccino, csokis cappucino,forr\u00f3 csoki, feh\u00e9r csoki, tea, tej ) Tov\u00e1bbi italk\u00e9sz\u00edt\u00e9s instant porokb\u00f3l.  Automatikus poh\u00e1r, cukor \u00e9s kan\u00e1ladagol\u00e1s.  Felszerelhet\u0151 forintfelismer\u0151 egys\u00e9ggel (k\u00fcl\u00f6n opci\u00f3)  A g\u00e9p felszerelhet\u0151 \u00e9rme felismer\u0151 egys\u00e9ggel,  t\u00e1rol\u00f3 szekr\u00e9nnyel (k\u00fcl\u00f6n opci\u00f3k) 6 H\u00d3NAP GARANCI\u00c1T V\u00c1LLALUNK A FEL\u00daJ\u00cdTOTT AUTOMAT\u00c1RA, Az \u00c1r tartalmazza az AFE egys\u00e9get(online kassza)\u00a0 2 db p\u00e9nzvizsg\u00e1l\u00f3t \u00e9s valemennyi alkatr\u00e9szt. Az \u00c1r a term\u00e9kd\u00edjat nem tartalmazza! Az automata ut\u00e1n term\u00e9kd\u00edjat kell fizetni, ami 114.-Ft +\u00c1FA\/kg\/automata 200 kg feletti g\u00e9p ut\u00e1n 2500.- Ft+\u00c1FA\/automata  Automata v\u00e1s\u00e1rl\u00e1sa eset\u00e9n a felt\u00fcntetett \u00e1r 30%-os el\u0151leg megfizet\u00e9se ut\u00e1n lehets\u00e9ges !\u00a0\u00a0\" \/>\n<meta property=\"og:url\" content=\"https:\/\/zepecafe-webaruhaz.hu\/hu\/webaruhaz\/saeco-atlante-500-espresso-3\/\" \/>\n<meta property=\"og:site_name\" content=\"Z\u00e9-P\u00e9 Caf\u00e9 Kft.\" \/>\n<meta property=\"article:publisher\" content=\"https:\/\/www.facebook.com\/zepecafekft.bekescsaba\" \/>\n<meta property=\"article:modified_time\" content=\"2025-07-25T09:45:30+00:00\" \/>\n<meta property=\"og:image\" content=\"https:\/\/zepecafe-webaruhaz.hu\/wp-content\/uploads\/2023\/03\/423-SAECO-ATLANTE-500-ESPRESSO.jpg\" \/>\n\t<meta property=\"og:image:width\" content=\"960\" \/>\n\t<meta property=\"og:image:height\" content=\"1280\" \/>\n\t<meta property=\"og:image:type\" content=\"image\/jpeg\" \/>\n<meta name=\"twitter:card\" content=\"summary_large_image\" \/>\n<script type=\"application\/ld+json\" class=\"yoast-schema-graph\">{\"@context\":\"https:\/\/schema.org\",\"@graph\":[{\"@type\":\"WebPage\",\"@id\":\"https:\/\/zepecafe-webaruhaz.hu\/webaruhaz\/saeco-atlante-500-espresso-3\/\",\"url\":\"https:\/\/zepecafe-webaruhaz.hu\/webaruhaz\/saeco-atlante-500-espresso-3\/\",\"name\":\"SAECO ATLANTE 500 ESPRESSO - Z\u00e9-P\u00e9 Caf\u00e9 Kft.\",\"isPartOf\":{\"@id\":\"http:\/\/zepecafe-webaruhaz.hu\/hu\/#website\"},\"primaryImageOfPage\":{\"@id\":\"https:\/\/zepecafe-webaruhaz.hu\/webaruhaz\/saeco-atlante-500-espresso-3\/#primaryimage\"},\"image\":{\"@id\":\"https:\/\/zepecafe-webaruhaz.hu\/webaruhaz\/saeco-atlante-500-espresso-3\/#primaryimage\"},\"thumbnailUrl\":\"https:\/\/zepecafe-webaruhaz.hu\/wp-content\/uploads\/2023\/03\/423-SAECO-ATLANTE-500-ESPRESSO.jpg\",\"datePublished\":\"2025-01-11T12:57:51+00:00\",\"dateModified\":\"2025-07-25T09:45:30+00:00\",\"breadcrumb\":{\"@id\":\"https:\/\/zepecafe-webaruhaz.hu\/webaruhaz\/saeco-atlante-500-espresso-3\/#breadcrumb\"},\"inLanguage\":\"hu\",\"potentialAction\":[{\"@type\":\"ReadAction\",\"target\":[\"https:\/\/zepecafe-webaruhaz.hu\/webaruhaz\/saeco-atlante-500-espresso-3\/\"]}]},{\"@type\":\"ImageObject\",\"inLanguage\":\"hu\",\"@id\":\"https:\/\/zepecafe-webaruhaz.hu\/webaruhaz\/saeco-atlante-500-espresso-3\/#primaryimage\",\"url\":\"https:\/\/zepecafe-webaruhaz.hu\/wp-content\/uploads\/2023\/03\/423-SAECO-ATLANTE-500-ESPRESSO.jpg\",\"contentUrl\":\"https:\/\/zepecafe-webaruhaz.hu\/wp-content\/uploads\/2023\/03\/423-SAECO-ATLANTE-500-ESPRESSO.jpg\",\"width\":960,\"height\":1280,\"caption\":\"SAECO ATLANTE 500 ESPRESSO\"},{\"@type\":\"BreadcrumbList\",\"@id\":\"https:\/\/zepecafe-webaruhaz.hu\/webaruhaz\/saeco-atlante-500-espresso-3\/#breadcrumb\",\"itemListElement\":[{\"@type\":\"ListItem\",\"position\":1,\"name\":\"Kezd\u0151lap\",\"item\":\"https:\/\/zepecafe-webaruhaz.hu\/hu\/\"},{\"@type\":\"ListItem\",\"position\":2,\"name\":\"Shop\",\"item\":\"https:\/\/zepecafe-webaruhaz.hu\/hu\/shop-2\/\"},{\"@type\":\"ListItem\",\"position\":3,\"name\":\"SAECO ATLANTE 500 ESPRESSO\"}]},{\"@type\":\"WebSite\",\"@id\":\"http:\/\/zepecafe-webaruhaz.hu\/hu\/#website\",\"url\":\"http:\/\/zepecafe-webaruhaz.hu\/hu\/\",\"name\":\"Z\u00e9-P\u00e9 Caf\u00e9 Kft.\",\"description\":\"T\u00e1rsas\u00e1gunk, a Z\u00c9-P\u00c9 Caf\u00e9 Kft., mely 1998 \u00f3ta m\u0171k\u00f6dik, t\u00f6bbs\u00e9g\u00e9ben Olaszorsz\u00e1gb\u00f3l import\u00e1lt, friss ki\u0151rl\u00e9s\u0171 k\u00e1v\u00e9t lef\u0151z\u0151 automata g\u00e9pek forgalmaz\u00e1s\u00e1val \u00e9s b\u00e9rbead\u00e1s\u00e1val foglalkozik.\",\"publisher\":{\"@id\":\"http:\/\/zepecafe-webaruhaz.hu\/hu\/#organization\"},\"potentialAction\":[{\"@type\":\"SearchAction\",\"target\":{\"@type\":\"EntryPoint\",\"urlTemplate\":\"http:\/\/zepecafe-webaruhaz.hu\/hu\/?s={search_term_string}\"},\"query-input\":{\"@type\":\"PropertyValueSpecification\",\"valueRequired\":true,\"valueName\":\"search_term_string\"}}],\"inLanguage\":\"hu\"},{\"@type\":\"Organization\",\"@id\":\"http:\/\/zepecafe-webaruhaz.hu\/hu\/#organization\",\"name\":\"Z\u00e9-P\u00e9 Caf\u00e9 Kft.\",\"url\":\"http:\/\/zepecafe-webaruhaz.hu\/hu\/\",\"logo\":{\"@type\":\"ImageObject\",\"inLanguage\":\"hu\",\"@id\":\"http:\/\/zepecafe-webaruhaz.hu\/hu\/#\/schema\/logo\/image\/\",\"url\":\"https:\/\/zepecafe-webaruhaz.hu\/wp-content\/uploads\/2025\/01\/logouj.png\",\"contentUrl\":\"https:\/\/zepecafe-webaruhaz.hu\/wp-content\/uploads\/2025\/01\/logouj.png\",\"width\":300,\"height\":300,\"caption\":\"Z\u00e9-P\u00e9 Caf\u00e9 Kft.\"},\"image\":{\"@id\":\"http:\/\/zepecafe-webaruhaz.hu\/hu\/#\/schema\/logo\/image\/\"},\"sameAs\":[\"https:\/\/www.facebook.com\/zepecafekft.bekescsaba\"]}]}<\/script>\n<!-- \/ Yoast SEO plugin. -->","yoast_head_json":{"title":"SAECO ATLANTE 500 ESPRESSO - Z\u00e9-P\u00e9 Caf\u00e9 Kft.","robots":{"index":"index","follow":"follow","max-snippet":"max-snippet:-1","max-image-preview":"max-image-preview:large","max-video-preview":"max-video-preview:-1"},"canonical":"https:\/\/zepecafe-webaruhaz.hu\/hu\/webaruhaz\/saeco-atlante-500-espresso-3\/","og_locale":"hu_HU","og_type":"article","og_title":"SAECO ATLANTE 500 ESPRESSO - Z\u00e9-P\u00e9 Caf\u00e9 Kft.","og_description":"\u00c1llapot:\u00a0Fel\u00faj\u00edtott   K\u00e1v\u00e9k\u00e9sz\u00edt\u00e9s szemes k\u00e1v\u00e9b\u00f3l 15\u00a0funkci\u00f3s (k\u00e9tf\u00e9le k\u00e1v\u00e9hossz\u00fas\u00e1g,tejesk\u00e1v\u00e9, cappuccino, csokis cappucino,forr\u00f3 csoki, feh\u00e9r csoki, tea, tej ) Tov\u00e1bbi italk\u00e9sz\u00edt\u00e9s instant porokb\u00f3l.  Automatikus poh\u00e1r, cukor \u00e9s kan\u00e1ladagol\u00e1s.  Felszerelhet\u0151 forintfelismer\u0151 egys\u00e9ggel (k\u00fcl\u00f6n opci\u00f3)  A g\u00e9p felszerelhet\u0151 \u00e9rme felismer\u0151 egys\u00e9ggel,  t\u00e1rol\u00f3 szekr\u00e9nnyel (k\u00fcl\u00f6n opci\u00f3k) 6 H\u00d3NAP GARANCI\u00c1T V\u00c1LLALUNK A FEL\u00daJ\u00cdTOTT AUTOMAT\u00c1RA, Az \u00c1r tartalmazza az AFE egys\u00e9get(online kassza)\u00a0 2 db p\u00e9nzvizsg\u00e1l\u00f3t \u00e9s valemennyi alkatr\u00e9szt. Az \u00c1r a term\u00e9kd\u00edjat nem tartalmazza! Az automata ut\u00e1n term\u00e9kd\u00edjat kell fizetni, ami 114.-Ft +\u00c1FA\/kg\/automata 200 kg feletti g\u00e9p ut\u00e1n 2500.- Ft+\u00c1FA\/automata  Automata v\u00e1s\u00e1rl\u00e1sa eset\u00e9n a felt\u00fcntetett \u00e1r 30%-os el\u0151leg megfizet\u00e9se ut\u00e1n lehets\u00e9ges !\u00a0\u00a0","og_url":"https:\/\/zepecafe-webaruhaz.hu\/hu\/webaruhaz\/saeco-atlante-500-espresso-3\/","og_site_name":"Z\u00e9-P\u00e9 Caf\u00e9 Kft.","article_publisher":"https:\/\/www.facebook.com\/zepecafekft.bekescsaba","article_modified_time":"2025-07-25T09:45:30+00:00","og_image":[{"width":960,"height":1280,"url":"https:\/\/zepecafe-webaruhaz.hu\/wp-content\/uploads\/2023\/03\/423-SAECO-ATLANTE-500-ESPRESSO.jpg","type":"image\/jpeg"}],"twitter_card":"summary_large_image","schema":{"@context":"https:\/\/schema.org","@graph":[{"@type":"WebPage","@id":"https:\/\/zepecafe-webaruhaz.hu\/webaruhaz\/saeco-atlante-500-espresso-3\/","url":"https:\/\/zepecafe-webaruhaz.hu\/webaruhaz\/saeco-atlante-500-espresso-3\/","name":"SAECO ATLANTE 500 ESPRESSO - Z\u00e9-P\u00e9 Caf\u00e9 Kft.","isPartOf":{"@id":"http:\/\/zepecafe-webaruhaz.hu\/hu\/#website"},"primaryImageOfPage":{"@id":"https:\/\/zepecafe-webaruhaz.hu\/webaruhaz\/saeco-atlante-500-espresso-3\/#primaryimage"},"image":{"@id":"https:\/\/zepecafe-webaruhaz.hu\/webaruhaz\/saeco-atlante-500-espresso-3\/#primaryimage"},"thumbnailUrl":"https:\/\/zepecafe-webaruhaz.hu\/wp-content\/uploads\/2023\/03\/423-SAECO-ATLANTE-500-ESPRESSO.jpg","datePublished":"2025-01-11T12:57:51+00:00","dateModified":"2025-07-25T09:45:30+00:00","breadcrumb":{"@id":"https:\/\/zepecafe-webaruhaz.hu\/webaruhaz\/saeco-atlante-500-espresso-3\/#breadcrumb"},"inLanguage":"hu","potentialAction":[{"@type":"ReadAction","target":["https:\/\/zepecafe-webaruhaz.hu\/webaruhaz\/saeco-atlante-500-espresso-3\/"]}]},{"@type":"ImageObject","inLanguage":"hu","@id":"https:\/\/zepecafe-webaruhaz.hu\/webaruhaz\/saeco-atlante-500-espresso-3\/#primaryimage","url":"https:\/\/zepecafe-webaruhaz.hu\/wp-content\/uploads\/2023\/03\/423-SAECO-ATLANTE-500-ESPRESSO.jpg","contentUrl":"https:\/\/zepecafe-webaruhaz.hu\/wp-content\/uploads\/2023\/03\/423-SAECO-ATLANTE-500-ESPRESSO.jpg","width":960,"height":1280,"caption":"SAECO ATLANTE 500 ESPRESSO"},{"@type":"BreadcrumbList","@id":"https:\/\/zepecafe-webaruhaz.hu\/webaruhaz\/saeco-atlante-500-espresso-3\/#breadcrumb","itemListElement":[{"@type":"ListItem","position":1,"name":"Kezd\u0151lap","item":"https:\/\/zepecafe-webaruhaz.hu\/hu\/"},{"@type":"ListItem","position":2,"name":"Shop","item":"https:\/\/zepecafe-webaruhaz.hu\/hu\/shop-2\/"},{"@type":"ListItem","position":3,"name":"SAECO ATLANTE 500 ESPRESSO"}]},{"@type":"WebSite","@id":"http:\/\/zepecafe-webaruhaz.hu\/hu\/#website","url":"http:\/\/zepecafe-webaruhaz.hu\/hu\/","name":"Z\u00e9-P\u00e9 Caf\u00e9 Kft.","description":"T\u00e1rsas\u00e1gunk, a Z\u00c9-P\u00c9 Caf\u00e9 Kft., mely 1998 \u00f3ta m\u0171k\u00f6dik, t\u00f6bbs\u00e9g\u00e9ben Olaszorsz\u00e1gb\u00f3l import\u00e1lt, friss ki\u0151rl\u00e9s\u0171 k\u00e1v\u00e9t lef\u0151z\u0151 automata g\u00e9pek forgalmaz\u00e1s\u00e1val \u00e9s b\u00e9rbead\u00e1s\u00e1val foglalkozik.","publisher":{"@id":"http:\/\/zepecafe-webaruhaz.hu\/hu\/#organization"},"potentialAction":[{"@type":"SearchAction","target":{"@type":"EntryPoint","urlTemplate":"http:\/\/zepecafe-webaruhaz.hu\/hu\/?s={search_term_string}"},"query-input":{"@type":"PropertyValueSpecification","valueRequired":true,"valueName":"search_term_string"}}],"inLanguage":"hu"},{"@type":"Organization","@id":"http:\/\/zepecafe-webaruhaz.hu\/hu\/#organization","name":"Z\u00e9-P\u00e9 Caf\u00e9 Kft.","url":"http:\/\/zepecafe-webaruhaz.hu\/hu\/","logo":{"@type":"ImageObject","inLanguage":"hu","@id":"http:\/\/zepecafe-webaruhaz.hu\/hu\/#\/schema\/logo\/image\/","url":"https:\/\/zepecafe-webaruhaz.hu\/wp-content\/uploads\/2025\/01\/logouj.png","contentUrl":"https:\/\/zepecafe-webaruhaz.hu\/wp-content\/uploads\/2025\/01\/logouj.png","width":300,"height":300,"caption":"Z\u00e9-P\u00e9 Caf\u00e9 Kft."},"image":{"@id":"http:\/\/zepecafe-webaruhaz.hu\/hu\/#\/schema\/logo\/image\/"},"sameAs":["https:\/\/www.facebook.com\/zepecafekft.bekescsaba"]}]}},"_links":{"self":[{"href":"https:\/\/zepecafe-webaruhaz.hu\/hu\/wp-json\/wp\/v2\/product\/5687","targetHints":{"allow":["GET"]}}],"collection":[{"href":"https:\/\/zepecafe-webaruhaz.hu\/hu\/wp-json\/wp\/v2\/product"}],"about":[{"href":"https:\/\/zepecafe-webaruhaz.hu\/hu\/wp-json\/wp\/v2\/types\/product"}],"wp:featuredmedia":[{"embeddable":true,"href":"https:\/\/zepecafe-webaruhaz.hu\/hu\/wp-json\/wp\/v2\/media\/5678"}],"wp:attachment":[{"href":"https:\/\/zepecafe-webaruhaz.hu\/hu\/wp-json\/wp\/v2\/media?parent=5687"}],"wp:term":[{"taxonomy":"product_brand","embeddable":true,"href":"https:\/\/zepecafe-webaruhaz.hu\/hu\/wp-json\/wp\/v2\/product_brand?post=5687"},{"taxonomy":"product_cat","embeddable":true,"href":"https:\/\/zepecafe-webaruhaz.hu\/hu\/wp-json\/wp\/v2\/product_cat?post=5687"},{"taxonomy":"product_tag","embeddable":true,"href":"https:\/\/zepecafe-webaruhaz.hu\/hu\/wp-json\/wp\/v2\/product_tag?post=5687"}],"curies":[{"name":"wp","href":"https:\/\/api.w.org\/{rel}","templated":true}]}}