{"id":5708,"date":"2024-06-11T08:34:55","date_gmt":"2024-06-11T08:34:55","guid":{"rendered":"https:\/\/zepecafe-webaruhaz.hu\/index.php\/product\/necta-korinto-prime-melegital-automata\/"},"modified":"2025-07-25T09:49:58","modified_gmt":"2025-07-25T09:49:58","slug":"necta-korinto-prime-melegital-automata","status":"publish","type":"product","link":"https:\/\/zepecafe-webaruhaz.hu\/hu\/webaruhaz\/necta-korinto-prime-melegital-automata\/","title":{"rendered":"Necta Korinto Prime"},"content":{"rendered":"<p><span class=\"x193iq5w xeuugli x13faqbe x1vvkbs x1xmvt09 x1lliihq x1s928wv xhkezso x1gmr53x x1cpjm7i x1fgarty x1943h6x xudqn12 x3x7a5m x6prxxf xvq8zen xo1l8bm xzsf02u\">Tart\u00e0ly sz\u00e1ma: 3 <\/span><\/p>\n<p><span class=\"x193iq5w xeuugli x13faqbe x1vvkbs x1xmvt09 x1lliihq x1s928wv xhkezso x1gmr53x x1cpjm7i x1fgarty x1943h6x xudqn12 x3x7a5m x6prxxf xvq8zen xo1l8bm xzsf02u\">Magass\u00e1g: 715 mm<\/span><\/p>\n<p><span class=\"x193iq5w xeuugli x13faqbe x1vvkbs x1xmvt09 x1lliihq x1s928wv xhkezso x1gmr53x x1cpjm7i x1fgarty x1943h6x xudqn12 x3x7a5m x6prxxf xvq8zen xo1l8bm xzsf02u\">Sz\u00e9less\u00e9g: 331 mm <\/span><\/p>\n<p><span class=\"x193iq5w xeuugli x13faqbe x1vvkbs x1xmvt09 x1lliihq x1s928wv xhkezso x1gmr53x x1cpjm7i x1fgarty x1943h6x xudqn12 x3x7a5m x6prxxf xvq8zen xo1l8bm xzsf02u\">M\u00e9lys\u00e9g: 528 mm<\/span><\/p>\n<p><span class=\"x193iq5w xeuugli x13faqbe x1vvkbs x1xmvt09 x1lliihq x1s928wv xhkezso x1gmr53x x1cpjm7i x1fgarty x1943h6x xudqn12 x3x7a5m x6prxxf xvq8zen xo1l8bm xzsf02u\">S\u00fcly: 33 kg<\/span><\/p>\n<p><strong>6 H\u00d3NAP GARANCI\u00c1T V\u00c1LLALUNK A FEL\u00daJ\u00cdTOTT AUTOMAT\u00c1RA,<\/strong><\/p>\n<p><strong>Az \u00c1r a term\u00e9kd\u00edjat nem tartalmazza!<\/strong><\/p>\n<p><strong>Az automata ut\u00e1n term\u00e9kd\u00edjat kell fizetni, ami 114.-Ft +\u00c1FA\/kg\/automata<\/strong><\/p>\n<p><strong>200 kg feletti g\u00e9p ut\u00e1n 2500.- Ft+\u00c1FA\/automata<\/strong><\/p>\n<p><span style=\"color: #d0121a;\">Automata v\u00e1s\u00e1rl\u00e1s 30% el\u0151leg \u00e1tutal\u00e1sa ut\u00e1n lehets\u00e9ges!<\/span><\/p>","protected":false},"excerpt":{"rendered":"<ul>\n<li><span class=\"x193iq5w xeuugli x13faqbe x1vvkbs x1xmvt09 x1lliihq x1s928wv xhkezso x1gmr53x x1cpjm7i x1fgarty x1943h6x xudqn12 x3x7a5m x6prxxf xvq8zen xo1l8bm xzsf02u\">Melegital Automata<\/span><\/li>\n<li>\n<div class=\"x1cy8zhl x78zum5 x1qughib xz9dl7a x4uap5 xsag5q8 xkhd6sd\"><span class=\"x193iq5w xeuugli x13faqbe x1vvkbs x1xmvt09 x1lliihq x1s928wv xhkezso x1gmr53x x1cpjm7i x1fgarty x1943h6x xudqn12 x3x7a5m x6prxxf xvq8zen xo1l8bm xzsf02u\">Kit\u0171n\u0151 \u00e1llapotban, \u00fajszer\u0171, a k\u00e9peken minden l\u00e1that\u00f3!A Necta Korinto Prime egy eleg\u00e1ns k\u00e1v\u00e9f\u0151z\u0151, amely \u00f6tv\u00f6zi a cs\u00facstechnol\u00f3gi\u00e1t a k\u00f6nny\u0171 haszn\u00e1lattal.Modern diz\u00e1jnj\u00e1val \u00e9s kompakt m\u00e9reteivel ide\u00e1lis sz\u00e1mos k\u00f6rnyezetbe, bele\u00e9rtve az irod\u00e1kat, sz\u00e1llod\u00e1kat, \u00e9ttermeket vagy k\u00e1v\u00e9z\u00f3kat.Ez a g\u00e9p italok sz\u00e9les v\u00e1laszt\u00e9k\u00e1t k\u00edn\u00e1lja, bele\u00e9rtve az eszpressz\u00f3t, a cappuccinot, a tejesk\u00e1v\u00e9t, a macchiat\u00f3t \u00e9s m\u00e9g sok m\u00e1st.Egyszer\u0171en kiv\u00e1laszthatja a k\u00edv\u00e1nt ital n\u00e9h\u00e1ny \u00e9rint\u00e9ssel a k\u00e9perny\u0151n.A Corinto Prime emellett az italok szem\u00e9lyre szab\u00e1s\u00e1nak lehet\u0151s\u00e9g\u00e9vel is rendelkezik, \u00edgy a felhaszn\u00e1l\u00f3k be\u00e1ll\u00edthatj\u00e1k a k\u00e1v\u00e9 (er\u0151ss\u00e9get, a tej mennyis\u00e9get \u00e9s egy\u00e9b be\u00e1ll\u00edt\u00e1sokat saj\u00e1t preferenci\u00e1ik szerint 8 funkci\u00f3s.<\/span><\/div>\n<\/li>\n<\/ul>","protected":false},"featured_media":5699,"template":"","meta":[],"product_brand":[],"product_cat":[223,258],"product_tag":[],"class_list":{"0":"post-5708","1":"product","2":"type-product","3":"status-publish","4":"has-post-thumbnail","6":"product_cat-kezdolap","7":"product_cat-necta","9":"first","10":"instock","11":"taxable","12":"shipping-taxable","13":"purchasable","14":"product-type-simple"},"yoast_head":"<!-- This site is optimized with the Yoast SEO plugin v27.1.1 - https:\/\/yoast.com\/product\/yoast-seo-wordpress\/ -->\n<title>Necta Korinto Prime - Z\u00e9-P\u00e9 Caf\u00e9 Kft.<\/title>\n<meta name=\"robots\" content=\"index, follow, max-snippet:-1, max-image-preview:large, max-video-preview:-1\" \/>\n<link rel=\"canonical\" href=\"https:\/\/zepecafe-webaruhaz.hu\/hu\/webaruhaz\/necta-korinto-prime-melegital-automata\/\" \/>\n<meta property=\"og:locale\" content=\"hu_HU\" \/>\n<meta property=\"og:type\" content=\"article\" \/>\n<meta property=\"og:title\" content=\"Necta Korinto Prime - Z\u00e9-P\u00e9 Caf\u00e9 Kft.\" \/>\n<meta property=\"og:description\" content=\"Melegital Automata   Kit\u0171n\u0151 \u00e1llapotban, \u00fajszer\u0171, a k\u00e9peken minden l\u00e1that\u00f3!A Necta Korinto Prime egy eleg\u00e1ns k\u00e1v\u00e9f\u0151z\u0151, amely \u00f6tv\u00f6zi a cs\u00facstechnol\u00f3gi\u00e1t a k\u00f6nny\u0171 haszn\u00e1lattal.Modern diz\u00e1jnj\u00e1val \u00e9s kompakt m\u00e9reteivel ide\u00e1lis sz\u00e1mos k\u00f6rnyezetbe, bele\u00e9rtve az irod\u00e1kat, sz\u00e1llod\u00e1kat, \u00e9ttermeket vagy k\u00e1v\u00e9z\u00f3kat.Ez a g\u00e9p italok sz\u00e9les v\u00e1laszt\u00e9k\u00e1t k\u00edn\u00e1lja, bele\u00e9rtve az eszpressz\u00f3t, a cappuccinot, a tejesk\u00e1v\u00e9t, a macchiat\u00f3t \u00e9s m\u00e9g sok m\u00e1st.Egyszer\u0171en kiv\u00e1laszthatja a k\u00edv\u00e1nt ital n\u00e9h\u00e1ny \u00e9rint\u00e9ssel a k\u00e9perny\u0151n.A Corinto Prime emellett az italok szem\u00e9lyre szab\u00e1s\u00e1nak lehet\u0151s\u00e9g\u00e9vel is rendelkezik, \u00edgy a felhaszn\u00e1l\u00f3k be\u00e1ll\u00edthatj\u00e1k a k\u00e1v\u00e9 (er\u0151ss\u00e9get, a tej mennyis\u00e9get \u00e9s egy\u00e9b be\u00e1ll\u00edt\u00e1sokat saj\u00e1t preferenci\u00e1ik szerint 8 funkci\u00f3s.\" \/>\n<meta property=\"og:url\" content=\"https:\/\/zepecafe-webaruhaz.hu\/hu\/webaruhaz\/necta-korinto-prime-melegital-automata\/\" \/>\n<meta property=\"og:site_name\" content=\"Z\u00e9-P\u00e9 Caf\u00e9 Kft.\" \/>\n<meta property=\"article:publisher\" content=\"https:\/\/www.facebook.com\/zepecafekft.bekescsaba\" \/>\n<meta property=\"article:modified_time\" content=\"2025-07-25T09:49:58+00:00\" \/>\n<meta property=\"og:image\" content=\"https:\/\/zepecafe-webaruhaz.hu\/wp-content\/uploads\/2024\/06\/474-Necta-Korinto-Prime.jpg\" \/>\n\t<meta property=\"og:image:width\" content=\"720\" \/>\n\t<meta property=\"og:image:height\" content=\"960\" \/>\n\t<meta property=\"og:image:type\" content=\"image\/jpeg\" \/>\n<meta name=\"twitter:card\" content=\"summary_large_image\" \/>\n<script type=\"application\/ld+json\" class=\"yoast-schema-graph\">{\"@context\":\"https:\/\/schema.org\",\"@graph\":[{\"@type\":\"WebPage\",\"@id\":\"https:\/\/zepecafe-webaruhaz.hu\/webaruhaz\/necta-korinto-prime-melegital-automata\/\",\"url\":\"https:\/\/zepecafe-webaruhaz.hu\/webaruhaz\/necta-korinto-prime-melegital-automata\/\",\"name\":\"Necta Korinto Prime - Z\u00e9-P\u00e9 Caf\u00e9 Kft.\",\"isPartOf\":{\"@id\":\"http:\/\/zepecafe-webaruhaz.hu\/hu\/#website\"},\"primaryImageOfPage\":{\"@id\":\"https:\/\/zepecafe-webaruhaz.hu\/webaruhaz\/necta-korinto-prime-melegital-automata\/#primaryimage\"},\"image\":{\"@id\":\"https:\/\/zepecafe-webaruhaz.hu\/webaruhaz\/necta-korinto-prime-melegital-automata\/#primaryimage\"},\"thumbnailUrl\":\"https:\/\/zepecafe-webaruhaz.hu\/wp-content\/uploads\/2024\/06\/474-Necta-Korinto-Prime.jpg\",\"datePublished\":\"2024-06-11T08:34:55+00:00\",\"dateModified\":\"2025-07-25T09:49:58+00:00\",\"breadcrumb\":{\"@id\":\"https:\/\/zepecafe-webaruhaz.hu\/webaruhaz\/necta-korinto-prime-melegital-automata\/#breadcrumb\"},\"inLanguage\":\"hu\",\"potentialAction\":[{\"@type\":\"ReadAction\",\"target\":[\"https:\/\/zepecafe-webaruhaz.hu\/webaruhaz\/necta-korinto-prime-melegital-automata\/\"]}]},{\"@type\":\"ImageObject\",\"inLanguage\":\"hu\",\"@id\":\"https:\/\/zepecafe-webaruhaz.hu\/webaruhaz\/necta-korinto-prime-melegital-automata\/#primaryimage\",\"url\":\"https:\/\/zepecafe-webaruhaz.hu\/wp-content\/uploads\/2024\/06\/474-Necta-Korinto-Prime.jpg\",\"contentUrl\":\"https:\/\/zepecafe-webaruhaz.hu\/wp-content\/uploads\/2024\/06\/474-Necta-Korinto-Prime.jpg\",\"width\":720,\"height\":960,\"caption\":\"Necta Korinto Prime\"},{\"@type\":\"BreadcrumbList\",\"@id\":\"https:\/\/zepecafe-webaruhaz.hu\/webaruhaz\/necta-korinto-prime-melegital-automata\/#breadcrumb\",\"itemListElement\":[{\"@type\":\"ListItem\",\"position\":1,\"name\":\"Kezd\u0151lap\",\"item\":\"https:\/\/zepecafe-webaruhaz.hu\/hu\/\"},{\"@type\":\"ListItem\",\"position\":2,\"name\":\"Shop\",\"item\":\"https:\/\/zepecafe-webaruhaz.hu\/hu\/shop-2\/\"},{\"@type\":\"ListItem\",\"position\":3,\"name\":\"Necta Korinto Prime\"}]},{\"@type\":\"WebSite\",\"@id\":\"http:\/\/zepecafe-webaruhaz.hu\/hu\/#website\",\"url\":\"http:\/\/zepecafe-webaruhaz.hu\/hu\/\",\"name\":\"Z\u00e9-P\u00e9 Caf\u00e9 Kft.\",\"description\":\"T\u00e1rsas\u00e1gunk, a Z\u00c9-P\u00c9 Caf\u00e9 Kft., mely 1998 \u00f3ta m\u0171k\u00f6dik, t\u00f6bbs\u00e9g\u00e9ben Olaszorsz\u00e1gb\u00f3l import\u00e1lt, friss ki\u0151rl\u00e9s\u0171 k\u00e1v\u00e9t lef\u0151z\u0151 automata g\u00e9pek forgalmaz\u00e1s\u00e1val \u00e9s b\u00e9rbead\u00e1s\u00e1val foglalkozik.\",\"publisher\":{\"@id\":\"http:\/\/zepecafe-webaruhaz.hu\/hu\/#organization\"},\"potentialAction\":[{\"@type\":\"SearchAction\",\"target\":{\"@type\":\"EntryPoint\",\"urlTemplate\":\"http:\/\/zepecafe-webaruhaz.hu\/hu\/?s={search_term_string}\"},\"query-input\":{\"@type\":\"PropertyValueSpecification\",\"valueRequired\":true,\"valueName\":\"search_term_string\"}}],\"inLanguage\":\"hu\"},{\"@type\":\"Organization\",\"@id\":\"http:\/\/zepecafe-webaruhaz.hu\/hu\/#organization\",\"name\":\"Z\u00e9-P\u00e9 Caf\u00e9 Kft.\",\"url\":\"http:\/\/zepecafe-webaruhaz.hu\/hu\/\",\"logo\":{\"@type\":\"ImageObject\",\"inLanguage\":\"hu\",\"@id\":\"http:\/\/zepecafe-webaruhaz.hu\/hu\/#\/schema\/logo\/image\/\",\"url\":\"https:\/\/zepecafe-webaruhaz.hu\/wp-content\/uploads\/2025\/01\/logouj.png\",\"contentUrl\":\"https:\/\/zepecafe-webaruhaz.hu\/wp-content\/uploads\/2025\/01\/logouj.png\",\"width\":300,\"height\":300,\"caption\":\"Z\u00e9-P\u00e9 Caf\u00e9 Kft.\"},\"image\":{\"@id\":\"http:\/\/zepecafe-webaruhaz.hu\/hu\/#\/schema\/logo\/image\/\"},\"sameAs\":[\"https:\/\/www.facebook.com\/zepecafekft.bekescsaba\"]}]}<\/script>\n<!-- \/ Yoast SEO plugin. -->","yoast_head_json":{"title":"Necta Korinto Prime - Z\u00e9-P\u00e9 Caf\u00e9 Kft.","robots":{"index":"index","follow":"follow","max-snippet":"max-snippet:-1","max-image-preview":"max-image-preview:large","max-video-preview":"max-video-preview:-1"},"canonical":"https:\/\/zepecafe-webaruhaz.hu\/hu\/webaruhaz\/necta-korinto-prime-melegital-automata\/","og_locale":"hu_HU","og_type":"article","og_title":"Necta Korinto Prime - Z\u00e9-P\u00e9 Caf\u00e9 Kft.","og_description":"Melegital Automata   Kit\u0171n\u0151 \u00e1llapotban, \u00fajszer\u0171, a k\u00e9peken minden l\u00e1that\u00f3!A Necta Korinto Prime egy eleg\u00e1ns k\u00e1v\u00e9f\u0151z\u0151, amely \u00f6tv\u00f6zi a cs\u00facstechnol\u00f3gi\u00e1t a k\u00f6nny\u0171 haszn\u00e1lattal.Modern diz\u00e1jnj\u00e1val \u00e9s kompakt m\u00e9reteivel ide\u00e1lis sz\u00e1mos k\u00f6rnyezetbe, bele\u00e9rtve az irod\u00e1kat, sz\u00e1llod\u00e1kat, \u00e9ttermeket vagy k\u00e1v\u00e9z\u00f3kat.Ez a g\u00e9p italok sz\u00e9les v\u00e1laszt\u00e9k\u00e1t k\u00edn\u00e1lja, bele\u00e9rtve az eszpressz\u00f3t, a cappuccinot, a tejesk\u00e1v\u00e9t, a macchiat\u00f3t \u00e9s m\u00e9g sok m\u00e1st.Egyszer\u0171en kiv\u00e1laszthatja a k\u00edv\u00e1nt ital n\u00e9h\u00e1ny \u00e9rint\u00e9ssel a k\u00e9perny\u0151n.A Corinto Prime emellett az italok szem\u00e9lyre szab\u00e1s\u00e1nak lehet\u0151s\u00e9g\u00e9vel is rendelkezik, \u00edgy a felhaszn\u00e1l\u00f3k be\u00e1ll\u00edthatj\u00e1k a k\u00e1v\u00e9 (er\u0151ss\u00e9get, a tej mennyis\u00e9get \u00e9s egy\u00e9b be\u00e1ll\u00edt\u00e1sokat saj\u00e1t preferenci\u00e1ik szerint 8 funkci\u00f3s.","og_url":"https:\/\/zepecafe-webaruhaz.hu\/hu\/webaruhaz\/necta-korinto-prime-melegital-automata\/","og_site_name":"Z\u00e9-P\u00e9 Caf\u00e9 Kft.","article_publisher":"https:\/\/www.facebook.com\/zepecafekft.bekescsaba","article_modified_time":"2025-07-25T09:49:58+00:00","og_image":[{"width":720,"height":960,"url":"https:\/\/zepecafe-webaruhaz.hu\/wp-content\/uploads\/2024\/06\/474-Necta-Korinto-Prime.jpg","type":"image\/jpeg"}],"twitter_card":"summary_large_image","schema":{"@context":"https:\/\/schema.org","@graph":[{"@type":"WebPage","@id":"https:\/\/zepecafe-webaruhaz.hu\/webaruhaz\/necta-korinto-prime-melegital-automata\/","url":"https:\/\/zepecafe-webaruhaz.hu\/webaruhaz\/necta-korinto-prime-melegital-automata\/","name":"Necta Korinto Prime - Z\u00e9-P\u00e9 Caf\u00e9 Kft.","isPartOf":{"@id":"http:\/\/zepecafe-webaruhaz.hu\/hu\/#website"},"primaryImageOfPage":{"@id":"https:\/\/zepecafe-webaruhaz.hu\/webaruhaz\/necta-korinto-prime-melegital-automata\/#primaryimage"},"image":{"@id":"https:\/\/zepecafe-webaruhaz.hu\/webaruhaz\/necta-korinto-prime-melegital-automata\/#primaryimage"},"thumbnailUrl":"https:\/\/zepecafe-webaruhaz.hu\/wp-content\/uploads\/2024\/06\/474-Necta-Korinto-Prime.jpg","datePublished":"2024-06-11T08:34:55+00:00","dateModified":"2025-07-25T09:49:58+00:00","breadcrumb":{"@id":"https:\/\/zepecafe-webaruhaz.hu\/webaruhaz\/necta-korinto-prime-melegital-automata\/#breadcrumb"},"inLanguage":"hu","potentialAction":[{"@type":"ReadAction","target":["https:\/\/zepecafe-webaruhaz.hu\/webaruhaz\/necta-korinto-prime-melegital-automata\/"]}]},{"@type":"ImageObject","inLanguage":"hu","@id":"https:\/\/zepecafe-webaruhaz.hu\/webaruhaz\/necta-korinto-prime-melegital-automata\/#primaryimage","url":"https:\/\/zepecafe-webaruhaz.hu\/wp-content\/uploads\/2024\/06\/474-Necta-Korinto-Prime.jpg","contentUrl":"https:\/\/zepecafe-webaruhaz.hu\/wp-content\/uploads\/2024\/06\/474-Necta-Korinto-Prime.jpg","width":720,"height":960,"caption":"Necta Korinto Prime"},{"@type":"BreadcrumbList","@id":"https:\/\/zepecafe-webaruhaz.hu\/webaruhaz\/necta-korinto-prime-melegital-automata\/#breadcrumb","itemListElement":[{"@type":"ListItem","position":1,"name":"Kezd\u0151lap","item":"https:\/\/zepecafe-webaruhaz.hu\/hu\/"},{"@type":"ListItem","position":2,"name":"Shop","item":"https:\/\/zepecafe-webaruhaz.hu\/hu\/shop-2\/"},{"@type":"ListItem","position":3,"name":"Necta Korinto Prime"}]},{"@type":"WebSite","@id":"http:\/\/zepecafe-webaruhaz.hu\/hu\/#website","url":"http:\/\/zepecafe-webaruhaz.hu\/hu\/","name":"Z\u00e9-P\u00e9 Caf\u00e9 Kft.","description":"T\u00e1rsas\u00e1gunk, a Z\u00c9-P\u00c9 Caf\u00e9 Kft., mely 1998 \u00f3ta m\u0171k\u00f6dik, t\u00f6bbs\u00e9g\u00e9ben Olaszorsz\u00e1gb\u00f3l import\u00e1lt, friss ki\u0151rl\u00e9s\u0171 k\u00e1v\u00e9t lef\u0151z\u0151 automata g\u00e9pek forgalmaz\u00e1s\u00e1val \u00e9s b\u00e9rbead\u00e1s\u00e1val foglalkozik.","publisher":{"@id":"http:\/\/zepecafe-webaruhaz.hu\/hu\/#organization"},"potentialAction":[{"@type":"SearchAction","target":{"@type":"EntryPoint","urlTemplate":"http:\/\/zepecafe-webaruhaz.hu\/hu\/?s={search_term_string}"},"query-input":{"@type":"PropertyValueSpecification","valueRequired":true,"valueName":"search_term_string"}}],"inLanguage":"hu"},{"@type":"Organization","@id":"http:\/\/zepecafe-webaruhaz.hu\/hu\/#organization","name":"Z\u00e9-P\u00e9 Caf\u00e9 Kft.","url":"http:\/\/zepecafe-webaruhaz.hu\/hu\/","logo":{"@type":"ImageObject","inLanguage":"hu","@id":"http:\/\/zepecafe-webaruhaz.hu\/hu\/#\/schema\/logo\/image\/","url":"https:\/\/zepecafe-webaruhaz.hu\/wp-content\/uploads\/2025\/01\/logouj.png","contentUrl":"https:\/\/zepecafe-webaruhaz.hu\/wp-content\/uploads\/2025\/01\/logouj.png","width":300,"height":300,"caption":"Z\u00e9-P\u00e9 Caf\u00e9 Kft."},"image":{"@id":"http:\/\/zepecafe-webaruhaz.hu\/hu\/#\/schema\/logo\/image\/"},"sameAs":["https:\/\/www.facebook.com\/zepecafekft.bekescsaba"]}]}},"_links":{"self":[{"href":"https:\/\/zepecafe-webaruhaz.hu\/hu\/wp-json\/wp\/v2\/product\/5708","targetHints":{"allow":["GET"]}}],"collection":[{"href":"https:\/\/zepecafe-webaruhaz.hu\/hu\/wp-json\/wp\/v2\/product"}],"about":[{"href":"https:\/\/zepecafe-webaruhaz.hu\/hu\/wp-json\/wp\/v2\/types\/product"}],"wp:featuredmedia":[{"embeddable":true,"href":"https:\/\/zepecafe-webaruhaz.hu\/hu\/wp-json\/wp\/v2\/media\/5699"}],"wp:attachment":[{"href":"https:\/\/zepecafe-webaruhaz.hu\/hu\/wp-json\/wp\/v2\/media?parent=5708"}],"wp:term":[{"taxonomy":"product_brand","embeddable":true,"href":"https:\/\/zepecafe-webaruhaz.hu\/hu\/wp-json\/wp\/v2\/product_brand?post=5708"},{"taxonomy":"product_cat","embeddable":true,"href":"https:\/\/zepecafe-webaruhaz.hu\/hu\/wp-json\/wp\/v2\/product_cat?post=5708"},{"taxonomy":"product_tag","embeddable":true,"href":"https:\/\/zepecafe-webaruhaz.hu\/hu\/wp-json\/wp\/v2\/product_tag?post=5708"}],"curies":[{"name":"wp","href":"https:\/\/api.w.org\/{rel}","templated":true}]}}