{"id":5772,"date":"2024-06-18T12:34:01","date_gmt":"2024-06-18T12:34:01","guid":{"rendered":"https:\/\/zepecafe-webaruhaz.hu\/index.php\/product\/jura-giga-x3c\/"},"modified":"2025-07-25T09:51:54","modified_gmt":"2025-07-25T09:51:54","slug":"jura-giga-x3c","status":"publish","type":"product","link":"https:\/\/zepecafe-webaruhaz.hu\/hu\/webaruhaz\/jura-giga-x3c\/","title":{"rendered":"Jura GIGA X3c Professional"},"content":{"rendered":"<p>K\u00fcl\u00f6nlegess\u00e9gek : Ristretto, Eszpressz\u00f3, K\u00e1v\u00e9, Caff\u00e9 Barista, Lungo Barista, K\u00e1v\u00e9k\u00fcl\u00f6nlegess\u00e9g, Espressz\u00f3 Doppio, B\u00fcgre k\u00e1v\u00e9, Macchiato, Tejesk\u00e1v\u00e9, Cappuchino, Flat white, Latte macchiato, Tejhab<\/p>\n<p><span id=\"pagelayout_0_pagetype_0_pagecontent_0_tabcontent_0_repAttributeTables_repAttributes_10_lblAttribute_9\">T\u00f6meg<\/span> : 19 kg<br \/>\n<span id=\"pagelayout_0_pagetype_0_pagecontent_0_tabcontent_0_repAttributeTables_repAttributes_10_lblAttribute_10\">M\u00e9ret (sz\u00e9\u2009\u00d7\u2009ma\u2009\u00d7\u2009m\u00e9) :<\/span>32\u2009\u00d7\u200955.5\u2009\u00d7\u200949.7 cm<br \/>\n<span id=\"pagelayout_0_pagetype_0_pagecontent_0_tabcontent_0_repAttributeTables_repAttributes_10_lblAttribute_6\">\u00c1ramer\u0151ss\u00e9g : <\/span>10 A<br \/>\n<span id=\"pagelayout_0_pagetype_0_pagecontent_0_tabcontent_0_repAttributeTables_repAttributes_10_lblAttribute_4\">K\u00e1belhossz: <\/span>1.1 m<br \/>\n<span id=\"pagelayout_0_pagetype_0_pagecontent_0_tabcontent_0_repAttributeTables_repAttributes_10_lblAttribute_1\">\u00c1ll\u00edthat\u00f3 magass\u00e1g\u00fa forr\u00f3v\u00edz-kifoly\u00f3 : <\/span>69\u2009\u2013\u2009165\u2009mm<br \/>\n<span id=\"pagelayout_0_pagetype_0_pagecontent_0_tabcontent_0_repAttributeTables_repAttributes_5_lblAttribute_7\">Tejrendszer \/ cser\u00e9lhet\u0151 tejki\u00f6nt\u0151<\/span> : HP3\u2009\/\u2009CX2<br \/>\n<span id=\"pagelayout_0_pagetype_0_pagecontent_0_tabcontent_0_repAttributeTables_repAttributes_10_lblAttribute_2\">K\u00e1v\u00e9babtart\u00e1ly \u0171rtartalma<\/span> : 1\u2009kg<br \/>\n<span id=\"pagelayout_0_pagetype_0_pagecontent_0_tabcontent_0_repAttributeTables_repAttributes_10_lblAttribute_3\">K\u00e1v\u00e9zacctart\u00e1ly (adagok)<\/span> : 40<br \/>\nTot\u00e1l : 48040<\/p>","protected":false},"excerpt":{"rendered":"<h3><span style=\"color: #ff0000;\"><strong>AZ \u00c1R TARTALMAZZA + <\/strong><\/span><strong>1 db K\u00d6ZPONTI EGYS\u00c9GE<span style=\"color: #000000;\">T!<\/span><\/strong><\/h3>\n<hr \/>\n<p>31 f\u00e9le programozhat\u00f3 k\u00e1v\u00e9specialit\u00e1s k\u00e9sz\u00edthet\u0151 vele egyetlen gombnyom\u00e1ssal, t\u00f6bbek k\u00f6z\u00f6tt a manaps\u00e1g divatos Flat White. K\u00f6nnyen kezelhet\u0151, egyszer\u0171en \u00fajrat\u00f6lthet\u0151 a v\u00edztart\u00e1ly \u00e9s az 1 kg-os k\u00e1v\u00e9babtart\u00e1ly, ami az aromaz\u00e1r\u00f3 fed\u00e9llel meg\u0151rzi a k\u00e1v\u00e9szemek arom\u00e1j\u00e1t. Megoldhat\u00f3 a zacctart\u00e1ly \u00e9s a csepegtet\u0151v\u00edz azonnali \u00fcr\u00edt\u00e9se. A be\u00e9p\u00edtett \u00f6bl\u00edt\u0151- \u00e9s tiszt\u00edt\u00f3programokat egy gombnyom\u00e1ssal elind\u00edthatja, \u00edgy a napi karbantart\u00e1s minim\u00e1lis id\u0151t ig\u00e9nyel csak. A koll\u00e9g\u00e1k biztosan im\u00e1dni fogj\u00e1k. Ha az eg\u00e9sz nap folyam\u00e1n hat\u00e9konyan m\u0171k\u00f6d\u0151 g\u00e9pre van sz\u00fcks\u00e9ge, akkor ezt a kompakt megold\u00e1st aj\u00e1nljuk v\u00edzr\u00e1k\u00f6t\u00e9ssel.<\/p>","protected":false},"featured_media":5757,"template":"","meta":[],"product_brand":[],"product_cat":[223,265],"product_tag":[],"class_list":{"0":"post-5772","1":"product","2":"type-product","3":"status-publish","4":"has-post-thumbnail","6":"product_cat-kezdolap","7":"product_cat-jura-hasznalt-kavefozok","9":"first","10":"instock","11":"taxable","12":"shipping-taxable","13":"purchasable","14":"product-type-simple"},"yoast_head":"<!-- This site is optimized with the Yoast SEO plugin v27.4 - https:\/\/yoast.com\/product\/yoast-seo-wordpress\/ -->\n<title>Jura GIGA X3c Professional - Z\u00e9-P\u00e9 Caf\u00e9 Kft.<\/title>\n<meta name=\"robots\" content=\"index, follow, max-snippet:-1, max-image-preview:large, max-video-preview:-1\" \/>\n<link rel=\"canonical\" href=\"https:\/\/zepecafe-webaruhaz.hu\/hu\/webaruhaz\/jura-giga-x3c\/\" \/>\n<meta property=\"og:locale\" content=\"hu_HU\" \/>\n<meta property=\"og:type\" content=\"article\" \/>\n<meta property=\"og:title\" content=\"Jura GIGA X3c Professional - Z\u00e9-P\u00e9 Caf\u00e9 Kft.\" \/>\n<meta property=\"og:description\" content=\"AZ \u00c1R TARTALMAZZA + 1 db K\u00d6ZPONTI EGYS\u00c9GET!    31 f\u00e9le programozhat\u00f3 k\u00e1v\u00e9specialit\u00e1s k\u00e9sz\u00edthet\u0151 vele egyetlen gombnyom\u00e1ssal, t\u00f6bbek k\u00f6z\u00f6tt a manaps\u00e1g divatos Flat White. K\u00f6nnyen kezelhet\u0151, egyszer\u0171en \u00fajrat\u00f6lthet\u0151 a v\u00edztart\u00e1ly \u00e9s az 1 kg-os k\u00e1v\u00e9babtart\u00e1ly, ami az aromaz\u00e1r\u00f3 fed\u00e9llel meg\u0151rzi a k\u00e1v\u00e9szemek arom\u00e1j\u00e1t. Megoldhat\u00f3 a zacctart\u00e1ly \u00e9s a csepegtet\u0151v\u00edz azonnali \u00fcr\u00edt\u00e9se. A be\u00e9p\u00edtett \u00f6bl\u00edt\u0151- \u00e9s tiszt\u00edt\u00f3programokat egy gombnyom\u00e1ssal elind\u00edthatja, \u00edgy a napi karbantart\u00e1s minim\u00e1lis id\u0151t ig\u00e9nyel csak. A koll\u00e9g\u00e1k biztosan im\u00e1dni fogj\u00e1k. Ha az eg\u00e9sz nap folyam\u00e1n hat\u00e9konyan m\u0171k\u00f6d\u0151 g\u00e9pre van sz\u00fcks\u00e9ge, akkor ezt a kompakt megold\u00e1st aj\u00e1nljuk v\u00edzr\u00e1k\u00f6t\u00e9ssel.\" \/>\n<meta property=\"og:url\" content=\"https:\/\/zepecafe-webaruhaz.hu\/hu\/webaruhaz\/jura-giga-x3c\/\" \/>\n<meta property=\"og:site_name\" content=\"Z\u00e9-P\u00e9 Caf\u00e9 Kft.\" \/>\n<meta property=\"article:publisher\" content=\"https:\/\/www.facebook.com\/zepecafekft.bekescsaba\" \/>\n<meta property=\"article:modified_time\" content=\"2025-07-25T09:51:54+00:00\" \/>\n<meta property=\"og:image\" content=\"https:\/\/zepecafe-webaruhaz.hu\/wp-content\/uploads\/2024\/06\/557-Jura-GIGA-X3c-Professional-scaled.jpg\" \/>\n\t<meta property=\"og:image:width\" content=\"1976\" \/>\n\t<meta property=\"og:image:height\" content=\"2560\" \/>\n\t<meta property=\"og:image:type\" content=\"image\/jpeg\" \/>\n<meta name=\"twitter:card\" content=\"summary_large_image\" \/>\n<script type=\"application\/ld+json\" class=\"yoast-schema-graph\">{\"@context\":\"https:\\\/\\\/schema.org\",\"@graph\":[{\"@type\":\"WebPage\",\"@id\":\"https:\\\/\\\/zepecafe-webaruhaz.hu\\\/webaruhaz\\\/jura-giga-x3c\\\/\",\"url\":\"https:\\\/\\\/zepecafe-webaruhaz.hu\\\/webaruhaz\\\/jura-giga-x3c\\\/\",\"name\":\"Jura GIGA X3c Professional - Z\u00e9-P\u00e9 Caf\u00e9 Kft.\",\"isPartOf\":{\"@id\":\"http:\\\/\\\/zepecafe-webaruhaz.hu\\\/hu\\\/#website\"},\"primaryImageOfPage\":{\"@id\":\"https:\\\/\\\/zepecafe-webaruhaz.hu\\\/webaruhaz\\\/jura-giga-x3c\\\/#primaryimage\"},\"image\":{\"@id\":\"https:\\\/\\\/zepecafe-webaruhaz.hu\\\/webaruhaz\\\/jura-giga-x3c\\\/#primaryimage\"},\"thumbnailUrl\":\"https:\\\/\\\/zepecafe-webaruhaz.hu\\\/wp-content\\\/uploads\\\/2024\\\/06\\\/557-Jura-GIGA-X3c-Professional-scaled.jpg\",\"datePublished\":\"2024-06-18T12:34:01+00:00\",\"dateModified\":\"2025-07-25T09:51:54+00:00\",\"breadcrumb\":{\"@id\":\"https:\\\/\\\/zepecafe-webaruhaz.hu\\\/webaruhaz\\\/jura-giga-x3c\\\/#breadcrumb\"},\"inLanguage\":\"hu\",\"potentialAction\":[{\"@type\":\"ReadAction\",\"target\":[\"https:\\\/\\\/zepecafe-webaruhaz.hu\\\/webaruhaz\\\/jura-giga-x3c\\\/\"]}]},{\"@type\":\"ImageObject\",\"inLanguage\":\"hu\",\"@id\":\"https:\\\/\\\/zepecafe-webaruhaz.hu\\\/webaruhaz\\\/jura-giga-x3c\\\/#primaryimage\",\"url\":\"https:\\\/\\\/zepecafe-webaruhaz.hu\\\/wp-content\\\/uploads\\\/2024\\\/06\\\/557-Jura-GIGA-X3c-Professional-scaled.jpg\",\"contentUrl\":\"https:\\\/\\\/zepecafe-webaruhaz.hu\\\/wp-content\\\/uploads\\\/2024\\\/06\\\/557-Jura-GIGA-X3c-Professional-scaled.jpg\",\"width\":1976,\"height\":2560,\"caption\":\"Jura GIGA X3c Professional\"},{\"@type\":\"BreadcrumbList\",\"@id\":\"https:\\\/\\\/zepecafe-webaruhaz.hu\\\/webaruhaz\\\/jura-giga-x3c\\\/#breadcrumb\",\"itemListElement\":[{\"@type\":\"ListItem\",\"position\":1,\"name\":\"Kezd\u0151lap\",\"item\":\"https:\\\/\\\/zepecafe-webaruhaz.hu\\\/hu\\\/\"},{\"@type\":\"ListItem\",\"position\":2,\"name\":\"Shop\",\"item\":\"https:\\\/\\\/zepecafe-webaruhaz.hu\\\/hu\\\/shop-2\\\/\"},{\"@type\":\"ListItem\",\"position\":3,\"name\":\"Jura GIGA X3c Professional\"}]},{\"@type\":\"WebSite\",\"@id\":\"http:\\\/\\\/zepecafe-webaruhaz.hu\\\/hu\\\/#website\",\"url\":\"http:\\\/\\\/zepecafe-webaruhaz.hu\\\/hu\\\/\",\"name\":\"Z\u00e9-P\u00e9 Caf\u00e9 Kft.\",\"description\":\"T\u00e1rsas\u00e1gunk, a Z\u00c9-P\u00c9 Caf\u00e9 Kft., mely 1998 \u00f3ta m\u0171k\u00f6dik, t\u00f6bbs\u00e9g\u00e9ben Olaszorsz\u00e1gb\u00f3l import\u00e1lt, friss ki\u0151rl\u00e9s\u0171 k\u00e1v\u00e9t lef\u0151z\u0151 automata g\u00e9pek forgalmaz\u00e1s\u00e1val \u00e9s b\u00e9rbead\u00e1s\u00e1val foglalkozik.\",\"publisher\":{\"@id\":\"http:\\\/\\\/zepecafe-webaruhaz.hu\\\/hu\\\/#organization\"},\"potentialAction\":[{\"@type\":\"SearchAction\",\"target\":{\"@type\":\"EntryPoint\",\"urlTemplate\":\"http:\\\/\\\/zepecafe-webaruhaz.hu\\\/hu\\\/?s={search_term_string}\"},\"query-input\":{\"@type\":\"PropertyValueSpecification\",\"valueRequired\":true,\"valueName\":\"search_term_string\"}}],\"inLanguage\":\"hu\"},{\"@type\":\"Organization\",\"@id\":\"http:\\\/\\\/zepecafe-webaruhaz.hu\\\/hu\\\/#organization\",\"name\":\"Z\u00e9-P\u00e9 Caf\u00e9 Kft.\",\"url\":\"http:\\\/\\\/zepecafe-webaruhaz.hu\\\/hu\\\/\",\"logo\":{\"@type\":\"ImageObject\",\"inLanguage\":\"hu\",\"@id\":\"http:\\\/\\\/zepecafe-webaruhaz.hu\\\/hu\\\/#\\\/schema\\\/logo\\\/image\\\/\",\"url\":\"https:\\\/\\\/zepecafe-webaruhaz.hu\\\/wp-content\\\/uploads\\\/2025\\\/01\\\/logouj.png\",\"contentUrl\":\"https:\\\/\\\/zepecafe-webaruhaz.hu\\\/wp-content\\\/uploads\\\/2025\\\/01\\\/logouj.png\",\"width\":300,\"height\":300,\"caption\":\"Z\u00e9-P\u00e9 Caf\u00e9 Kft.\"},\"image\":{\"@id\":\"http:\\\/\\\/zepecafe-webaruhaz.hu\\\/hu\\\/#\\\/schema\\\/logo\\\/image\\\/\"},\"sameAs\":[\"https:\\\/\\\/www.facebook.com\\\/zepecafekft.bekescsaba\"]}]}<\/script>\n<!-- \/ Yoast SEO plugin. -->","yoast_head_json":{"title":"Jura GIGA X3c Professional - Z\u00e9-P\u00e9 Caf\u00e9 Kft.","robots":{"index":"index","follow":"follow","max-snippet":"max-snippet:-1","max-image-preview":"max-image-preview:large","max-video-preview":"max-video-preview:-1"},"canonical":"https:\/\/zepecafe-webaruhaz.hu\/hu\/webaruhaz\/jura-giga-x3c\/","og_locale":"hu_HU","og_type":"article","og_title":"Jura GIGA X3c Professional - Z\u00e9-P\u00e9 Caf\u00e9 Kft.","og_description":"AZ \u00c1R TARTALMAZZA + 1 db K\u00d6ZPONTI EGYS\u00c9GET!    31 f\u00e9le programozhat\u00f3 k\u00e1v\u00e9specialit\u00e1s k\u00e9sz\u00edthet\u0151 vele egyetlen gombnyom\u00e1ssal, t\u00f6bbek k\u00f6z\u00f6tt a manaps\u00e1g divatos Flat White. K\u00f6nnyen kezelhet\u0151, egyszer\u0171en \u00fajrat\u00f6lthet\u0151 a v\u00edztart\u00e1ly \u00e9s az 1 kg-os k\u00e1v\u00e9babtart\u00e1ly, ami az aromaz\u00e1r\u00f3 fed\u00e9llel meg\u0151rzi a k\u00e1v\u00e9szemek arom\u00e1j\u00e1t. Megoldhat\u00f3 a zacctart\u00e1ly \u00e9s a csepegtet\u0151v\u00edz azonnali \u00fcr\u00edt\u00e9se. A be\u00e9p\u00edtett \u00f6bl\u00edt\u0151- \u00e9s tiszt\u00edt\u00f3programokat egy gombnyom\u00e1ssal elind\u00edthatja, \u00edgy a napi karbantart\u00e1s minim\u00e1lis id\u0151t ig\u00e9nyel csak. A koll\u00e9g\u00e1k biztosan im\u00e1dni fogj\u00e1k. Ha az eg\u00e9sz nap folyam\u00e1n hat\u00e9konyan m\u0171k\u00f6d\u0151 g\u00e9pre van sz\u00fcks\u00e9ge, akkor ezt a kompakt megold\u00e1st aj\u00e1nljuk v\u00edzr\u00e1k\u00f6t\u00e9ssel.","og_url":"https:\/\/zepecafe-webaruhaz.hu\/hu\/webaruhaz\/jura-giga-x3c\/","og_site_name":"Z\u00e9-P\u00e9 Caf\u00e9 Kft.","article_publisher":"https:\/\/www.facebook.com\/zepecafekft.bekescsaba","article_modified_time":"2025-07-25T09:51:54+00:00","og_image":[{"width":1976,"height":2560,"url":"https:\/\/zepecafe-webaruhaz.hu\/wp-content\/uploads\/2024\/06\/557-Jura-GIGA-X3c-Professional-scaled.jpg","type":"image\/jpeg"}],"twitter_card":"summary_large_image","schema":{"@context":"https:\/\/schema.org","@graph":[{"@type":"WebPage","@id":"https:\/\/zepecafe-webaruhaz.hu\/webaruhaz\/jura-giga-x3c\/","url":"https:\/\/zepecafe-webaruhaz.hu\/webaruhaz\/jura-giga-x3c\/","name":"Jura GIGA X3c Professional - Z\u00e9-P\u00e9 Caf\u00e9 Kft.","isPartOf":{"@id":"http:\/\/zepecafe-webaruhaz.hu\/hu\/#website"},"primaryImageOfPage":{"@id":"https:\/\/zepecafe-webaruhaz.hu\/webaruhaz\/jura-giga-x3c\/#primaryimage"},"image":{"@id":"https:\/\/zepecafe-webaruhaz.hu\/webaruhaz\/jura-giga-x3c\/#primaryimage"},"thumbnailUrl":"https:\/\/zepecafe-webaruhaz.hu\/wp-content\/uploads\/2024\/06\/557-Jura-GIGA-X3c-Professional-scaled.jpg","datePublished":"2024-06-18T12:34:01+00:00","dateModified":"2025-07-25T09:51:54+00:00","breadcrumb":{"@id":"https:\/\/zepecafe-webaruhaz.hu\/webaruhaz\/jura-giga-x3c\/#breadcrumb"},"inLanguage":"hu","potentialAction":[{"@type":"ReadAction","target":["https:\/\/zepecafe-webaruhaz.hu\/webaruhaz\/jura-giga-x3c\/"]}]},{"@type":"ImageObject","inLanguage":"hu","@id":"https:\/\/zepecafe-webaruhaz.hu\/webaruhaz\/jura-giga-x3c\/#primaryimage","url":"https:\/\/zepecafe-webaruhaz.hu\/wp-content\/uploads\/2024\/06\/557-Jura-GIGA-X3c-Professional-scaled.jpg","contentUrl":"https:\/\/zepecafe-webaruhaz.hu\/wp-content\/uploads\/2024\/06\/557-Jura-GIGA-X3c-Professional-scaled.jpg","width":1976,"height":2560,"caption":"Jura GIGA X3c Professional"},{"@type":"BreadcrumbList","@id":"https:\/\/zepecafe-webaruhaz.hu\/webaruhaz\/jura-giga-x3c\/#breadcrumb","itemListElement":[{"@type":"ListItem","position":1,"name":"Kezd\u0151lap","item":"https:\/\/zepecafe-webaruhaz.hu\/hu\/"},{"@type":"ListItem","position":2,"name":"Shop","item":"https:\/\/zepecafe-webaruhaz.hu\/hu\/shop-2\/"},{"@type":"ListItem","position":3,"name":"Jura GIGA X3c Professional"}]},{"@type":"WebSite","@id":"http:\/\/zepecafe-webaruhaz.hu\/hu\/#website","url":"http:\/\/zepecafe-webaruhaz.hu\/hu\/","name":"Z\u00e9-P\u00e9 Caf\u00e9 Kft.","description":"T\u00e1rsas\u00e1gunk, a Z\u00c9-P\u00c9 Caf\u00e9 Kft., mely 1998 \u00f3ta m\u0171k\u00f6dik, t\u00f6bbs\u00e9g\u00e9ben Olaszorsz\u00e1gb\u00f3l import\u00e1lt, friss ki\u0151rl\u00e9s\u0171 k\u00e1v\u00e9t lef\u0151z\u0151 automata g\u00e9pek forgalmaz\u00e1s\u00e1val \u00e9s b\u00e9rbead\u00e1s\u00e1val foglalkozik.","publisher":{"@id":"http:\/\/zepecafe-webaruhaz.hu\/hu\/#organization"},"potentialAction":[{"@type":"SearchAction","target":{"@type":"EntryPoint","urlTemplate":"http:\/\/zepecafe-webaruhaz.hu\/hu\/?s={search_term_string}"},"query-input":{"@type":"PropertyValueSpecification","valueRequired":true,"valueName":"search_term_string"}}],"inLanguage":"hu"},{"@type":"Organization","@id":"http:\/\/zepecafe-webaruhaz.hu\/hu\/#organization","name":"Z\u00e9-P\u00e9 Caf\u00e9 Kft.","url":"http:\/\/zepecafe-webaruhaz.hu\/hu\/","logo":{"@type":"ImageObject","inLanguage":"hu","@id":"http:\/\/zepecafe-webaruhaz.hu\/hu\/#\/schema\/logo\/image\/","url":"https:\/\/zepecafe-webaruhaz.hu\/wp-content\/uploads\/2025\/01\/logouj.png","contentUrl":"https:\/\/zepecafe-webaruhaz.hu\/wp-content\/uploads\/2025\/01\/logouj.png","width":300,"height":300,"caption":"Z\u00e9-P\u00e9 Caf\u00e9 Kft."},"image":{"@id":"http:\/\/zepecafe-webaruhaz.hu\/hu\/#\/schema\/logo\/image\/"},"sameAs":["https:\/\/www.facebook.com\/zepecafekft.bekescsaba"]}]}},"_links":{"self":[{"href":"https:\/\/zepecafe-webaruhaz.hu\/hu\/wp-json\/wp\/v2\/product\/5772","targetHints":{"allow":["GET"]}}],"collection":[{"href":"https:\/\/zepecafe-webaruhaz.hu\/hu\/wp-json\/wp\/v2\/product"}],"about":[{"href":"https:\/\/zepecafe-webaruhaz.hu\/hu\/wp-json\/wp\/v2\/types\/product"}],"wp:featuredmedia":[{"embeddable":true,"href":"https:\/\/zepecafe-webaruhaz.hu\/hu\/wp-json\/wp\/v2\/media\/5757"}],"wp:attachment":[{"href":"https:\/\/zepecafe-webaruhaz.hu\/hu\/wp-json\/wp\/v2\/media?parent=5772"}],"wp:term":[{"taxonomy":"product_brand","embeddable":true,"href":"https:\/\/zepecafe-webaruhaz.hu\/hu\/wp-json\/wp\/v2\/product_brand?post=5772"},{"taxonomy":"product_cat","embeddable":true,"href":"https:\/\/zepecafe-webaruhaz.hu\/hu\/wp-json\/wp\/v2\/product_cat?post=5772"},{"taxonomy":"product_tag","embeddable":true,"href":"https:\/\/zepecafe-webaruhaz.hu\/hu\/wp-json\/wp\/v2\/product_tag?post=5772"}],"curies":[{"name":"wp","href":"https:\/\/api.w.org\/{rel}","templated":true}]}}