{"id":5778,"date":"2024-06-18T12:57:34","date_gmt":"2024-06-18T12:57:34","guid":{"rendered":"https:\/\/zepecafe-webaruhaz.hu\/index.php\/product\/jura-x9-szines-kijelzo\/"},"modified":"2025-07-25T09:53:18","modified_gmt":"2025-07-25T09:53:18","slug":"jura-x9-szines-kijelzo","status":"publish","type":"product","link":"https:\/\/zepecafe-webaruhaz.hu\/hu\/webaruhaz\/jura-x9-szines-kijelzo\/","title":{"rendered":"Jura Impressa X9 WIN"},"content":{"rendered":"<p>&#8211; Latte macchiato egy gombnyom\u00e1sra<br \/>\n&#8211; Caff\u00e8 latte egy gombnyom\u00e1sra<br \/>\n&#8211; Cappuccino egy gombnyom\u00e1sra<br \/>\n&#8211; Kancs\u00f3nyi mennyis\u00e9g\u0171 Espresso-min\u0151s\u00e9g\u0171 k\u00e1v\u00e9<br \/>\n&#8211; Auto Cappuccino fej tejhabk\u00e9sz\u00edt\u00e9shez<br \/>\n&#8211; Auto Cappuccino fej forr\u00f3 tej k\u00e9sz\u00edt\u00e9shez<br \/>\n&#8211; Grafikus kijelz\u0151<br \/>\n&#8211; K\u00e9t f\u0171t\u0151rendszer<br \/>\n&#8211; Akt\u00edv k\u00e1v\u00e9figyel\u00e9s<br \/>\n&#8211; Cs\u00e9szetart\u00f3<br \/>\n&#8211; Automatikus \u00e1tmos\u00e1s tejes specialit\u00e1sok ut\u00e1n<br \/>\n&#8211; Be\u00e9p\u00edtett automatikus tiszt\u00edt\u00f3rendszerek (tej \u00e9s k\u00e1v\u00e9)<br \/>\n&#8211; Felhaszn\u00e1l\u00f3 azonos\u00edt\u00e1s<br \/>\n&#8211; \u00dajraind\u00edthat\u00f3 napi sz\u00e1ml\u00e1l\u00f3<br \/>\n&#8211; Karbantart\u00e1si szint kijelz\u00e9s<br \/>\n&#8211; H\u00e1tral\u00e9v\u0151 id\u0151 sz\u00e1ml\u00e1l\u00f3<br \/>\n&#8211; M\u00e9ret : 43x 51x 58,5 cm<\/p>","protected":false},"excerpt":{"rendered":"<h3><span style=\"color: #ff0000;\"><strong>AZ \u00c1R TARTALMAZZA + <\/strong><\/span><strong>1 db K\u00d6ZPONTI EGYS\u00c9GE<span style=\"color: #000000;\">T!<\/span><\/strong><\/h3>\n<p>SZ\u00cdNES KIJELZ\u0150<br \/>\n&#8211; Nagy kapacit\u00e1s\u00fa f\u0151z\u0151egys\u00e9g (5 g-t\u00f3l 16 g-ig)<br \/>\n&#8211; Intelligens el\u0151\u00e1ztat\u00e1si rendszer (I. P. B. A. S. \u00a9)<br \/>\n&#8211; 5-nyelv\u0171 men\u00fc, grafikus kijelz\u0151<br \/>\n&#8211; Forr\u00f3 v\u00edz \/ g\u0151zfunkci\u00f3<br \/>\n&#8211; Cappuccino habos\u00edt\u00f3<br \/>\n&#8211; Magass\u00e1g\u00e1ban \u00e1ll\u00edthat\u00f3 k\u00e1v\u00e9kifoly\u00f3<br \/>\n&#8211; K\u00e9t cs\u00e9sze egy lef\u0151z\u00e9ssel<br \/>\n&#8211; 6 fokozat\u00fa rozsdamentes ac\u00e9l \u0151rl\u0151fej<br \/>\n&#8211; CLARIS Pro White sz\u0171r\u0151patron<br \/>\n&#8211; Nagy nyom\u00e1s\u00fa kompresszor : 15 bar<br \/>\n&#8211; Thermoblock gyorskaz\u00e1n<br \/>\n&#8211; Sz\u0171r\u0151figyel\u00e9s<br \/>\n&#8211; Karbantart\u00e1si szint kijelz\u00e9s<\/p>\n<p><strong><span style=\"font-size: 9pt; font-family: 'Times New Roman';\">6 H\u00d3NAP GARANCI\u00c1T V\u00c1LLALUNK A FEL\u00daJ\u00cdTOTT G\u00c9PEINKRE,<\/span><\/strong><\/p>\n<h1><\/h1>","protected":false},"featured_media":5765,"template":"","meta":[],"product_brand":[],"product_cat":[223,265],"product_tag":[],"class_list":{"0":"post-5778","1":"product","2":"type-product","3":"status-publish","4":"has-post-thumbnail","6":"product_cat-kezdolap","7":"product_cat-jura-hasznalt-kavefozok","9":"first","10":"instock","11":"taxable","12":"shipping-taxable","13":"purchasable","14":"product-type-simple"},"yoast_head":"<!-- This site is optimized with the Yoast SEO plugin v27.4 - https:\/\/yoast.com\/product\/yoast-seo-wordpress\/ -->\n<title>Jura Impressa X9 WIN - Z\u00e9-P\u00e9 Caf\u00e9 Kft.<\/title>\n<meta name=\"robots\" content=\"index, follow, max-snippet:-1, max-image-preview:large, max-video-preview:-1\" \/>\n<link rel=\"canonical\" href=\"https:\/\/zepecafe-webaruhaz.hu\/hu\/webaruhaz\/jura-x9-szines-kijelzo\/\" \/>\n<meta property=\"og:locale\" content=\"hu_HU\" \/>\n<meta property=\"og:type\" content=\"article\" \/>\n<meta property=\"og:title\" content=\"Jura Impressa X9 WIN - Z\u00e9-P\u00e9 Caf\u00e9 Kft.\" \/>\n<meta property=\"og:description\" content=\"AZ \u00c1R TARTALMAZZA + 1 db K\u00d6ZPONTI EGYS\u00c9GET! SZ\u00cdNES KIJELZ\u0150 - Nagy kapacit\u00e1s\u00fa f\u0151z\u0151egys\u00e9g (5 g-t\u00f3l 16 g-ig) - Intelligens el\u0151\u00e1ztat\u00e1si rendszer (I. P. B. A. S. \u00a9) - 5-nyelv\u0171 men\u00fc, grafikus kijelz\u0151 - Forr\u00f3 v\u00edz \/ g\u0151zfunkci\u00f3 - Cappuccino habos\u00edt\u00f3 - Magass\u00e1g\u00e1ban \u00e1ll\u00edthat\u00f3 k\u00e1v\u00e9kifoly\u00f3 - K\u00e9t cs\u00e9sze egy lef\u0151z\u00e9ssel - 6 fokozat\u00fa rozsdamentes ac\u00e9l \u0151rl\u0151fej - CLARIS Pro White sz\u0171r\u0151patron - Nagy nyom\u00e1s\u00fa kompresszor : 15 bar - Thermoblock gyorskaz\u00e1n - Sz\u0171r\u0151figyel\u00e9s - Karbantart\u00e1si szint kijelz\u00e9s  6 H\u00d3NAP GARANCI\u00c1T V\u00c1LLALUNK A FEL\u00daJ\u00cdTOTT G\u00c9PEINKRE,\" \/>\n<meta property=\"og:url\" content=\"https:\/\/zepecafe-webaruhaz.hu\/hu\/webaruhaz\/jura-x9-szines-kijelzo\/\" \/>\n<meta property=\"og:site_name\" content=\"Z\u00e9-P\u00e9 Caf\u00e9 Kft.\" \/>\n<meta property=\"article:publisher\" content=\"https:\/\/www.facebook.com\/zepecafekft.bekescsaba\" \/>\n<meta property=\"article:modified_time\" content=\"2025-07-25T09:53:18+00:00\" \/>\n<meta property=\"og:image\" content=\"https:\/\/zepecafe-webaruhaz.hu\/wp-content\/uploads\/2024\/06\/605-Jura-Impressa-X9-WIN-scaled.jpg\" \/>\n\t<meta property=\"og:image:width\" content=\"1938\" \/>\n\t<meta property=\"og:image:height\" content=\"2560\" \/>\n\t<meta property=\"og:image:type\" content=\"image\/jpeg\" \/>\n<meta name=\"twitter:card\" content=\"summary_large_image\" \/>\n<meta name=\"twitter:label1\" content=\"Becs\u00fclt olvas\u00e1si id\u0151\" \/>\n\t<meta name=\"twitter:data1\" content=\"1 perc\" \/>\n<script type=\"application\/ld+json\" class=\"yoast-schema-graph\">{\"@context\":\"https:\\\/\\\/schema.org\",\"@graph\":[{\"@type\":\"WebPage\",\"@id\":\"https:\\\/\\\/zepecafe-webaruhaz.hu\\\/webaruhaz\\\/jura-x9-szines-kijelzo\\\/\",\"url\":\"https:\\\/\\\/zepecafe-webaruhaz.hu\\\/webaruhaz\\\/jura-x9-szines-kijelzo\\\/\",\"name\":\"Jura Impressa X9 WIN - Z\u00e9-P\u00e9 Caf\u00e9 Kft.\",\"isPartOf\":{\"@id\":\"http:\\\/\\\/zepecafe-webaruhaz.hu\\\/hu\\\/#website\"},\"primaryImageOfPage\":{\"@id\":\"https:\\\/\\\/zepecafe-webaruhaz.hu\\\/webaruhaz\\\/jura-x9-szines-kijelzo\\\/#primaryimage\"},\"image\":{\"@id\":\"https:\\\/\\\/zepecafe-webaruhaz.hu\\\/webaruhaz\\\/jura-x9-szines-kijelzo\\\/#primaryimage\"},\"thumbnailUrl\":\"https:\\\/\\\/zepecafe-webaruhaz.hu\\\/wp-content\\\/uploads\\\/2024\\\/06\\\/605-Jura-Impressa-X9-WIN-scaled.jpg\",\"datePublished\":\"2024-06-18T12:57:34+00:00\",\"dateModified\":\"2025-07-25T09:53:18+00:00\",\"breadcrumb\":{\"@id\":\"https:\\\/\\\/zepecafe-webaruhaz.hu\\\/webaruhaz\\\/jura-x9-szines-kijelzo\\\/#breadcrumb\"},\"inLanguage\":\"hu\",\"potentialAction\":[{\"@type\":\"ReadAction\",\"target\":[\"https:\\\/\\\/zepecafe-webaruhaz.hu\\\/webaruhaz\\\/jura-x9-szines-kijelzo\\\/\"]}]},{\"@type\":\"ImageObject\",\"inLanguage\":\"hu\",\"@id\":\"https:\\\/\\\/zepecafe-webaruhaz.hu\\\/webaruhaz\\\/jura-x9-szines-kijelzo\\\/#primaryimage\",\"url\":\"https:\\\/\\\/zepecafe-webaruhaz.hu\\\/wp-content\\\/uploads\\\/2024\\\/06\\\/605-Jura-Impressa-X9-WIN-scaled.jpg\",\"contentUrl\":\"https:\\\/\\\/zepecafe-webaruhaz.hu\\\/wp-content\\\/uploads\\\/2024\\\/06\\\/605-Jura-Impressa-X9-WIN-scaled.jpg\",\"width\":1938,\"height\":2560,\"caption\":\"Jura Impressa X9 WIN\"},{\"@type\":\"BreadcrumbList\",\"@id\":\"https:\\\/\\\/zepecafe-webaruhaz.hu\\\/webaruhaz\\\/jura-x9-szines-kijelzo\\\/#breadcrumb\",\"itemListElement\":[{\"@type\":\"ListItem\",\"position\":1,\"name\":\"Kezd\u0151lap\",\"item\":\"https:\\\/\\\/zepecafe-webaruhaz.hu\\\/hu\\\/\"},{\"@type\":\"ListItem\",\"position\":2,\"name\":\"Shop\",\"item\":\"https:\\\/\\\/zepecafe-webaruhaz.hu\\\/hu\\\/shop-2\\\/\"},{\"@type\":\"ListItem\",\"position\":3,\"name\":\"Jura Impressa X9 WIN\"}]},{\"@type\":\"WebSite\",\"@id\":\"http:\\\/\\\/zepecafe-webaruhaz.hu\\\/hu\\\/#website\",\"url\":\"http:\\\/\\\/zepecafe-webaruhaz.hu\\\/hu\\\/\",\"name\":\"Z\u00e9-P\u00e9 Caf\u00e9 Kft.\",\"description\":\"T\u00e1rsas\u00e1gunk, a Z\u00c9-P\u00c9 Caf\u00e9 Kft., mely 1998 \u00f3ta m\u0171k\u00f6dik, t\u00f6bbs\u00e9g\u00e9ben Olaszorsz\u00e1gb\u00f3l import\u00e1lt, friss ki\u0151rl\u00e9s\u0171 k\u00e1v\u00e9t lef\u0151z\u0151 automata g\u00e9pek forgalmaz\u00e1s\u00e1val \u00e9s b\u00e9rbead\u00e1s\u00e1val foglalkozik.\",\"publisher\":{\"@id\":\"http:\\\/\\\/zepecafe-webaruhaz.hu\\\/hu\\\/#organization\"},\"potentialAction\":[{\"@type\":\"SearchAction\",\"target\":{\"@type\":\"EntryPoint\",\"urlTemplate\":\"http:\\\/\\\/zepecafe-webaruhaz.hu\\\/hu\\\/?s={search_term_string}\"},\"query-input\":{\"@type\":\"PropertyValueSpecification\",\"valueRequired\":true,\"valueName\":\"search_term_string\"}}],\"inLanguage\":\"hu\"},{\"@type\":\"Organization\",\"@id\":\"http:\\\/\\\/zepecafe-webaruhaz.hu\\\/hu\\\/#organization\",\"name\":\"Z\u00e9-P\u00e9 Caf\u00e9 Kft.\",\"url\":\"http:\\\/\\\/zepecafe-webaruhaz.hu\\\/hu\\\/\",\"logo\":{\"@type\":\"ImageObject\",\"inLanguage\":\"hu\",\"@id\":\"http:\\\/\\\/zepecafe-webaruhaz.hu\\\/hu\\\/#\\\/schema\\\/logo\\\/image\\\/\",\"url\":\"https:\\\/\\\/zepecafe-webaruhaz.hu\\\/wp-content\\\/uploads\\\/2025\\\/01\\\/logouj.png\",\"contentUrl\":\"https:\\\/\\\/zepecafe-webaruhaz.hu\\\/wp-content\\\/uploads\\\/2025\\\/01\\\/logouj.png\",\"width\":300,\"height\":300,\"caption\":\"Z\u00e9-P\u00e9 Caf\u00e9 Kft.\"},\"image\":{\"@id\":\"http:\\\/\\\/zepecafe-webaruhaz.hu\\\/hu\\\/#\\\/schema\\\/logo\\\/image\\\/\"},\"sameAs\":[\"https:\\\/\\\/www.facebook.com\\\/zepecafekft.bekescsaba\"]}]}<\/script>\n<!-- \/ Yoast SEO plugin. -->","yoast_head_json":{"title":"Jura Impressa X9 WIN - Z\u00e9-P\u00e9 Caf\u00e9 Kft.","robots":{"index":"index","follow":"follow","max-snippet":"max-snippet:-1","max-image-preview":"max-image-preview:large","max-video-preview":"max-video-preview:-1"},"canonical":"https:\/\/zepecafe-webaruhaz.hu\/hu\/webaruhaz\/jura-x9-szines-kijelzo\/","og_locale":"hu_HU","og_type":"article","og_title":"Jura Impressa X9 WIN - Z\u00e9-P\u00e9 Caf\u00e9 Kft.","og_description":"AZ \u00c1R TARTALMAZZA + 1 db K\u00d6ZPONTI EGYS\u00c9GET! SZ\u00cdNES KIJELZ\u0150 - Nagy kapacit\u00e1s\u00fa f\u0151z\u0151egys\u00e9g (5 g-t\u00f3l 16 g-ig) - Intelligens el\u0151\u00e1ztat\u00e1si rendszer (I. P. B. A. S. \u00a9) - 5-nyelv\u0171 men\u00fc, grafikus kijelz\u0151 - Forr\u00f3 v\u00edz \/ g\u0151zfunkci\u00f3 - Cappuccino habos\u00edt\u00f3 - Magass\u00e1g\u00e1ban \u00e1ll\u00edthat\u00f3 k\u00e1v\u00e9kifoly\u00f3 - K\u00e9t cs\u00e9sze egy lef\u0151z\u00e9ssel - 6 fokozat\u00fa rozsdamentes ac\u00e9l \u0151rl\u0151fej - CLARIS Pro White sz\u0171r\u0151patron - Nagy nyom\u00e1s\u00fa kompresszor : 15 bar - Thermoblock gyorskaz\u00e1n - Sz\u0171r\u0151figyel\u00e9s - Karbantart\u00e1si szint kijelz\u00e9s  6 H\u00d3NAP GARANCI\u00c1T V\u00c1LLALUNK A FEL\u00daJ\u00cdTOTT G\u00c9PEINKRE,","og_url":"https:\/\/zepecafe-webaruhaz.hu\/hu\/webaruhaz\/jura-x9-szines-kijelzo\/","og_site_name":"Z\u00e9-P\u00e9 Caf\u00e9 Kft.","article_publisher":"https:\/\/www.facebook.com\/zepecafekft.bekescsaba","article_modified_time":"2025-07-25T09:53:18+00:00","og_image":[{"width":1938,"height":2560,"url":"https:\/\/zepecafe-webaruhaz.hu\/wp-content\/uploads\/2024\/06\/605-Jura-Impressa-X9-WIN-scaled.jpg","type":"image\/jpeg"}],"twitter_card":"summary_large_image","twitter_misc":{"Becs\u00fclt olvas\u00e1si id\u0151":"1 perc"},"schema":{"@context":"https:\/\/schema.org","@graph":[{"@type":"WebPage","@id":"https:\/\/zepecafe-webaruhaz.hu\/webaruhaz\/jura-x9-szines-kijelzo\/","url":"https:\/\/zepecafe-webaruhaz.hu\/webaruhaz\/jura-x9-szines-kijelzo\/","name":"Jura Impressa X9 WIN - Z\u00e9-P\u00e9 Caf\u00e9 Kft.","isPartOf":{"@id":"http:\/\/zepecafe-webaruhaz.hu\/hu\/#website"},"primaryImageOfPage":{"@id":"https:\/\/zepecafe-webaruhaz.hu\/webaruhaz\/jura-x9-szines-kijelzo\/#primaryimage"},"image":{"@id":"https:\/\/zepecafe-webaruhaz.hu\/webaruhaz\/jura-x9-szines-kijelzo\/#primaryimage"},"thumbnailUrl":"https:\/\/zepecafe-webaruhaz.hu\/wp-content\/uploads\/2024\/06\/605-Jura-Impressa-X9-WIN-scaled.jpg","datePublished":"2024-06-18T12:57:34+00:00","dateModified":"2025-07-25T09:53:18+00:00","breadcrumb":{"@id":"https:\/\/zepecafe-webaruhaz.hu\/webaruhaz\/jura-x9-szines-kijelzo\/#breadcrumb"},"inLanguage":"hu","potentialAction":[{"@type":"ReadAction","target":["https:\/\/zepecafe-webaruhaz.hu\/webaruhaz\/jura-x9-szines-kijelzo\/"]}]},{"@type":"ImageObject","inLanguage":"hu","@id":"https:\/\/zepecafe-webaruhaz.hu\/webaruhaz\/jura-x9-szines-kijelzo\/#primaryimage","url":"https:\/\/zepecafe-webaruhaz.hu\/wp-content\/uploads\/2024\/06\/605-Jura-Impressa-X9-WIN-scaled.jpg","contentUrl":"https:\/\/zepecafe-webaruhaz.hu\/wp-content\/uploads\/2024\/06\/605-Jura-Impressa-X9-WIN-scaled.jpg","width":1938,"height":2560,"caption":"Jura Impressa X9 WIN"},{"@type":"BreadcrumbList","@id":"https:\/\/zepecafe-webaruhaz.hu\/webaruhaz\/jura-x9-szines-kijelzo\/#breadcrumb","itemListElement":[{"@type":"ListItem","position":1,"name":"Kezd\u0151lap","item":"https:\/\/zepecafe-webaruhaz.hu\/hu\/"},{"@type":"ListItem","position":2,"name":"Shop","item":"https:\/\/zepecafe-webaruhaz.hu\/hu\/shop-2\/"},{"@type":"ListItem","position":3,"name":"Jura Impressa X9 WIN"}]},{"@type":"WebSite","@id":"http:\/\/zepecafe-webaruhaz.hu\/hu\/#website","url":"http:\/\/zepecafe-webaruhaz.hu\/hu\/","name":"Z\u00e9-P\u00e9 Caf\u00e9 Kft.","description":"T\u00e1rsas\u00e1gunk, a Z\u00c9-P\u00c9 Caf\u00e9 Kft., mely 1998 \u00f3ta m\u0171k\u00f6dik, t\u00f6bbs\u00e9g\u00e9ben Olaszorsz\u00e1gb\u00f3l import\u00e1lt, friss ki\u0151rl\u00e9s\u0171 k\u00e1v\u00e9t lef\u0151z\u0151 automata g\u00e9pek forgalmaz\u00e1s\u00e1val \u00e9s b\u00e9rbead\u00e1s\u00e1val foglalkozik.","publisher":{"@id":"http:\/\/zepecafe-webaruhaz.hu\/hu\/#organization"},"potentialAction":[{"@type":"SearchAction","target":{"@type":"EntryPoint","urlTemplate":"http:\/\/zepecafe-webaruhaz.hu\/hu\/?s={search_term_string}"},"query-input":{"@type":"PropertyValueSpecification","valueRequired":true,"valueName":"search_term_string"}}],"inLanguage":"hu"},{"@type":"Organization","@id":"http:\/\/zepecafe-webaruhaz.hu\/hu\/#organization","name":"Z\u00e9-P\u00e9 Caf\u00e9 Kft.","url":"http:\/\/zepecafe-webaruhaz.hu\/hu\/","logo":{"@type":"ImageObject","inLanguage":"hu","@id":"http:\/\/zepecafe-webaruhaz.hu\/hu\/#\/schema\/logo\/image\/","url":"https:\/\/zepecafe-webaruhaz.hu\/wp-content\/uploads\/2025\/01\/logouj.png","contentUrl":"https:\/\/zepecafe-webaruhaz.hu\/wp-content\/uploads\/2025\/01\/logouj.png","width":300,"height":300,"caption":"Z\u00e9-P\u00e9 Caf\u00e9 Kft."},"image":{"@id":"http:\/\/zepecafe-webaruhaz.hu\/hu\/#\/schema\/logo\/image\/"},"sameAs":["https:\/\/www.facebook.com\/zepecafekft.bekescsaba"]}]}},"_links":{"self":[{"href":"https:\/\/zepecafe-webaruhaz.hu\/hu\/wp-json\/wp\/v2\/product\/5778","targetHints":{"allow":["GET"]}}],"collection":[{"href":"https:\/\/zepecafe-webaruhaz.hu\/hu\/wp-json\/wp\/v2\/product"}],"about":[{"href":"https:\/\/zepecafe-webaruhaz.hu\/hu\/wp-json\/wp\/v2\/types\/product"}],"wp:featuredmedia":[{"embeddable":true,"href":"https:\/\/zepecafe-webaruhaz.hu\/hu\/wp-json\/wp\/v2\/media\/5765"}],"wp:attachment":[{"href":"https:\/\/zepecafe-webaruhaz.hu\/hu\/wp-json\/wp\/v2\/media?parent=5778"}],"wp:term":[{"taxonomy":"product_brand","embeddable":true,"href":"https:\/\/zepecafe-webaruhaz.hu\/hu\/wp-json\/wp\/v2\/product_brand?post=5778"},{"taxonomy":"product_cat","embeddable":true,"href":"https:\/\/zepecafe-webaruhaz.hu\/hu\/wp-json\/wp\/v2\/product_cat?post=5778"},{"taxonomy":"product_tag","embeddable":true,"href":"https:\/\/zepecafe-webaruhaz.hu\/hu\/wp-json\/wp\/v2\/product_tag?post=5778"}],"curies":[{"name":"wp","href":"https:\/\/api.w.org\/{rel}","templated":true}]}}