{"id":6264,"date":"2025-03-23T13:57:19","date_gmt":"2025-03-23T13:57:19","guid":{"rendered":"https:\/\/zepecafe-webaruhaz.hu\/?post_type=product&#038;p=6264"},"modified":"2025-05-07T10:39:47","modified_gmt":"2025-05-07T10:39:47","slug":"saeco-intelia","status":"publish","type":"product","link":"https:\/\/zepecafe-webaruhaz.hu\/hu\/webaruhaz\/saeco-intelia\/","title":{"rendered":"Saeco Intelia"},"content":{"rendered":"<p><strong>Egy\u00e9rint\u00e9ses k\u00e1v\u00e9 \u00e9s pressz\u00f3k\u00e1v\u00e9<\/strong><\/p>\n<p>Csak a Saeco Intelia automata eszpressz\u00f3 k\u00e1v\u00e9f\u0151z\u0151 k\u00edn\u00e1lja \u00d6nnek a t\u00f6k\u00e9letes eszpressz\u00f3-\u00e9lm\u00e9nyt: k\u00f6nny\u0171 haszn\u00e1lni, k\u00f6nny\u0171 testre szabni, k\u00f6nny\u0171 tiszt\u00edtani. Mindezeket elk\u00e9sz\u00edtheti vele: capuccino, latte macchiato, eszpressz\u00f3 vagy csak forr\u00f3 v\u00edz, semmi sem lehetetlen.<\/p>\n<p><strong>Finom\u00edtsa a k\u00e1v\u00e9 intenzit\u00e1s\u00e1t az 5-f\u00e9le \u0151rl\u0151be\u00e1ll\u00edt\u00e1s seg\u00edts\u00e9g\u00e9vel<\/strong><br \/>\nAmikor az \u0151rl\u00e9s finoms\u00e1g\u00e1r\u00f3l van sz\u00f3, ez a k\u00e1v\u00e9f\u0151z\u0151 sosem okoz csal\u00f3d\u00e1st. A k\u00fcl\u00f6nb\u00f6z\u0151 k\u00e1v\u00e9t\u00edpusok arom\u00e1j\u00e1nak teljess\u00e9 t\u00e9tel\u00e9hez elt\u00e9r\u0151 szemcsem\u00e9ret sz\u00fcks\u00e9ges. A k\u00e9sz\u00fcl\u00e9k szemcsem\u00e9rete \u00f6t fokozat megad\u00e1s\u00e1val \u00e1ll\u00edthat\u00f3 be a gazdag arom\u00e1j\u00fa eszpressz\u00f3t eredm\u00e9nyez\u0151 legfinomabbt\u00f3l a k\u00f6nnyebb k\u00e1v\u00e9hoz sz\u00fcks\u00e9ges legdurv\u00e1bbig.<\/p>\n<p><strong>Hozza ki az \u00edzekb\u0151l a maximumot a 100% ker\u00e1mia \u0151rl\u0151bet\u00e9tekkel<\/strong><br \/>\nA massz\u00edv, 100% ker\u00e1mia \u0151rl\u0151bet\u00e9tek garant\u00e1lj\u00e1k a hamis\u00edtatlan, k\u00e9nyeztet\u0151 k\u00e1v\u00e9\u00e9lm\u00e9nyt az elk\u00f6vetkezend\u0151 \u00e9vekre. A ker\u00e1mia \u0151rl\u0151k ide\u00e1lis \u0151rlem\u00e9nyt biztos\u00edtanak, mely lehet\u0151v\u00e9 teszi a v\u00edz egyenletes \u00e1tfoly\u00e1s\u00e1t, \u00edgy a k\u00e1v\u00e9szemek legtiszt\u00e1bb arom\u00e1ja nyerhet\u0151 ki. Emellett a \u201ehagyom\u00e1nyos\u201d \u0151rl\u0151bet\u00e9tekkel ellent\u00e9tben a ker\u00e1mia alapanyag megakad\u00e1lyozza a k\u00e1v\u00e9 t\u00falmeleg\u00edt\u00e9s\u00e9t, mely az oda\u00e9gett \u00edz\u00e9rt felel\u0151s.<\/p>\n<p><strong>A teljesen kivehet\u0151 k\u00f6zponti egys\u00e9g pillanatok alatt tiszt\u00edthat\u00f3<\/strong><br \/>\nA hat\u00e9konys\u00e1g \u00e9s az egyszer\u0171 haszn\u00e1lat fontos szempont volt, amikor a Saeco 30 \u00e9vvel ezel\u0151tt feltal\u00e1lta az els\u0151 k\u00e1v\u00e9f\u0151z\u0151-term\u00e9kcsoportot, mely napjainkban, tov\u00e1bbra is a technol\u00f3gia elt\u00f6k\u00e9lts\u00e9g\u00e9nek \u00e9s \u00f6szt\u00f6nz\u0151 erej\u00e9nek bizony\u00edt\u00e9ka maradt. Most is, ahogy mindig, egyszer\u0171 tiszt\u00edtani \u2013 csak vegye ki, \u00e9s \u00f6bl\u00edtse el n\u00e9h\u00e1ny m\u00e1sodpercig a csap alatt, majd ugyanilyen k\u00f6nnyed\u00e9n helyezze vissza.<\/p>\n<p><strong>B\u00e1rsonyos tejhab a klasszikus tejhabos\u00edt\u00f3val<\/strong><br \/>\nA klasszikus tejhabos\u00edt\u00f3 azok sz\u00e1m\u00e1ra k\u00e9sz\u00fclt, akik szeretnek a legf\u0151bb szak\u00e9rt\u0151 szerep\u00e9ben mutatkozni, ami igaz\u00e1n k\u00f6nny\u0171. M\u00e1sodpercek alatt gazdag, b\u00e1rsonyos habr\u00e9teget \u00e1ll\u00edthat el\u0151 \u2013 mely megkoron\u00e1zza k\u00e1v\u00e9j\u00e1t.<\/p>\n<p>TULAJDONS\u00c1GOK<\/p>\n<ul>\n<li>Be\u00e1ll\u00edthat\u00f3 k\u00e1v\u00e9er\u0151ss\u00e9g<\/li>\n<li>El\u0151forr\u00e1z\u00f3 funkci\u00f3 az \u00edz\u00e9lm\u00e9ny fokoz\u00e1s\u00e1\u00e9rt<\/li>\n<li>Egy\u00e9rint\u00e9ses pressz\u00f3- \u00e9s hossz\u00fak\u00e1v\u00e9<\/li>\n<li>Ker\u00e1mia \u0151rl\u0151bet\u00e9tek az aroma meg\u0151rz\u00e9s\u00e9\u00e9rt<\/li>\n<li>K\u00f6nnyen \u00e9rthet\u0151 sz\u00ednk\u00f3dos felhaszn\u00e1l\u00f3 kezel\u0151fel\u00fclet<\/li>\n<li>Sz\u00e9les \u00e9s nagy f\u00e9nyerej\u0171 kijelz\u0151<\/li>\n<li>Automatikus tiszt\u00edt\u00e1s \u00e9s v\u00edzk\u0151mentes\u00edt\u00e9s<\/li>\n<li>Kivehet\u0151 k\u00f6zponti egys\u00e9g<\/li>\n<li>Energiatakar\u00e9kos<\/li>\n<\/ul>","protected":false},"excerpt":{"rendered":"<h3><span style=\"color: #ff0000;\"><strong>AZ \u00c1R TARTALMAZZA + <\/strong><\/span><strong>1 db K\u00d6ZPONTI EGYS\u00c9GE<span style=\"color: #000000;\">T!<\/span><\/strong><\/h3>\n<p>Gy\u00e1ri \u00faj alkatr\u00e9szekkel fel\u00faj\u00edtott, haszn\u00e1latra k\u00e9sz k\u00e1v\u00e9f\u0151z\u0151.<\/p>\n<p>A k\u00e1v\u00e9g\u00e9p tejhabos\u00edt\u00f3t is tartalmazza.<\/p>\n<p><strong>6 H\u00d3NAP GARANCI\u00c1T V\u00c1LLALUNK A FEL\u00daJ\u00cdTOTT G\u00c9PEINKRE!<\/strong><\/p>","protected":false},"featured_media":6597,"template":"","meta":[],"product_brand":[],"product_cat":[235,250],"product_tag":[],"class_list":{"0":"post-6264","1":"product","2":"type-product","3":"status-publish","4":"has-post-thumbnail","6":"product_cat-hasznalt-kavefozok","7":"product_cat-saeco-hasznalt-kavefozok","9":"first","10":"instock","11":"taxable","12":"shipping-taxable","13":"purchasable","14":"product-type-simple"},"yoast_head":"<!-- This site is optimized with the Yoast SEO plugin v27.1.1 - https:\/\/yoast.com\/product\/yoast-seo-wordpress\/ -->\n<title>Saeco Intelia - Z\u00e9-P\u00e9 Caf\u00e9 Kft.<\/title>\n<meta name=\"robots\" content=\"index, follow, max-snippet:-1, max-image-preview:large, max-video-preview:-1\" \/>\n<link rel=\"canonical\" href=\"https:\/\/zepecafe-webaruhaz.hu\/hu\/webaruhaz\/saeco-intelia\/\" \/>\n<meta property=\"og:locale\" content=\"hu_HU\" \/>\n<meta property=\"og:type\" content=\"article\" \/>\n<meta property=\"og:title\" content=\"Saeco Intelia - Z\u00e9-P\u00e9 Caf\u00e9 Kft.\" \/>\n<meta property=\"og:description\" content=\"AZ \u00c1R TARTALMAZZA + 1 db K\u00d6ZPONTI EGYS\u00c9GET! Gy\u00e1ri \u00faj alkatr\u00e9szekkel fel\u00faj\u00edtott, haszn\u00e1latra k\u00e9sz k\u00e1v\u00e9f\u0151z\u0151.  A k\u00e1v\u00e9g\u00e9p tejhabos\u00edt\u00f3t is tartalmazza.  6 H\u00d3NAP GARANCI\u00c1T V\u00c1LLALUNK A FEL\u00daJ\u00cdTOTT G\u00c9PEINKRE!\" \/>\n<meta property=\"og:url\" content=\"https:\/\/zepecafe-webaruhaz.hu\/hu\/webaruhaz\/saeco-intelia\/\" \/>\n<meta property=\"og:site_name\" content=\"Z\u00e9-P\u00e9 Caf\u00e9 Kft.\" \/>\n<meta property=\"article:publisher\" content=\"https:\/\/www.facebook.com\/zepecafekft.bekescsaba\" \/>\n<meta property=\"article:modified_time\" content=\"2025-05-07T10:39:47+00:00\" \/>\n<meta property=\"og:image\" content=\"https:\/\/zepecafe-webaruhaz.hu\/wp-content\/uploads\/2025\/03\/intelia8.jpg\" \/>\n\t<meta property=\"og:image:width\" content=\"1080\" \/>\n\t<meta property=\"og:image:height\" content=\"1080\" \/>\n\t<meta property=\"og:image:type\" content=\"image\/jpeg\" \/>\n<meta name=\"twitter:card\" content=\"summary_large_image\" \/>\n<meta name=\"twitter:label1\" content=\"Becs\u00fclt olvas\u00e1si id\u0151\" \/>\n\t<meta name=\"twitter:data1\" content=\"2 perc\" \/>\n<script type=\"application\/ld+json\" class=\"yoast-schema-graph\">{\"@context\":\"https:\/\/schema.org\",\"@graph\":[{\"@type\":\"WebPage\",\"@id\":\"https:\/\/zepecafe-webaruhaz.hu\/hu\/webaruhaz\/saeco-intelia\/\",\"url\":\"https:\/\/zepecafe-webaruhaz.hu\/hu\/webaruhaz\/saeco-intelia\/\",\"name\":\"Saeco Intelia - Z\u00e9-P\u00e9 Caf\u00e9 Kft.\",\"isPartOf\":{\"@id\":\"http:\/\/zepecafe-webaruhaz.hu\/hu\/#website\"},\"primaryImageOfPage\":{\"@id\":\"https:\/\/zepecafe-webaruhaz.hu\/hu\/webaruhaz\/saeco-intelia\/#primaryimage\"},\"image\":{\"@id\":\"https:\/\/zepecafe-webaruhaz.hu\/hu\/webaruhaz\/saeco-intelia\/#primaryimage\"},\"thumbnailUrl\":\"https:\/\/zepecafe-webaruhaz.hu\/wp-content\/uploads\/2025\/03\/intelia8.jpg\",\"datePublished\":\"2025-03-23T13:57:19+00:00\",\"dateModified\":\"2025-05-07T10:39:47+00:00\",\"breadcrumb\":{\"@id\":\"https:\/\/zepecafe-webaruhaz.hu\/hu\/webaruhaz\/saeco-intelia\/#breadcrumb\"},\"inLanguage\":\"hu\",\"potentialAction\":[{\"@type\":\"ReadAction\",\"target\":[\"https:\/\/zepecafe-webaruhaz.hu\/hu\/webaruhaz\/saeco-intelia\/\"]}]},{\"@type\":\"ImageObject\",\"inLanguage\":\"hu\",\"@id\":\"https:\/\/zepecafe-webaruhaz.hu\/hu\/webaruhaz\/saeco-intelia\/#primaryimage\",\"url\":\"https:\/\/zepecafe-webaruhaz.hu\/wp-content\/uploads\/2025\/03\/intelia8.jpg\",\"contentUrl\":\"https:\/\/zepecafe-webaruhaz.hu\/wp-content\/uploads\/2025\/03\/intelia8.jpg\",\"width\":1080,\"height\":1080},{\"@type\":\"BreadcrumbList\",\"@id\":\"https:\/\/zepecafe-webaruhaz.hu\/hu\/webaruhaz\/saeco-intelia\/#breadcrumb\",\"itemListElement\":[{\"@type\":\"ListItem\",\"position\":1,\"name\":\"Kezd\u0151lap\",\"item\":\"https:\/\/zepecafe-webaruhaz.hu\/hu\/\"},{\"@type\":\"ListItem\",\"position\":2,\"name\":\"Shop\",\"item\":\"https:\/\/zepecafe-webaruhaz.hu\/hu\/shop-2\/\"},{\"@type\":\"ListItem\",\"position\":3,\"name\":\"Saeco Intelia\"}]},{\"@type\":\"WebSite\",\"@id\":\"http:\/\/zepecafe-webaruhaz.hu\/hu\/#website\",\"url\":\"http:\/\/zepecafe-webaruhaz.hu\/hu\/\",\"name\":\"Z\u00e9-P\u00e9 Caf\u00e9 Kft.\",\"description\":\"T\u00e1rsas\u00e1gunk, a Z\u00c9-P\u00c9 Caf\u00e9 Kft., mely 1998 \u00f3ta m\u0171k\u00f6dik, t\u00f6bbs\u00e9g\u00e9ben Olaszorsz\u00e1gb\u00f3l import\u00e1lt, friss ki\u0151rl\u00e9s\u0171 k\u00e1v\u00e9t lef\u0151z\u0151 automata g\u00e9pek forgalmaz\u00e1s\u00e1val \u00e9s b\u00e9rbead\u00e1s\u00e1val foglalkozik.\",\"publisher\":{\"@id\":\"http:\/\/zepecafe-webaruhaz.hu\/hu\/#organization\"},\"potentialAction\":[{\"@type\":\"SearchAction\",\"target\":{\"@type\":\"EntryPoint\",\"urlTemplate\":\"http:\/\/zepecafe-webaruhaz.hu\/hu\/?s={search_term_string}\"},\"query-input\":{\"@type\":\"PropertyValueSpecification\",\"valueRequired\":true,\"valueName\":\"search_term_string\"}}],\"inLanguage\":\"hu\"},{\"@type\":\"Organization\",\"@id\":\"http:\/\/zepecafe-webaruhaz.hu\/hu\/#organization\",\"name\":\"Z\u00e9-P\u00e9 Caf\u00e9 Kft.\",\"url\":\"http:\/\/zepecafe-webaruhaz.hu\/hu\/\",\"logo\":{\"@type\":\"ImageObject\",\"inLanguage\":\"hu\",\"@id\":\"http:\/\/zepecafe-webaruhaz.hu\/hu\/#\/schema\/logo\/image\/\",\"url\":\"https:\/\/zepecafe-webaruhaz.hu\/wp-content\/uploads\/2025\/01\/logouj.png\",\"contentUrl\":\"https:\/\/zepecafe-webaruhaz.hu\/wp-content\/uploads\/2025\/01\/logouj.png\",\"width\":300,\"height\":300,\"caption\":\"Z\u00e9-P\u00e9 Caf\u00e9 Kft.\"},\"image\":{\"@id\":\"http:\/\/zepecafe-webaruhaz.hu\/hu\/#\/schema\/logo\/image\/\"},\"sameAs\":[\"https:\/\/www.facebook.com\/zepecafekft.bekescsaba\"]}]}<\/script>\n<!-- \/ Yoast SEO plugin. -->","yoast_head_json":{"title":"Saeco Intelia - Z\u00e9-P\u00e9 Caf\u00e9 Kft.","robots":{"index":"index","follow":"follow","max-snippet":"max-snippet:-1","max-image-preview":"max-image-preview:large","max-video-preview":"max-video-preview:-1"},"canonical":"https:\/\/zepecafe-webaruhaz.hu\/hu\/webaruhaz\/saeco-intelia\/","og_locale":"hu_HU","og_type":"article","og_title":"Saeco Intelia - Z\u00e9-P\u00e9 Caf\u00e9 Kft.","og_description":"AZ \u00c1R TARTALMAZZA + 1 db K\u00d6ZPONTI EGYS\u00c9GET! Gy\u00e1ri \u00faj alkatr\u00e9szekkel fel\u00faj\u00edtott, haszn\u00e1latra k\u00e9sz k\u00e1v\u00e9f\u0151z\u0151.  A k\u00e1v\u00e9g\u00e9p tejhabos\u00edt\u00f3t is tartalmazza.  6 H\u00d3NAP GARANCI\u00c1T V\u00c1LLALUNK A FEL\u00daJ\u00cdTOTT G\u00c9PEINKRE!","og_url":"https:\/\/zepecafe-webaruhaz.hu\/hu\/webaruhaz\/saeco-intelia\/","og_site_name":"Z\u00e9-P\u00e9 Caf\u00e9 Kft.","article_publisher":"https:\/\/www.facebook.com\/zepecafekft.bekescsaba","article_modified_time":"2025-05-07T10:39:47+00:00","og_image":[{"width":1080,"height":1080,"url":"https:\/\/zepecafe-webaruhaz.hu\/wp-content\/uploads\/2025\/03\/intelia8.jpg","type":"image\/jpeg"}],"twitter_card":"summary_large_image","twitter_misc":{"Becs\u00fclt olvas\u00e1si id\u0151":"2 perc"},"schema":{"@context":"https:\/\/schema.org","@graph":[{"@type":"WebPage","@id":"https:\/\/zepecafe-webaruhaz.hu\/hu\/webaruhaz\/saeco-intelia\/","url":"https:\/\/zepecafe-webaruhaz.hu\/hu\/webaruhaz\/saeco-intelia\/","name":"Saeco Intelia - Z\u00e9-P\u00e9 Caf\u00e9 Kft.","isPartOf":{"@id":"http:\/\/zepecafe-webaruhaz.hu\/hu\/#website"},"primaryImageOfPage":{"@id":"https:\/\/zepecafe-webaruhaz.hu\/hu\/webaruhaz\/saeco-intelia\/#primaryimage"},"image":{"@id":"https:\/\/zepecafe-webaruhaz.hu\/hu\/webaruhaz\/saeco-intelia\/#primaryimage"},"thumbnailUrl":"https:\/\/zepecafe-webaruhaz.hu\/wp-content\/uploads\/2025\/03\/intelia8.jpg","datePublished":"2025-03-23T13:57:19+00:00","dateModified":"2025-05-07T10:39:47+00:00","breadcrumb":{"@id":"https:\/\/zepecafe-webaruhaz.hu\/hu\/webaruhaz\/saeco-intelia\/#breadcrumb"},"inLanguage":"hu","potentialAction":[{"@type":"ReadAction","target":["https:\/\/zepecafe-webaruhaz.hu\/hu\/webaruhaz\/saeco-intelia\/"]}]},{"@type":"ImageObject","inLanguage":"hu","@id":"https:\/\/zepecafe-webaruhaz.hu\/hu\/webaruhaz\/saeco-intelia\/#primaryimage","url":"https:\/\/zepecafe-webaruhaz.hu\/wp-content\/uploads\/2025\/03\/intelia8.jpg","contentUrl":"https:\/\/zepecafe-webaruhaz.hu\/wp-content\/uploads\/2025\/03\/intelia8.jpg","width":1080,"height":1080},{"@type":"BreadcrumbList","@id":"https:\/\/zepecafe-webaruhaz.hu\/hu\/webaruhaz\/saeco-intelia\/#breadcrumb","itemListElement":[{"@type":"ListItem","position":1,"name":"Kezd\u0151lap","item":"https:\/\/zepecafe-webaruhaz.hu\/hu\/"},{"@type":"ListItem","position":2,"name":"Shop","item":"https:\/\/zepecafe-webaruhaz.hu\/hu\/shop-2\/"},{"@type":"ListItem","position":3,"name":"Saeco Intelia"}]},{"@type":"WebSite","@id":"http:\/\/zepecafe-webaruhaz.hu\/hu\/#website","url":"http:\/\/zepecafe-webaruhaz.hu\/hu\/","name":"Z\u00e9-P\u00e9 Caf\u00e9 Kft.","description":"T\u00e1rsas\u00e1gunk, a Z\u00c9-P\u00c9 Caf\u00e9 Kft., mely 1998 \u00f3ta m\u0171k\u00f6dik, t\u00f6bbs\u00e9g\u00e9ben Olaszorsz\u00e1gb\u00f3l import\u00e1lt, friss ki\u0151rl\u00e9s\u0171 k\u00e1v\u00e9t lef\u0151z\u0151 automata g\u00e9pek forgalmaz\u00e1s\u00e1val \u00e9s b\u00e9rbead\u00e1s\u00e1val foglalkozik.","publisher":{"@id":"http:\/\/zepecafe-webaruhaz.hu\/hu\/#organization"},"potentialAction":[{"@type":"SearchAction","target":{"@type":"EntryPoint","urlTemplate":"http:\/\/zepecafe-webaruhaz.hu\/hu\/?s={search_term_string}"},"query-input":{"@type":"PropertyValueSpecification","valueRequired":true,"valueName":"search_term_string"}}],"inLanguage":"hu"},{"@type":"Organization","@id":"http:\/\/zepecafe-webaruhaz.hu\/hu\/#organization","name":"Z\u00e9-P\u00e9 Caf\u00e9 Kft.","url":"http:\/\/zepecafe-webaruhaz.hu\/hu\/","logo":{"@type":"ImageObject","inLanguage":"hu","@id":"http:\/\/zepecafe-webaruhaz.hu\/hu\/#\/schema\/logo\/image\/","url":"https:\/\/zepecafe-webaruhaz.hu\/wp-content\/uploads\/2025\/01\/logouj.png","contentUrl":"https:\/\/zepecafe-webaruhaz.hu\/wp-content\/uploads\/2025\/01\/logouj.png","width":300,"height":300,"caption":"Z\u00e9-P\u00e9 Caf\u00e9 Kft."},"image":{"@id":"http:\/\/zepecafe-webaruhaz.hu\/hu\/#\/schema\/logo\/image\/"},"sameAs":["https:\/\/www.facebook.com\/zepecafekft.bekescsaba"]}]}},"_links":{"self":[{"href":"https:\/\/zepecafe-webaruhaz.hu\/hu\/wp-json\/wp\/v2\/product\/6264","targetHints":{"allow":["GET"]}}],"collection":[{"href":"https:\/\/zepecafe-webaruhaz.hu\/hu\/wp-json\/wp\/v2\/product"}],"about":[{"href":"https:\/\/zepecafe-webaruhaz.hu\/hu\/wp-json\/wp\/v2\/types\/product"}],"wp:featuredmedia":[{"embeddable":true,"href":"https:\/\/zepecafe-webaruhaz.hu\/hu\/wp-json\/wp\/v2\/media\/6597"}],"wp:attachment":[{"href":"https:\/\/zepecafe-webaruhaz.hu\/hu\/wp-json\/wp\/v2\/media?parent=6264"}],"wp:term":[{"taxonomy":"product_brand","embeddable":true,"href":"https:\/\/zepecafe-webaruhaz.hu\/hu\/wp-json\/wp\/v2\/product_brand?post=6264"},{"taxonomy":"product_cat","embeddable":true,"href":"https:\/\/zepecafe-webaruhaz.hu\/hu\/wp-json\/wp\/v2\/product_cat?post=6264"},{"taxonomy":"product_tag","embeddable":true,"href":"https:\/\/zepecafe-webaruhaz.hu\/hu\/wp-json\/wp\/v2\/product_tag?post=6264"}],"curies":[{"name":"wp","href":"https:\/\/api.w.org\/{rel}","templated":true}]}}