{"id":6639,"date":"2025-03-24T13:47:08","date_gmt":"2025-03-24T13:47:08","guid":{"rendered":"https:\/\/zepecafe-webaruhaz.hu\/?post_type=product&#038;p=6639"},"modified":"2025-10-18T15:29:37","modified_gmt":"2025-10-18T15:29:37","slug":"bosch-verocafe","status":"publish","type":"product","link":"https:\/\/zepecafe-webaruhaz.hu\/hu\/webaruhaz\/bosch-verocafe\/","title":{"rendered":"Bosch VeroCafe"},"content":{"rendered":"<ul>\n<li>Teljesen automata k\u00e9sz\u00fcl\u00e9k<\/li>\n<li>K\u00e1v\u00e9k\u00e9sz\u00edt\u00e9s szemes \u00e9s \u0151r\u00f6lt k\u00e1v\u00e9b\u00f3l<\/li>\n<li>Egyszerre k\u00e9t k\u00e1v\u00e9lead\u00e1si funkci\u00f3<\/li>\n<li>Forr\u00f3 v\u00edz adagol\u00e1sa tea \u00e9s instant italok k\u00e9sz\u00edt\u00e9s\u00e9hez<\/li>\n<li>G\u0151z\u00f6l\u00e9si funkci\u00f3<\/li>\n<li>Digit\u00e1lis kijelz\u0151<\/li>\n<li>A k\u00e1v\u00e9kifoly\u00f3fej \u00e1ll\u00edthat\u00f3 a cs\u00e9sze nagys\u00e1g\u00e1hoz<\/li>\n<li>Ellen\u0151rz\u0151 funkci\u00f3k (v\u00edz, k\u00e1v\u00e9 k\u00f6zponti egys\u00e9g stb.)<\/li>\n<li>Ker\u00e1mia \u0151rl\u0151k\u00e9sek<\/li>\n<li>Elektronikus \u0151rl\u00e9smennyis\u00e9g szab\u00e1lyoz\u00e1s<\/li>\n<li>\u0150rl\u00e9sfinoms\u00e1g \u00e1ll\u00edt\u00e1s<\/li>\n<li>El\u0151\u00e1ztat\u00e1sos k\u00e1v\u00e9f\u0151z\u00e9si m\u00f3d<\/li>\n<li>Automatikus tiszt\u00edt\u00f3 \u00e9s v\u00edzk\u0151telen\u00edt\u0151 program<\/li>\n<li>\u00d6bl\u00edt\u00e9si funkci\u00f3<\/li>\n<li>Cappuccino fej<\/li>\n<\/ul>","protected":false},"excerpt":{"rendered":"<h3><span style=\"color: #ff0000;\"><strong>AZ \u00c1R TARTALMAZZA + <\/strong><\/span><strong>1 db K\u00d6ZPONTI EGYS\u00c9GE<span style=\"color: #000000;\">T!<\/span><\/strong><\/h3>\n<p><strong>6 H\u00d3NAP GARANCI\u00c1T V\u00c1LLALUNK A FEL\u00daJ\u00cdTOTT G\u00c9PEINKRE!<\/strong><\/p>","protected":false},"featured_media":6642,"template":"","meta":[],"product_brand":[],"product_cat":[235,262],"product_tag":[],"class_list":{"0":"post-6639","1":"product","2":"type-product","3":"status-publish","4":"has-post-thumbnail","6":"product_cat-hasznalt-kavefozok","7":"product_cat-bosch","9":"first","10":"instock","11":"taxable","12":"shipping-taxable","13":"purchasable","14":"product-type-simple"},"yoast_head":"<!-- This site is optimized with the Yoast SEO plugin v27.1.1 - https:\/\/yoast.com\/product\/yoast-seo-wordpress\/ -->\n<title>Bosch VeroCafe haszn\u00e1lt: K\u00e1v\u00e9k\u00e9sz\u00edt\u00e9s szemes \u00e9s \u0151r\u00f6lt k\u00e1v\u00e9b\u00f3l<\/title>\n<meta name=\"description\" content=\"Fedezze fel a Bosch VeroCafe teljesen automata k\u00e1v\u00e9f\u0151z\u0151j\u00e9t! K\u00e9sz\u00edtsen t\u00f6k\u00e9letes k\u00e1v\u00e9t szemes \u00e9s \u0151r\u00f6lt k\u00e1v\u00e9b\u00f3l, rendeljen most!\" \/>\n<meta name=\"robots\" content=\"index, follow, max-snippet:-1, max-image-preview:large, max-video-preview:-1\" \/>\n<link rel=\"canonical\" href=\"https:\/\/zepecafe-webaruhaz.hu\/hu\/webaruhaz\/bosch-verocafe\/\" \/>\n<meta property=\"og:locale\" content=\"hu_HU\" \/>\n<meta property=\"og:type\" content=\"article\" \/>\n<meta property=\"og:title\" content=\"Bosch VeroCafe haszn\u00e1lt: K\u00e1v\u00e9k\u00e9sz\u00edt\u00e9s szemes \u00e9s \u0151r\u00f6lt k\u00e1v\u00e9b\u00f3l\" \/>\n<meta property=\"og:description\" content=\"Fedezze fel a Bosch VeroCafe teljesen automata k\u00e1v\u00e9f\u0151z\u0151j\u00e9t! K\u00e9sz\u00edtsen t\u00f6k\u00e9letes k\u00e1v\u00e9t szemes \u00e9s \u0151r\u00f6lt k\u00e1v\u00e9b\u00f3l, rendeljen most!\" \/>\n<meta property=\"og:url\" content=\"https:\/\/zepecafe-webaruhaz.hu\/hu\/webaruhaz\/bosch-verocafe\/\" \/>\n<meta property=\"og:site_name\" content=\"Z\u00e9-P\u00e9 Caf\u00e9 Kft.\" \/>\n<meta property=\"article:publisher\" content=\"https:\/\/www.facebook.com\/zepecafekft.bekescsaba\" \/>\n<meta property=\"article:modified_time\" content=\"2025-10-18T15:29:37+00:00\" \/>\n<meta property=\"og:image\" content=\"https:\/\/zepecafe-webaruhaz.hu\/wp-content\/uploads\/2025\/03\/bosch3.jpg\" \/>\n\t<meta property=\"og:image:width\" content=\"1080\" \/>\n\t<meta property=\"og:image:height\" content=\"1080\" \/>\n\t<meta property=\"og:image:type\" content=\"image\/jpeg\" \/>\n<meta name=\"twitter:card\" content=\"summary_large_image\" \/>\n<meta name=\"twitter:label1\" content=\"Becs\u00fclt olvas\u00e1si id\u0151\" \/>\n\t<meta name=\"twitter:data1\" content=\"1 perc\" \/>\n<script type=\"application\/ld+json\" class=\"yoast-schema-graph\">{\"@context\":\"https:\/\/schema.org\",\"@graph\":[{\"@type\":\"WebPage\",\"@id\":\"https:\/\/zepecafe-webaruhaz.hu\/webaruhaz\/bosch-verocafe\/\",\"url\":\"https:\/\/zepecafe-webaruhaz.hu\/webaruhaz\/bosch-verocafe\/\",\"name\":\"Bosch VeroCafe haszn\u00e1lt: K\u00e1v\u00e9k\u00e9sz\u00edt\u00e9s szemes \u00e9s \u0151r\u00f6lt k\u00e1v\u00e9b\u00f3l\",\"isPartOf\":{\"@id\":\"http:\/\/zepecafe-webaruhaz.hu\/hu\/#website\"},\"primaryImageOfPage\":{\"@id\":\"https:\/\/zepecafe-webaruhaz.hu\/webaruhaz\/bosch-verocafe\/#primaryimage\"},\"image\":{\"@id\":\"https:\/\/zepecafe-webaruhaz.hu\/webaruhaz\/bosch-verocafe\/#primaryimage\"},\"thumbnailUrl\":\"https:\/\/zepecafe-webaruhaz.hu\/wp-content\/uploads\/2025\/03\/bosch3.jpg\",\"datePublished\":\"2025-03-24T13:47:08+00:00\",\"dateModified\":\"2025-10-18T15:29:37+00:00\",\"description\":\"Fedezze fel a Bosch VeroCafe teljesen automata k\u00e1v\u00e9f\u0151z\u0151j\u00e9t! K\u00e9sz\u00edtsen t\u00f6k\u00e9letes k\u00e1v\u00e9t szemes \u00e9s \u0151r\u00f6lt k\u00e1v\u00e9b\u00f3l, rendeljen most!\",\"breadcrumb\":{\"@id\":\"https:\/\/zepecafe-webaruhaz.hu\/webaruhaz\/bosch-verocafe\/#breadcrumb\"},\"inLanguage\":\"hu\",\"potentialAction\":[{\"@type\":\"ReadAction\",\"target\":[\"https:\/\/zepecafe-webaruhaz.hu\/webaruhaz\/bosch-verocafe\/\"]}]},{\"@type\":\"ImageObject\",\"inLanguage\":\"hu\",\"@id\":\"https:\/\/zepecafe-webaruhaz.hu\/webaruhaz\/bosch-verocafe\/#primaryimage\",\"url\":\"https:\/\/zepecafe-webaruhaz.hu\/wp-content\/uploads\/2025\/03\/bosch3.jpg\",\"contentUrl\":\"https:\/\/zepecafe-webaruhaz.hu\/wp-content\/uploads\/2025\/03\/bosch3.jpg\",\"width\":1080,\"height\":1080},{\"@type\":\"BreadcrumbList\",\"@id\":\"https:\/\/zepecafe-webaruhaz.hu\/webaruhaz\/bosch-verocafe\/#breadcrumb\",\"itemListElement\":[{\"@type\":\"ListItem\",\"position\":1,\"name\":\"Kezd\u0151lap\",\"item\":\"https:\/\/zepecafe-webaruhaz.hu\/hu\/\"},{\"@type\":\"ListItem\",\"position\":2,\"name\":\"Shop\",\"item\":\"https:\/\/zepecafe-webaruhaz.hu\/hu\/shop-2\/\"},{\"@type\":\"ListItem\",\"position\":3,\"name\":\"Bosch VeroCafe\"}]},{\"@type\":\"WebSite\",\"@id\":\"http:\/\/zepecafe-webaruhaz.hu\/hu\/#website\",\"url\":\"http:\/\/zepecafe-webaruhaz.hu\/hu\/\",\"name\":\"Z\u00e9-P\u00e9 Caf\u00e9 Kft.\",\"description\":\"T\u00e1rsas\u00e1gunk, a Z\u00c9-P\u00c9 Caf\u00e9 Kft., mely 1998 \u00f3ta m\u0171k\u00f6dik, t\u00f6bbs\u00e9g\u00e9ben Olaszorsz\u00e1gb\u00f3l import\u00e1lt, friss ki\u0151rl\u00e9s\u0171 k\u00e1v\u00e9t lef\u0151z\u0151 automata g\u00e9pek forgalmaz\u00e1s\u00e1val \u00e9s b\u00e9rbead\u00e1s\u00e1val foglalkozik.\",\"publisher\":{\"@id\":\"http:\/\/zepecafe-webaruhaz.hu\/hu\/#organization\"},\"potentialAction\":[{\"@type\":\"SearchAction\",\"target\":{\"@type\":\"EntryPoint\",\"urlTemplate\":\"http:\/\/zepecafe-webaruhaz.hu\/hu\/?s={search_term_string}\"},\"query-input\":{\"@type\":\"PropertyValueSpecification\",\"valueRequired\":true,\"valueName\":\"search_term_string\"}}],\"inLanguage\":\"hu\"},{\"@type\":\"Organization\",\"@id\":\"http:\/\/zepecafe-webaruhaz.hu\/hu\/#organization\",\"name\":\"Z\u00e9-P\u00e9 Caf\u00e9 Kft.\",\"url\":\"http:\/\/zepecafe-webaruhaz.hu\/hu\/\",\"logo\":{\"@type\":\"ImageObject\",\"inLanguage\":\"hu\",\"@id\":\"http:\/\/zepecafe-webaruhaz.hu\/hu\/#\/schema\/logo\/image\/\",\"url\":\"https:\/\/zepecafe-webaruhaz.hu\/wp-content\/uploads\/2025\/01\/logouj.png\",\"contentUrl\":\"https:\/\/zepecafe-webaruhaz.hu\/wp-content\/uploads\/2025\/01\/logouj.png\",\"width\":300,\"height\":300,\"caption\":\"Z\u00e9-P\u00e9 Caf\u00e9 Kft.\"},\"image\":{\"@id\":\"http:\/\/zepecafe-webaruhaz.hu\/hu\/#\/schema\/logo\/image\/\"},\"sameAs\":[\"https:\/\/www.facebook.com\/zepecafekft.bekescsaba\"]}]}<\/script>\n<!-- \/ Yoast SEO plugin. -->","yoast_head_json":{"title":"Bosch VeroCafe haszn\u00e1lt: K\u00e1v\u00e9k\u00e9sz\u00edt\u00e9s szemes \u00e9s \u0151r\u00f6lt k\u00e1v\u00e9b\u00f3l","description":"Fedezze fel a Bosch VeroCafe teljesen automata k\u00e1v\u00e9f\u0151z\u0151j\u00e9t! K\u00e9sz\u00edtsen t\u00f6k\u00e9letes k\u00e1v\u00e9t szemes \u00e9s \u0151r\u00f6lt k\u00e1v\u00e9b\u00f3l, rendeljen most!","robots":{"index":"index","follow":"follow","max-snippet":"max-snippet:-1","max-image-preview":"max-image-preview:large","max-video-preview":"max-video-preview:-1"},"canonical":"https:\/\/zepecafe-webaruhaz.hu\/hu\/webaruhaz\/bosch-verocafe\/","og_locale":"hu_HU","og_type":"article","og_title":"Bosch VeroCafe haszn\u00e1lt: K\u00e1v\u00e9k\u00e9sz\u00edt\u00e9s szemes \u00e9s \u0151r\u00f6lt k\u00e1v\u00e9b\u00f3l","og_description":"Fedezze fel a Bosch VeroCafe teljesen automata k\u00e1v\u00e9f\u0151z\u0151j\u00e9t! K\u00e9sz\u00edtsen t\u00f6k\u00e9letes k\u00e1v\u00e9t szemes \u00e9s \u0151r\u00f6lt k\u00e1v\u00e9b\u00f3l, rendeljen most!","og_url":"https:\/\/zepecafe-webaruhaz.hu\/hu\/webaruhaz\/bosch-verocafe\/","og_site_name":"Z\u00e9-P\u00e9 Caf\u00e9 Kft.","article_publisher":"https:\/\/www.facebook.com\/zepecafekft.bekescsaba","article_modified_time":"2025-10-18T15:29:37+00:00","og_image":[{"width":1080,"height":1080,"url":"https:\/\/zepecafe-webaruhaz.hu\/wp-content\/uploads\/2025\/03\/bosch3.jpg","type":"image\/jpeg"}],"twitter_card":"summary_large_image","twitter_misc":{"Becs\u00fclt olvas\u00e1si id\u0151":"1 perc"},"schema":{"@context":"https:\/\/schema.org","@graph":[{"@type":"WebPage","@id":"https:\/\/zepecafe-webaruhaz.hu\/webaruhaz\/bosch-verocafe\/","url":"https:\/\/zepecafe-webaruhaz.hu\/webaruhaz\/bosch-verocafe\/","name":"Bosch VeroCafe haszn\u00e1lt: K\u00e1v\u00e9k\u00e9sz\u00edt\u00e9s szemes \u00e9s \u0151r\u00f6lt k\u00e1v\u00e9b\u00f3l","isPartOf":{"@id":"http:\/\/zepecafe-webaruhaz.hu\/hu\/#website"},"primaryImageOfPage":{"@id":"https:\/\/zepecafe-webaruhaz.hu\/webaruhaz\/bosch-verocafe\/#primaryimage"},"image":{"@id":"https:\/\/zepecafe-webaruhaz.hu\/webaruhaz\/bosch-verocafe\/#primaryimage"},"thumbnailUrl":"https:\/\/zepecafe-webaruhaz.hu\/wp-content\/uploads\/2025\/03\/bosch3.jpg","datePublished":"2025-03-24T13:47:08+00:00","dateModified":"2025-10-18T15:29:37+00:00","description":"Fedezze fel a Bosch VeroCafe teljesen automata k\u00e1v\u00e9f\u0151z\u0151j\u00e9t! K\u00e9sz\u00edtsen t\u00f6k\u00e9letes k\u00e1v\u00e9t szemes \u00e9s \u0151r\u00f6lt k\u00e1v\u00e9b\u00f3l, rendeljen most!","breadcrumb":{"@id":"https:\/\/zepecafe-webaruhaz.hu\/webaruhaz\/bosch-verocafe\/#breadcrumb"},"inLanguage":"hu","potentialAction":[{"@type":"ReadAction","target":["https:\/\/zepecafe-webaruhaz.hu\/webaruhaz\/bosch-verocafe\/"]}]},{"@type":"ImageObject","inLanguage":"hu","@id":"https:\/\/zepecafe-webaruhaz.hu\/webaruhaz\/bosch-verocafe\/#primaryimage","url":"https:\/\/zepecafe-webaruhaz.hu\/wp-content\/uploads\/2025\/03\/bosch3.jpg","contentUrl":"https:\/\/zepecafe-webaruhaz.hu\/wp-content\/uploads\/2025\/03\/bosch3.jpg","width":1080,"height":1080},{"@type":"BreadcrumbList","@id":"https:\/\/zepecafe-webaruhaz.hu\/webaruhaz\/bosch-verocafe\/#breadcrumb","itemListElement":[{"@type":"ListItem","position":1,"name":"Kezd\u0151lap","item":"https:\/\/zepecafe-webaruhaz.hu\/hu\/"},{"@type":"ListItem","position":2,"name":"Shop","item":"https:\/\/zepecafe-webaruhaz.hu\/hu\/shop-2\/"},{"@type":"ListItem","position":3,"name":"Bosch VeroCafe"}]},{"@type":"WebSite","@id":"http:\/\/zepecafe-webaruhaz.hu\/hu\/#website","url":"http:\/\/zepecafe-webaruhaz.hu\/hu\/","name":"Z\u00e9-P\u00e9 Caf\u00e9 Kft.","description":"T\u00e1rsas\u00e1gunk, a Z\u00c9-P\u00c9 Caf\u00e9 Kft., mely 1998 \u00f3ta m\u0171k\u00f6dik, t\u00f6bbs\u00e9g\u00e9ben Olaszorsz\u00e1gb\u00f3l import\u00e1lt, friss ki\u0151rl\u00e9s\u0171 k\u00e1v\u00e9t lef\u0151z\u0151 automata g\u00e9pek forgalmaz\u00e1s\u00e1val \u00e9s b\u00e9rbead\u00e1s\u00e1val foglalkozik.","publisher":{"@id":"http:\/\/zepecafe-webaruhaz.hu\/hu\/#organization"},"potentialAction":[{"@type":"SearchAction","target":{"@type":"EntryPoint","urlTemplate":"http:\/\/zepecafe-webaruhaz.hu\/hu\/?s={search_term_string}"},"query-input":{"@type":"PropertyValueSpecification","valueRequired":true,"valueName":"search_term_string"}}],"inLanguage":"hu"},{"@type":"Organization","@id":"http:\/\/zepecafe-webaruhaz.hu\/hu\/#organization","name":"Z\u00e9-P\u00e9 Caf\u00e9 Kft.","url":"http:\/\/zepecafe-webaruhaz.hu\/hu\/","logo":{"@type":"ImageObject","inLanguage":"hu","@id":"http:\/\/zepecafe-webaruhaz.hu\/hu\/#\/schema\/logo\/image\/","url":"https:\/\/zepecafe-webaruhaz.hu\/wp-content\/uploads\/2025\/01\/logouj.png","contentUrl":"https:\/\/zepecafe-webaruhaz.hu\/wp-content\/uploads\/2025\/01\/logouj.png","width":300,"height":300,"caption":"Z\u00e9-P\u00e9 Caf\u00e9 Kft."},"image":{"@id":"http:\/\/zepecafe-webaruhaz.hu\/hu\/#\/schema\/logo\/image\/"},"sameAs":["https:\/\/www.facebook.com\/zepecafekft.bekescsaba"]}]}},"_links":{"self":[{"href":"https:\/\/zepecafe-webaruhaz.hu\/hu\/wp-json\/wp\/v2\/product\/6639","targetHints":{"allow":["GET"]}}],"collection":[{"href":"https:\/\/zepecafe-webaruhaz.hu\/hu\/wp-json\/wp\/v2\/product"}],"about":[{"href":"https:\/\/zepecafe-webaruhaz.hu\/hu\/wp-json\/wp\/v2\/types\/product"}],"wp:featuredmedia":[{"embeddable":true,"href":"https:\/\/zepecafe-webaruhaz.hu\/hu\/wp-json\/wp\/v2\/media\/6642"}],"wp:attachment":[{"href":"https:\/\/zepecafe-webaruhaz.hu\/hu\/wp-json\/wp\/v2\/media?parent=6639"}],"wp:term":[{"taxonomy":"product_brand","embeddable":true,"href":"https:\/\/zepecafe-webaruhaz.hu\/hu\/wp-json\/wp\/v2\/product_brand?post=6639"},{"taxonomy":"product_cat","embeddable":true,"href":"https:\/\/zepecafe-webaruhaz.hu\/hu\/wp-json\/wp\/v2\/product_cat?post=6639"},{"taxonomy":"product_tag","embeddable":true,"href":"https:\/\/zepecafe-webaruhaz.hu\/hu\/wp-json\/wp\/v2\/product_tag?post=6639"}],"curies":[{"name":"wp","href":"https:\/\/api.w.org\/{rel}","templated":true}]}}