{"id":6690,"date":"2025-03-24T14:42:52","date_gmt":"2025-03-24T14:42:52","guid":{"rendered":"https:\/\/zepecafe-webaruhaz.hu\/?post_type=product&#038;p=6690"},"modified":"2025-10-18T15:24:23","modified_gmt":"2025-10-18T15:24:23","slug":"saeco-odea-giro","status":"publish","type":"product","link":"https:\/\/zepecafe-webaruhaz.hu\/hu\/webaruhaz\/saeco-odea-giro\/","title":{"rendered":"Saeco Odea Giro"},"content":{"rendered":"<p><strong>Saeco Odea Giro haszn\u00e1lt fel\u00faj\u00edtott k\u00e1v\u00e9g\u00e9p<\/strong><\/p>\n<p>&#8211; Teljesen automata k\u00e9sz\u00fcl\u00e9k<br \/>\n&#8211; K\u00e1v\u00e9k\u00e9sz\u00edt\u00e9s szemes k\u00e1v\u00e9b\u00f3l<br \/>\n&#8211; Egyszerre k\u00e9t k\u00e1v\u00e9lead\u00e1si funkci\u00f3<br \/>\n&#8211; Forr\u00f3 v\u00edzadagol\u00e1s<br \/>\n&#8211; Rapid steam-g\u0151zfunkci\u00f3<br \/>\n&#8211; Tejhabos\u00edt\u00e1s<br \/>\n&#8211; \u0150rl\u00e9sfinoms\u00e1g \u00e9s mennyis\u00e9g \u00e1ll\u00edt\u00e1s<br \/>\n&#8211; Ker\u00e1mia \u0151rl\u0151k\u00e9sek<br \/>\n&#8211; El\u0151\u00e1ztat\u00e1sos k\u00e1v\u00e9f\u0151z\u00e9si m\u00f3d<br \/>\n&#8211; Cs\u00e9szetart\u00f3 fel\u00fclet<br \/>\n&#8211; Rozsdamentes ac\u00e9l kaz\u00e1n<br \/>\n&#8211; \u00c1ll\u00edthat\u00f3 magass\u00e1g\u00fa cs\u00e9szet\u00e1lca<br \/>\n&#8211; Ellen\u0151rz\u0151 funkci\u00f3k (v\u00edz, k\u00e1v\u00e9, k\u00f6zponti egys\u00e9g, v\u00edzk\u0151)<br \/>\n&#8211; K\u00f6nnyen tiszt\u00edthat\u00f3 kivehet\u0151 k\u00f6zponti egys\u00e9g<br \/>\n&#8211; Forg\u00f3talp<br \/>\n&#8211; Automatikus szerviz program<\/p>\n<p>&nbsp;<\/p>","protected":false},"excerpt":{"rendered":"<h3><span style=\"color: #ff0000;\"><strong>AZ \u00c1R TARTALMAZZA + <\/strong><\/span><strong>1 db K\u00d6ZPONTI EGYS\u00c9GE<span style=\"color: #000000;\">T!<\/span><\/strong><\/h3>\n<p><strong>6 H\u00d3NAP GARANCI\u00c1T V\u00c1LLALUNK A FEL\u00daJ\u00cdTOTT G\u00c9PEINKRE!<\/strong><\/p>","protected":false},"featured_media":6695,"template":"","meta":[],"product_brand":[],"product_cat":[235,250],"product_tag":[],"class_list":{"0":"post-6690","1":"product","2":"type-product","3":"status-publish","4":"has-post-thumbnail","6":"product_cat-hasznalt-kavefozok","7":"product_cat-saeco-hasznalt-kavefozok","9":"first","10":"instock","11":"taxable","12":"shipping-taxable","13":"purchasable","14":"product-type-simple"},"yoast_head":"<!-- This site is optimized with the Yoast SEO plugin v27.4 - https:\/\/yoast.com\/product\/yoast-seo-wordpress\/ -->\n<title>Saeco Odea Giro haszn\u00e1lt, fel\u00faj\u00edtott, teljesen automata k\u00e1v\u00e9g\u00e9p<\/title>\n<meta name=\"description\" content=\"Saeco Odea Giro haszn\u00e1lt, fel\u00faj\u00edtott k\u00e1v\u00e9g\u00e9p, teljesen automata k\u00e9sz\u00fcl\u00e9k, k\u00e1v\u00e9k\u00e9sz\u00edt\u00e9s szemes k\u00e1v\u00e9b\u00f3l, Tejhabos\u00edt\u00e1s, Rozsdamentes ac\u00e9l kaz\u00e1n\" \/>\n<meta name=\"robots\" content=\"index, follow, max-snippet:-1, max-image-preview:large, max-video-preview:-1\" \/>\n<link rel=\"canonical\" href=\"https:\/\/zepecafe-webaruhaz.hu\/hu\/webaruhaz\/saeco-odea-giro\/\" \/>\n<meta property=\"og:locale\" content=\"hu_HU\" \/>\n<meta property=\"og:type\" content=\"article\" \/>\n<meta property=\"og:title\" content=\"Saeco Odea Giro haszn\u00e1lt, fel\u00faj\u00edtott, teljesen automata k\u00e1v\u00e9g\u00e9p\" \/>\n<meta property=\"og:description\" content=\"Saeco Odea Giro haszn\u00e1lt, fel\u00faj\u00edtott k\u00e1v\u00e9g\u00e9p, teljesen automata k\u00e9sz\u00fcl\u00e9k, k\u00e1v\u00e9k\u00e9sz\u00edt\u00e9s szemes k\u00e1v\u00e9b\u00f3l, Tejhabos\u00edt\u00e1s, Rozsdamentes ac\u00e9l kaz\u00e1n\" \/>\n<meta property=\"og:url\" content=\"https:\/\/zepecafe-webaruhaz.hu\/hu\/webaruhaz\/saeco-odea-giro\/\" \/>\n<meta property=\"og:site_name\" content=\"Z\u00e9-P\u00e9 Caf\u00e9 Kft.\" \/>\n<meta property=\"article:publisher\" content=\"https:\/\/www.facebook.com\/zepecafekft.bekescsaba\" \/>\n<meta property=\"article:modified_time\" content=\"2025-10-18T15:24:23+00:00\" \/>\n<meta property=\"og:image\" content=\"https:\/\/zepecafe-webaruhaz.hu\/wp-content\/uploads\/2025\/03\/saecotale5.jpg\" \/>\n\t<meta property=\"og:image:width\" content=\"1080\" \/>\n\t<meta property=\"og:image:height\" content=\"1080\" \/>\n\t<meta property=\"og:image:type\" content=\"image\/jpeg\" \/>\n<meta name=\"twitter:card\" content=\"summary_large_image\" \/>\n<meta name=\"twitter:label1\" content=\"Becs\u00fclt olvas\u00e1si id\u0151\" \/>\n\t<meta name=\"twitter:data1\" content=\"1 perc\" \/>\n<script type=\"application\/ld+json\" class=\"yoast-schema-graph\">{\"@context\":\"https:\\\/\\\/schema.org\",\"@graph\":[{\"@type\":\"WebPage\",\"@id\":\"https:\\\/\\\/zepecafe-webaruhaz.hu\\\/webaruhaz\\\/saeco-odea-giro\\\/\",\"url\":\"https:\\\/\\\/zepecafe-webaruhaz.hu\\\/webaruhaz\\\/saeco-odea-giro\\\/\",\"name\":\"Saeco Odea Giro haszn\u00e1lt, fel\u00faj\u00edtott, teljesen automata k\u00e1v\u00e9g\u00e9p\",\"isPartOf\":{\"@id\":\"http:\\\/\\\/zepecafe-webaruhaz.hu\\\/hu\\\/#website\"},\"primaryImageOfPage\":{\"@id\":\"https:\\\/\\\/zepecafe-webaruhaz.hu\\\/webaruhaz\\\/saeco-odea-giro\\\/#primaryimage\"},\"image\":{\"@id\":\"https:\\\/\\\/zepecafe-webaruhaz.hu\\\/webaruhaz\\\/saeco-odea-giro\\\/#primaryimage\"},\"thumbnailUrl\":\"https:\\\/\\\/zepecafe-webaruhaz.hu\\\/wp-content\\\/uploads\\\/2025\\\/03\\\/saecotale5.jpg\",\"datePublished\":\"2025-03-24T14:42:52+00:00\",\"dateModified\":\"2025-10-18T15:24:23+00:00\",\"description\":\"Saeco Odea Giro haszn\u00e1lt, fel\u00faj\u00edtott k\u00e1v\u00e9g\u00e9p, teljesen automata k\u00e9sz\u00fcl\u00e9k, k\u00e1v\u00e9k\u00e9sz\u00edt\u00e9s szemes k\u00e1v\u00e9b\u00f3l, Tejhabos\u00edt\u00e1s, Rozsdamentes ac\u00e9l kaz\u00e1n\",\"breadcrumb\":{\"@id\":\"https:\\\/\\\/zepecafe-webaruhaz.hu\\\/webaruhaz\\\/saeco-odea-giro\\\/#breadcrumb\"},\"inLanguage\":\"hu\",\"potentialAction\":[{\"@type\":\"ReadAction\",\"target\":[\"https:\\\/\\\/zepecafe-webaruhaz.hu\\\/webaruhaz\\\/saeco-odea-giro\\\/\"]}]},{\"@type\":\"ImageObject\",\"inLanguage\":\"hu\",\"@id\":\"https:\\\/\\\/zepecafe-webaruhaz.hu\\\/webaruhaz\\\/saeco-odea-giro\\\/#primaryimage\",\"url\":\"https:\\\/\\\/zepecafe-webaruhaz.hu\\\/wp-content\\\/uploads\\\/2025\\\/03\\\/saecotale5.jpg\",\"contentUrl\":\"https:\\\/\\\/zepecafe-webaruhaz.hu\\\/wp-content\\\/uploads\\\/2025\\\/03\\\/saecotale5.jpg\",\"width\":1080,\"height\":1080},{\"@type\":\"BreadcrumbList\",\"@id\":\"https:\\\/\\\/zepecafe-webaruhaz.hu\\\/webaruhaz\\\/saeco-odea-giro\\\/#breadcrumb\",\"itemListElement\":[{\"@type\":\"ListItem\",\"position\":1,\"name\":\"Kezd\u0151lap\",\"item\":\"https:\\\/\\\/zepecafe-webaruhaz.hu\\\/hu\\\/\"},{\"@type\":\"ListItem\",\"position\":2,\"name\":\"Shop\",\"item\":\"https:\\\/\\\/zepecafe-webaruhaz.hu\\\/hu\\\/shop-2\\\/\"},{\"@type\":\"ListItem\",\"position\":3,\"name\":\"Saeco Odea Giro\"}]},{\"@type\":\"WebSite\",\"@id\":\"http:\\\/\\\/zepecafe-webaruhaz.hu\\\/hu\\\/#website\",\"url\":\"http:\\\/\\\/zepecafe-webaruhaz.hu\\\/hu\\\/\",\"name\":\"Z\u00e9-P\u00e9 Caf\u00e9 Kft.\",\"description\":\"T\u00e1rsas\u00e1gunk, a Z\u00c9-P\u00c9 Caf\u00e9 Kft., mely 1998 \u00f3ta m\u0171k\u00f6dik, t\u00f6bbs\u00e9g\u00e9ben Olaszorsz\u00e1gb\u00f3l import\u00e1lt, friss ki\u0151rl\u00e9s\u0171 k\u00e1v\u00e9t lef\u0151z\u0151 automata g\u00e9pek forgalmaz\u00e1s\u00e1val \u00e9s b\u00e9rbead\u00e1s\u00e1val foglalkozik.\",\"publisher\":{\"@id\":\"http:\\\/\\\/zepecafe-webaruhaz.hu\\\/hu\\\/#organization\"},\"potentialAction\":[{\"@type\":\"SearchAction\",\"target\":{\"@type\":\"EntryPoint\",\"urlTemplate\":\"http:\\\/\\\/zepecafe-webaruhaz.hu\\\/hu\\\/?s={search_term_string}\"},\"query-input\":{\"@type\":\"PropertyValueSpecification\",\"valueRequired\":true,\"valueName\":\"search_term_string\"}}],\"inLanguage\":\"hu\"},{\"@type\":\"Organization\",\"@id\":\"http:\\\/\\\/zepecafe-webaruhaz.hu\\\/hu\\\/#organization\",\"name\":\"Z\u00e9-P\u00e9 Caf\u00e9 Kft.\",\"url\":\"http:\\\/\\\/zepecafe-webaruhaz.hu\\\/hu\\\/\",\"logo\":{\"@type\":\"ImageObject\",\"inLanguage\":\"hu\",\"@id\":\"http:\\\/\\\/zepecafe-webaruhaz.hu\\\/hu\\\/#\\\/schema\\\/logo\\\/image\\\/\",\"url\":\"https:\\\/\\\/zepecafe-webaruhaz.hu\\\/wp-content\\\/uploads\\\/2025\\\/01\\\/logouj.png\",\"contentUrl\":\"https:\\\/\\\/zepecafe-webaruhaz.hu\\\/wp-content\\\/uploads\\\/2025\\\/01\\\/logouj.png\",\"width\":300,\"height\":300,\"caption\":\"Z\u00e9-P\u00e9 Caf\u00e9 Kft.\"},\"image\":{\"@id\":\"http:\\\/\\\/zepecafe-webaruhaz.hu\\\/hu\\\/#\\\/schema\\\/logo\\\/image\\\/\"},\"sameAs\":[\"https:\\\/\\\/www.facebook.com\\\/zepecafekft.bekescsaba\"]}]}<\/script>\n<!-- \/ Yoast SEO plugin. -->","yoast_head_json":{"title":"Saeco Odea Giro haszn\u00e1lt, fel\u00faj\u00edtott, teljesen automata k\u00e1v\u00e9g\u00e9p","description":"Saeco Odea Giro haszn\u00e1lt, fel\u00faj\u00edtott k\u00e1v\u00e9g\u00e9p, teljesen automata k\u00e9sz\u00fcl\u00e9k, k\u00e1v\u00e9k\u00e9sz\u00edt\u00e9s szemes k\u00e1v\u00e9b\u00f3l, Tejhabos\u00edt\u00e1s, Rozsdamentes ac\u00e9l kaz\u00e1n","robots":{"index":"index","follow":"follow","max-snippet":"max-snippet:-1","max-image-preview":"max-image-preview:large","max-video-preview":"max-video-preview:-1"},"canonical":"https:\/\/zepecafe-webaruhaz.hu\/hu\/webaruhaz\/saeco-odea-giro\/","og_locale":"hu_HU","og_type":"article","og_title":"Saeco Odea Giro haszn\u00e1lt, fel\u00faj\u00edtott, teljesen automata k\u00e1v\u00e9g\u00e9p","og_description":"Saeco Odea Giro haszn\u00e1lt, fel\u00faj\u00edtott k\u00e1v\u00e9g\u00e9p, teljesen automata k\u00e9sz\u00fcl\u00e9k, k\u00e1v\u00e9k\u00e9sz\u00edt\u00e9s szemes k\u00e1v\u00e9b\u00f3l, Tejhabos\u00edt\u00e1s, Rozsdamentes ac\u00e9l kaz\u00e1n","og_url":"https:\/\/zepecafe-webaruhaz.hu\/hu\/webaruhaz\/saeco-odea-giro\/","og_site_name":"Z\u00e9-P\u00e9 Caf\u00e9 Kft.","article_publisher":"https:\/\/www.facebook.com\/zepecafekft.bekescsaba","article_modified_time":"2025-10-18T15:24:23+00:00","og_image":[{"width":1080,"height":1080,"url":"https:\/\/zepecafe-webaruhaz.hu\/wp-content\/uploads\/2025\/03\/saecotale5.jpg","type":"image\/jpeg"}],"twitter_card":"summary_large_image","twitter_misc":{"Becs\u00fclt olvas\u00e1si id\u0151":"1 perc"},"schema":{"@context":"https:\/\/schema.org","@graph":[{"@type":"WebPage","@id":"https:\/\/zepecafe-webaruhaz.hu\/webaruhaz\/saeco-odea-giro\/","url":"https:\/\/zepecafe-webaruhaz.hu\/webaruhaz\/saeco-odea-giro\/","name":"Saeco Odea Giro haszn\u00e1lt, fel\u00faj\u00edtott, teljesen automata k\u00e1v\u00e9g\u00e9p","isPartOf":{"@id":"http:\/\/zepecafe-webaruhaz.hu\/hu\/#website"},"primaryImageOfPage":{"@id":"https:\/\/zepecafe-webaruhaz.hu\/webaruhaz\/saeco-odea-giro\/#primaryimage"},"image":{"@id":"https:\/\/zepecafe-webaruhaz.hu\/webaruhaz\/saeco-odea-giro\/#primaryimage"},"thumbnailUrl":"https:\/\/zepecafe-webaruhaz.hu\/wp-content\/uploads\/2025\/03\/saecotale5.jpg","datePublished":"2025-03-24T14:42:52+00:00","dateModified":"2025-10-18T15:24:23+00:00","description":"Saeco Odea Giro haszn\u00e1lt, fel\u00faj\u00edtott k\u00e1v\u00e9g\u00e9p, teljesen automata k\u00e9sz\u00fcl\u00e9k, k\u00e1v\u00e9k\u00e9sz\u00edt\u00e9s szemes k\u00e1v\u00e9b\u00f3l, Tejhabos\u00edt\u00e1s, Rozsdamentes ac\u00e9l kaz\u00e1n","breadcrumb":{"@id":"https:\/\/zepecafe-webaruhaz.hu\/webaruhaz\/saeco-odea-giro\/#breadcrumb"},"inLanguage":"hu","potentialAction":[{"@type":"ReadAction","target":["https:\/\/zepecafe-webaruhaz.hu\/webaruhaz\/saeco-odea-giro\/"]}]},{"@type":"ImageObject","inLanguage":"hu","@id":"https:\/\/zepecafe-webaruhaz.hu\/webaruhaz\/saeco-odea-giro\/#primaryimage","url":"https:\/\/zepecafe-webaruhaz.hu\/wp-content\/uploads\/2025\/03\/saecotale5.jpg","contentUrl":"https:\/\/zepecafe-webaruhaz.hu\/wp-content\/uploads\/2025\/03\/saecotale5.jpg","width":1080,"height":1080},{"@type":"BreadcrumbList","@id":"https:\/\/zepecafe-webaruhaz.hu\/webaruhaz\/saeco-odea-giro\/#breadcrumb","itemListElement":[{"@type":"ListItem","position":1,"name":"Kezd\u0151lap","item":"https:\/\/zepecafe-webaruhaz.hu\/hu\/"},{"@type":"ListItem","position":2,"name":"Shop","item":"https:\/\/zepecafe-webaruhaz.hu\/hu\/shop-2\/"},{"@type":"ListItem","position":3,"name":"Saeco Odea Giro"}]},{"@type":"WebSite","@id":"http:\/\/zepecafe-webaruhaz.hu\/hu\/#website","url":"http:\/\/zepecafe-webaruhaz.hu\/hu\/","name":"Z\u00e9-P\u00e9 Caf\u00e9 Kft.","description":"T\u00e1rsas\u00e1gunk, a Z\u00c9-P\u00c9 Caf\u00e9 Kft., mely 1998 \u00f3ta m\u0171k\u00f6dik, t\u00f6bbs\u00e9g\u00e9ben Olaszorsz\u00e1gb\u00f3l import\u00e1lt, friss ki\u0151rl\u00e9s\u0171 k\u00e1v\u00e9t lef\u0151z\u0151 automata g\u00e9pek forgalmaz\u00e1s\u00e1val \u00e9s b\u00e9rbead\u00e1s\u00e1val foglalkozik.","publisher":{"@id":"http:\/\/zepecafe-webaruhaz.hu\/hu\/#organization"},"potentialAction":[{"@type":"SearchAction","target":{"@type":"EntryPoint","urlTemplate":"http:\/\/zepecafe-webaruhaz.hu\/hu\/?s={search_term_string}"},"query-input":{"@type":"PropertyValueSpecification","valueRequired":true,"valueName":"search_term_string"}}],"inLanguage":"hu"},{"@type":"Organization","@id":"http:\/\/zepecafe-webaruhaz.hu\/hu\/#organization","name":"Z\u00e9-P\u00e9 Caf\u00e9 Kft.","url":"http:\/\/zepecafe-webaruhaz.hu\/hu\/","logo":{"@type":"ImageObject","inLanguage":"hu","@id":"http:\/\/zepecafe-webaruhaz.hu\/hu\/#\/schema\/logo\/image\/","url":"https:\/\/zepecafe-webaruhaz.hu\/wp-content\/uploads\/2025\/01\/logouj.png","contentUrl":"https:\/\/zepecafe-webaruhaz.hu\/wp-content\/uploads\/2025\/01\/logouj.png","width":300,"height":300,"caption":"Z\u00e9-P\u00e9 Caf\u00e9 Kft."},"image":{"@id":"http:\/\/zepecafe-webaruhaz.hu\/hu\/#\/schema\/logo\/image\/"},"sameAs":["https:\/\/www.facebook.com\/zepecafekft.bekescsaba"]}]}},"_links":{"self":[{"href":"https:\/\/zepecafe-webaruhaz.hu\/hu\/wp-json\/wp\/v2\/product\/6690","targetHints":{"allow":["GET"]}}],"collection":[{"href":"https:\/\/zepecafe-webaruhaz.hu\/hu\/wp-json\/wp\/v2\/product"}],"about":[{"href":"https:\/\/zepecafe-webaruhaz.hu\/hu\/wp-json\/wp\/v2\/types\/product"}],"wp:featuredmedia":[{"embeddable":true,"href":"https:\/\/zepecafe-webaruhaz.hu\/hu\/wp-json\/wp\/v2\/media\/6695"}],"wp:attachment":[{"href":"https:\/\/zepecafe-webaruhaz.hu\/hu\/wp-json\/wp\/v2\/media?parent=6690"}],"wp:term":[{"taxonomy":"product_brand","embeddable":true,"href":"https:\/\/zepecafe-webaruhaz.hu\/hu\/wp-json\/wp\/v2\/product_brand?post=6690"},{"taxonomy":"product_cat","embeddable":true,"href":"https:\/\/zepecafe-webaruhaz.hu\/hu\/wp-json\/wp\/v2\/product_cat?post=6690"},{"taxonomy":"product_tag","embeddable":true,"href":"https:\/\/zepecafe-webaruhaz.hu\/hu\/wp-json\/wp\/v2\/product_tag?post=6690"}],"curies":[{"name":"wp","href":"https:\/\/api.w.org\/{rel}","templated":true}]}}